{"id":12116,"date":"2024-10-10T11:58:14","date_gmt":"2024-10-10T10:58:14","guid":{"rendered":"https:\/\/bnssghealthiertogether.org.uk\/?page_id=12116"},"modified":"2025-02-05T22:32:21","modified_gmt":"2025-02-05T22:32:21","slug":"handi-app","status":"publish","type":"page","link":"https:\/\/bnssghealthiertogether.org.uk\/ro\/nhs-apps\/handi-app\/","title":{"rendered":"Aplica\u021bia HANDi"},"content":{"rendered":"<div class=\"assembler_default-group assembler_module_group assembler_default-group_1 assembler_module_group_1\"><div class=\"assembler_module_area assembler_module_area_1\"><div class=\"assembler_table-of-contents-module assembler_module assembler_table-of-contents-module_1 assembler_module_1  transparent\"><a tabindex=\"-1\" title=\"Sec\u021biunea intitulat\u0103 modul-1\" id=\"module-1\" href=\"https:\/\/bnssghealthiertogether.org.uk\/ro\/wp-json\/wp\/v2\/pages\/12116\/#module-1\" class=\"anchor\"><span class=\"hidden\">Sec\u021biunea intitulat\u0103 modul-1<\/span><\/a><!-- Template found for table-of-contents-module - Template: template-table-of-contents - Matched: _only -->\r\n<section class=\"w-full mx-auto max-w-content border-b border-pale-grey pt-6 sm:pt-12 pb-3 sm:pb-6\">\r\n    <div class=\"entry-content w-full\">\r\n    <h1>Aplica\u021bii NHS<\/h1>\n<p>Cuprins<\/p>\n    <div class=\"navigation-list\">\r\n                    <ul>\r\n                      <li class=\"text-sm\">\r\n                              <a href=\"https:\/\/bnssghealthiertogether.org.uk\/ro\/nhs-apps\/\" class=\"text-sm underline-offset-4 font-normal hover:!underline-4\">\r\n                                                                \u00cencerca\u021bi aplica\u021bia NHS                                <\/a>\r\n                          <\/li>\r\n                                <li class=\"text-sm\">\r\n                                                              Aplica\u021bia HANDi                            <\/li>\r\n                  <\/ul>\r\n          <\/div>\r\n  <\/div>\r\n<\/section><\/div><!-- .assembler_table-of-contents-module.assembler_module.assembler_table-of-contents-module_1.assembler_module_1..transparent --><div class=\"assembler_text-module assembler_module assembler_text-module_2 assembler_module_2  transparent\"><a tabindex=\"-1\" title=\"Sec\u021biunea intitulat\u0103 modul-2\" id=\"module-2\" href=\"https:\/\/bnssghealthiertogether.org.uk\/ro\/wp-json\/wp\/v2\/pages\/12116\/#module-2\" class=\"anchor\"><span class=\"hidden\">Sec\u021biunea intitulat\u0103 modul-2<\/span><\/a><!-- Template found for text-module - Template: template-text - Matched: _only --><section class=\"w-full mx-auto max-w-content pt-3 sm:pt-6 pb-3 sm:pb-6\">\r\n  <div class=\"entry-content w-full !px-0 max-w-small\">\r\n        <h1>Aplica\u021bia HANDi<\/h1>\n<p>Aplica\u021bia noastr\u0103 HANDi are ca scop oferirea de sfaturi \u0219i sprijin p\u0103rin\u021bilor \u0219i \u00eengrijitorilor atunci c\u00e2nd copilul dumneavoastr\u0103 este bolnav.<\/p>\n<p>Aplica\u021bia HANDi ofer\u0103 sfaturi simple \u0219i directe, pentru urm\u0103toarele afec\u021biuni la copii:<\/p>\n<ul>\n<li>diaree \u0219i v\u0103rs\u0103turi<\/li>\n<li>temperatur\u0103 ridicat\u0103<\/li>\n<li>\u2018afec\u021biuni \u2019cu pieptul greu\" la bebelu\u0219i, cum ar fi bron\u0219iolita, astmul \u0219i crupul<\/li>\n<li>\u2018afec\u021biuni ale \u2019copilului cu piept\u201d, precum respira\u021bia \u0219uier\u0103toare \u0219i astmul<\/li>\n<li>probleme comune ale nou-n\u0103scutului<\/li>\n<li>durere de stomac<\/li>\n<li>traumatisme craniene.<\/li>\n<\/ul>\n<p>Aplica\u021bia te ghideaz\u0103 printr-o serie de \u00eentreb\u0103ri despre simptomele copilului t\u0103u \u0219i apoi te sf\u0103tuie\u0219te cu privire la cel mai bun curs de ac\u021biune, fie c\u0103 este vorba de tratament acas\u0103, de programarea unei vizite la medicul de familie sau de a merge la urgen\u021be.<\/p>\n<p>Fiecare dintre afec\u021biuni are un plan de \u00eengrijire la domiciliu pentru a v\u0103 ajuta s\u0103 oferi\u021bi cel mai bun sprijin copilului dumneavoastr\u0103 \u0219i pentru a v\u0103 oferi \u00eencredere \u00een \u00eengrijirea sa atunci c\u00e2nd este bolnav.<\/p>\n  <\/div>\r\n  <\/section><\/div><!-- .assembler_text-module.assembler_module.assembler_text-module_2.assembler_module_2..transparent --><div class=\"assembler_text-module assembler_module assembler_text-module_3 assembler_module_3  transparent\"><a tabindex=\"-1\" title=\"Sec\u021biunea intitulat\u0103 modul-3\" id=\"module-3\" href=\"https:\/\/bnssghealthiertogether.org.uk\/ro\/wp-json\/wp\/v2\/pages\/12116\/#module-3\" class=\"anchor\"><span class=\"hidden\">Sec\u021biunea intitulat\u0103 modul-3<\/span><\/a><!-- Template found for text-module - Template: template-text - Matched: _only --><section class=\"w-full mx-auto max-w-content pt-3 sm:pt-6 pb-3 sm:pb-6\">\r\n  <div class=\"entry-content w-full !px-0 max-w-small\">\r\n        <h2>Cum s\u0103 descarci aplica\u021bia HANDi<\/h2>\n<p>Desc\u0103rca\u021bi aplica\u021bia HANDi pentru telefoanele Android la <a href=\"https:\/\/play.google.com\/store\/apps\/details?id=com.myoxygen.handi.taunton\" rel=\"noopener\">Google Play<\/a>.<\/p>\n<p>Pentru iPhone sau iPad \u00eel pute\u021bi desc\u0103rca din App Store sau <a href=\"https:\/\/itunes.apple.com\/gb\/app\/handi-paediatric\/id969445171?mt=8\" rel=\"noopener\">iTunes<\/a>, folosind termenul de c\u0103utare \u2018HANDi App\u2019.<\/p>\n  <\/div>\r\n  <\/section><\/div><!-- .assembler_text-module.assembler_module.assembler_text-module_3.assembler_module_3..transparent --><div class=\"assembler_text-module assembler_module assembler_text-module_4 assembler_module_4  transparent\"><a tabindex=\"-1\" title=\"Sec\u021biunea intitulat\u0103 modul-4\" id=\"module-4\" href=\"https:\/\/bnssghealthiertogether.org.uk\/ro\/wp-json\/wp\/v2\/pages\/12116\/#module-4\" class=\"anchor\"><span class=\"hidden\">Sec\u021biunea intitulat\u0103 modul-4<\/span><\/a><!-- Template found for text-module - Template: template-text - Matched: _only --><section class=\"w-full mx-auto max-w-content pt-3 sm:pt-6 pb-3 sm:pb-6\">\r\n  <div class=\"entry-content w-full !px-0 max-w-small\">\r\n        <h2>Video: Povestea lui Alex<\/h2>\n<div class=\"embed_wrapper\"><iframe title=\"&quot;Aplica\u021bia HANDi este at\u00e2t de rapid\u0103 \u0219i u\u0219or de utilizat&quot; - povestea lui Alex\" width=\"640\" height=\"360\" src=\"https:\/\/www.youtube.com\/embed\/u79-HxqgqnM?feature=oembed\" frameborder=\"0\" allow=\"accelerometer; autoplay; clipboard-write; encrypted-media; gyroscope; picture-in-picture; web-share\" referrerpolicy=\"strict-origin-when-cross-origin\" allowfullscreen><\/iframe><\/div>\n  <\/div>\r\n  <\/section><\/div><!-- .assembler_text-module.assembler_module.assembler_text-module_4.assembler_module_4..transparent --><div class=\"assembler_text-module assembler_module assembler_text-module_5 assembler_module_5  transparent\"><a tabindex=\"-1\" title=\"Sec\u021biunea intitulat\u0103 modul-5\" id=\"module-5\" href=\"https:\/\/bnssghealthiertogether.org.uk\/ro\/wp-json\/wp\/v2\/pages\/12116\/#module-5\" class=\"anchor\"><span class=\"hidden\">Sec\u021biunea intitulat\u0103 modul-5<\/span><\/a><!-- Template found for text-module - Template: template-text - Matched: _only --><section class=\"w-full mx-auto max-w-content pt-3 sm:pt-6 pb-12 sm:pb-24\">\r\n  <div class=\"entry-content w-full !px-0 max-w-small\">\r\n        <h2>Mai multe informa\u021bii pentru a te ajuta s\u0103 ai grij\u0103 de un copil bolnav<\/h2>\n<p><a href=\"https:\/\/www.nhs.uk\/nhs-services\/pharmacies\/\" rel=\"noopener\">Despre farmacii \u2013 nhs.uk<\/a><\/p>\n<p><a href=\"https:\/\/bnssghealthiertogether.org.uk\/ro\/health-and-care\/which-nhs-service-should-i-use\/\">Ce serviciu NHS ar trebui s\u0103 utilizez?<\/a><\/p>\n<p><a href=\"https:\/\/www.nhs.uk\/conditions\/\" rel=\"noopener\">S\u0103n\u0103tate de la A la Z \u2013 nhs.uk<\/a><\/p>\n  <\/div>\r\n  <\/section><\/div><!-- .assembler_text-module.assembler_module.assembler_text-module_5.assembler_module_5..transparent --><\/div><!-- .assembler_module_area.assembler_module_area_1 --><\/div><!-- .assembler_default-group.assembler_module_group.assembler_default-group_1.assembler_module_group_1  -->","protected":false},"excerpt":{"rendered":"<p>Access advice and support when your child is unwell using the HANDi app on your smartphone or tablet.<\/p>","protected":false},"author":1,"featured_media":0,"parent":34120,"menu_order":0,"comment_status":"closed","ping_status":"closed","template":"","meta":{"_acf_changed":false,"footnotes":""},"tags":[],"class_list":["post-12116","page","type-page","status-publish","hentry"],"acf":[],"_links":{"self":[{"href":"https:\/\/bnssghealthiertogether.org.uk\/ro\/wp-json\/wp\/v2\/pages\/12116","targetHints":{"allow":["GET"]}}],"collection":[{"href":"https:\/\/bnssghealthiertogether.org.uk\/ro\/wp-json\/wp\/v2\/pages"}],"about":[{"href":"https:\/\/bnssghealthiertogether.org.uk\/ro\/wp-json\/wp\/v2\/types\/page"}],"author":[{"embeddable":true,"href":"https:\/\/bnssghealthiertogether.org.uk\/ro\/wp-json\/wp\/v2\/users\/1"}],"replies":[{"embeddable":true,"href":"https:\/\/bnssghealthiertogether.org.uk\/ro\/wp-json\/wp\/v2\/comments?post=12116"}],"version-history":[{"count":8,"href":"https:\/\/bnssghealthiertogether.org.uk\/ro\/wp-json\/wp\/v2\/pages\/12116\/revisions"}],"predecessor-version":[{"id":37186,"href":"https:\/\/bnssghealthiertogether.org.uk\/ro\/wp-json\/wp\/v2\/pages\/12116\/revisions\/37186"}],"up":[{"embeddable":true,"href":"https:\/\/bnssghealthiertogether.org.uk\/ro\/wp-json\/wp\/v2\/pages\/34120"}],"wp:attachment":[{"href":"https:\/\/bnssghealthiertogether.org.uk\/ro\/wp-json\/wp\/v2\/media?parent=12116"}],"wp:term":[{"taxonomy":"post_tag","embeddable":true,"href":"https:\/\/bnssghealthiertogether.org.uk\/ro\/wp-json\/wp\/v2\/tags?post=12116"}],"curies":[{"name":"wp","href":"https:\/\/api.w.org\/{rel}","templated":true}]}}