{"id":12156,"date":"2024-10-10T13:49:30","date_gmt":"2024-10-10T12:49:30","guid":{"rendered":"https:\/\/bnssghealthiertogether.org.uk\/?page_id=12156"},"modified":"2025-09-30T11:28:41","modified_gmt":"2025-09-30T10:28:41","slug":"maternity-services","status":"publish","type":"page","link":"https:\/\/bnssghealthiertogether.org.uk\/ro\/maternity\/maternity-services\/","title":{"rendered":"Servicii de maternitate"},"content":{"rendered":"<div class=\"assembler_default-group assembler_module_group assembler_default-group_1 assembler_module_group_1\"><div class=\"assembler_module_area assembler_module_area_1\"><div class=\"assembler_table-of-contents-module assembler_module assembler_table-of-contents-module_1 assembler_module_1  transparent\"><a tabindex=\"-1\" title=\"Sec\u021biunea intitulat\u0103 modul-1\" id=\"module-1\" href=\"https:\/\/bnssghealthiertogether.org.uk\/ro\/wp-json\/wp\/v2\/pages\/12156\/#module-1\" class=\"anchor\"><span class=\"hidden\">Sec\u021biunea intitulat\u0103 modul-1<\/span><\/a><!-- Template found for table-of-contents-module - Template: template-table-of-contents - Matched: _only -->\r\n<section class=\"w-full mx-auto max-w-content border-b border-pale-grey pt-6 sm:pt-12 pb-3 sm:pb-6\">\r\n    <div class=\"entry-content w-full\">\r\n    <h1>Maternitate<\/h1>\n<p>Cuprins<\/p>\n    <div class=\"navigation-list\">\r\n                    <ul>\r\n                                <li class=\"text-sm\">\r\n                                                              Servicii de maternitate                            <\/li>\r\n                      <li class=\"text-sm\">\r\n                              <a href=\"https:\/\/bnssghealthiertogether.org.uk\/ro\/maternity\/planning-or-having-a-baby\/\" class=\"text-sm underline-offset-4 font-normal hover:!underline-4\">\r\n                                                                Planifica\u021bi sau ave\u021bi un copil?                                <\/a>\r\n                          <\/li>\r\n                      <li class=\"text-sm\">\r\n                              <a href=\"https:\/\/bnssghealthiertogether.org.uk\/ro\/maternity\/bristol-north-somerset-and-south-gloucestershire-maternity-and-neonatal-voices-partnership\/\" class=\"text-sm underline-offset-4 font-normal hover:!underline-4\">\r\n                                                                Parteneriatul vocilor maternit\u0103\u021bii \u0219i neonatale                                <\/a>\r\n                          <\/li>\r\n                  <\/ul>\r\n          <\/div>\r\n  <\/div>\r\n<\/section><\/div><!-- .assembler_table-of-contents-module.assembler_module.assembler_table-of-contents-module_1.assembler_module_1..transparent --><div class=\"assembler_text-module assembler_module assembler_text-module_2 assembler_module_2  transparent\"><a tabindex=\"-1\" title=\"Sec\u021biunea intitulat\u0103 modul-2\" id=\"module-2\" href=\"https:\/\/bnssghealthiertogether.org.uk\/ro\/wp-json\/wp\/v2\/pages\/12156\/#module-2\" class=\"anchor\"><span class=\"hidden\">Sec\u021biunea intitulat\u0103 modul-2<\/span><\/a><!-- Template found for text-module - Template: template-text - Matched: _only --><section class=\"w-full mx-auto max-w-content pt-3 sm:pt-6 pb-3 sm:pb-6\">\r\n  <div class=\"entry-content w-full !px-0 max-w-small\">\r\n        <h1>Servicii de maternitate<\/h1>\n<p>Suntem responsabili pentru contractarea serviciilor de maternitate de la dou\u0103 spitale locale, pentru a v\u0103 oferi o alegere cu privire la locul unde s\u0103 na\u0219te\u021bi. Spitalele cu care lucr\u0103m sunt <a href=\"http:\/\/www.nbt.nhs.uk\/\" rel=\"noopener\">North Bristol Trust<\/a> \u0219i <a href=\"https:\/\/www.uhbw.nhs.uk\/\" rel=\"noopener\">Trustul Funda\u021biei NHS a Spitalelor Universitare Bristol \u0219i Weston<\/a>.<\/p>\n<p>Pute\u021bi discuta despre locul unde ve\u021bi na\u0219te cu moa\u0219a sau cu medicul obstetrician. Op\u021biunile includ na\u0219teri la domiciliu, centre de na\u0219tere conduse de moa\u0219e \u0219i unit\u0103\u021bi conduse de medici speciali\u0219ti din spitale. V\u0103 pute\u021bi r\u0103zg\u00e2ndi oric\u00e2nd pe parcursul sarcinii.<\/p>\n<p>Echipele integrate de moa\u0219e ofer\u0103 \u00eengrijire antenatal\u0103 \u0219i postnatal\u0103.<\/p>\n<p>SunA\u021bi \u00eencurajate s\u0103 oferi\u021bi feedback despre servicii prin Testul Prietenilor \u0219i Familiei, dup\u0103 ce a\u021bi n\u0103scut. De asemenea, pute\u021bi \u00eemp\u0103rt\u0103\u0219i experien\u021bele dumneavoastr\u0103 legate de serviciile de maternitate prin Vocea Maternit\u0103\u021bii.<\/p>\n<h2>Op\u021biunile locale includ:<\/h2>\n<p><strong>Trustul NHS din Bristolul de Nord<\/strong><\/p>\n<ul>\n<li><a href=\"http:\/\/www.nbt.nhs.uk\/maternity-services\/labour-birth\/cossham-birth-centre\" rel=\"noopener\">Centrul de Na\u0219teri Spitalul Cossham<\/a><\/li>\n<li><a href=\"http:\/\/www.nbt.nhs.uk\/maternity-services\/labour-birth\/central-delivery-suite-southmead-hospital-bristol\" rel=\"noopener\">Spitalul Southmead, sec\u021bia central\u0103 de na\u0219teri<\/a><\/li>\n<li><a href=\"https:\/\/www.nbt.nhs.uk\/maternity-services\/birth-place-options\/mendip-birth-centre-southmead-hospital-bristol\" rel=\"noopener\">Sal\u0103 de na\u0219teri Spitalul Southmead<\/a><\/li>\n<\/ul>\n<p><strong>Trustul Funda\u021biei NHS a Spitalelor Universitare Bristol \u0219i Weston<\/strong><\/p>\n<ul>\n<li><a href=\"https:\/\/www.uhbristol.nhs.uk\/patients-and-visitors\/your-hospitals\/st-michaels-hospital\/what-we-do\/midwifery-services\/\" rel=\"noopener\">Spitalul Sf. Mihail<\/a><\/li>\n<li><a href=\"https:\/\/www.waht.nhs.uk\/en-GB\/Our-Services1\/Hospital-Units\/Ashcombe-Birth-Centre\/\" rel=\"noopener\">Centrul de Na\u0219teri Ashcombe<\/a><\/li>\n<\/ul>\n<h2>Servicii de maternitate \u2013 Implica\u021bi-v\u0103<\/h2>\n<p>A\u021bi dori s\u0103 ne ajuta\u021bi s\u0103 \u00eembun\u0103t\u0103\u021bim serviciile de maternitate pentru femeile din Bristol, North Somerset \u0219i South Gloucestershire prin experien\u021bele dumneavoastr\u0103? Maternity Voices este o oportunitate pentru p\u0103rin\u021bii care au utilizat serviciile locale de maternitate de a lucra cu persoanele care le planific\u0103 \u0219i le furnizeaz\u0103.<\/p>\n<p>Dorim s\u0103 afl\u0103m despre experien\u021bele dumneavoastr\u0103 cu serviciile existente \u0219i s\u0103 identific\u0103m priorit\u0103\u021bi \u0219i \u00eembun\u0103t\u0103\u021biri.<\/p>\n<p>Pentru a te implica \u0219i a lucra cu Maternity Voices, te rug\u0103m s\u0103 trimi\u021bi un email la <a href=\"mailto:bnssg.maternityvoices@nhs.net\">bnssg.maternityvoices@nhs.net<\/a>.<\/p>\n<p>V\u0103 rog s\u0103 v\u0103 preciza\u021bi interesul de a contribui la Maternity Voices, inclusiv numele \u0219i datele dumneavoastr\u0103 de contact.<\/p>\n  <\/div>\r\n  <\/section><\/div><!-- .assembler_text-module.assembler_module.assembler_text-module_2.assembler_module_2..transparent --><\/div><!-- .assembler_module_area.assembler_module_area_1 --><\/div><!-- .assembler_default-group.assembler_module_group.assembler_default-group_1.assembler_module_group_1  -->","protected":false},"excerpt":{"rendered":"<p>Find out about maternity services across Bristol, North Somerset and South Gloucestershire.<\/p>","protected":false},"author":1,"featured_media":0,"parent":36712,"menu_order":0,"comment_status":"closed","ping_status":"closed","template":"","meta":{"_acf_changed":false,"footnotes":""},"tags":[216],"class_list":["post-12156","page","type-page","status-publish","hentry","tag-maternity"],"acf":[],"_links":{"self":[{"href":"https:\/\/bnssghealthiertogether.org.uk\/ro\/wp-json\/wp\/v2\/pages\/12156","targetHints":{"allow":["GET"]}}],"collection":[{"href":"https:\/\/bnssghealthiertogether.org.uk\/ro\/wp-json\/wp\/v2\/pages"}],"about":[{"href":"https:\/\/bnssghealthiertogether.org.uk\/ro\/wp-json\/wp\/v2\/types\/page"}],"author":[{"embeddable":true,"href":"https:\/\/bnssghealthiertogether.org.uk\/ro\/wp-json\/wp\/v2\/users\/1"}],"replies":[{"embeddable":true,"href":"https:\/\/bnssghealthiertogether.org.uk\/ro\/wp-json\/wp\/v2\/comments?post=12156"}],"version-history":[{"count":10,"href":"https:\/\/bnssghealthiertogether.org.uk\/ro\/wp-json\/wp\/v2\/pages\/12156\/revisions"}],"predecessor-version":[{"id":43070,"href":"https:\/\/bnssghealthiertogether.org.uk\/ro\/wp-json\/wp\/v2\/pages\/12156\/revisions\/43070"}],"up":[{"embeddable":true,"href":"https:\/\/bnssghealthiertogether.org.uk\/ro\/wp-json\/wp\/v2\/pages\/36712"}],"wp:attachment":[{"href":"https:\/\/bnssghealthiertogether.org.uk\/ro\/wp-json\/wp\/v2\/media?parent=12156"}],"wp:term":[{"taxonomy":"post_tag","embeddable":true,"href":"https:\/\/bnssghealthiertogether.org.uk\/ro\/wp-json\/wp\/v2\/tags?post=12156"}],"curies":[{"name":"wp","href":"https:\/\/api.w.org\/{rel}","templated":true}]}}