{"id":12193,"date":"2024-10-10T15:29:00","date_gmt":"2024-10-10T14:29:00","guid":{"rendered":"https:\/\/bnssghealthiertogether.org.uk\/?page_id=12193"},"modified":"2025-01-29T23:44:06","modified_gmt":"2025-01-29T23:44:06","slug":"homeless-health-service","status":"publish","type":"page","link":"https:\/\/bnssghealthiertogether.org.uk\/ro\/your-health\/homeless-health-service\/","title":{"rendered":"Serviciul de s\u0103n\u0103tate pentru persoanele f\u0103r\u0103 ad\u0103post"},"content":{"rendered":"<div class=\"assembler_default-group assembler_module_group assembler_default-group_1 assembler_module_group_1\"><div class=\"assembler_module_area assembler_module_area_1\"><div class=\"assembler_text-module assembler_module assembler_text-module_1 assembler_module_1  transparent\"><a tabindex=\"-1\" title=\"Section titled module-1\" id=\"module-1\" href=\"https:\/\/bnssghealthiertogether.org.uk\/ro\/wp-json\/wp\/v2\/pages\/12193\/#module-1\" class=\"anchor\"><span class=\"hidden\">Section titled module-1<\/span><\/a><!-- Template found for text-module - Template: template-text - Matched: _only --><section class=\"w-full mx-auto max-w-content pt-12 sm:pt-24 pb-12 sm:pb-24\">\r\n  <div class=\"entry-content w-full !px-0 max-w-small\">\r\n        <h1>Homeless Health Service<\/h1>\n<p>The <a href=\"http:\/\/homelesshealthservice.co.uk\/\" rel=\"noopener\">Homeless Health Service<\/a> provides confidential healthcare, advice and support for homeless people in Bristol.<\/p>\n<p>Run by BrisDoc Healthcare Services, the Homeless Health Service sees and treats homeless patients who visit the Compass Centre on Jamaica Street, Stokes Croft.<\/p>\n<p>The service also has outreach teams who actively go out into the community to seek homeless patients who may need help, including providing &#8216;Wet Clinics&#8217; at the wild goose Caf\u00e9 in Easton and the One25 GP Clinic.<\/p>\n<p>The Homeless Health Service runs SMART (Supervised Methadone and Resettlement Team) Clinics, for homeless people who are opiate dependent and have a history of sleeping rough.<\/p>\n<p>The service also works with Second Step to provide Health Link workers, providing specialist advice and guidance for homeless people seeking health-related services.<\/p>\n      <a href=\"https:\/\/homelesshealthservice.co.uk\/\" class=\"btn-link flex w-[fit-content] \" rel=\"noopener\">Homeless Health Service website<\/a>\n\n<h2>Somewhere to go<\/h2>\n<p><a href=\"https:\/\/somewheretogo.org\/\" rel=\"noopener\">Somewhere to go<\/a> is a support centre set up specially to help rough sleepers and disadvantaged, vulnerable adults in Weston-super-Mare. They can help and advise homeless people on how to access a doctor or dentist.<\/p>\n      <a href=\"https:\/\/somewheretogo.org\/\" class=\"btn-link flex w-[fit-content] \" rel=\"noopener\">Somewhere to Go website<\/a>\n\n<h2>Local council social care services<\/h2>\n<ul>\n<li><a href=\"https:\/\/www.bristol.gov.uk\/residents\/social-care-and-health\/adults-and-older-people\" rel=\"noopener\">Adults and older people &#8211; Bristol City Council<\/a><\/li>\n<li><a href=\"https:\/\/www.n-somerset.gov.uk\/my-services\/socialcare\/\" rel=\"noopener\">Adult social care and support &#8211; North Somerset Council<\/a><\/li>\n<li><a href=\"https:\/\/www.southglos.gov.uk\/health-and-social-care\/care-for-adults\/\" rel=\"noopener\">Care and support for adults &#8211; South Gloucestershire Council<\/a><\/li>\n<\/ul>\n  <\/div>\r\n  <\/section><\/div><!-- .assembler_text-module.assembler_module.assembler_text-module_1.assembler_module_1..transparent --><\/div><!-- .assembler_module_area.assembler_module_area_1 --><\/div><!-- .assembler_default-group.assembler_module_group.assembler_default-group_1.assembler_module_group_1  -->","protected":false},"excerpt":{"rendered":"<p>Confidential healthcare, advice and support for homeless people in Bristol and South Gloucestershire.<\/p>","protected":false},"author":1,"featured_media":0,"parent":170,"menu_order":0,"comment_status":"closed","ping_status":"closed","template":"","meta":{"_acf_changed":false,"footnotes":""},"tags":[],"class_list":["post-12193","page","type-page","status-publish","hentry"],"acf":[],"_links":{"self":[{"href":"https:\/\/bnssghealthiertogether.org.uk\/ro\/wp-json\/wp\/v2\/pages\/12193","targetHints":{"allow":["GET"]}}],"collection":[{"href":"https:\/\/bnssghealthiertogether.org.uk\/ro\/wp-json\/wp\/v2\/pages"}],"about":[{"href":"https:\/\/bnssghealthiertogether.org.uk\/ro\/wp-json\/wp\/v2\/types\/page"}],"author":[{"embeddable":true,"href":"https:\/\/bnssghealthiertogether.org.uk\/ro\/wp-json\/wp\/v2\/users\/1"}],"replies":[{"embeddable":true,"href":"https:\/\/bnssghealthiertogether.org.uk\/ro\/wp-json\/wp\/v2\/comments?post=12193"}],"version-history":[{"count":4,"href":"https:\/\/bnssghealthiertogether.org.uk\/ro\/wp-json\/wp\/v2\/pages\/12193\/revisions"}],"predecessor-version":[{"id":36670,"href":"https:\/\/bnssghealthiertogether.org.uk\/ro\/wp-json\/wp\/v2\/pages\/12193\/revisions\/36670"}],"up":[{"embeddable":true,"href":"https:\/\/bnssghealthiertogether.org.uk\/ro\/wp-json\/wp\/v2\/pages\/170"}],"wp:attachment":[{"href":"https:\/\/bnssghealthiertogether.org.uk\/ro\/wp-json\/wp\/v2\/media?parent=12193"}],"wp:term":[{"taxonomy":"post_tag","embeddable":true,"href":"https:\/\/bnssghealthiertogether.org.uk\/ro\/wp-json\/wp\/v2\/tags?post=12193"}],"curies":[{"name":"wp","href":"https:\/\/api.w.org\/{rel}","templated":true}]}}