{"id":151,"date":"2022-08-03T15:15:38","date_gmt":"2022-08-03T14:15:38","guid":{"rendered":"https:\/\/bnssghealthiertogether.org.uk\/?page_id=151"},"modified":"2025-01-30T14:34:33","modified_gmt":"2025-01-30T14:34:33","slug":"disclaimer","status":"publish","type":"page","link":"https:\/\/bnssghealthiertogether.org.uk\/ro\/disclaimer\/","title":{"rendered":"Disclaimer"},"content":{"rendered":"<div class=\"assembler_default-group assembler_module_group assembler_default-group_1 assembler_module_group_1\"><div class=\"assembler_module_area assembler_module_area_1\"><div class=\"assembler_text-module assembler_module assembler_text-module_1 assembler_module_1  transparent\"><a tabindex=\"-1\" title=\"Sec\u021biunea intitulat\u0103 modul-1\" id=\"module-1\" href=\"https:\/\/bnssghealthiertogether.org.uk\/ro\/wp-json\/wp\/v2\/pages\/151\/#module-1\" class=\"anchor\"><span class=\"hidden\">Sec\u021biunea intitulat\u0103 modul-1<\/span><\/a><!-- Template found for text-module - Template: template-text - Matched: _only --><section class=\"w-full mx-auto max-w-content pt-10 sm:pt-20 pb-3 sm:pb-6\">\r\n  <div class=\"entry-content w-full !px-0 max-w-small\">\r\n        <h1>Disclaimer<\/h1>\n  <\/div>\r\n  <\/section><\/div><!-- .assembler_text-module.assembler_module.assembler_text-module_1.assembler_module_1..transparent --><\/div><!-- .assembler_module_area.assembler_module_area_1 --><\/div><!-- .assembler_default-group.assembler_module_group.assembler_default-group_1.assembler_module_group_1  --><div class=\"assembler_default-group assembler_module_group assembler_default-group_2 assembler_module_group_2\"><div class=\"assembler_module_area assembler_module_area_1\"><div class=\"assembler_text-module assembler_module assembler_text-module_1 assembler_module_1  transparent\"><a tabindex=\"-1\" title=\"Sec\u021biunea intitulat\u0103 modul-2\" id=\"module-2\" href=\"https:\/\/bnssghealthiertogether.org.uk\/ro\/wp-json\/wp\/v2\/pages\/151\/#module-2\" class=\"anchor\"><span class=\"hidden\">Sec\u021biunea intitulat\u0103 modul-2<\/span><\/a><!-- Template found for text-module - Template: template-text - Matched: _only --><section class=\"w-full mx-auto max-w-content pt-3 sm:pt-6 pb-3 sm:pb-6\">\r\n  <div class=\"entry-content w-full !px-0 max-w-small\">\r\n        <h2>Drepturi de autor<\/h2>\n<p>Con\u021binutul acestui site web este protejat de drepturile de autor ale Bristol, North Somerset \u0219i South Gloucestershire Integrated Care Board (ICB) \u0219i Healthier Together - Bristol, North Somerset \u0219i South Gloucestershire Integrated Care System (ICS) dac\u0103 nu se specific\u0103 altfel.<\/p>\n<p>Pute\u021bi desc\u0103rca materiale numai pentru uz personal, studiu privat, cercetare sau uz intern.<\/p>\n<p>Nu trebuie s\u0103 copia\u021bi, s\u0103 distribui\u021bi sau s\u0103 publica\u021bi niciun material de pe acest site, cu excep\u021bia cazului \u00een care ob\u021bine\u021bi permisiunea oficial\u0103 din partea de\u021bin\u0103torului drepturilor de autor.<\/p>\n<h2>Acurate\u021be<\/h2>\n<p>De\u0219i am \u00eencercat s\u0103 compil\u0103m informa\u021bii exacte pe acest site \u0219i s\u0103 le men\u021binem actualizate, nu putem garanta c\u0103 acestea sunt complete sau corecte.<\/p>\n<p>Informa\u021biile furnizate pe acest site nu constituie consultan\u021b\u0103 profesional\u0103 \u0219i se pot modifica.<\/p>\n<h2>Leg\u0103turi<\/h2>\n<p>Link-urile de pe acest site sunt furnizate doar pentru informarea \u0219i confortul dumneavoastr\u0103.<\/p>\n<p>Nu ne asum\u0103m responsabilitatea pentru site-urile de leg\u0103tur\u0103 disponibile prin intermediul site-ului Healthier Together \u0219i NHS Bristol, North Somerset \u0219i South Gloucestershire ICB sau pentru informa\u021biile g\u0103site pe acestea.<\/p>\n<p>Un link nu implic\u0103 faptul c\u0103 noi sus\u021binem un anumit site. De asemenea, nici lipsa unui link c\u0103tre un site nu implic\u0103 lipsa aprob\u0103rii.<\/p>\n<h2>Disponibilitate<\/h2>\n<p>Nu putem garanta accesul ne\u00eentrerupt la acest site web sau la site-urile c\u0103tre care acesta are leg\u0103turi. Nu putem accepta responsabilitatea pentru eventualele daune care rezult\u0103 din pierderea utiliz\u0103rii acestor informa\u021bii.<\/p>\n  <\/div>\r\n  <\/section><\/div><!-- .assembler_text-module.assembler_module.assembler_text-module_1.assembler_module_1..transparent --><\/div><!-- .assembler_module_area.assembler_module_area_1 --><\/div><!-- .assembler_default-group.assembler_module_group.assembler_default-group_2.assembler_module_group_2  -->","protected":false},"excerpt":{"rendered":"<p>The content of this website is the copyright of Healthier Together &#8211; the Bristol, North Somerset and South Gloucestershire Integrated Care System (ICS) unless stated otherwise.<\/p>","protected":false},"author":1,"featured_media":0,"parent":0,"menu_order":0,"comment_status":"closed","ping_status":"closed","template":"","meta":{"_acf_changed":false,"footnotes":""},"tags":[],"class_list":["post-151","page","type-page","status-publish","hentry"],"acf":[],"_links":{"self":[{"href":"https:\/\/bnssghealthiertogether.org.uk\/ro\/wp-json\/wp\/v2\/pages\/151","targetHints":{"allow":["GET"]}}],"collection":[{"href":"https:\/\/bnssghealthiertogether.org.uk\/ro\/wp-json\/wp\/v2\/pages"}],"about":[{"href":"https:\/\/bnssghealthiertogether.org.uk\/ro\/wp-json\/wp\/v2\/types\/page"}],"author":[{"embeddable":true,"href":"https:\/\/bnssghealthiertogether.org.uk\/ro\/wp-json\/wp\/v2\/users\/1"}],"replies":[{"embeddable":true,"href":"https:\/\/bnssghealthiertogether.org.uk\/ro\/wp-json\/wp\/v2\/comments?post=151"}],"version-history":[{"count":7,"href":"https:\/\/bnssghealthiertogether.org.uk\/ro\/wp-json\/wp\/v2\/pages\/151\/revisions"}],"predecessor-version":[{"id":36737,"href":"https:\/\/bnssghealthiertogether.org.uk\/ro\/wp-json\/wp\/v2\/pages\/151\/revisions\/36737"}],"wp:attachment":[{"href":"https:\/\/bnssghealthiertogether.org.uk\/ro\/wp-json\/wp\/v2\/media?parent=151"}],"wp:term":[{"taxonomy":"post_tag","embeddable":true,"href":"https:\/\/bnssghealthiertogether.org.uk\/ro\/wp-json\/wp\/v2\/tags?post=151"}],"curies":[{"name":"wp","href":"https:\/\/api.w.org\/{rel}","templated":true}]}}