{"id":154,"date":"2022-08-03T15:18:18","date_gmt":"2022-08-03T14:18:18","guid":{"rendered":"https:\/\/bnssghealthiertogether.org.uk\/?page_id=154"},"modified":"2024-09-16T22:55:15","modified_gmt":"2024-09-16T21:55:15","slug":"cookies","status":"publish","type":"page","link":"https:\/\/bnssghealthiertogether.org.uk\/ro\/cookies\/","title":{"rendered":"Cookie-uri"},"content":{"rendered":"<div class=\"assembler_default-group assembler_module_group assembler_default-group_1 assembler_module_group_1\"><div class=\"assembler_module_area assembler_module_area_1\"><div class=\"assembler_text-module assembler_module assembler_text-module_1 assembler_module_1  transparent\"><a tabindex=\"-1\" title=\"Sec\u021biunea intitulat\u0103 modul-1\" id=\"module-1\" href=\"https:\/\/bnssghealthiertogether.org.uk\/ro\/wp-json\/wp\/v2\/pages\/154\/#module-1\" class=\"anchor\"><span class=\"hidden\">Sec\u021biunea intitulat\u0103 modul-1<\/span><\/a><!-- Template found for text-module - Template: template-text - Matched: _only --><section class=\"w-full mx-auto max-w-content pt-10 sm:pt-20 pb-3 sm:pb-6\">\r\n  <div class=\"entry-content w-full !px-0 max-w-small\">\r\n        <h1>Cookie-uri<\/h1>\n  <\/div>\r\n  <\/section><\/div><!-- .assembler_text-module.assembler_module.assembler_text-module_1.assembler_module_1..transparent --><\/div><!-- .assembler_module_area.assembler_module_area_1 --><\/div><!-- .assembler_default-group.assembler_module_group.assembler_default-group_1.assembler_module_group_1  --><div class=\"assembler_default-group assembler_module_group assembler_default-group_2 assembler_module_group_2\"><div class=\"assembler_module_area assembler_module_area_1\"><div class=\"assembler_text-module assembler_module assembler_text-module_1 assembler_module_1  transparent\"><a tabindex=\"-1\" title=\"Sec\u021biunea intitulat\u0103 modul-2\" id=\"module-2\" href=\"https:\/\/bnssghealthiertogether.org.uk\/ro\/wp-json\/wp\/v2\/pages\/154\/#module-2\" class=\"anchor\"><span class=\"hidden\">Sec\u021biunea intitulat\u0103 modul-2<\/span><\/a><!-- Template found for text-module - Template: template-text - Matched: _only --><section class=\"w-full mx-auto max-w-content pt-3 sm:pt-6 pb-3 sm:pb-6\">\r\n  <div class=\"entry-content w-full !px-0 max-w-small\">\r\n        <p>\u2018Cookie-urile\u2019 sunt fi\u0219iere text de mici dimensiuni care sunt stocate de browser (de exemplu, Internet Explorer sau Safari) pe computerul sau telefonul dumneavoastr\u0103 mobil. Acestea permit site-urilor web s\u0103 stocheze elemente precum preferin\u021bele utilizatorului. V\u0103 pute\u021bi g\u00e2ndi la modulele cookie ca la o \u2018memorie\u2019 pentru site-ul web, care \u00eei permite s\u0103 recunoasc\u0103 un utilizator \u0219i s\u0103 r\u0103spund\u0103 \u00een mod corespunz\u0103tor.<\/p>\n<p>Vizitarea paginilor de pe acest site poate produce cookie-uri Analytics.<\/p>\n<h2>Module cookie de analiz\u0103<\/h2>\n<p>De fiecare dat\u0103 c\u00e2nd un utilizator viziteaz\u0103 site-ul nostru, software-ul de analiz\u0103 web furnizat de o ter\u021b\u0103 parte genereaz\u0103 un cookie de analiz\u0103 anonim. Aceste module cookie ne pot spune dac\u0103 a\u021bi mai vizitat sau nu site-ul anterior. Browserul dvs. ne va spune dac\u0103 ave\u021bi aceste module cookie, iar dac\u0103 nu ave\u021bi, vom genera altele noi. Acest lucru ne permite s\u0103 urm\u0103rim c\u00e2\u021bi utilizatori unici individuali avem \u0219i c\u00e2t de des viziteaz\u0103 site-ul. Utiliz\u0103m aceste informa\u021bii pentru a \u00eembun\u0103t\u0103\u021bi site-ul.<\/p>\n<p>Cookie-urile analitice sunt utilizate doar \u00een scopuri statistice.<\/p>\n<h2>Modulele cookie pe care le folosim<\/h2>\n<p><script type=\"text\/javascript\" charset=\"UTF-8\"  data-cookiescriptreport=\"report\" src=\"\/\/report.cookie-script.com\/r\/8c1002bb88f85841a49a909fdc4a5568.js\"><\/script><\/p>\n<h2>Dezactivarea modulelor cookie<\/h2>\n<p>De obicei, este posibil s\u0103 v\u0103 opri\u021bi browserul s\u0103 accepte module cookie sau s\u0103 \u00eel opri\u021bi s\u0103 accepte module cookie de la un anumit site web. Dac\u0103 v\u0103 \u00eempiedica\u021bi browserul s\u0103 accepte cookie-uri de la noi, atunci experien\u021ba dumneavoastr\u0103 pe site poate fi afectat\u0103.<\/p>\n<p>Browserele moderne v\u0103 permit s\u0103 v\u0103 modifica\u021bi set\u0103rile cookie-urilor. Aceste set\u0103ri se g\u0103sesc, de obicei, \u00een meniul \u2018op\u021biuni\u2019 sau \u2018preferin\u021be\u2019 al browserului dumneavoastr\u0103. Pentru a \u00een\u021belege aceste set\u0103ri, urm\u0103toarele linkuri pot fi utile.<\/p>\n<ul>\n<li><a href=\"https:\/\/support.microsoft.com\/en-us\/help\/17479\/windows-internet-explorer-11-change-security-privacy-settings\" target=\"_blank\" rel=\"nofollow noopener\">Set\u0103ri cookie \u00een Internet Explorer<\/a><\/li>\n<li><a href=\"http:\/\/support.mozilla.org\/en-US\/kb\/cookies-information-websites-store-on-your-computer\" target=\"_blank\" rel=\"nofollow noopener\">Set\u0103ri cookie \u00een Firefox<\/a><\/li>\n<li><a href=\"https:\/\/support.google.com\/chrome\/answer\/95647?hl=en\" target=\"_blank\" rel=\"nofollow noopener\">Set\u0103ri cookie \u00een Chrome<\/a><\/li>\n<li><a href=\"https:\/\/support.apple.com\/en-gb\/guide\/safari\/manage-cookies-and-website-data-sfri11471\/mac\" target=\"_blank\" rel=\"nofollow noopener\">Set\u0103ri cookie \u00een Safari web \u0219i iOS<\/a><\/li>\n<\/ul>\n<h2>Mai multe informa\u021bii despre modulele cookie<\/h2>\n<ul>\n<li><a href=\"http:\/\/www.allaboutcookies.org\/\" target=\"_blank\" rel=\"nofollow noopener\">Totul despre cookie-uri<\/a><\/li>\n<li><a href=\"https:\/\/ico.org.uk\/\" target=\"_blank\" rel=\"nofollow noopener\">Biroul Comisarului pentru Informa\u021bii<\/a><\/li>\n<\/ul>\n  <\/div>\r\n  <\/section><\/div><!-- .assembler_text-module.assembler_module.assembler_text-module_1.assembler_module_1..transparent --><\/div><!-- .assembler_module_area.assembler_module_area_1 --><\/div><!-- .assembler_default-group.assembler_module_group.assembler_default-group_2.assembler_module_group_2  -->","protected":false},"excerpt":{"rendered":"<p>Section titled module-1 Cookies Section titled module-2 &#8216;Cookies&#8217; are small text files that are stored by the browser (e.g. Internet Explorer or Safari) on your computer or mobile phone. They allow websites to store such things as user preferences. You can think of cookies as providing a &#8216;memory&#8217; for the website, enabling it to recognise [&hellip;]<\/p>\n","protected":false},"author":1,"featured_media":0,"parent":0,"menu_order":0,"comment_status":"closed","ping_status":"closed","template":"","meta":{"_acf_changed":false,"footnotes":""},"tags":[],"class_list":["post-154","page","type-page","status-publish","hentry"],"acf":[],"_links":{"self":[{"href":"https:\/\/bnssghealthiertogether.org.uk\/ro\/wp-json\/wp\/v2\/pages\/154","targetHints":{"allow":["GET"]}}],"collection":[{"href":"https:\/\/bnssghealthiertogether.org.uk\/ro\/wp-json\/wp\/v2\/pages"}],"about":[{"href":"https:\/\/bnssghealthiertogether.org.uk\/ro\/wp-json\/wp\/v2\/types\/page"}],"author":[{"embeddable":true,"href":"https:\/\/bnssghealthiertogether.org.uk\/ro\/wp-json\/wp\/v2\/users\/1"}],"replies":[{"embeddable":true,"href":"https:\/\/bnssghealthiertogether.org.uk\/ro\/wp-json\/wp\/v2\/comments?post=154"}],"version-history":[{"count":8,"href":"https:\/\/bnssghealthiertogether.org.uk\/ro\/wp-json\/wp\/v2\/pages\/154\/revisions"}],"predecessor-version":[{"id":10775,"href":"https:\/\/bnssghealthiertogether.org.uk\/ro\/wp-json\/wp\/v2\/pages\/154\/revisions\/10775"}],"wp:attachment":[{"href":"https:\/\/bnssghealthiertogether.org.uk\/ro\/wp-json\/wp\/v2\/media?parent=154"}],"wp:term":[{"taxonomy":"post_tag","embeddable":true,"href":"https:\/\/bnssghealthiertogether.org.uk\/ro\/wp-json\/wp\/v2\/tags?post=154"}],"curies":[{"name":"wp","href":"https:\/\/api.w.org\/{rel}","templated":true}]}}