{"id":32854,"date":"2024-10-17T12:30:57","date_gmt":"2024-10-17T11:30:57","guid":{"rendered":"https:\/\/bnssghealthiertogether.org.uk\/?page_id=32854"},"modified":"2026-01-23T12:35:18","modified_gmt":"2026-01-23T12:35:18","slug":"about-the-team","status":"publish","type":"page","link":"https:\/\/bnssghealthiertogether.org.uk\/ro\/integrated-care-board\/research-and-evidence\/about-the-team\/","title":{"rendered":"Despre echipa de cercetare ICB"},"content":{"rendered":"<div class=\"assembler_default-group assembler_module_group assembler_default-group_1 assembler_module_group_1\"><div class=\"assembler_module_area assembler_module_area_1\"><div class=\"assembler_text-module assembler_module assembler_text-module_1 assembler_module_1  transparent\"><a tabindex=\"-1\" title=\"Sec\u021biunea intitulat\u0103 modul-1\" id=\"module-1\" href=\"https:\/\/bnssghealthiertogether.org.uk\/ro\/wp-json\/wp\/v2\/pages\/32854\/#module-1\" class=\"anchor\"><span class=\"hidden\">Sec\u021biunea intitulat\u0103 modul-1<\/span><\/a><!-- Template found for text-module - Template: template-text - Matched: _only --><section class=\"w-full mx-auto max-w-content pt-12 sm:pt-24 pb-3 sm:pb-6\">\n    <div class=\"flex gap-11 md:grid md:grid-cols-2 flex-col\">\n    <div class=\"entry-content\">\n      <h1>Despre echipa de cercetare ICB<\/h1>\n<p>Din 2013, suntem <a href=\"https:\/\/www.nihr.ac.uk\/support-and-services\/support-for-deliverying-research\/research-capability-funding\/support-for-delivering-research\/research-capability-funding\" rel=\"noopener\">ICB cu cel mai \u00eenalt rang<\/a> \u00een Anglia pentru\u00a0<a href=\"https:\/\/bnssghealthiertogether.org.uk\/ro\/integrated-care-board\/research-and-evidence\/support-for-researchers\/research-capability-funding\/\">Finan\u021barea capacit\u0103\u021bii de cercetare. <\/a>\u00cen prezent, ne afl\u0103m printre primele dou\u0103 clasate dintre toate organiza\u021biile NHS.<\/p>\n<p>\u00cen fiecare an, sprijinim peste 60 de persoane s\u0103 dezvolte noi cereri de finan\u021bare pentru granturi de cercetare, inclusiv cadre universitare, comisari, medici de familie, autorit\u0103\u021bi locale \u0219i al\u021bi membri ai personalului de \u00eengrijire.<\/p>\n<p><span data-olk-copy-source=\"MailCompose\">Majoritatea cercet\u0103rilor pe care le sprijinim sunt concepute \u00eempreun\u0103 cu comisarii din domeniul s\u0103n\u0103t\u0103\u021bii \u0219i \u00eengrijirii. Acest lucru ne ajut\u0103 s\u0103 ne asigur\u0103m c\u0103 cercet\u0103rile pe care le sprijinim se aliniaz\u0103 direct cu priorit\u0103\u021bile ICB sau na\u021bionale.<\/span><\/p>\n<p>G\u0103zduim \u0219i sprijinim aproximativ 55 de granturi de cercetare finan\u021bate de Institutul Na\u021bional pentru Cercetare \u00een S\u0103n\u0103tate \u0219i \u00cengrijire (NIHR), cu o valoare total\u0103 de peste 50 de milioane de lire sterline.<\/p>\n<p>Pute\u021bi afla mai multe despre activitatea noastr\u0103 \u00een <a href=\"https:\/\/bnssghealthiertogether.org.uk\/wp-content\/uploads\/2026\/01\/BNSSG-ICB-Research-Annual-Report-2025.pdf\">Raport anual de cercetare<\/a>.<\/p>\n<h2>Ceea ce facem<\/h2>\n<p>Echipa de cercetare este utilizat\u0103 cel mai des pentru urm\u0103toarele domenii de sprijin:<\/p>\n<ul>\n<li>Finan\u021barea capacit\u0103\u021bii de cercetare<\/li>\n<li>G\u0103zduire contractual\u0103<\/li>\n<li>Sprijin pentru guvernan\u021ba cercet\u0103rii<\/li>\n<li>Revizuirea \u0219i asisten\u021ba pentru cererile de grant<\/li>\n<li>Sfaturi generale de cercetare<\/li>\n<\/ul>\n<p>De asemenea, oferim asisten\u021b\u0103 \u00een urm\u0103toarele domenii:<\/p>\n<ul>\n<li>Crearea de re\u021bele \u0219i facilitarea conexiunilor (de exemplu, NHS, mediul academic, autorit\u0103\u021bile locale, s\u0103n\u0103tatea comunitar\u0103)<\/li>\n<li>Finan\u021bele \u0219i costurile NHS<\/li>\n<li>Logistica recrut\u0103rii pentru studii<\/li>\n<li>Cereri de acces la date<\/li>\n<li>Software (de exemplu, software GP \u0219i Unitatea de asisten\u021b\u0103 pentru punerea \u00een func\u021biune)<\/li>\n<li>Managementul propriet\u0103\u021bii intelectuale<\/li>\n<li>Executarea contractului<\/li>\n<li>Implementare \u0219i impact<\/li>\n<\/ul>\n<h2>Ce spui<\/h2>\n<p>\u00centr-un sondaj recent, responden\u021bii au declarat c\u0103 sunt \u2018foarte probabili\u2019 s\u0103 recomande serviciile noastre colegilor sau altor contacte, iar serviciul nostru a fost descris ca fiind \u2018suportant\u2019, \u2018util\u2019, \u2018prietenos\u2019 \u0219i \u2018receptiv\u2019.<\/p>\n<blockquote><p>\u201cEchipa este \u00eentotdeauna prima mea escal\u0103.\u201d<\/p>\n<p>\u201cSfaturi \u0219i expertiz\u0103 remarcabile, r\u0103spunsuri rapide, comunicare clar\u0103, sprijin \u0219i \u00eencurajare total\u0103 \u0219i neclintit\u0103.\u201d<\/p>\n<p>\u201c\u00centotdeauna disponibil \u0219i cu z\u00e2mbetul pe buze! ... a f\u0103cut toat\u0103 diferen\u021ba pentru mine.\u201d<\/p>\n<p>\u201cAu ascultat ce \u00eencerc\u0103m s\u0103 facem \u0219i au colaborat cu diver\u0219i colegi pentru a ob\u021bine sprijinul potrivit pentru noi to\u021bi.\u201d<\/p>\n<p>\u201cSunt grozavi la a m\u0103 ajuta s\u0103 rezolv problemele \u2013 par s\u0103 aib\u0103 r\u0103spunsuri la \u00eendem\u00e2n\u0103.\u201d<\/p><\/blockquote>\n<p>Dac\u0103 dori\u021bi sprijin pentru cercetarea dumneavoastr\u0103, contacta\u021bi-ne la num\u0103rul de telefon 0117 900 2268 sau prin e-mail.\u00a0<a href=\"mailto:bnssg.research@nhs.net\">bnssg.research@nhs.net<\/a>.<\/p>\n    <\/div>\n    <div class=\"entry-content\">\n      <p>Alte pagini din sec\u021biunea Cercetare:<\/p>\n      <div class=\"menu level-menu-shortcode arrows\">\n        <ul>\n                      <li class=\"menu-item current-menu-item\">\n              <a href=\"https:\/\/bnssghealthiertogether.org.uk\/ro\/integrated-care-board\/research-and-evidence\/about-the-team\/\">Despre echipa de cercetare ICB<\/a>\n            <\/li>\n                      <li class=\"menu-item\">\n              <a href=\"https:\/\/bnssghealthiertogether.org.uk\/ro\/integrated-care-board\/research-and-evidence\/our-research-portfolio\/\">Portofoliul de cercetare ICB<\/a>\n            <\/li>\n                      <li class=\"menu-item\">\n              <a href=\"https:\/\/bnssghealthiertogether.org.uk\/ro\/integrated-care-board\/research-and-evidence\/impact-case-studies\/\">Studii de caz privind impactul<\/a>\n            <\/li>\n                      <li class=\"menu-item\">\n              <a href=\"https:\/\/bnssghealthiertogether.org.uk\/ro\/integrated-care-board\/research-and-evidence\/knowledge-mobilisation\/\">Mobilizarea cuno\u0219tin\u021belor<\/a>\n            <\/li>\n                      <li class=\"menu-item\">\n              <a href=\"https:\/\/bnssghealthiertogether.org.uk\/ro\/integrated-care-board\/research-and-evidence\/icb-research-strategy\/\">Strategia noastr\u0103 de cercetare<\/a>\n            <\/li>\n                      <li class=\"menu-item\">\n              <a href=\"https:\/\/bnssghealthiertogether.org.uk\/ro\/integrated-care-board\/research-and-evidence\/research-and-evidence-seminars\/\">Seminarii de cercetare \u0219i dovezi<\/a>\n            <\/li>\n                      <li class=\"menu-item\">\n              <a href=\"https:\/\/bnssghealthiertogether.org.uk\/ro\/integrated-care-board\/research-and-evidence\/submit-a-research-idea\/\">Trimite\u021bi o idee de cercetare<\/a>\n            <\/li>\n                      <li class=\"menu-item\">\n              <a href=\"https:\/\/bnssghealthiertogether.org.uk\/ro\/integrated-care-board\/research-and-evidence\/support-for-researchers\/\">Sprijin pentru cercet\u0103tori<\/a>\n            <\/li>\n                      <li class=\"menu-item\">\n              <a href=\"https:\/\/bnssghealthiertogether.org.uk\/ro\/integrated-care-board\/research-and-evidence\/the-impact-accelerator-unit-iau\/\">Unitatea Acceleratorului de Impact (IAU)<\/a>\n            <\/li>\n                  <\/ul>\n      <\/div>\n\n    <\/div>\n      <\/div>\n<\/section><\/div><!-- .assembler_text-module.assembler_module.assembler_text-module_1.assembler_module_1..transparent --><div class=\"assembler_text-module assembler_module assembler_text-module_2 assembler_module_2  transparent\"><a tabindex=\"-1\" title=\"Sec\u021biunea intitulat\u0103 modul-2\" id=\"module-2\" href=\"https:\/\/bnssghealthiertogether.org.uk\/ro\/wp-json\/wp\/v2\/pages\/32854\/#module-2\" class=\"anchor\"><span class=\"hidden\">Sec\u021biunea intitulat\u0103 modul-2<\/span><\/a><!-- Template found for text-module - Template: template-text - Matched: _only --><section class=\"w-full mx-auto max-w-content pt-3 sm:pt-6 pb-12 sm:pb-24\">\r\n  <div class=\"entry-content w-full !px-0 max-w-small\">\r\n        <h2>Buletin informativ trimestrial al echipei de cercetare<\/h2>\n<p>Ne propunem s\u0103 relans\u0103m buletinul nostru informativ trimestrial atunci c\u00e2nd capacitatea echipei ne va permite. \u00centre timp, v\u0103 rug\u0103m s\u0103 g\u0103si\u021bi mai jos edi\u021biile anterioare.<\/p>\n<ul>\n<li><a href=\"https:\/\/bnssghealthiertogether.org.uk\/wp-content\/uploads\/2024\/10\/24.10.30-Newsletter-October-2024-Website-Edition.pdf\">Buletin informativ al echipei de cercetare \u2013 Edi\u021bia a 7-a, octombrie 2024 (PDF)<\/a><\/li>\n<li><a href=\"https:\/\/bnssghealthiertogether.org.uk\/ro\/library\/bnssg-icb-research-team-quarterly-newsletter-6th-edition-august-2024\/\">Buletin informativ al echipei de cercetare \u2013 Edi\u021bia a 6-a, august 2024 (PDF)<\/a><\/li>\n<\/ul>\n  <\/div>\r\n  <\/section><\/div><!-- .assembler_text-module.assembler_module.assembler_text-module_2.assembler_module_2..transparent --><\/div><!-- .assembler_module_area.assembler_module_area_1 --><\/div><!-- .assembler_default-group.assembler_module_group.assembler_default-group_1.assembler_module_group_1  -->","protected":false},"excerpt":{"rendered":"<p>Echipa noastr\u0103 de cercetare sus\u021bine cercet\u0103ri de \u00eenalt\u0103 calitate, de la dezvoltarea ideilor timpurii p\u00e2n\u0103 la integrarea dovezilor \u00een practic\u0103.<\/p>","protected":false},"author":1,"featured_media":0,"parent":12227,"menu_order":0,"comment_status":"closed","ping_status":"closed","template":"","meta":{"_acf_changed":false,"footnotes":""},"tags":[],"class_list":["post-32854","page","type-page","status-publish","hentry"],"acf":[],"_links":{"self":[{"href":"https:\/\/bnssghealthiertogether.org.uk\/ro\/wp-json\/wp\/v2\/pages\/32854","targetHints":{"allow":["GET"]}}],"collection":[{"href":"https:\/\/bnssghealthiertogether.org.uk\/ro\/wp-json\/wp\/v2\/pages"}],"about":[{"href":"https:\/\/bnssghealthiertogether.org.uk\/ro\/wp-json\/wp\/v2\/types\/page"}],"author":[{"embeddable":true,"href":"https:\/\/bnssghealthiertogether.org.uk\/ro\/wp-json\/wp\/v2\/users\/1"}],"replies":[{"embeddable":true,"href":"https:\/\/bnssghealthiertogether.org.uk\/ro\/wp-json\/wp\/v2\/comments?post=32854"}],"version-history":[{"count":17,"href":"https:\/\/bnssghealthiertogether.org.uk\/ro\/wp-json\/wp\/v2\/pages\/32854\/revisions"}],"predecessor-version":[{"id":46347,"href":"https:\/\/bnssghealthiertogether.org.uk\/ro\/wp-json\/wp\/v2\/pages\/32854\/revisions\/46347"}],"up":[{"embeddable":true,"href":"https:\/\/bnssghealthiertogether.org.uk\/ro\/wp-json\/wp\/v2\/pages\/12227"}],"wp:attachment":[{"href":"https:\/\/bnssghealthiertogether.org.uk\/ro\/wp-json\/wp\/v2\/media?parent=32854"}],"wp:term":[{"taxonomy":"post_tag","embeddable":true,"href":"https:\/\/bnssghealthiertogether.org.uk\/ro\/wp-json\/wp\/v2\/tags?post=32854"}],"curies":[{"name":"wp","href":"https:\/\/api.w.org\/{rel}","templated":true}]}}