{"id":32876,"date":"2024-10-17T13:14:04","date_gmt":"2024-10-17T12:14:04","guid":{"rendered":"https:\/\/bnssghealthiertogether.org.uk\/?page_id=32876"},"modified":"2025-12-08T16:57:06","modified_gmt":"2025-12-08T16:57:06","slug":"our-research-portfolio","status":"publish","type":"page","link":"https:\/\/bnssghealthiertogether.org.uk\/ro\/integrated-care-board\/research-and-evidence\/our-research-portfolio\/","title":{"rendered":"Portofoliul de cercetare ICB"},"content":{"rendered":"<div class=\"assembler_default-group assembler_module_group assembler_default-group_1 assembler_module_group_1\"><div class=\"assembler_module_area assembler_module_area_1\"><div class=\"assembler_text-module assembler_module assembler_text-module_1 assembler_module_1  transparent\"><a tabindex=\"-1\" title=\"Sec\u021biunea intitulat\u0103 modul-1\" id=\"module-1\" href=\"https:\/\/bnssghealthiertogether.org.uk\/ro\/wp-json\/wp\/v2\/pages\/32876\/#module-1\" class=\"anchor\"><span class=\"hidden\">Sec\u021biunea intitulat\u0103 modul-1<\/span><\/a><!-- Template found for text-module - Template: template-text - Matched: _only --><section class=\"w-full mx-auto max-w-content pt-12 sm:pt-24 pb-3 sm:pb-6\">\n    <div class=\"flex gap-11 md:grid md:grid-cols-2 flex-col\">\n    <div class=\"entry-content\">\n      <h1>Portofoliul nostru de cercetare<\/h1>\n<p>NHS Bristol, North Somerset \u0219i South Gloucestershire ICB colaboreaz\u0103 cu colegi clinici \u0219i universitari locali pentru a solicita finan\u021bare la Institutul Na\u021bional pentru Cercetare \u00een S\u0103n\u0103tate (NIHR).<\/p>\n<p>Dac\u0103 cererile noastre sunt aprobate, NIHR ne contracteaz\u0103 pentru a realiza proiecte de cercetare \u0219i a investiga probleme importante pentru NHS \u0219i s\u0103n\u0103tatea public\u0103.<\/p>\n<p>Portofoliul nostru de cercetare de mai jos prezint\u0103 proiectele actuale pentru care am primit finan\u021bare de la NIHR. Sarcina noastr\u0103 este de a sprijini cercet\u0103torii \u0219efi \u0219i colaboratorii no\u0219tri universitari \u00een finalizarea proiectelor de cercetare.<\/p>\n<p>Acestea sunt studiile actuale din portofoliul nostru de cercetare:<\/p>\n      <div class=\"menu level-menu-shortcode arrows\">\n        <ul>\n                      <li class=\"menu-item\">\n              <a href=\"https:\/\/bnssghealthiertogether.org.uk\/ro\/integrated-care-board\/research-and-evidence\/our-research-portfolio\/icb-led-applied-research-projects\/\">Proiecte de cercetare aplicat\u0103 conduse de ICB<\/a>\n            <\/li>\n                      <li class=\"menu-item\">\n              <a href=\"https:\/\/bnssghealthiertogether.org.uk\/ro\/integrated-care-board\/research-and-evidence\/our-research-portfolio\/nihr-funded-projects\/\">Proiecte finan\u021bate de NIHR<\/a>\n            <\/li>\n                      <li class=\"menu-item\">\n              <a href=\"https:\/\/bnssghealthiertogether.org.uk\/ro\/integrated-care-board\/research-and-evidence\/our-research-portfolio\/previously-supported-projects\/\">Proiecte sus\u021binute anterior<\/a>\n            <\/li>\n                      <li class=\"menu-item\">\n              <a href=\"https:\/\/bnssghealthiertogether.org.uk\/ro\/integrated-care-board\/research-and-evidence\/our-research-portfolio\/type-1-rcf-funded-projects\/\">Proiecte finan\u021bate de RCF de tip 1<\/a>\n            <\/li>\n                      <li class=\"menu-item\">\n              <a href=\"https:\/\/bnssghealthiertogether.org.uk\/ro\/integrated-care-board\/research-and-evidence\/our-research-portfolio\/type-2-rcf-funded-projects\/\">Proiecte finan\u021bate de RCF de tip 2<\/a>\n            <\/li>\n                  <\/ul>\n      <\/div>\n\n<p>&nbsp;<\/p>\n    <\/div>\n    <div class=\"entry-content\">\n      <p>Alte pagini din sec\u021biunea Cercetare:<\/p>\n      <div class=\"menu level-menu-shortcode arrows\">\n        <ul>\n                      <li class=\"menu-item\">\n              <a href=\"https:\/\/bnssghealthiertogether.org.uk\/ro\/integrated-care-board\/research-and-evidence\/about-the-team\/\">Despre echipa de cercetare ICB<\/a>\n            <\/li>\n                      <li class=\"menu-item current-menu-item\">\n              <a href=\"https:\/\/bnssghealthiertogether.org.uk\/ro\/integrated-care-board\/research-and-evidence\/our-research-portfolio\/\">Portofoliul de cercetare ICB<\/a>\n            <\/li>\n                      <li class=\"menu-item\">\n              <a href=\"https:\/\/bnssghealthiertogether.org.uk\/ro\/integrated-care-board\/research-and-evidence\/impact-case-studies\/\">Studii de caz privind impactul<\/a>\n            <\/li>\n                      <li class=\"menu-item\">\n              <a href=\"https:\/\/bnssghealthiertogether.org.uk\/ro\/integrated-care-board\/research-and-evidence\/knowledge-mobilisation\/\">Mobilizarea cuno\u0219tin\u021belor<\/a>\n            <\/li>\n                      <li class=\"menu-item\">\n              <a href=\"https:\/\/bnssghealthiertogether.org.uk\/ro\/integrated-care-board\/research-and-evidence\/icb-research-strategy\/\">Strategia noastr\u0103 de cercetare<\/a>\n            <\/li>\n                      <li class=\"menu-item\">\n              <a href=\"https:\/\/bnssghealthiertogether.org.uk\/ro\/integrated-care-board\/research-and-evidence\/research-and-evidence-seminars\/\">Seminarii de cercetare \u0219i dovezi<\/a>\n            <\/li>\n                      <li class=\"menu-item\">\n              <a href=\"https:\/\/bnssghealthiertogether.org.uk\/ro\/integrated-care-board\/research-and-evidence\/submit-a-research-idea\/\">Trimite\u021bi o idee de cercetare<\/a>\n            <\/li>\n                      <li class=\"menu-item\">\n              <a href=\"https:\/\/bnssghealthiertogether.org.uk\/ro\/integrated-care-board\/research-and-evidence\/support-for-researchers\/\">Sprijin pentru cercet\u0103tori<\/a>\n            <\/li>\n                      <li class=\"menu-item\">\n              <a href=\"https:\/\/bnssghealthiertogether.org.uk\/ro\/integrated-care-board\/research-and-evidence\/the-impact-accelerator-unit-iau\/\">Unitatea Acceleratorului de Impact (IAU)<\/a>\n            <\/li>\n                  <\/ul>\n      <\/div>\n\n    <\/div>\n      <\/div>\n<\/section><\/div><!-- .assembler_text-module.assembler_module.assembler_text-module_1.assembler_module_1..transparent --><\/div><!-- .assembler_module_area.assembler_module_area_1 --><\/div><!-- .assembler_default-group.assembler_module_group.assembler_default-group_1.assembler_module_group_1  -->","protected":false},"excerpt":{"rendered":"<p>The NHS Bristol, North Somerset and South Gloucestershire ICB research portfolio shows the current projects that we have been awarded NIHR funding to complete.<\/p>","protected":false},"author":1,"featured_media":0,"parent":12227,"menu_order":0,"comment_status":"closed","ping_status":"closed","template":"","meta":{"_acf_changed":false,"footnotes":""},"tags":[],"class_list":["post-32876","page","type-page","status-publish","hentry"],"acf":[],"_links":{"self":[{"href":"https:\/\/bnssghealthiertogether.org.uk\/ro\/wp-json\/wp\/v2\/pages\/32876","targetHints":{"allow":["GET"]}}],"collection":[{"href":"https:\/\/bnssghealthiertogether.org.uk\/ro\/wp-json\/wp\/v2\/pages"}],"about":[{"href":"https:\/\/bnssghealthiertogether.org.uk\/ro\/wp-json\/wp\/v2\/types\/page"}],"author":[{"embeddable":true,"href":"https:\/\/bnssghealthiertogether.org.uk\/ro\/wp-json\/wp\/v2\/users\/1"}],"replies":[{"embeddable":true,"href":"https:\/\/bnssghealthiertogether.org.uk\/ro\/wp-json\/wp\/v2\/comments?post=32876"}],"version-history":[{"count":8,"href":"https:\/\/bnssghealthiertogether.org.uk\/ro\/wp-json\/wp\/v2\/pages\/32876\/revisions"}],"predecessor-version":[{"id":45341,"href":"https:\/\/bnssghealthiertogether.org.uk\/ro\/wp-json\/wp\/v2\/pages\/32876\/revisions\/45341"}],"up":[{"embeddable":true,"href":"https:\/\/bnssghealthiertogether.org.uk\/ro\/wp-json\/wp\/v2\/pages\/12227"}],"wp:attachment":[{"href":"https:\/\/bnssghealthiertogether.org.uk\/ro\/wp-json\/wp\/v2\/media?parent=32876"}],"wp:term":[{"taxonomy":"post_tag","embeddable":true,"href":"https:\/\/bnssghealthiertogether.org.uk\/ro\/wp-json\/wp\/v2\/tags?post=32876"}],"curies":[{"name":"wp","href":"https:\/\/api.w.org\/{rel}","templated":true}]}}