{"id":32888,"date":"2024-10-17T13:23:57","date_gmt":"2024-10-17T12:23:57","guid":{"rendered":"https:\/\/bnssghealthiertogether.org.uk\/?page_id=32888"},"modified":"2025-03-03T13:58:48","modified_gmt":"2025-03-03T13:58:48","slug":"preventing-sudden-unexpected-deaths-in-infancy-sudi-an-assessment-and-planning-tool-for-families-at-increased-risk","status":"publish","type":"page","link":"https:\/\/bnssghealthiertogether.org.uk\/ro\/integrated-care-board\/research-and-evidence\/our-research-portfolio\/nihr-funded-projects\/preventing-sudden-unexpected-deaths-in-infancy-sudi-an-assessment-and-planning-tool-for-families-at-increased-risk\/","title":{"rendered":"Prevenirea deceselor subite \u0219i nea\u0219teptate la sugari (SUDI): un instrument de evaluare \u0219i planificare pentru familiile cu risc crescut"},"content":{"rendered":"<div class=\"assembler_default-group assembler_module_group assembler_default-group_1 assembler_module_group_1\"><div class=\"assembler_module_area assembler_module_area_1\"><div class=\"assembler_text-module assembler_module assembler_text-module_1 assembler_module_1  transparent\"><a tabindex=\"-1\" title=\"Sec\u021biunea intitulat\u0103 modul-1\" id=\"module-1\" href=\"https:\/\/bnssghealthiertogether.org.uk\/ro\/wp-json\/wp\/v2\/pages\/32888\/#module-1\" class=\"anchor\"><span class=\"hidden\">Sec\u021biunea intitulat\u0103 modul-1<\/span><\/a><!-- Template found for text-module - Template: template-text - Matched: _only --><section class=\"w-full mx-auto max-w-content pt-12 sm:pt-24 pb-12 sm:pb-24\">\r\n  <div class=\"entry-content w-full !px-0 max-w-small\">\r\n        <h1>Prevenirea deceselor subite \u0219i nea\u0219teptate la sugari (SUDI): un instrument de evaluare \u0219i planificare pentru familiile cu risc crescut<\/h1>\n<p>&nbsp;<\/p>\n<h2>Care este \u00eentrebarea de cercetare?<\/h2>\n<p>Cum sus\u021bine un instrument de evaluare \u0219i planificare a riscurilor un somn mai sigur al sugarilor \u00een timpul rutinelor perturbate pentru sugarii cu risc crescut de decese subite \u0219i nea\u0219teptate la sugar (SUDI)?<\/p>\n<h2>Care este problema?<\/h2>\n<p>\u00cen fiecare an, \u00een Regatul Unit, aproximativ 3-400 de bebelu\u0219i mor subit \u0219i nea\u0219teptat. Multe dintre aceste decese ar putea fi evitate prin urmarea unor sfaturi privind un somn mai sigur, promovate pe scar\u0103 larg\u0103, dar dificil de urmat pentru unele familii.<\/p>\n<p>Majoritatea bebelu\u0219ilor care mor acum sunt n\u0103scu\u021bi de mame sub 25 de ani din grupurile cele mai defavorizate social.<\/p>\n<p>Familiile \u00eendoliate ne spun c\u0103 riscurile au fost adesea rezultatul unei schimb\u0103ri \u00een rutina lor obi\u0219nuit\u0103 atunci c\u00e2nd \u00eengrijeau copilul, de exemplu atunci c\u00e2nd oamenii \u00eei viziteaz\u0103, dau o petrecere sau stau departe de cas\u0103.<\/p>\n<p>Cercet\u0103rile noastre sugereaz\u0103 c\u0103 \u00een\u021belegerea nivelului de risc al bebelu\u0219ului \u0219i planificarea \u00een func\u021bie de siguran\u021b\u0103 \u00een timpul schimb\u0103rilor de rutin\u0103 ar putea salva vie\u021bi.<\/p>\n<p>Instrumentul de evaluare \u0219i planificare a riscurilor pe care \u00eel propunem aici include furnizarea de informa\u021bii pe un site web \u0219i pe telefoanele acestora despre riscul la care este expus bebelu\u0219ul \u00een anumite situa\u021bii \u0219i planificarea siguran\u021bei \u00een perioadele aglomerate.<\/p>\n<h2>Care este scopul cercet\u0103rii?<\/h2>\n<p>Dezvoltarea unui \u2018instrument de evaluare \u0219i planificare a riscurilor\u2019 pentru familii, pentru a \u00eencuraja un somn mai sigur pentru bebelu\u0219ii cu risc crescut de SUDI.<\/p>\n<h2>Cum se va realiza acest lucru?<\/h2>\n<p>Vom dezvolta un instrument pornind de la informa\u021bii despre care \u0219tim deja c\u0103 au salvat vie\u021bile multor bebelu\u0219i \u0219i vom verifica dac\u0103 func\u021bioneaz\u0103 folosind informa\u021bii despre decesele actuale ale bebelu\u0219ilor din Anglia \u0219i din studii similare efectuate \u00een Noua Zeeland\u0103.<\/p>\n<p>Vizitatorii medicali, asistentele medicale de familie \u0219i \u00een special p\u0103rin\u021bii vor fi invita\u021bi la ateliere unde ne vor ajuta s\u0103 concepem instrumentul.<\/p>\n<p>Le va ar\u0103ta p\u0103rin\u021bilor\/\u00eengrijitorilor cum se schimb\u0103 riscurile pentru bebelu\u0219ul lor \u00een func\u021bie de situa\u021bii. Ace\u0219tia vor putea planifica schimb\u0103ri de rutin\u0103 pentru a men\u021bine bebelu\u0219ul \u00een siguran\u021b\u0103.<\/p>\n<p>O imagine a planului va fi trimis\u0103 pe telefonul mobil al p\u0103rintelui\/tutorelui, astfel \u00eenc\u00e2t acesta s\u0103 o poat\u0103 partaja cu al\u021bii, de exemplu cu partenerul\/partenera.<\/p>\n<p>Vom testa acest instrument cu vizitatori medicali \u0219i asistente medicale de familie pentru a afla \u00een detaliu cum func\u021bioneaz\u0103.<\/p>\n<p>Vom oferi instrumentul la trei echipe de vizitatori medicali \u0219i asistente medicale de familie care lucreaz\u0103 cu familii din zonele defavorizate din Bristol, Marea Britanie.<\/p>\n<p>Interviurile cu vizitatori medicali, asistente medicale de familie \u0219i membri ai familiei vor afla ce p\u0103rere au despre instrument \u0219i cum \u00eel utilizeaz\u0103. \u00cen cele din urm\u0103, vom scrie o cerere pentru un studiu pentru a vedea cum putem testa instrumentul cu mai multe persoane.<\/p>\n<h2>Cine conduce cercetarea?<\/h2>\n<p>Dr. Anna Pease, cercet\u0103toare avansat\u0103 NIHR, Centrul pentru S\u0103n\u0103tatea Academic\u0103 a Copilului, Universitatea din Bristol.<\/p>\n<h2>Informa\u021bii suplimentare:<\/h2>\n<p>Pentru mai multe informa\u021bii sau pentru a v\u0103 implica \u00een acest proiect, trimite\u021bi un e-mail la <a href=\"mailto:bnssg.research@nhs.net\">bnssg.research@nhs.net<\/a>.<\/p>\n  <\/div>\r\n  <\/section><\/div><!-- .assembler_text-module.assembler_module.assembler_text-module_1.assembler_module_1..transparent --><\/div><!-- .assembler_module_area.assembler_module_area_1 --><\/div><!-- .assembler_default-group.assembler_module_group.assembler_default-group_1.assembler_module_group_1  -->","protected":false},"excerpt":{"rendered":"<p>Section titled module-1 Preventing Sudden Unexpected Deaths in Infancy (SUDI): an assessment and planning tool for families at increased risk &nbsp; What is the research question? How does a risk scoring and planning tool support safer infant sleep during disrupted routines for infants at increased risk of Sudden and Unexpected Deaths in Infancy (SUDI)? What [&hellip;]<\/p>\n","protected":false},"author":1,"featured_media":0,"parent":32881,"menu_order":0,"comment_status":"closed","ping_status":"closed","template":"","meta":{"_acf_changed":false,"footnotes":""},"tags":[],"class_list":["post-32888","page","type-page","status-publish","hentry"],"acf":[],"_links":{"self":[{"href":"https:\/\/bnssghealthiertogether.org.uk\/ro\/wp-json\/wp\/v2\/pages\/32888","targetHints":{"allow":["GET"]}}],"collection":[{"href":"https:\/\/bnssghealthiertogether.org.uk\/ro\/wp-json\/wp\/v2\/pages"}],"about":[{"href":"https:\/\/bnssghealthiertogether.org.uk\/ro\/wp-json\/wp\/v2\/types\/page"}],"author":[{"embeddable":true,"href":"https:\/\/bnssghealthiertogether.org.uk\/ro\/wp-json\/wp\/v2\/users\/1"}],"replies":[{"embeddable":true,"href":"https:\/\/bnssghealthiertogether.org.uk\/ro\/wp-json\/wp\/v2\/comments?post=32888"}],"version-history":[{"count":3,"href":"https:\/\/bnssghealthiertogether.org.uk\/ro\/wp-json\/wp\/v2\/pages\/32888\/revisions"}],"predecessor-version":[{"id":36187,"href":"https:\/\/bnssghealthiertogether.org.uk\/ro\/wp-json\/wp\/v2\/pages\/32888\/revisions\/36187"}],"up":[{"embeddable":true,"href":"https:\/\/bnssghealthiertogether.org.uk\/ro\/wp-json\/wp\/v2\/pages\/32881"}],"wp:attachment":[{"href":"https:\/\/bnssghealthiertogether.org.uk\/ro\/wp-json\/wp\/v2\/media?parent=32888"}],"wp:term":[{"taxonomy":"post_tag","embeddable":true,"href":"https:\/\/bnssghealthiertogether.org.uk\/ro\/wp-json\/wp\/v2\/tags?post=32888"}],"curies":[{"name":"wp","href":"https:\/\/api.w.org\/{rel}","templated":true}]}}