{"id":32891,"date":"2024-10-17T13:24:51","date_gmt":"2024-10-17T12:24:51","guid":{"rendered":"https:\/\/bnssghealthiertogether.org.uk\/?page_id=32891"},"modified":"2025-01-16T22:58:17","modified_gmt":"2025-01-16T22:58:17","slug":"previously-supported-projects","status":"publish","type":"page","link":"https:\/\/bnssghealthiertogether.org.uk\/ro\/integrated-care-board\/research-and-evidence\/our-research-portfolio\/previously-supported-projects\/","title":{"rendered":"Proiecte sus\u021binute anterior"},"content":{"rendered":"<div class=\"assembler_default-group assembler_module_group assembler_default-group_1 assembler_module_group_1\"><div class=\"assembler_module_area assembler_module_area_1\"><div class=\"assembler_text-module assembler_module assembler_text-module_1 assembler_module_1  transparent\"><a tabindex=\"-1\" title=\"Sec\u021biunea intitulat\u0103 modul-1\" id=\"module-1\" href=\"https:\/\/bnssghealthiertogether.org.uk\/ro\/wp-json\/wp\/v2\/pages\/32891\/#module-1\" class=\"anchor\"><span class=\"hidden\">Sec\u021biunea intitulat\u0103 modul-1<\/span><\/a><!-- Template found for text-module - Template: template-text - Matched: _only --><section class=\"w-full mx-auto max-w-content pt-12 sm:pt-24 pb-12 sm:pb-24\">\n    <div class=\"flex gap-11 md:grid md:grid-cols-2 flex-col\">\n    <div class=\"entry-content\">\n      <h1>Proiecte sus\u021binute anterior<\/h1>\n<p>Links to projects previously supported by Birstol, North Somerset and South Gloucestershire ICB, such as Fellowships, previous RCF awardees, and non-NIHR funded projects.<\/p>\n      <div class=\"menu level-menu-shortcode arrows\">\n        <ul>\n                      <li class=\"menu-item\">\n              <a href=\"https:\/\/bnssghealthiertogether.org.uk\/ro\/integrated-care-board\/research-and-evidence\/our-research-portfolio\/previously-supported-projects\/a-patient-reported-questionnaire-to-measure-the-use-of-informal-care-social-care-and-personal-expenses\/\">Un chestionar raportat de pacien\u021bi pentru m\u0103surarea utiliz\u0103rii \u00eengrijirii informale, a \u00eengrijirii sociale \u0219i a cheltuielilor personale<\/a>\n            <\/li>\n                      <li class=\"menu-item\">\n              <a href=\"https:\/\/bnssghealthiertogether.org.uk\/ro\/integrated-care-board\/research-and-evidence\/our-research-portfolio\/previously-supported-projects\/adapt-the-south-asian-dementia-diagnosis-pathway-an-online-toolkit-of-enhanced-interventions\/\">ADAPT: Calea de diagnostic a demen\u021bei din Asia de Sud \u2013 un set de instrumente online cu interven\u021bii \u00eembun\u0103t\u0103\u021bite<\/a>\n            <\/li>\n                      <li class=\"menu-item\">\n              <a href=\"https:\/\/bnssghealthiertogether.org.uk\/ro\/integrated-care-board\/research-and-evidence\/our-research-portfolio\/previously-supported-projects\/bee-best-emollient-in-eczema\/\">BEE: Cel mai bun emolient pentru eczeme<\/a>\n            <\/li>\n                      <li class=\"menu-item\">\n              <a href=\"https:\/\/bnssghealthiertogether.org.uk\/ro\/integrated-care-board\/research-and-evidence\/our-research-portfolio\/previously-supported-projects\/bite-size-patient-centred-exercise-and-education-videos-for-people-with-stroke-from-asian-backgrounds-indian-pakistani-and-bangladeshi\/\">Videoclipuri scurte cu exerci\u021bii \u0219i educa\u021bie centrate pe pacient pentru persoanele cu accident vascular cerebral din medii asiatice (indiene, pakistaneze \u0219i din Bangladesh)<\/a>\n            <\/li>\n                      <li class=\"menu-item\">\n              <a href=\"https:\/\/bnssghealthiertogether.org.uk\/ro\/integrated-care-board\/research-and-evidence\/our-research-portfolio\/previously-supported-projects\/chico-a-clinical-effectiveness-investigation-of-a-multi-faceted-intervention-to-improve-management-of-antibiotics-for-children-presenting-to-primary-care-with-acute-cough-and-respiratory-tract-infect\/\">CHICO: O investiga\u021bie clinic\u0103 a eficacit\u0103\u021bii unei interven\u021bii multifa\u021betate pentru \u00eembun\u0103t\u0103\u021birea gestion\u0103rii antibioticelor la copiii care se prezint\u0103 la asisten\u021ba medical\u0103 primar\u0103 cu tuse acut\u0103 \u0219i infec\u021bie a tractului respirator.<\/a>\n            <\/li>\n                      <li class=\"menu-item\">\n              <a href=\"https:\/\/bnssghealthiertogether.org.uk\/ro\/integrated-care-board\/research-and-evidence\/our-research-portfolio\/previously-supported-projects\/coac-using-health-information-systems-to-address-patient-concerns-in-gp-consultations-a-feasibility-study\/\">COAC: Utilizarea sistemelor informa\u021bionale de s\u0103n\u0103tate pentru a aborda preocup\u0103rile pacien\u021bilor \u00een consulta\u021biile medicilor de familie: un studiu de fezabilitate<\/a>\n            <\/li>\n                      <li class=\"menu-item\">\n              <a href=\"https:\/\/bnssghealthiertogether.org.uk\/ro\/integrated-care-board\/research-and-evidence\/our-research-portfolio\/previously-supported-projects\/development-of-a-virtual-chronic-kidney-disease-clinic\/\">Dezvoltarea unei clinici virtuale pentru boli renale cronice<\/a>\n            <\/li>\n                      <li class=\"menu-item\">\n              <a href=\"https:\/\/bnssghealthiertogether.org.uk\/ro\/integrated-care-board\/research-and-evidence\/our-research-portfolio\/previously-supported-projects\/gped-general-practitioners-and-emergency-departments-efficient-models-of-care\/\">GPED: Medici generali\u0219ti \u0219i departamente de urgen\u021b\u0103: modele eficiente de \u00eengrijire<\/a>\n            <\/li>\n                      <li class=\"menu-item\">\n              <a href=\"https:\/\/bnssghealthiertogether.org.uk\/ro\/integrated-care-board\/research-and-evidence\/our-research-portfolio\/previously-supported-projects\/implementation-of-flash-glucose-monitoring-in-four-paediatric-diabetes-clinics-before-and-after-study-to-produce-real-world-evidence-of-patient-benefit\/\">Implementarea monitoriz\u0103rii rapide a glicemiei \u00een patru clinici pediatrice de diabet \u2013 studiu \u00eenainte \u0219i dup\u0103 producerea de dovezi practice ale beneficiilor pentru pacien\u021bi<\/a>\n            <\/li>\n                      <li class=\"menu-item\">\n              <a href=\"https:\/\/bnssghealthiertogether.org.uk\/ro\/integrated-care-board\/research-and-evidence\/our-research-portfolio\/previously-supported-projects\/improving-the-provision-of-support-for-appearance-related-issues-in-primary-care\/\">\u00cembun\u0103t\u0103\u021birea furniz\u0103rii de sprijin pentru problemele legate de aspectul fizic \u00een asisten\u021ba medical\u0103 primar\u0103<\/a>\n            <\/li>\n                      <li class=\"menu-item\">\n              <a href=\"https:\/\/bnssghealthiertogether.org.uk\/ro\/integrated-care-board\/research-and-evidence\/our-research-portfolio\/previously-supported-projects\/tech-for-better-care-personalised-community-medication-support-and-management-project\/\">Tech for Better Care: Personalised community medication support and management project.<\/a>\n            <\/li>\n                      <li class=\"menu-item\">\n              <a href=\"https:\/\/bnssghealthiertogether.org.uk\/ro\/integrated-care-board\/research-and-evidence\/our-research-portfolio\/previously-supported-projects\/the-dish-disclosure-in-sexual-health-project-to-develop-an-identification-and-support-intervention-for-sexual-violence-survivors\/\">Proiectul DiSH (Disclosure in Sexual Health) pentru dezvoltarea unei interven\u021bii de identificare \u0219i sprijin pentru supravie\u021buitorii violen\u021bei sexuale<\/a>\n            <\/li>\n                      <li class=\"menu-item\">\n              <a href=\"https:\/\/bnssghealthiertogether.org.uk\/ro\/integrated-care-board\/research-and-evidence\/our-research-portfolio\/previously-supported-projects\/the-evaluation-of-operation-topaz-for-child-sexual-and-criminal-exploitation-on-the-health-and-wellbeing-of-service-users\/\">Evaluarea Opera\u021biunii Topaz privind exploatarea sexual\u0103 \u0219i criminal\u0103 a copiilor asupra s\u0103n\u0103t\u0103\u021bii \u0219i bun\u0103st\u0103rii utilizatorilor serviciilor.<\/a>\n            <\/li>\n                      <li class=\"menu-item\">\n              <a href=\"https:\/\/bnssghealthiertogether.org.uk\/ro\/integrated-care-board\/research-and-evidence\/our-research-portfolio\/previously-supported-projects\/triumph-treating-urinary-symptoms-in-men-in-primary-healthcare-using-non-pharmacological-and-non-surgical-interventions\/\">TRIUMF: Tratamentul simptomelor urinare la b\u0103rba\u021bi \u00een asisten\u021ba medical\u0103 primar\u0103 utiliz\u00e2nd interven\u021bii non-farmacologice \u0219i non-chirurgicale<\/a>\n            <\/li>\n                  <\/ul>\n      <\/div>\n\n    <\/div>\n    <div class=\"entry-content\">\n      <p>Alte pagini din sec\u021biunea Portofoliul nostru de cercetare:<\/p>\n      <div class=\"menu level-menu-shortcode arrows\">\n        <ul>\n                      <li class=\"menu-item\">\n              <a href=\"https:\/\/bnssghealthiertogether.org.uk\/ro\/integrated-care-board\/research-and-evidence\/our-research-portfolio\/icb-led-applied-research-projects\/\">Proiecte de cercetare aplicat\u0103 conduse de ICB<\/a>\n            <\/li>\n                      <li class=\"menu-item\">\n              <a href=\"https:\/\/bnssghealthiertogether.org.uk\/ro\/integrated-care-board\/research-and-evidence\/our-research-portfolio\/nihr-funded-projects\/\">Proiecte finan\u021bate de NIHR<\/a>\n            <\/li>\n                      <li class=\"menu-item current-menu-item\">\n              <a href=\"https:\/\/bnssghealthiertogether.org.uk\/ro\/integrated-care-board\/research-and-evidence\/our-research-portfolio\/previously-supported-projects\/\">Proiecte sus\u021binute anterior<\/a>\n            <\/li>\n                      <li class=\"menu-item\">\n              <a href=\"https:\/\/bnssghealthiertogether.org.uk\/ro\/integrated-care-board\/research-and-evidence\/our-research-portfolio\/type-1-rcf-funded-projects\/\">Proiecte finan\u021bate de RCF de tip 1<\/a>\n            <\/li>\n                      <li class=\"menu-item\">\n              <a href=\"https:\/\/bnssghealthiertogether.org.uk\/ro\/integrated-care-board\/research-and-evidence\/our-research-portfolio\/type-2-rcf-funded-projects\/\">Proiecte finan\u021bate de RCF de tip 2<\/a>\n            <\/li>\n                  <\/ul>\n      <\/div>\n\n    <\/div>\n      <\/div>\n<\/section><\/div><!-- .assembler_text-module.assembler_module.assembler_text-module_1.assembler_module_1..transparent --><\/div><!-- .assembler_module_area.assembler_module_area_1 --><\/div><!-- .assembler_default-group.assembler_module_group.assembler_default-group_1.assembler_module_group_1  -->","protected":false},"excerpt":{"rendered":"<p>Section titled module-1 Previously Supported Projects Links to projects previously supported by Birstol, North Somerset and South Gloucestershire ICB, such as Fellowships, previous RCF awardees, and non-NIHR funded projects. A patient-reported questionnaire to measure the use of informal care, social care and personal expenses ADAPT: The south Asian Dementia diAgnosis PaThway &#8211; an online toolkit [&hellip;]<\/p>\n","protected":false},"author":1,"featured_media":0,"parent":32876,"menu_order":0,"comment_status":"closed","ping_status":"closed","template":"","meta":{"_acf_changed":false,"footnotes":""},"tags":[],"class_list":["post-32891","page","type-page","status-publish","hentry"],"acf":[],"_links":{"self":[{"href":"https:\/\/bnssghealthiertogether.org.uk\/ro\/wp-json\/wp\/v2\/pages\/32891","targetHints":{"allow":["GET"]}}],"collection":[{"href":"https:\/\/bnssghealthiertogether.org.uk\/ro\/wp-json\/wp\/v2\/pages"}],"about":[{"href":"https:\/\/bnssghealthiertogether.org.uk\/ro\/wp-json\/wp\/v2\/types\/page"}],"author":[{"embeddable":true,"href":"https:\/\/bnssghealthiertogether.org.uk\/ro\/wp-json\/wp\/v2\/users\/1"}],"replies":[{"embeddable":true,"href":"https:\/\/bnssghealthiertogether.org.uk\/ro\/wp-json\/wp\/v2\/comments?post=32891"}],"version-history":[{"count":3,"href":"https:\/\/bnssghealthiertogether.org.uk\/ro\/wp-json\/wp\/v2\/pages\/32891\/revisions"}],"predecessor-version":[{"id":36188,"href":"https:\/\/bnssghealthiertogether.org.uk\/ro\/wp-json\/wp\/v2\/pages\/32891\/revisions\/36188"}],"up":[{"embeddable":true,"href":"https:\/\/bnssghealthiertogether.org.uk\/ro\/wp-json\/wp\/v2\/pages\/32876"}],"wp:attachment":[{"href":"https:\/\/bnssghealthiertogether.org.uk\/ro\/wp-json\/wp\/v2\/media?parent=32891"}],"wp:term":[{"taxonomy":"post_tag","embeddable":true,"href":"https:\/\/bnssghealthiertogether.org.uk\/ro\/wp-json\/wp\/v2\/tags?post=32891"}],"curies":[{"name":"wp","href":"https:\/\/api.w.org\/{rel}","templated":true}]}}