{"id":32913,"date":"2024-10-17T13:37:09","date_gmt":"2024-10-17T12:37:09","guid":{"rendered":"https:\/\/bnssghealthiertogether.org.uk\/?page_id=32913"},"modified":"2025-02-18T09:39:01","modified_gmt":"2025-02-18T09:39:01","slug":"contracting-for-national-institute-for-health-and-care-research-grants","status":"publish","type":"page","link":"https:\/\/bnssghealthiertogether.org.uk\/ro\/integrated-care-board\/research-and-evidence\/support-for-researchers\/contracting-for-national-institute-for-health-and-care-research-grants\/","title":{"rendered":"Contractarea granturilor Institutului Na\u021bional de Cercetare \u00een S\u0103n\u0103tate \u0219i Asisten\u021b\u0103 Social\u0103"},"content":{"rendered":"<div class=\"assembler_default-group assembler_module_group assembler_default-group_1 assembler_module_group_1\"><div class=\"assembler_module_area assembler_module_area_1\"><div class=\"assembler_text-module assembler_module assembler_text-module_1 assembler_module_1  transparent\"><a tabindex=\"-1\" title=\"Sec\u021biunea intitulat\u0103 modul-1\" id=\"module-1\" href=\"https:\/\/bnssghealthiertogether.org.uk\/ro\/wp-json\/wp\/v2\/pages\/32913\/#module-1\" class=\"anchor\"><span class=\"hidden\">Sec\u021biunea intitulat\u0103 modul-1<\/span><\/a><!-- Template found for text-module - Template: template-text - Matched: _only --><section class=\"w-full mx-auto max-w-content pt-12 sm:pt-24 pb-12 sm:pb-24\">\r\n  <div class=\"entry-content w-full !px-0 max-w-small\">\r\n        <h1>Contractarea granturilor Institutului Na\u021bional de Cercetare \u00een S\u0103n\u0103tate \u0219i Asisten\u021b\u0103 Social\u0103<\/h1>\n<p>Echipa de cercetare ICB a NHS Bristol, North Somerset \u0219i South Gloucestershire sprijin\u0103 cercet\u0103torii \u0219efi \u00een ceea ce prive\u0219te cererile de granturi ale Institutului Na\u021bional pentru Cercetare \u00een S\u0103n\u0103tate \u0219i Asisten\u021b\u0103 Social\u0103 (NIHR) \u00een ceea ce prive\u0219te finan\u021bele, proprietatea intelectual\u0103 \u0219i aspectele logistice ale cercet\u0103rii.<\/p>\n<p>Ne asigur\u0103m c\u0103 exist\u0103 contracte care acoper\u0103 toate aspectele la nivel juridic \u0219i organiza\u021bional.<\/p>\n<p>Punem un accent deosebit pe personalizarea contractului pentru a permite Investigatorului \u0218ef s\u0103 lucreze a\u0219a cum dore\u0219te \u0219i s\u0103 realizeze obiectivele cercet\u0103rii.<\/p>\n<p>Gestion\u0103m contractele dintre toate organiza\u021biile colaboratoare pentru cercetare, organiz\u0103m finan\u021barea \u0219i sus\u021binem rapoartele anuale \u0219i finale c\u0103tre NIHR.<\/p>\n<p>De asemenea, avem un rol \u00een facilitarea utiliz\u0103rii adecvate a oric\u0103ror constat\u0103ri.<\/p>\n<p>G\u0103zduim multe mari <a href=\"https:\/\/bnssghealthiertogether.org.uk\/ro\/integrated-care-board\/research-and-evidence\/our-research-portfolio\/\">Granturi NIHR<\/a> cu o valoare combinat\u0103 substan\u021bial\u0103. Suntem o gazd\u0103 contractual\u0103 cu experien\u021b\u0103 \u0219i bine preg\u0103tit\u0103 \u00een cei \u0219ase pa\u0219i:<\/p>\n<ul>\n<li><a href=\"https:\/\/bnssghealthiertogether.org.uk\/ro\/integrated-care-board\/research-and-evidence\/support-for-researchers\/grant-submissions-to-the-national-institute-for-health-and-care-research\/\">Sprijinirea cercet\u0103torilor cu cereri de granturi NIHR<\/a>;<\/li>\n<li>Semnarea \u0219i \u00eencheierea contractului pentru cercetare cu finan\u021batorul (Departamentul de S\u0103n\u0103tate \u0219i Asisten\u021b\u0103 Social\u0103);<\/li>\n<li>Stabilirea \u0219i semnarea subcontractelor (acordurilor de colaborare) cu organiza\u021biile care efectueaz\u0103 cercetarea \u2013 acestea pot fi universit\u0103\u021bi sau alte organisme NHS sau voluntare;<\/li>\n<li>Raportarea cheltuielilor c\u0103tre finan\u021bator;<\/li>\n<li>Asigurarea gestion\u0103rii eficiente a tuturor responsabilit\u0103\u021bilor legale \u0219i financiare;<\/li>\n<li>Asigurarea faptului c\u0103 acordurile privind proprietatea intelectual\u0103 sunt instituite \u00een mod eficient.<\/li>\n<\/ul>\n<h2>Contractarea granturilor NIHR: un proces \u00een dou\u0103 etape<\/h2>\n<p>Prima etap\u0103 este Acordul Principal, care este un contract \u00eentre noi \u0219i Departamentul de S\u0103n\u0103tate \u0219i Asisten\u021b\u0103 Social\u0103. Acesta transfer\u0103 toate finan\u021bele, responsabilit\u0103\u021bile legale \u0219i r\u0103spunderea pentru proiect de la Departamentul de S\u0103n\u0103tate \u0219i Asisten\u021b\u0103 Social\u0103 c\u0103tre noi.<\/p>\n<p>Ministerul S\u0103n\u0103t\u0103\u021bii \u0219i Asisten\u021bei Sociale utilizeaz\u0103 contracte standard care con\u021bin termeni destul de stricti, inclu\u0219i pentru a proteja cheltuirea banilor publici.<\/p>\n<p>Etapa a doua este un proces mai colaborativ. De exemplu, avem un membru al personalului care lucreaz\u0103 pentru NHS Bristol, North Somerset \u0219i South Gloucestershire ICB \u0219i Universitatea din Bristol, care va colabora cu Investigatorul \u0218ef pentru a crea un \u201cacord de colaborare\u201d.<\/p>\n<p>Acest acord \u00eendepline\u0219te toate condi\u021biile organizatorice \u0219i legale, dar garanteaz\u0103 \u0219i c\u0103 Investigatorul \u0218ef poate conduce proiectul a\u0219a cum dore\u0219te.<\/p>\n<p>Acest acord \u00eemparte responsabilit\u0103\u021bile care ne-au fost transferate cu toate celelalte organiza\u021bii colaboratoare implicate \u00een realizarea proiectului de cercetare.<\/p>\n<p>Acest acord de colaborare este apoi negociat \u0219i aprobat de toate organiza\u021biile care lucreaz\u0103 la cercetare, astfel \u00eenc\u00e2t to\u021bi s\u0103 lucr\u0103m \u00een baza unui singur contract.<\/p>\n<h2>Contacta\u021bi-ne<\/h2>\n<p>Dac\u0103 ave\u021bi \u00eentreb\u0103ri sau dori\u021bi asisten\u021b\u0103, v\u0103 rug\u0103m s\u0103 trimite\u021bi un e-mail echipei noastre de cercetare la adresa <a href=\"mailto:bnssg.research@nhs.net\">bnssg.research@nhs.net<\/a>.<\/p>\n  <\/div>\r\n  <\/section><\/div><!-- .assembler_text-module.assembler_module.assembler_text-module_1.assembler_module_1..transparent --><\/div><!-- .assembler_module_area.assembler_module_area_1 --><\/div><!-- .assembler_default-group.assembler_module_group.assembler_default-group_1.assembler_module_group_1  -->","protected":false},"excerpt":{"rendered":"<p>The ICB Research Team supports Chief Investigators with finances, intellectual property and logistical aspects of NIHR grant applications.<\/p>","protected":false},"author":1,"featured_media":0,"parent":32910,"menu_order":0,"comment_status":"closed","ping_status":"closed","template":"","meta":{"_acf_changed":false,"footnotes":""},"tags":[],"class_list":["post-32913","page","type-page","status-publish","hentry"],"acf":[],"_links":{"self":[{"href":"https:\/\/bnssghealthiertogether.org.uk\/ro\/wp-json\/wp\/v2\/pages\/32913","targetHints":{"allow":["GET"]}}],"collection":[{"href":"https:\/\/bnssghealthiertogether.org.uk\/ro\/wp-json\/wp\/v2\/pages"}],"about":[{"href":"https:\/\/bnssghealthiertogether.org.uk\/ro\/wp-json\/wp\/v2\/types\/page"}],"author":[{"embeddable":true,"href":"https:\/\/bnssghealthiertogether.org.uk\/ro\/wp-json\/wp\/v2\/users\/1"}],"replies":[{"embeddable":true,"href":"https:\/\/bnssghealthiertogether.org.uk\/ro\/wp-json\/wp\/v2\/comments?post=32913"}],"version-history":[{"count":5,"href":"https:\/\/bnssghealthiertogether.org.uk\/ro\/wp-json\/wp\/v2\/pages\/32913\/revisions"}],"predecessor-version":[{"id":37556,"href":"https:\/\/bnssghealthiertogether.org.uk\/ro\/wp-json\/wp\/v2\/pages\/32913\/revisions\/37556"}],"up":[{"embeddable":true,"href":"https:\/\/bnssghealthiertogether.org.uk\/ro\/wp-json\/wp\/v2\/pages\/32910"}],"wp:attachment":[{"href":"https:\/\/bnssghealthiertogether.org.uk\/ro\/wp-json\/wp\/v2\/media?parent=32913"}],"wp:term":[{"taxonomy":"post_tag","embeddable":true,"href":"https:\/\/bnssghealthiertogether.org.uk\/ro\/wp-json\/wp\/v2\/tags?post=32913"}],"curies":[{"name":"wp","href":"https:\/\/api.w.org\/{rel}","templated":true}]}}