{"id":32933,"date":"2024-10-17T13:43:16","date_gmt":"2024-10-17T12:43:16","guid":{"rendered":"https:\/\/bnssghealthiertogether.org.uk\/?page_id=32933"},"modified":"2025-02-03T11:25:28","modified_gmt":"2025-02-03T11:25:28","slug":"the-impact-accelerator-unit-iau","status":"publish","type":"page","link":"https:\/\/bnssghealthiertogether.org.uk\/ro\/integrated-care-board\/research-and-evidence\/the-impact-accelerator-unit-iau\/","title":{"rendered":"Unitatea Acceleratorului de Impact (IAU)"},"content":{"rendered":"<div class=\"assembler_default-group assembler_module_group assembler_default-group_1 assembler_module_group_1\"><div class=\"assembler_module_area assembler_module_area_1\"><div class=\"assembler_text-module assembler_module assembler_text-module_1 assembler_module_1  transparent\"><a tabindex=\"-1\" title=\"Sec\u021biunea intitulat\u0103 modul-1\" id=\"module-1\" href=\"https:\/\/bnssghealthiertogether.org.uk\/ro\/wp-json\/wp\/v2\/pages\/32933\/#module-1\" class=\"anchor\"><span class=\"hidden\">Sec\u021biunea intitulat\u0103 modul-1<\/span><\/a><!-- Template found for text-module - Template: template-text - Matched: _only --><section class=\"w-full mx-auto max-w-content pt-12 sm:pt-24 pb-3 sm:pb-6\">\r\n  <div class=\"entry-content w-full !px-0 max-w-small\">\r\n          <h1>\r\n        Unitatea Acceleratorului de Impact (IAU)      <\/h1>\r\n        <p>Exist\u0103 o colaborare str\u00e2ns\u0103 \u00eentre NHS Bristol, North Somerset \u0219i South Gloucestershire Integrated Care Board (ICB), Universitatea din Bristol \u0219i UWE Bristol.<\/p>\n<p>NHS Bristol, North Somerset \u0219i South Gloucestershire ICB ocup\u0103 primul loc printre ICB-urile din Anglia pentru activitatea noastr\u0103 de cercetare.<\/p>\n<p>Excel\u0103m \u00een coproducerea de cercet\u0103ri \u0219i ob\u021binerea de finan\u021bare de la Institutul Na\u021bional de Cercetare \u00een S\u0103n\u0103tate \u0219i \u00cengrijire pentru a crea dovezi, dar dorim s\u0103 facem mai mult \u00een ceea ce prive\u0219te adoptarea dovezilor \u00een furnizarea de servicii medicale \u0219i de \u00eengrijire. Aceasta este o provocare na\u021bional\u0103 care este esen\u021bial\u0103 de abordat.<\/p>\n<p>Unit\u0103\u021bile de Accelerare a Impactului (IAU) sunt servicii dedicate promov\u0103rii \u0219i disemin\u0103rii dovezilor.<\/p>\n<p>Ace\u0219tia folosesc abord\u0103ri bazate pe dovezi pentru mobilizarea cuno\u0219tin\u021belor, pentru a cre\u0219te probabilitatea de a pune dovezile \u00een practic\u0103 \u00eentr-un mod care s\u0103 genereze schimb\u0103ri semnificative \u0219i de lung\u0103 durat\u0103.<\/p>\n<p><strong>Referin\u021be:<\/strong><\/p>\n<p>R\u0103spunsul este 17 ani, care este \u00eentrebarea: \u00een\u021belegerea decalajelor de timp \u00een cercetarea transla\u021bional\u0103. Morris, Zo\u00eb Slote; Wooding, Steven; Grant, Jonathan.<br \/>\n\u00cen: Jurnalul Societ\u0103\u021bii Regale de Medicin\u0103, vol. 104, nr. 12, 12.2011, p. 510-520.<\/p>\n  <\/div>\r\n  <\/section><\/div><!-- .assembler_text-module.assembler_module.assembler_text-module_1.assembler_module_1..transparent --><div class=\"assembler_text-module assembler_module assembler_text-module_2 assembler_module_2  transparent\"><a tabindex=\"-1\" title=\"Sec\u021biunea intitulat\u0103 modul-2\" id=\"module-2\" href=\"https:\/\/bnssghealthiertogether.org.uk\/ro\/wp-json\/wp\/v2\/pages\/32933\/#module-2\" class=\"anchor\"><span class=\"hidden\">Sec\u021biunea intitulat\u0103 modul-2<\/span><\/a><!-- Template found for text-module - Template: template-text - Matched: _only --><section class=\"w-full mx-auto max-w-content pt-3 sm:pt-6 pb-3 sm:pb-6\">\r\n  <div class=\"entry-content w-full !px-0 max-w-small\">\r\n        <h2>Unitatea de Accelerare a Impactului din Bristol, North Somerset \u0219i South Gloucestershire: o abordare \u00een parteneriat<\/h2>\n<p>IAU din Bristol, North Somerset \u0219i South Gloucestershire reprezint\u0103 o abordare inovatoare pentru accelerarea impactului dovezilor.<\/p>\n<p>\u00cen primul r\u00e2nd, IAU nu este de\u021binut\u0103 de o singur\u0103 organiza\u021bie, ci este o colaborare \u00eentre Universitatea din Bristol, UWE Bristol \u0219i NHS.<\/p>\n<p>\u00cen al doilea r\u00e2nd, \u00een loc s\u0103 fie situat \u00eentr-o universitate, se afl\u0103 \u00een cadrul NHS Bristol, North Somerset \u0219i South Gloucestershire ICB, care este o parte integrant\u0103 a Sistemului local de \u00eengrijire integrat\u0103 NHS.<\/p>\n<p>Situarea IAU \u00een cadrul NHS permite utilizarea mai u\u0219oar\u0103 \u0219i mai eficient\u0103 a cuno\u0219tin\u021belor tacite, a re\u021belelor \u0219i a rela\u021biilor de \u00eencredere care pot fi valorificate pentru a pune dovezile \u00een practic\u0103.<\/p>\n<p>\u00cen conformitate cu principiul conform c\u0103ruia dovezile trebuie s\u0103 satisfac\u0103 nevoile sistemului de s\u0103n\u0103tate \u0219i \u00eengrijire pentru a fi utile, toate activit\u0103\u021bile noastre se desf\u0103\u0219oar\u0103 \u00een colaborare cu utilizatorii de dovezi.<\/p>\n<p>De\u0219i nu putem garanta adoptarea, IAU se asigur\u0103 c\u0103 dovezile sunt analizate de colegii ICB competen\u021bi de la NHS Bristol, North Somerset \u0219i South Gloucestershire pentru a determina adecvarea lor pentru implementare. \u00cen cazul \u00een care se consider\u0103 adecvat, colegii ICB ofer\u0103 asisten\u021b\u0103 \u00een procesul de implementare.<\/p>\n<p>\u00cen cazurile \u00een care dovezile nu sunt considerate adecvate pentru a fi implementate \u00een momentul de fa\u021b\u0103, IAU transmite justificarea echipei academice. Dovezile sunt p\u0103strate \u2018\u00een arhiv\u0103\u2019 pentru a fi revizuite ulterior.<\/p>\n<p>Toate proiectele g\u0103zduite de IAU beneficiaz\u0103 de acces la brokeri de cuno\u0219tin\u021be cu experien\u021b\u0103, perspective de la utilizatorii de dovezi \u0219i oportunit\u0103\u021bi de a prezenta lucr\u0103rile grupurilor din sistemul de s\u0103n\u0103tate \u0219i \u00eengrijire.<\/p>\n<h3>Video: Despre parteneriatul Unit\u0103\u021bii de Accelerare a Impactului din Bristol, North Somerset \u0219i South Gloucestershire<\/h3>\n<div class=\"embed_wrapper\"><iframe title=\"Parteneriatul Unit\u0103\u021bii de Accelerare a Impactului din Bristol, North Somerset \u0219i South Gloucestershire\" width=\"640\" height=\"360\" src=\"https:\/\/www.youtube.com\/embed\/joCYPSZM7QI?feature=oembed\" frameborder=\"0\" allow=\"accelerometer; autoplay; clipboard-write; encrypted-media; gyroscope; picture-in-picture; web-share\" referrerpolicy=\"strict-origin-when-cross-origin\" allowfullscreen><\/iframe><\/div>\n  <\/div>\r\n  <\/section><\/div><!-- .assembler_text-module.assembler_module.assembler_text-module_2.assembler_module_2..transparent --><div class=\"assembler_text-module assembler_module assembler_text-module_3 assembler_module_3  transparent\"><a tabindex=\"-1\" title=\"Sec\u021biunea intitulat\u0103 modul-3\" id=\"module-3\" href=\"https:\/\/bnssghealthiertogether.org.uk\/ro\/wp-json\/wp\/v2\/pages\/32933\/#module-3\" class=\"anchor\"><span class=\"hidden\">Sec\u021biunea intitulat\u0103 modul-3<\/span><\/a><!-- Template found for text-module - Template: template-text - Matched: _only --><section class=\"w-full mx-auto max-w-content pt-3 sm:pt-6 pb-12 sm:pb-24\">\r\n  <div class=\"entry-content w-full !px-0 max-w-small\">\r\n        <h2>Evaluare \u0219i raportare<\/h2>\n<p>IAU integreaz\u0103 evaluarea \u00een procesul s\u0103u. Aceasta produce rapoarte care pot ajuta universit\u0103\u021bile noastre partenere cu...<a href=\"https:\/\/2029.ref.ac.uk\/\" rel=\"noopener\"> Cadrul de cercetare excelent\u0103<\/a> studii de caz cu impact \u0219i asisten\u021b\u0103 <a href=\"https:\/\/researchfish.com\/\" rel=\"noopener\">Researchfish<\/a> propuneri pentru a demonstra impactul lor pozitiv asupra sectorului local de s\u0103n\u0103tate \u0219i \u00eengrijire.<\/p>\n<h2>Echipa noastr\u0103 IAU<\/h2>\n<p>Echipa principal\u0103 IAU din Bristol, North Somerset \u0219i South Gloucestershire este format\u0103 din:<\/p>\n<ul>\n<li>Directorul Asociat de Cercetare are rolul de a consilia \u0219i \u00eendruma cu privire la persoanele cu care s\u0103 interac\u021bioneze \u00een cadrul sistemului de s\u0103n\u0103tate \u0219i \u00eengrijire.<\/li>\n<li>Un profesor de mobilizare a cuno\u0219tin\u021belor care s\u0103 ofere consiliere \u0219i \u00eendrumare cu privire la modul de lucru cu utilizatorii de dovezi.<\/li>\n<li>Managerul IAU cre\u0219te vizibilitatea IAU \u00een cadrul comunit\u0103\u021bilor ICS \u0219i de cercetare, supravegheaz\u0103 toate activit\u0103\u021bile IAU \u0219i organizeaz\u0103 \u00eent\u00e2lniri, prezent\u0103ri \u0219i evalu\u0103ri.<\/li>\n<li>Managerii de proiect care preiau conducerea \u00een punerea \u00een practic\u0103 a rezultatelor specifice ale cercet\u0103rii. Ace\u0219tia colaboreaz\u0103 cu cercet\u0103torul \u00een acest scop.<\/li>\n<\/ul>\n<p>IAU colaboreaz\u0103 cu People in Health West of England pentru a se asigura c\u0103 pacien\u021bii \u0219i publicul sunt implica\u021bi \u00een utilizarea \u0219i diseminarea rezultatelor cercet\u0103rilor \u0219i \u00een modul \u00een care aceste rezultate pot fi utile \u00een diferite moduri pentru diferite comunit\u0103\u021bi.<\/p>\n<p>De la NHS Bristol, North Somerset \u0219i South Gloucestershire ICB, IAU colaboreaz\u0103 cu o gam\u0103 larg\u0103 de colegi, inclusiv:<\/p>\n<ul>\n<li>Echipa de optimizare a medicamentelor<\/li>\n<li>Direc\u021bia de Asisten\u021b\u0103 Medical\u0103 \u0219i Calitate<\/li>\n<li>Centrul de Transformare<\/li>\n<li>Clien\u021bi digitali<\/li>\n<li>Echipe de performan\u021b\u0103 \u0219i \u00eembun\u0103t\u0103\u021bire<\/li>\n<li>Echipa de dezvoltare a politicilor de punere \u00een func\u021biune<\/li>\n<li>Serviciu de asisten\u021b\u0103 pentru recomand\u0103ri<\/li>\n<\/ul>\n<p>IAU lucreaz\u0103, de asemenea, \u00een parteneriat cu <a href=\"https:\/\/www.healthinnowest.net\/\" rel=\"noopener\">Inova\u021bie \u00een s\u0103n\u0103tate \u00een vestul Angliei<\/a> pentru a ajuta la adoptarea rapid\u0103 a noilor metode de lucru.<\/p>\n<h2>Surse de finan\u021bare<\/h2>\n<p>IAU este finan\u021bat\u0103 printr-o combina\u021bie de surse, \u00eentr-un mod similar cu finan\u021barea altor func\u021bii de baz\u0103 care beneficiaz\u0103 proiecte de cercetare:<\/p>\n<ul>\n<li>Universitatea din Bristol: Contribu\u021bie anual\u0103<\/li>\n<li>UWE Bristol: Contribu\u021bie anual\u0103<\/li>\n<li>ICB NHS Bristol, North Somerset \u0219i South Gloucestershire: finan\u021bare pentru resursele de personal<\/li>\n<li>Venituri din granturi NIHR din cercet\u0103ri g\u0103zduite \u00een Bristol, North Somerset \u0219i South Gloucestershire:<br \/>\n\u2013 0-150.000 GBP = este pu\u021bin probabil s\u0103 fie nevoie\/utilizat\u0103 IAU. Cu toate acestea, dac\u0103 rezultatele acestei activit\u0103\u021bi aduc beneficii sistemului, IAU le va lua \u00een considerare pentru sprijin \u00een natur\u0103.<br \/>\n\u2013 150.000 \u00a3 - 350.000 \u00a3 = include\u021bi IAU \u00een bugetul de diseminare, costurile urm\u00e2nd s\u0103 fie confirmate cu echipa de cercetare ICB din NHS Bristol, North Somerset \u0219i South Gloucestershire \u00eenainte de orice depunere.<br \/>\n\u2013 350.000 GBP+ = 5%FTE NHS Band 8a pe toat\u0103 durata de via\u021b\u0103 a proiectului<\/li>\n<\/ul>\n<h2>De ce trebuie ca granturile de cercetare s\u0103 contribuie la costurile de func\u021bionare ale IAU?<\/h2>\n<p>NHS Bristol, North Somerset \u0219i South Gloucestershire ICB se angajeaz\u0103 s\u0103 \u00eembun\u0103t\u0103\u021beasc\u0103 s\u0103n\u0103tatea popula\u021biei noastre folosind dovezi.<\/p>\n<p>ICB-urile au obliga\u021bia legal\u0103 de a utiliza dovezi generate local, prin urmare, NHS Bristol, North Somerset \u0219i South Gloucestershire ICB ofer\u0103 finan\u021bare de baz\u0103 pentru activitatea IAU.<\/p>\n<p>Finan\u021barea din granturi de cercetare poate permite IAU s\u0103 fac\u0103 \u0219i mai mult, pun\u00e2nd un accent deosebit pe dovezile generate local. Toate p\u0103r\u021bile beneficiaz\u0103 de activitatea IAU:<\/p>\n<ul>\n<li>Cercet\u0103torii au o probabilitate mai mare de a avea un impact \u00een timp util.<\/li>\n<li>Universit\u0103\u021bile pot demonstra impactul \u0219i angajamentul lor fa\u021b\u0103 de \u00eembun\u0103t\u0103\u021birea s\u0103n\u0103t\u0103\u021bii regiunii lor.<\/li>\n<li>Finan\u021batorii pot demonstra impactul \u0219i valoarea investi\u021biei lor.<\/li>\n<\/ul>\n<h2>Fondul de finan\u021bare discre\u021bionar al IAU<\/h2>\n<p>Principala utilizare a fondurilor IAU este de a finan\u021ba echipa IAU de baz\u0103. Dac\u0103 exist\u0103 subutilizare, aceasta va fi pus\u0103 deoparte \u00eentr-un Fond de Finan\u021bare Discre\u021bionar al IAU pentru a sprijini implementarea \u0219i impactul rezultatelor cercet\u0103rii. De exemplu, aceasta ar putea fi utilizat\u0103 pentru:<\/p>\n<ol>\n<li>Aloca\u021bi timp suplimentar pentru ca personalul medical \u0219i de \u00eengrijire s\u0103 implementeze noi metode de lucru, cum ar fi sus\u021binerea de sesiuni de instruire sau actualizarea protocoalelor \u0219i politicilor.<\/li>\n<li>Realiza\u021bi pliante informative sau materiale de instruire.<\/li>\n<\/ol>\n<p>Este <strong>nu<\/strong> pentru cercet\u0103ri suplimentare sau pentru redactarea de lucr\u0103ri academice.<\/p>\n<p>Echipele de cercetare pot solicita finan\u021bare discre\u021bionar\u0103 suplimentar\u0103 sau echipa IAU o poate oferi discre\u021bionar, utiliz\u00e2nd urm\u0103toarele criterii:<\/p>\n<ul>\n<li>Rezultatele cercet\u0103rii sunt str\u00e2ns legate de priorit\u0103\u021bile cheie ale sistemului de s\u0103n\u0103tate \u0219i \u00eengrijire.<\/li>\n<li>Exist\u0103 lideri \u00een cadrul sistemului care sunt dornici s\u0103 implementeze concluziile, iar acest lucru este fezabil.<\/li>\n<li>Echipa de cercetare a universit\u0103\u021bii se angajeaz\u0103 s\u0103 sprijine implementarea rezultatelor.<\/li>\n<li>Planul de implementare nu va exacerba inegalit\u0103\u021bile \u00een domeniul s\u0103n\u0103t\u0103\u021bii.<\/li>\n<\/ul>\n<h2>Sprijinul IAU pentru studii de cercetare externe<\/h2>\n<p>Principala activitate a IAU este accelerarea impactului granturilor g\u0103zduite de Bristol, North Somerset \u0219i South Gloucestershire. Cu toate acestea, IAU va sprijini \u0219i alte studii \u00een cazul \u00een care:<\/p>\n<ul>\n<li>Suntem inclu\u0219i \u00een costurile finan\u021b\u0103rii \u0219i se \u00een\u021belege c\u0103 domeniul nostru principal de aplicare este implementarea \u0219i impactul \u00een Bristol, North Somerset \u0219i South Gloucestershire, deoarece aici avem influen\u021b\u0103. De exemplu, vom sprijini studii de cercetare \u00een domeniul asisten\u021bei medicale secundare sau studii de cercetare de la alte universit\u0103\u021bi, unde echipa de cercetare va lucra cu noi pentru a accelera impactul \u00een Bristol, North Somerset \u0219i South Gloucestershire.<\/li>\n<\/ul>\n<p>SAU<\/p>\n<ul>\n<li>Un studiu de cercetare nu a inclus costurile IAU, dar constat\u0103rile sunt de o relevan\u021b\u0103 semnificativ\u0103 pentru sistem \u0218I criteriile pentru Fondul de finan\u021bare discre\u021bionar\u0103 IAU sunt \u00eendeplinite \u0218I exist\u0103 o capacitate suficient\u0103 a echipei IAU pentru a oferi un sprijin superficial.<\/li>\n<\/ul>\n<h2>Cum se justific\u0103 costurile IAU pentru granturile NIHR<\/h2>\n<p>Urm\u0103torul rezumat poate fi utilizat \u00een cererile de grant NIHR:<\/p>\n<p>\u201cDiseminarea va fi sus\u021binut\u0103 de Unitatea de Accelerare a Impactului (IAU) din Bristol, North Somerset \u0219i South Gloucestershire. IAU este recunoscut\u0103 de Centrul de Implicare \u0219i Diseminare NIHR ca studiu de caz privind modul \u00een care un Consiliu de \u00cengrijire Integrat\u0103 (ICB) poate sprijini utilizarea dovezilor.\u201d.<\/p>\n<p>IAU din Bristol, North Somerset \u0219i South Gloucestershire este un parteneriat \u00eentre NHS Bristol, North Somerset \u0219i South Gloucestershire ICB, Universitatea din Bristol \u0219i UWE Bristol.<\/p>\n<p>Acesta pune \u00een comun expertiza existent\u0103 \u00een transferul de tehnologie din universit\u0103\u021bi cu speciali\u0219ti \u00een leadership clinic, transformare \u0219i \u00eembun\u0103t\u0103\u021birea serviciilor din cadrul Sistemului de \u00cengrijire Integrat\u0103. Aceasta include colaborarea cu <a href=\"https:\/\/www.healthinnowest.net\/\" rel=\"noopener\">Inova\u021bie \u00een s\u0103n\u0103tate \u00een vestul Angliei<\/a>.<\/p>\n<p>IAU din Bristol, North Somerset \u0219i South Gloucestershire este supravegheat\u0103 de un profesor de mobilizare a cuno\u0219tin\u021belor \u0219i utilizeaz\u0103 metode bazate pe dovezi pentru a crea schimb\u0103ri durabile \u00een sistemele de s\u0103n\u0103tate \u0219i \u00eengrijire.<\/p>\n<p>Acesta reune\u0219te colegi din sistemul de s\u0103n\u0103tate \u0219i \u00eengrijire pentru a lucra cu investigatorul \u0219ef pentru a concepe \u0219i a realiza \u00een comun un plan personalizat de diseminare \u0219i evaluare pentru a oferi dovezi ale impactului.\u201d<\/p>\n<h2>Poate IAU-ul nostru s\u0103 ajute la implementarea dovezilor \u00een practic\u0103 dincolo de Bristol, North Somerset \u0219i South Gloucestershire?<\/h2>\n<p>IAU pentru Bristol, North Somerset \u0219i South Gloucestershire este destinat\u0103 popula\u021biei din Bristol, North Somerset \u0219i South Gloucestershire \u0219i nu dispunem de resurse dedicate pentru a sprijini adoptarea dovezilor \u00een alte zone.<\/p>\n<p>Pe c\u00e2t posibil, vom:<\/p>\n<ul>\n<li>S\u0103 \u00eemp\u0103rt\u0103\u0219im resursele, know-how-ul \u0219i metodele noastre (open source) cu alte sisteme de s\u0103n\u0103tate \u0219i \u00eengrijire<\/li>\n<li>Colabora\u021bi cu Re\u021beaua Academic\u0103 de \u0218tiin\u021be ale S\u0103n\u0103t\u0103\u021bii (care va fi cunoscut\u0103 \u00een cur\u00e2nd sub numele de Re\u021beaua de Inovare \u00een S\u0103n\u0103tate), Centrul de Implicare \u0219i Diseminare NIHR \u0219i Colaborativul de Cercetare Aplicat\u0103 pentru a contribui la cre\u0219terea gradului de con\u0219tientizare \u0219i la partajarea cuno\u0219tin\u021belor.<\/li>\n<li>Sus\u021binerea utiliz\u0103rii dovezilor prin intermediul forumurilor de s\u0103n\u0103tate \u0219i \u00eengrijire, precum \u0219i al forumurilor na\u021bionale de cercetare \u0219i dezvoltare<\/li>\n<li>Dezvoltarea unei re\u021bele na\u021bionale de unit\u0103\u021bi care sprijin\u0103 mobilizarea cuno\u0219tin\u021belor \u0219i contribu\u021bia la re\u021belele existente de mobilizare a cuno\u0219tin\u021belor pentru a partaja \u0219i disemina dovezi eficiente.<\/li>\n<\/ul>\n<p>Contacta\u021bi echipa de cercetare ICB a NHS Bristol, North Somerset \u0219i South Gloucestershire dac\u0103 ave\u021bi \u00eentreb\u0103ri la <a href=\"mailto:bnssg.research@nhs.net\">bnssg.research@nhs.net<\/a>.<\/p>\n  <\/div>\r\n  <\/section><\/div><!-- .assembler_text-module.assembler_module.assembler_text-module_3.assembler_module_3..transparent --><\/div><!-- .assembler_module_area.assembler_module_area_1 --><\/div><!-- .assembler_default-group.assembler_module_group.assembler_default-group_1.assembler_module_group_1  -->","protected":false},"excerpt":{"rendered":"<p>Unit\u0103\u021bile de Accelerare a Impactului (IAU) sunt servicii dedicate promov\u0103rii \u0219i disemin\u0103rii dovezilor.<\/p>","protected":false},"author":1,"featured_media":0,"parent":12227,"menu_order":0,"comment_status":"closed","ping_status":"closed","template":"","meta":{"_acf_changed":false,"footnotes":""},"tags":[],"class_list":["post-32933","page","type-page","status-publish","hentry"],"acf":[],"_links":{"self":[{"href":"https:\/\/bnssghealthiertogether.org.uk\/ro\/wp-json\/wp\/v2\/pages\/32933","targetHints":{"allow":["GET"]}}],"collection":[{"href":"https:\/\/bnssghealthiertogether.org.uk\/ro\/wp-json\/wp\/v2\/pages"}],"about":[{"href":"https:\/\/bnssghealthiertogether.org.uk\/ro\/wp-json\/wp\/v2\/types\/page"}],"author":[{"embeddable":true,"href":"https:\/\/bnssghealthiertogether.org.uk\/ro\/wp-json\/wp\/v2\/users\/1"}],"replies":[{"embeddable":true,"href":"https:\/\/bnssghealthiertogether.org.uk\/ro\/wp-json\/wp\/v2\/comments?post=32933"}],"version-history":[{"count":8,"href":"https:\/\/bnssghealthiertogether.org.uk\/ro\/wp-json\/wp\/v2\/pages\/32933\/revisions"}],"predecessor-version":[{"id":36993,"href":"https:\/\/bnssghealthiertogether.org.uk\/ro\/wp-json\/wp\/v2\/pages\/32933\/revisions\/36993"}],"up":[{"embeddable":true,"href":"https:\/\/bnssghealthiertogether.org.uk\/ro\/wp-json\/wp\/v2\/pages\/12227"}],"wp:attachment":[{"href":"https:\/\/bnssghealthiertogether.org.uk\/ro\/wp-json\/wp\/v2\/media?parent=32933"}],"wp:term":[{"taxonomy":"post_tag","embeddable":true,"href":"https:\/\/bnssghealthiertogether.org.uk\/ro\/wp-json\/wp\/v2\/tags?post=32933"}],"curies":[{"name":"wp","href":"https:\/\/api.w.org\/{rel}","templated":true}]}}