{"id":33063,"date":"2024-10-24T13:57:21","date_gmt":"2024-10-24T12:57:21","guid":{"rendered":"https:\/\/bnssghealthiertogether.org.uk\/?page_id=33063"},"modified":"2025-01-17T15:02:28","modified_gmt":"2025-01-17T15:02:28","slug":"about-our-organisation-and-area","status":"publish","type":"page","link":"https:\/\/bnssghealthiertogether.org.uk\/ro\/integrated-care-board\/annual-review-2023-to-2024\/about-our-organisation-and-area\/","title":{"rendered":"Despre organiza\u021bia \u0219i zona noastr\u0103"},"content":{"rendered":"<div class=\"assembler_default-group assembler_module_group assembler_default-group_1 assembler_module_group_1\"><div class=\"assembler_module_area assembler_module_area_1\"><div class=\"assembler_table-of-contents-module assembler_module assembler_table-of-contents-module_1 assembler_module_1  transparent\"><a tabindex=\"-1\" title=\"Sec\u021biunea intitulat\u0103 modul-1\" id=\"module-1\" href=\"https:\/\/bnssghealthiertogether.org.uk\/ro\/wp-json\/wp\/v2\/pages\/33063\/#module-1\" class=\"anchor\"><span class=\"hidden\">Sec\u021biunea intitulat\u0103 modul-1<\/span><\/a><!-- Template found for table-of-contents-module - Template: template-table-of-contents - Matched: _only -->\r\n<section class=\"w-full mx-auto max-w-content border-b border-pale-grey pt-6 sm:pt-12 pb-6 sm:pb-12\">\r\n    <div class=\"entry-content w-full\">\r\n    <h1><span class=\"TextRun SCXW187760553 BCX8\" lang=\"EN-GB\" xml:lang=\"EN-GB\" data-contrast=\"none\"><span class=\"NormalTextRun CommentStart CommentHighlightPipeRestV2 CommentHighlightRest SCXW187760553 BCX8\" data-ccp-parastyle=\"heading 1\">Anual\u00a0<\/span><span class=\"NormalTextRun CommentHighlightRest SCXW187760553 BCX8\" data-ccp-parastyle=\"heading 1\">Recenzie 2023<\/span><span class=\"NormalTextRun CommentHighlightRest SCXW187760553 BCX8\" data-ccp-parastyle=\"heading 1\">\u00a0p\u00e2n\u0103 \u00een 2024<\/span><\/span><\/h1>\n<p>Cuprins<\/p>\n    <div class=\"navigation-list\">\r\n                    <ul>\r\n                      <li class=\"text-sm\">\r\n                              <a href=\"https:\/\/bnssghealthiertogether.org.uk\/ro\/integrated-care-board\/annual-review-2023-to-2024\/\" class=\"text-sm underline-offset-4 font-normal hover:!underline-4\">\r\n                                                                Raport anual 2023-2024                                <\/a>\r\n                          <\/li>\r\n                                <li class=\"text-sm\">\r\n                                                              Despre organiza\u021bia \u0219i zona noastr\u0103                            <\/li>\r\n                      <li class=\"text-sm\">\r\n                              <a href=\"https:\/\/bnssghealthiertogether.org.uk\/ro\/integrated-care-board\/annual-review-2023-to-2024\/how-we-spend-your-money\/\" class=\"text-sm underline-offset-4 font-normal hover:!underline-4\">\r\n                                                                Cum cheltuim banii dumneavoastr\u0103                                <\/a>\r\n                          <\/li>\r\n                      <li class=\"text-sm\">\r\n                              <a href=\"https:\/\/bnssghealthiertogether.org.uk\/ro\/integrated-care-board\/annual-review-2023-to-2024\/our-year-in-review-2023-to-2024\/\" class=\"text-sm underline-offset-4 font-normal hover:!underline-4\">\r\n                                                                Recapitulare a anului 2023-2024                                <\/a>\r\n                          <\/li>\r\n                  <\/ul>\r\n          <\/div>\r\n  <\/div>\r\n<\/section><\/div><!-- .assembler_table-of-contents-module.assembler_module.assembler_table-of-contents-module_1.assembler_module_1..transparent --><div class=\"assembler_text-module assembler_module assembler_text-module_2 assembler_module_2  transparent\"><a tabindex=\"-1\" title=\"Sec\u021biunea intitulat\u0103 modul-2\" id=\"module-2\" href=\"https:\/\/bnssghealthiertogether.org.uk\/ro\/wp-json\/wp\/v2\/pages\/33063\/#module-2\" class=\"anchor\"><span class=\"hidden\">Sec\u021biunea intitulat\u0103 modul-2<\/span><\/a><!-- Template found for text-module - Template: template-text - Matched: _only --><section class=\"w-full mx-auto max-w-content pt-3 sm:pt-6 pb-3 sm:pb-6\">\n      <div class=\"entry-content no-last\">\n      <h1>\n        Despre organiza\u021bia \u0219i zona noastr\u0103      <\/h1>\n    <\/div>\n    <div class=\"flex gap-11 md:grid md:grid-cols-2 flex-col\">\n    <div class=\"entry-content\">\n      <p>Consiliul de \u00cengrijire Integrat\u0103 din Bristol, North Somerset \u0219i South Gloucestershire este o organiza\u021bie NHS statutar\u0103, \u00eenfiin\u021bat\u0103 la 1 iulie 2022. Suntem responsabili de elaborarea planurilor pentru a satisface nevoile de s\u0103n\u0103tate ale popula\u021biei noastre, de gestionarea bugetului NHS \u0219i de aranjarea furniz\u0103rii de servicii de s\u0103n\u0103tate \u00een zona noastr\u0103.<\/p>\n<p>Ne propunem s\u0103:<\/p>\n<ul>\n<li>\u00cembun\u0103t\u0103\u021birea rezultatelor \u00een s\u0103n\u0103tatea popula\u021biei \u0219i a asisten\u021bei medicale<\/li>\n<li>Combaterea inegalit\u0103\u021bilor \u00een ceea ce prive\u0219te rezultatele, experien\u021ba \u0219i accesul<\/li>\n<li>Cre\u0219te\u021bi productivitatea \u0219i raportul calitate-pre\u021b<\/li>\n<li>Ajuta\u021bi NHS s\u0103 sprijine dezvoltarea social\u0103 \u0219i economic\u0103 mai ampl\u0103<\/li>\n<\/ul>\n<p>&nbsp;<\/p>\n<p><img decoding=\"async\" class=\"alignnone wp-image-27779 size-large\" src=\"https:\/\/bnssg.icb.nhs.uk\/wp-content\/uploads\/2024\/08\/locality-1024x726.jpg\" alt=\"\" width=\"1024\" height=\"726\" srcset=\"https:\/\/bnssghealthiertogether.org.uk\/wp-content\/uploads\/2024\/08\/locality-1024x726.jpg 1024w, https:\/\/bnssghealthiertogether.org.uk\/wp-content\/uploads\/2024\/08\/locality-300x213.jpg 300w, https:\/\/bnssghealthiertogether.org.uk\/wp-content\/uploads\/2024\/08\/locality-768x545.jpg 768w, https:\/\/bnssghealthiertogether.org.uk\/wp-content\/uploads\/2024\/08\/locality-1536x1090.jpg 1536w, https:\/\/bnssghealthiertogether.org.uk\/wp-content\/uploads\/2024\/08\/locality-2048x1453.jpg 2048w, https:\/\/bnssghealthiertogether.org.uk\/wp-content\/uploads\/2024\/08\/locality-1320x936.jpg 1320w\" sizes=\"(max-width: 1024px) 100vw, 1024px\" \/><\/p>\n    <\/div>\n    <div class=\"entry-content\">\n      <p><img decoding=\"async\" class=\"alignnone wp-image-27940 size-medium\" src=\"https:\/\/bnssg.icb.nhs.uk\/wp-content\/uploads\/2024\/09\/DSC07985-e1725360576677-300x173.jpg\" alt=\"\" width=\"600\" height=\"346\" srcset=\"https:\/\/bnssghealthiertogether.org.uk\/wp-content\/uploads\/2024\/09\/DSC07985-e1725360576677-300x173.jpg 300w, https:\/\/bnssghealthiertogether.org.uk\/wp-content\/uploads\/2024\/09\/DSC07985-e1725360576677-1024x591.jpg 1024w, https:\/\/bnssghealthiertogether.org.uk\/wp-content\/uploads\/2024\/09\/DSC07985-e1725360576677-768x443.jpg 768w, https:\/\/bnssghealthiertogether.org.uk\/wp-content\/uploads\/2024\/09\/DSC07985-e1725360576677-1536x886.jpg 1536w, https:\/\/bnssghealthiertogether.org.uk\/wp-content\/uploads\/2024\/09\/DSC07985-e1725360576677-2048x1181.jpg 2048w, https:\/\/bnssghealthiertogether.org.uk\/wp-content\/uploads\/2024\/09\/DSC07985-e1725360576677-1320x761.jpg 1320w\" sizes=\"(max-width: 600px) 100vw, 600px\" \/><\/p>\n<p>&nbsp;<\/p>\n<p>Parteneriatele noastre locale lucreaz\u0103 m\u00e2n\u0103 \u00een m\u00e2n\u0103 cu locuitorii locali \u0219i cu partenerii din sectorul voluntar \u0219i comunitar pentru a identifica \u0219i aborda priorit\u0103\u021bile locale pe baza nevoilor fiec\u0103rei comunit\u0103\u021bi.<\/p>\n<p>Cele \u0219ase parteneriate locale sunt:<\/p>\n<ul>\n<li>Gloucestershire de Sud<\/li>\n<li>Nordul \u0219i Vestul Bristolului<\/li>\n<li>Centrul ora\u0219ului \u0219i estul ora\u0219ului Bristol<\/li>\n<li>Bristolul de Sud<\/li>\n<li>Woodspring<\/li>\n<li>Weston, Worle \u0219i sate<\/li>\n<\/ul>\n    <\/div>\n      <\/div>\n<\/section><\/div><!-- .assembler_text-module.assembler_module.assembler_text-module_2.assembler_module_2..transparent --><div class=\"assembler_text-module assembler_module assembler_text-module_3 assembler_module_3  transparent\"><a tabindex=\"-1\" title=\"Sec\u021biunea intitulat\u0103 modul-3\" id=\"module-3\" href=\"https:\/\/bnssghealthiertogether.org.uk\/ro\/wp-json\/wp\/v2\/pages\/33063\/#module-3\" class=\"anchor\"><span class=\"hidden\">Sec\u021biunea intitulat\u0103 modul-3<\/span><\/a><!-- Template found for text-module - Template: template-text - Matched: _only --><section class=\"w-full mx-auto max-w-content pt-3 sm:pt-6 pb-3 sm:pb-6\">\r\n  <div class=\"entry-content w-full !px-0 max-w-small\">\r\n        <p>Facem parte din Sistemul local de \u00eengrijire integrat\u0103, cunoscut sub numele de \u00cempreun\u0103, mai s\u0103n\u0103tos. Prin intermediul acestui parteneriat, colabor\u0103m \u00eendeaproape cu alte organiza\u021bii NHS, consilii locale \u0219i sectorul voluntar \u0219i comunitar pentru a ajuta oamenii s\u0103 r\u0103m\u00e2n\u0103 ferici\u021bi, s\u0103n\u0103to\u0219i \u0219i bine pentru mai mult timp.<\/p>\n<p>Curiozit\u0103\u021bi despre zona noastr\u0103:<\/p>\n<ul>\n<li>1 milion de oameni<\/li>\n<li>161,3 milioane de persoane care locuiesc \u00een Bristol provin din grupuri etnice de culoare \u0219i minoritare<\/li>\n<li>Num\u0103rul persoanelor cu v\u00e2rste cuprinse \u00eentre 15 \u0219i 24 de ani \u0219i peste 60 de ani este \u00een cre\u0219tere<\/li>\n<li>1 din 10 persoane locuie\u0219te \u00eentr-o zon\u0103 defavorizat\u0103<\/li>\n<li>Exist\u0103 o diferen\u021b\u0103 de p\u00e2n\u0103 la 15 ani \u00een speran\u021ba de via\u021b\u0103 \u00eentre cei care tr\u0103iesc \u00een comunit\u0103\u021bile cele mai defavorizate \u0219i cele mai pu\u021bin defavorizate.<\/li>\n<\/ul>\n  <\/div>\r\n  <\/section><\/div><!-- .assembler_text-module.assembler_module.assembler_text-module_3.assembler_module_3..transparent --><div class=\"assembler_text-module assembler_module assembler_text-module_4 assembler_module_4  transparent\"><a tabindex=\"-1\" title=\"Sec\u021biunea intitulat\u0103 modul-4\" id=\"module-4\" href=\"https:\/\/bnssghealthiertogether.org.uk\/ro\/wp-json\/wp\/v2\/pages\/33063\/#module-4\" class=\"anchor\"><span class=\"hidden\">Sec\u021biunea intitulat\u0103 modul-4<\/span><\/a><!-- Template found for text-module - Template: template-text - Matched: _only --><section class=\"w-full mx-auto max-w-content pt-3 sm:pt-6 pb-3 sm:pb-6\">\r\n  <div class=\"entry-content w-full !px-0 max-w-small\">\r\n        <p><img decoding=\"async\" class=\"alignnone wp-image-27876 size-large\" src=\"https:\/\/bnssg.icb.nhs.uk\/wp-content\/uploads\/2024\/09\/GRAPHIC-1024x469.jpg\" alt=\"\" width=\"1024\" height=\"469\" srcset=\"https:\/\/bnssghealthiertogether.org.uk\/wp-content\/uploads\/2024\/09\/GRAPHIC-1024x469.jpg 1024w, https:\/\/bnssghealthiertogether.org.uk\/wp-content\/uploads\/2024\/09\/GRAPHIC-300x138.jpg 300w, https:\/\/bnssghealthiertogether.org.uk\/wp-content\/uploads\/2024\/09\/GRAPHIC-768x352.jpg 768w, https:\/\/bnssghealthiertogether.org.uk\/wp-content\/uploads\/2024\/09\/GRAPHIC-1536x704.jpg 1536w, https:\/\/bnssghealthiertogether.org.uk\/wp-content\/uploads\/2024\/09\/GRAPHIC-2048x939.jpg 2048w, https:\/\/bnssghealthiertogether.org.uk\/wp-content\/uploads\/2024\/09\/GRAPHIC-1320x605.jpg 1320w\" sizes=\"(max-width: 1024px) 100vw, 1024px\" \/><\/p>\n  <\/div>\r\n  <\/section><\/div><!-- .assembler_text-module.assembler_module.assembler_text-module_4.assembler_module_4..transparent --><\/div><!-- .assembler_module_area.assembler_module_area_1 --><\/div><!-- .assembler_default-group.assembler_module_group.assembler_default-group_1.assembler_module_group_1  -->","protected":false},"excerpt":{"rendered":"<p>Section titled module-1 Annual\u00a0Review 2023\u00a0to 2024 Contents Annual Review 2023 to 2024 About our organisation and area How we spend your money Our year in review 2023 to 2024 Section titled module-2 About our organisation and area Bristol, North Somerset and South Gloucestershire Integrated Care Board is a statutory NHS organisation that was established on [&hellip;]<\/p>\n","protected":false},"author":1,"featured_media":0,"parent":33059,"menu_order":0,"comment_status":"closed","ping_status":"closed","template":"","meta":{"_acf_changed":false,"footnotes":""},"tags":[],"class_list":["post-33063","page","type-page","status-publish","hentry"],"acf":[],"_links":{"self":[{"href":"https:\/\/bnssghealthiertogether.org.uk\/ro\/wp-json\/wp\/v2\/pages\/33063","targetHints":{"allow":["GET"]}}],"collection":[{"href":"https:\/\/bnssghealthiertogether.org.uk\/ro\/wp-json\/wp\/v2\/pages"}],"about":[{"href":"https:\/\/bnssghealthiertogether.org.uk\/ro\/wp-json\/wp\/v2\/types\/page"}],"author":[{"embeddable":true,"href":"https:\/\/bnssghealthiertogether.org.uk\/ro\/wp-json\/wp\/v2\/users\/1"}],"replies":[{"embeddable":true,"href":"https:\/\/bnssghealthiertogether.org.uk\/ro\/wp-json\/wp\/v2\/comments?post=33063"}],"version-history":[{"count":6,"href":"https:\/\/bnssghealthiertogether.org.uk\/ro\/wp-json\/wp\/v2\/pages\/33063\/revisions"}],"predecessor-version":[{"id":36206,"href":"https:\/\/bnssghealthiertogether.org.uk\/ro\/wp-json\/wp\/v2\/pages\/33063\/revisions\/36206"}],"up":[{"embeddable":true,"href":"https:\/\/bnssghealthiertogether.org.uk\/ro\/wp-json\/wp\/v2\/pages\/33059"}],"wp:attachment":[{"href":"https:\/\/bnssghealthiertogether.org.uk\/ro\/wp-json\/wp\/v2\/media?parent=33063"}],"wp:term":[{"taxonomy":"post_tag","embeddable":true,"href":"https:\/\/bnssghealthiertogether.org.uk\/ro\/wp-json\/wp\/v2\/tags?post=33063"}],"curies":[{"name":"wp","href":"https:\/\/api.w.org\/{rel}","templated":true}]}}