{"id":33066,"date":"2025-01-17T14:46:53","date_gmt":"2025-01-17T14:46:53","guid":{"rendered":"https:\/\/bnssghealthiertogether.org.uk\/?page_id=33066"},"modified":"2025-02-04T10:09:10","modified_gmt":"2025-02-04T10:09:10","slug":"how-we-spend-your-money","status":"publish","type":"page","link":"https:\/\/bnssghealthiertogether.org.uk\/ro\/integrated-care-board\/annual-review-2023-to-2024\/how-we-spend-your-money\/","title":{"rendered":"Cum cheltuim banii dumneavoastr\u0103"},"content":{"rendered":"<div class=\"assembler_default-group assembler_module_group assembler_default-group_1 assembler_module_group_1\"><div class=\"assembler_module_area assembler_module_area_1\"><div class=\"assembler_table-of-contents-module assembler_module assembler_table-of-contents-module_1 assembler_module_1  transparent\"><a tabindex=\"-1\" title=\"Sec\u021biunea intitulat\u0103 modul-1\" id=\"module-1\" href=\"https:\/\/bnssghealthiertogether.org.uk\/ro\/wp-json\/wp\/v2\/pages\/33066\/#module-1\" class=\"anchor\"><span class=\"hidden\">Sec\u021biunea intitulat\u0103 modul-1<\/span><\/a><!-- Template found for table-of-contents-module - Template: template-table-of-contents - Matched: _only -->\r\n<section class=\"w-full mx-auto max-w-content border-b border-pale-grey pt-6 sm:pt-12 pb-3 sm:pb-6\">\r\n    <div class=\"entry-content w-full\">\r\n    <h1>Raport anual 2023-2024<\/h1>\n<p>Cuprins<\/p>\n    <div class=\"navigation-list\">\r\n                    <ul>\r\n                      <li class=\"text-sm\">\r\n                              <a href=\"https:\/\/bnssghealthiertogether.org.uk\/ro\/integrated-care-board\/annual-review-2023-to-2024\/\" class=\"text-sm underline-offset-4 font-normal hover:!underline-4\">\r\n                                                                Raport anual 2023-2024                                <\/a>\r\n                          <\/li>\r\n                                <li class=\"text-sm\">\r\n                              <a href=\"https:\/\/bnssghealthiertogether.org.uk\/ro\/integrated-care-board\/annual-review-2023-to-2024\/about-our-organisation-and-area\/\" class=\"text-sm underline-offset-4 font-normal hover:!underline-4\">\r\n                                                                Despre organiza\u021bia \u0219i zona noastr\u0103                                <\/a>\r\n                          <\/li>\r\n                      <li class=\"text-sm\">\r\n                                                              Cum cheltuim banii dumneavoastr\u0103                            <\/li>\r\n                      <li class=\"text-sm\">\r\n                              <a href=\"https:\/\/bnssghealthiertogether.org.uk\/ro\/integrated-care-board\/annual-review-2023-to-2024\/our-year-in-review-2023-to-2024\/\" class=\"text-sm underline-offset-4 font-normal hover:!underline-4\">\r\n                                                                Recapitulare a anului 2023-2024                                <\/a>\r\n                          <\/li>\r\n                  <\/ul>\r\n          <\/div>\r\n  <\/div>\r\n<\/section><\/div><!-- .assembler_table-of-contents-module.assembler_module.assembler_table-of-contents-module_1.assembler_module_1..transparent --><div class=\"assembler_text-module assembler_module assembler_text-module_2 assembler_module_2  transparent\"><a tabindex=\"-1\" title=\"Sec\u021biunea intitulat\u0103 modul-2\" id=\"module-2\" href=\"https:\/\/bnssghealthiertogether.org.uk\/ro\/wp-json\/wp\/v2\/pages\/33066\/#module-2\" class=\"anchor\"><span class=\"hidden\">Sec\u021biunea intitulat\u0103 modul-2<\/span><\/a><!-- Template found for text-module - Template: template-text - Matched: _only --><section class=\"w-full mx-auto max-w-content pt-3 sm:pt-6 pb-3 sm:pb-6\">\n      <div class=\"entry-content no-last\">\n      <h1>\n        Cum cheltuim banii dumneavoastr\u0103      <\/h1>\n    <\/div>\n    <div class=\"flex gap-11 md:grid md:grid-cols-2 flex-col\">\n    <div class=\"entry-content\">\n      <p>&nbsp;<\/p>\n<p>Bugetul nostru anual este elaborat \u0219i convenit cu NHS England \u0219i partenerii no\u0219tri din Sistemul de \u00cengrijire Integrat\u0103.<\/p>\n<p>\u00cen total, am cheltuit 2,17 miliarde de lire sterline pentru s\u0103n\u0103tatea \u0219i bun\u0103starea comunit\u0103\u021bilor pe care le deservim \u00een perioada 2023-2024.<\/p>\n<p>Cea mai mare parte din bugetul nostru este cheltuit\u0103 pe servicii spitalice\u0219ti de afec\u021biuni acute, restul fiind distribuit \u00eentre servicii comunitare, s\u0103n\u0103tate mintal\u0103, asisten\u021b\u0103 medical\u0103 primar\u0103, gestionarea medicamentelor \u0219i \u00eengrijire finan\u021bat\u0103.<\/p>\n<p>&nbsp;<\/p>\n<h2 style=\"text-align: right;\"><\/h2>\n<p>&nbsp;<\/p>\n<h2><\/h2>\n<p>&nbsp;<\/p>\n<h2 style=\"text-align: right;\"><strong>Defalcarea cheltuielilor din perioada 2023-2024<\/strong><\/h2>\n<p style=\"text-align: right;\"><img decoding=\"async\" class=\"alignright wp-image-27998 size-medium\" src=\"https:\/\/bnssghealthiertogether.org.uk\/wp-content\/uploads\/2024\/09\/Pie-chart-300x300.jpg\" alt=\"\" width=\"600\" height=\"600\" srcset=\"https:\/\/bnssghealthiertogether.org.uk\/wp-content\/uploads\/2024\/09\/Pie-chart-300x300.jpg 300w, https:\/\/bnssghealthiertogether.org.uk\/wp-content\/uploads\/2024\/09\/Pie-chart-1024x1024.jpg 1024w, https:\/\/bnssghealthiertogether.org.uk\/wp-content\/uploads\/2024\/09\/Pie-chart-150x150.jpg 150w, https:\/\/bnssghealthiertogether.org.uk\/wp-content\/uploads\/2024\/09\/Pie-chart-768x768.jpg 768w, https:\/\/bnssghealthiertogether.org.uk\/wp-content\/uploads\/2024\/09\/Pie-chart-1536x1536.jpg 1536w, https:\/\/bnssghealthiertogether.org.uk\/wp-content\/uploads\/2024\/09\/Pie-chart-1320x1320.jpg 1320w, https:\/\/bnssghealthiertogether.org.uk\/wp-content\/uploads\/2024\/09\/Pie-chart.jpg 1900w\" sizes=\"(max-width: 600px) 100vw, 600px\" \/><\/p>\n    <\/div>\n    <div class=\"entry-content\">\n      <p><img decoding=\"async\" class=\"alignnone wp-image-35404 size-large\" src=\"https:\/\/bnssghealthiertogether.org.uk\/wp-content\/uploads\/2024\/12\/DSC08109-scaled-1-1024x683.jpg\" alt=\"\" width=\"1024\" height=\"683\" srcset=\"https:\/\/bnssghealthiertogether.org.uk\/wp-content\/uploads\/2024\/12\/DSC08109-scaled-1-1024x683.jpg 1024w, https:\/\/bnssghealthiertogether.org.uk\/wp-content\/uploads\/2024\/12\/DSC08109-scaled-1-300x200.jpg 300w, https:\/\/bnssghealthiertogether.org.uk\/wp-content\/uploads\/2024\/12\/DSC08109-scaled-1-768x512.jpg 768w, https:\/\/bnssghealthiertogether.org.uk\/wp-content\/uploads\/2024\/12\/DSC08109-scaled-1-1536x1024.jpg 1536w, https:\/\/bnssghealthiertogether.org.uk\/wp-content\/uploads\/2024\/12\/DSC08109-scaled-1-2048x1366.jpg 2048w, https:\/\/bnssghealthiertogether.org.uk\/wp-content\/uploads\/2024\/12\/DSC08109-scaled-1-1320x880.jpg 1320w\" sizes=\"(max-width: 1024px) 100vw, 1024px\" \/><\/p>\n<p>&nbsp;<\/p>\n<p>&nbsp;<\/p>\n<p>&nbsp;<\/p>\n<p>&nbsp;<\/p>\n<ul>\n<li style=\"text-align: left;\">Spitale de acutizare 51%<\/li>\n<li style=\"text-align: left;\">Asisten\u021ba medical\u0103 primar\u0103, inclusiv<br \/>\nfarmacie, optometrie<br \/>\n\u0219i stomatologie 14%<\/li>\n<li style=\"text-align: left;\">Comunitate, inclusiv servicii pentru copii<br \/>\n11%<\/li>\n<li style=\"text-align: left;\">S\u0103n\u0103tate mintal\u0103 11%<\/li>\n<li style=\"text-align: left;\">Medicamente<br \/>\nmanagement 7%<\/li>\n<li style=\"text-align: left;\">\u00cengrijire finan\u021bat\u0103 5%<\/li>\n<li style=\"text-align: left;\">Costuri de func\u021bionare 1%<\/li>\n<\/ul>\n    <\/div>\n      <\/div>\n<\/section><\/div><!-- .assembler_text-module.assembler_module.assembler_text-module_2.assembler_module_2..transparent --><div class=\"assembler_text-module assembler_module assembler_text-module_3 assembler_module_3  transparent\"><a tabindex=\"-1\" title=\"Sec\u021biunea intitulat\u0103 modul-3\" id=\"module-3\" href=\"https:\/\/bnssghealthiertogether.org.uk\/ro\/wp-json\/wp\/v2\/pages\/33066\/#module-3\" class=\"anchor\"><span class=\"hidden\">Sec\u021biunea intitulat\u0103 modul-3<\/span><\/a><!-- Template found for text-module - Template: template-text - Matched: _only --><section class=\"w-full mx-auto max-w-content pt-3 sm:pt-6 pb-12 sm:pb-24\">\r\n  <div class=\"entry-content w-full !px-0 max-w-small\">\r\n        <p><span data-contrast=\"auto\">Priorit\u0103\u021bile noastre financiare pentru anul respectiv au inclus continuarea recuper\u0103rii serviciilor de baz\u0103 \u00een urma pandemiei. De asemenea, ne-am asumat responsabilitatea pentru punerea \u00een func\u021biune a serviciilor farmaceutice, de optometrie \u0219i stomatologice \u0219i am comandat servicii noi cu ajutorul nostru. <\/span><span data-contrast=\"none\">Parteneri din domeniul voluntariatului, comunit\u0103\u021bii \u0219i al \u00eentreprinderilor sociale (VCSE) \u0219i parteneriate locale.<\/span><span data-ccp-props=\"{&quot;201341983&quot;:0,&quot;335559739&quot;:160,&quot;335559740&quot;:259}\">\u00a0<\/span><\/p>\n<p><span data-contrast=\"auto\">Am fost \u00eenc\u00e2nta\u021bi c\u0103 ne-am \u00eendeplinit toate atribu\u021biile financiare principale pentru anul respectiv. Ne-am atins obiectivele de performan\u021b\u0103 \u0219i am \u00eencheiat anul \u00eentr-o pozi\u021bie sustenabil\u0103 pe care s\u0103 ne baz\u0103m pentru perioada 2024-2025.<\/span><\/p>\n  <\/div>\r\n  <\/section><\/div><!-- .assembler_text-module.assembler_module.assembler_text-module_3.assembler_module_3..transparent --><\/div><!-- .assembler_module_area.assembler_module_area_1 --><\/div><!-- .assembler_default-group.assembler_module_group.assembler_default-group_1.assembler_module_group_1  -->","protected":false},"excerpt":{"rendered":"<p>Bugetul nostru anual este elaborat \u0219i convenit cu NHS England \u0219i partenerii no\u0219tri din Sistemul de \u00cengrijire Integrat\u0103.<\/p>","protected":false},"author":1,"featured_media":0,"parent":33059,"menu_order":0,"comment_status":"closed","ping_status":"closed","template":"","meta":{"_acf_changed":false,"footnotes":""},"tags":[],"class_list":["post-33066","page","type-page","status-publish","hentry"],"acf":[],"_links":{"self":[{"href":"https:\/\/bnssghealthiertogether.org.uk\/ro\/wp-json\/wp\/v2\/pages\/33066","targetHints":{"allow":["GET"]}}],"collection":[{"href":"https:\/\/bnssghealthiertogether.org.uk\/ro\/wp-json\/wp\/v2\/pages"}],"about":[{"href":"https:\/\/bnssghealthiertogether.org.uk\/ro\/wp-json\/wp\/v2\/types\/page"}],"author":[{"embeddable":true,"href":"https:\/\/bnssghealthiertogether.org.uk\/ro\/wp-json\/wp\/v2\/users\/1"}],"replies":[{"embeddable":true,"href":"https:\/\/bnssghealthiertogether.org.uk\/ro\/wp-json\/wp\/v2\/comments?post=33066"}],"version-history":[{"count":4,"href":"https:\/\/bnssghealthiertogether.org.uk\/ro\/wp-json\/wp\/v2\/pages\/33066\/revisions"}],"predecessor-version":[{"id":37108,"href":"https:\/\/bnssghealthiertogether.org.uk\/ro\/wp-json\/wp\/v2\/pages\/33066\/revisions\/37108"}],"up":[{"embeddable":true,"href":"https:\/\/bnssghealthiertogether.org.uk\/ro\/wp-json\/wp\/v2\/pages\/33059"}],"wp:attachment":[{"href":"https:\/\/bnssghealthiertogether.org.uk\/ro\/wp-json\/wp\/v2\/media?parent=33066"}],"wp:term":[{"taxonomy":"post_tag","embeddable":true,"href":"https:\/\/bnssghealthiertogether.org.uk\/ro\/wp-json\/wp\/v2\/tags?post=33066"}],"curies":[{"name":"wp","href":"https:\/\/api.w.org\/{rel}","templated":true}]}}