{"id":33231,"date":"2024-11-01T16:06:18","date_gmt":"2024-11-01T16:06:18","guid":{"rendered":"https:\/\/bnssghealthiertogether.org.uk\/?page_id=33231"},"modified":"2025-01-16T22:24:48","modified_gmt":"2025-01-16T22:24:48","slug":"proactive-hepatitis-c-reinfection-optimising-surveillance-for-detection-and-prevention","status":"publish","type":"page","link":"https:\/\/bnssghealthiertogether.org.uk\/ro\/integrated-care-board\/research-and-evidence\/our-research-portfolio\/nihr-funded-projects\/proactive-hepatitis-c-reinfection-optimising-surveillance-for-detection-and-prevention\/","title":{"rendered":"PROACTIV: Reinfectarea cu hepatita C: Optimizarea supravegherii pentru detectare \u0219i prevenire"},"content":{"rendered":"<div class=\"assembler_default-group assembler_module_group assembler_default-group_1 assembler_module_group_1\"><div class=\"assembler_module_area assembler_module_area_1\"><div class=\"assembler_text-module assembler_module assembler_text-module_1 assembler_module_1  transparent\"><a tabindex=\"-1\" title=\"Sec\u021biunea intitulat\u0103 modul-1\" id=\"module-1\" href=\"https:\/\/bnssghealthiertogether.org.uk\/ro\/wp-json\/wp\/v2\/pages\/33231\/#module-1\" class=\"anchor\"><span class=\"hidden\">Sec\u021biunea intitulat\u0103 modul-1<\/span><\/a><!-- Template found for text-module - Template: template-text - Matched: _only --><section class=\"w-full mx-auto max-w-content pt-12 sm:pt-24 pb-12 sm:pb-24\">\r\n  <div class=\"entry-content w-full !px-0 max-w-small\">\r\n        <h1>PROACTIV: Reinfectarea cu hepatita C: Optimizarea supravegherii pentru detectare \u0219i prevenire<\/h1>\n<h2>Finan\u021bare<\/h2>\n<p>Institutul Na\u021bional pentru Cercetare \u00een S\u0103n\u0103tate \u0219i \u00cengrijire (NIHR), Grant pentru Dezvoltarea Programelor (PDG) Ref. NIHR207646<\/p>\n<h2>Care este \u00eentrebarea de cercetare?<\/h2>\n<p>Care sunt barierele \u00een calea test\u0103rii ulterioare pentru hepatita C \u0219i cum pot persoanele care \u00ee\u0219i injecteaz\u0103 droguri s\u0103 reduc\u0103 riscul de reinfectare?<\/p>\n<h2>Care este problema?<\/h2>\n<p>Virusul hepatitei C afecteaz\u0103 ficatul \u0219i, f\u0103r\u0103 tratament, infec\u021bia pe termen lung cu hepatita C poate provoca leziuni hepatice, cancer \u0219i deces prematur. Cu toate acestea, tratamentele pot vindeca infec\u021bia cu hepatita C rapid \u0219i eficient. Din acest motiv, Organiza\u021bia Mondial\u0103 a S\u0103n\u0103t\u0103\u021bii \u0219i-a stabilit obiectivul de combatere a hepatitei C p\u00e2n\u0103 \u00een 2030.<\/p>\n<p>Persoanele care \u00ee\u0219i injecteaz\u0103 droguri reprezint\u0103 principalul grup de persoane din Regatul Unit care se infecteaz\u0103 cu hepatita C \u0219i se reinfecteaz\u0103.<\/p>\n<p>\u00cen cercet\u0103rile anterioare efectuate \u00een 2017, testarea \u0219i tratamentul hepatitei C pentru persoanele care \u00ee\u0219i injecteaz\u0103 droguri au fost extinse rapid \u0219i\u00a0<a href=\"https:\/\/bnssg.icb.nhs.uk\/about-us\/research-and-evidence\/our-research-portfolio\/nihr-funded-projects\/epitope-evaluating-the-population-impact-of-hepatitis-c-direct-acting-antiviral-treatment-as-prevention-for-people-who-inject-drugs\/\" rel=\"noopener\">cercetarea noastr\u0103<\/a>\u00a0a demonstrat c\u0103 acest lucru a fost extrem de eficient \u00een reducerea infec\u021biilor cu hepatita C.<\/p>\n<p>Totu\u0219i, pentru a men\u021bine infec\u021biile cu hepatita C la un nivel sc\u0103zut, trebuie s\u0103 prevenim reinfec\u021biile viitoare \u0219i s\u0103 detect\u0103m \u0219i s\u0103 trat\u0103m rapid reinfec\u021bia. Ghidul recomand\u0103 ca persoanele care au fost tratate pentru hepatita C s\u0103 fie testate o dat\u0103 pe an pentru a verifica dac\u0103 exist\u0103 reinfec\u021bie. Cu toate acestea, cercet\u0103rile noastre sugereaz\u0103 c\u0103 aceast\u0103 monitorizare are loc rar.<\/p>\n<h2>Care este scopul cercet\u0103rii?<\/h2>\n<p>Exist\u0103 trei obiective ale acestui studiu:<\/p>\n<ol>\n<li>Pentru a afla ce ajut\u0103 \u0219i ce \u00eempiedic\u0103 efectuarea testelor ulterioare.<\/li>\n<li>Pentru a afla ce informa\u021bii sunt colectate atunci c\u00e2nd oamenii fac testul, care ne-ar putea ajuta s\u0103 \u00een\u021belegem ce ar putea reduce riscul lor de reinfectare \u00een viitor.<\/li>\n<li>Coproduce\u021bi \u00eendrum\u0103ri pentru practicile viitoare.<\/li>\n<\/ol>\n<h2>Cum se va realiza acest lucru?<\/h2>\n<p>Obiectivele acestei cercet\u0103ri vor fi atinse \u00een trei etape:<\/p>\n<ol>\n<li>Revizuirea dovezilor de p\u00e2n\u0103 acum<\/li>\n<li>Interviuri calitative cu persoane care se injecteaz\u0103 cu droguri \u0219i personal care efectueaz\u0103 testele anuale<\/li>\n<li>Constat\u0103rile din p\u0103r\u021bile 1 \u0219i 2 vor fi incluse \u00een patru sesiuni de coproduc\u021bie. Dou\u0103 cu exper\u021bi \u00een hepatita C, personal care furnizeaz\u0103 testarea pentru hepatita C \u0219i factori de decizie politic\u0103 \u0219i dou\u0103 cu persoane cu experien\u021b\u0103 tr\u0103it\u0103. Vom discuta:<\/li>\n<\/ol>\n<ul>\n<li>cum pot fi dep\u0103\u0219ite barierele identificate,<\/li>\n<li>cum poate fi \u00eembun\u0103t\u0103\u021bit\u0103 oferta testului anual<\/li>\n<li>\u0219i informa\u021biile necesare pentru a sprijini urm\u0103rirea la nivel na\u021bional a ratelor de reinfectare cu hepatita C<\/li>\n<\/ul>\n<h2>Cine conduce Cercetarea?<\/h2>\n<p>Dr. Hannah Family, Universitatea din Bristol<\/p>\n<h2>Informa\u021bii suplimentare:<\/h2>\n<p>E-mail CI:\u00a0<a href=\"mailto:hannah.family@bristol.ac.uk\">hannah.family@bristol.ac.uk<\/a>\u00a0sau\u00a0<a href=\"mailto:Hannah.family@nhs.net\">Hannah.family@nhs.net<\/a><\/p>\n<p>Pentru mai multe informa\u021bii sau pentru a v\u0103 implica \u00een acest proiect, trimite\u021bi un e-mail la <a href=\"mailto:bnssg.research@nhs.net\">bnssg.research@nhs.net<\/a>.<\/p>\n<p>Opiniile exprimate sunt cele ale autorului (autorilor) \u0219i nu neap\u0103rat cele ale NIHR sau ale Departamentului de S\u0103n\u0103tate \u0219i Asisten\u021b\u0103 Social\u0103.<\/p>\n  <\/div>\r\n  <\/section><\/div><!-- .assembler_text-module.assembler_module.assembler_text-module_1.assembler_module_1..transparent --><\/div><!-- .assembler_module_area.assembler_module_area_1 --><\/div><!-- .assembler_default-group.assembler_module_group.assembler_default-group_1.assembler_module_group_1  -->","protected":false},"excerpt":{"rendered":"<p>Section titled module-1 PROACTIVE: HePatitis C Reinfection: Optimising surveillAnCe for detection and preVEntion Funding National Institute for Health and Care Research (NIHR) , Programme Development Grant (PDG) Ref. NIHR207646 What is the Research Question? What are the barriers to follow up testing for Hepatitis C, \u00a0and how can those who inject drugs reduce their risk [&hellip;]<\/p>\n","protected":false},"author":28,"featured_media":0,"parent":32881,"menu_order":0,"comment_status":"closed","ping_status":"closed","template":"","meta":{"_acf_changed":false,"footnotes":""},"tags":[],"class_list":["post-33231","page","type-page","status-publish","hentry"],"acf":[],"_links":{"self":[{"href":"https:\/\/bnssghealthiertogether.org.uk\/ro\/wp-json\/wp\/v2\/pages\/33231","targetHints":{"allow":["GET"]}}],"collection":[{"href":"https:\/\/bnssghealthiertogether.org.uk\/ro\/wp-json\/wp\/v2\/pages"}],"about":[{"href":"https:\/\/bnssghealthiertogether.org.uk\/ro\/wp-json\/wp\/v2\/types\/page"}],"author":[{"embeddable":true,"href":"https:\/\/bnssghealthiertogether.org.uk\/ro\/wp-json\/wp\/v2\/users\/28"}],"replies":[{"embeddable":true,"href":"https:\/\/bnssghealthiertogether.org.uk\/ro\/wp-json\/wp\/v2\/comments?post=33231"}],"version-history":[{"count":3,"href":"https:\/\/bnssghealthiertogether.org.uk\/ro\/wp-json\/wp\/v2\/pages\/33231\/revisions"}],"predecessor-version":[{"id":36171,"href":"https:\/\/bnssghealthiertogether.org.uk\/ro\/wp-json\/wp\/v2\/pages\/33231\/revisions\/36171"}],"up":[{"embeddable":true,"href":"https:\/\/bnssghealthiertogether.org.uk\/ro\/wp-json\/wp\/v2\/pages\/32881"}],"wp:attachment":[{"href":"https:\/\/bnssghealthiertogether.org.uk\/ro\/wp-json\/wp\/v2\/media?parent=33231"}],"wp:term":[{"taxonomy":"post_tag","embeddable":true,"href":"https:\/\/bnssghealthiertogether.org.uk\/ro\/wp-json\/wp\/v2\/tags?post=33231"}],"curies":[{"name":"wp","href":"https:\/\/api.w.org\/{rel}","templated":true}]}}