{"id":34406,"date":"2024-11-26T14:34:29","date_gmt":"2024-11-26T14:34:29","guid":{"rendered":"https:\/\/bnssghealthiertogether.org.uk\/?page_id=34406"},"modified":"2025-01-15T22:14:45","modified_gmt":"2025-01-15T22:14:45","slug":"a-new-person-reported-experience-measure-prem-for-the-new-community-mental-health-service-in-bnssg","status":"publish","type":"page","link":"https:\/\/bnssghealthiertogether.org.uk\/ro\/integrated-care-board\/research-and-evidence\/impact-case-studies\/a-new-person-reported-experience-measure-prem-for-the-new-community-mental-health-service-in-bnssg\/","title":{"rendered":"O nou\u0103 m\u0103sur\u0103 a experien\u021bei raportate de persoan\u0103 (PREM) pentru noul Serviciu Comunitar de S\u0103n\u0103tate Mintal\u0103"},"content":{"rendered":"<div class=\"assembler_default-group assembler_module_group assembler_default-group_1 assembler_module_group_1\"><div class=\"assembler_module_area assembler_module_area_1\"><div class=\"assembler_text-module assembler_module assembler_text-module_1 assembler_module_1  transparent\"><a tabindex=\"-1\" title=\"Sec\u021biunea intitulat\u0103 modul-1\" id=\"module-1\" href=\"https:\/\/bnssghealthiertogether.org.uk\/ro\/wp-json\/wp\/v2\/pages\/34406\/#module-1\" class=\"anchor\"><span class=\"hidden\">Sec\u021biunea intitulat\u0103 modul-1<\/span><\/a><!-- Template found for text-module - Template: template-text - Matched: _only --><section class=\"w-full mx-auto max-w-content pt-12 sm:pt-24 pb-12 sm:pb-24\">\r\n  <div class=\"entry-content w-full !px-0 max-w-small\">\r\n        <h1>O nou\u0103 m\u0103sur\u0103 a experien\u021bei raportate de persoan\u0103 (PREM) pentru noul Serviciu Comunitar de S\u0103n\u0103tate Mintal\u0103 din Bristol, North Somerset \u0219i South Gloucestershire<\/h1>\n<p><img decoding=\"async\" class=\"alignnone wp-image-8399 size-medium\" src=\"https:\/\/bnssg.icb.nhs.uk\/wp-content\/uploads\/2022\/07\/People_chatting3.original-300x154.png\" alt=\"A man and woman sitting opposite each other with coffee in front of them, chatting\" width=\"300\" height=\"154\" \/><\/p>\n<p>Serviciile comunitare de s\u0103n\u0103tate mintal\u0103 s-au schimbat \u00een Bristol, North Somerset \u0219i South Gloucestershire. Serviciile sunt acum integrate, ceea ce \u00eenseamn\u0103 c\u0103 lucreaz\u0103 \u00eempreun\u0103 pentru a sprijini persoanele care au nevoie de ajutor cu s\u0103n\u0103tatea lor mintal\u0103. Planificatorii de servicii au recunoscut importan\u021ba \u00een\u021belegerii experien\u021bei utilizatorului serviciilor pentru a m\u0103sura \u0219i \u00eembun\u0103t\u0103\u021bi calitatea serviciilor, a\u0219a c\u0103 au dezvoltat un Instrument de M\u0103surare a Experien\u021bei Raportate de Persoan\u0103 (PREM). Acest sondaj va explora experien\u021bele oamenilor utiliz\u00e2nd noul serviciu comunitar integrat de s\u0103n\u0103tate mintal\u0103.<\/p>\n<h2>Impactul echipei de Eficacitate Clinic\u0103<\/h2>\n<p>NHS Bristol, North Somerset \u0219i South Gloucestershire ICB <a href=\"https:\/\/bnssg.icb.nhs.uk\/about-us\/research-and-evidence\/\" rel=\"noopener\">Echipa de eficacitate clinic\u0103<\/a> a sprijinit dezvoltarea PREM prin:<\/p>\n<ul>\n<li>Colectarea de informa\u021bii despre modul \u00een care serviciile locale de asisten\u021b\u0103 pentru s\u0103n\u0103tate mintal\u0103 existente colectau experien\u021ba utilizatorilor<\/li>\n<li>Realizarea unei analize a literaturii de specialitate privind m\u0103surile de experien\u021b\u0103 poten\u021bial relevante<\/li>\n<li>Elaborarea unei liste de poten\u021biali PREM-uri \u0219i colaborarea cu o serie de p\u0103r\u021bi interesate pentru a revizui lista \u0219i a conveni asupra a ceea ce ar trebui inclus \u00eentr-un PREM pentru a surprinde experien\u021bele persoanelor care acceseaz\u0103 servicii comunitare de s\u0103n\u0103tate mintal\u0103 din Bristol, North Somerset \u0219i South Gloucestershire.<\/li>\n<\/ul>\n<p>Aceast\u0103 lucrare a dus la un PREM personalizat, cu cinci \u00eentreb\u0103ri, pentru utilizare \u00een serviciile de s\u0103n\u0103tate mintal\u0103 comunitar\u0103 din Bristol, North Somerset \u0219i South Gloucestershire. Aceste \u00eentreb\u0103ri m\u0103soar\u0103 diferite aspecte ale experien\u021bei utilizatorilor serviciilor. Dou\u0103 dintre \u00eentreb\u0103ri au provenit de la <a href=\"https:\/\/gbr01.safelinks.protection.outlook.com\/?url=https%3A%2F%2Fwww.nhs.uk%2Fusing-the-nhs%2Fabout-the-nhs%2Ffriends-and-family-test-fft%2F&amp;data=05%7C01%7Cmiles.jordan%40nhs.net%7C40c53417ec0447d3120c08db082f1f4c%7C37c354b285b047f5b22207b48d774ee3%7C0%7C0%7C638112771755635656%7CUnknown%7CTWFpbGZsb3d8eyJWIjoiMC4wLjAwMDAiLCJQIjoiV2luMzIiLCJBTiI6Ik1haWwiLCJXVCI6Mn0%3D%7C3000%7C%7C%7C&amp;sdata=IKXOdTeFcceXqQGTBzrMoqfsiidqBwPCH5YWrG1QZ9w%3D&amp;reserved=0\" target=\"_blank\" rel=\"noopener\">Testul Prieteni \u0219i Familie<\/a>, o m\u0103sur\u0103 utilizat\u0103 de toate serviciile NHS din 2015.<\/p>\n<p>Planul de evaluare a s\u0103n\u0103t\u0103\u021bii mintale comunitare (PREM) pentru Bristol, North Somerset \u0219i South Gloucestershire va fi disponibil \u00een format tip\u0103rit \u0219i digital, \u00een mai multe limbi. Dou\u0103 servicii vor testa PREM-ul timp de \u0219ase luni \u00een 2023 pentru a explora modul \u00een care func\u021bioneaz\u0103. Aceast\u0103 evaluare de testare \u0219i \u00eenv\u0103\u021bare va ajuta planificatorii de servicii s\u0103 \u00een\u021beleag\u0103 dac\u0103 m\u0103sura este util\u0103 pentru \u00eembun\u0103t\u0103\u021birea serviciilor \u0219i acceptabil\u0103 pentru persoanele care utilizeaz\u0103 servicii de s\u0103n\u0103tate mintal\u0103. Constat\u0103rile vor sta la baza versiunii finale a PREM-ului, care va fi utilizat\u0103 \u00een toate serviciile comunitare de s\u0103n\u0103tate mintal\u0103 din Bristol, North Somerset \u0219i South Gloucestershire.<\/p>\n<p><a href=\"https:\/\/bnssghealthiertogether.org.uk\/ro\/integrated-care-board\/research-and-evidence\/impact-case-studies\/\">Cite\u0219te mai multe studii de caz privind impactul<\/a><\/p>\n  <\/div>\r\n  <\/section><\/div><!-- .assembler_text-module.assembler_module.assembler_text-module_1.assembler_module_1..transparent --><\/div><!-- .assembler_module_area.assembler_module_area_1 --><\/div><!-- .assembler_default-group.assembler_module_group.assembler_default-group_1.assembler_module_group_1  -->","protected":false},"excerpt":{"rendered":"<p>Section titled module-1 A new Person Reported Experience Measure (PREM) for the new Community Mental Health Service in Bristol, North Somerset and South Gloucestershire Community Mental Health services have changed in Bristol, North Somerset and South Gloucestershire. The services are now integrated, which means they work together to support people who need help with their [&hellip;]<\/p>\n","protected":false},"author":1,"featured_media":0,"parent":32870,"menu_order":0,"comment_status":"closed","ping_status":"closed","template":"","meta":{"_acf_changed":false,"footnotes":""},"tags":[],"class_list":["post-34406","page","type-page","status-publish","hentry"],"acf":[],"_links":{"self":[{"href":"https:\/\/bnssghealthiertogether.org.uk\/ro\/wp-json\/wp\/v2\/pages\/34406","targetHints":{"allow":["GET"]}}],"collection":[{"href":"https:\/\/bnssghealthiertogether.org.uk\/ro\/wp-json\/wp\/v2\/pages"}],"about":[{"href":"https:\/\/bnssghealthiertogether.org.uk\/ro\/wp-json\/wp\/v2\/types\/page"}],"author":[{"embeddable":true,"href":"https:\/\/bnssghealthiertogether.org.uk\/ro\/wp-json\/wp\/v2\/users\/1"}],"replies":[{"embeddable":true,"href":"https:\/\/bnssghealthiertogether.org.uk\/ro\/wp-json\/wp\/v2\/comments?post=34406"}],"version-history":[{"count":5,"href":"https:\/\/bnssghealthiertogether.org.uk\/ro\/wp-json\/wp\/v2\/pages\/34406\/revisions"}],"predecessor-version":[{"id":36069,"href":"https:\/\/bnssghealthiertogether.org.uk\/ro\/wp-json\/wp\/v2\/pages\/34406\/revisions\/36069"}],"up":[{"embeddable":true,"href":"https:\/\/bnssghealthiertogether.org.uk\/ro\/wp-json\/wp\/v2\/pages\/32870"}],"wp:attachment":[{"href":"https:\/\/bnssghealthiertogether.org.uk\/ro\/wp-json\/wp\/v2\/media?parent=34406"}],"wp:term":[{"taxonomy":"post_tag","embeddable":true,"href":"https:\/\/bnssghealthiertogether.org.uk\/ro\/wp-json\/wp\/v2\/tags?post=34406"}],"curies":[{"name":"wp","href":"https:\/\/api.w.org\/{rel}","templated":true}]}}