{"id":34416,"date":"2024-11-26T16:09:02","date_gmt":"2024-11-26T16:09:02","guid":{"rendered":"https:\/\/bnssghealthiertogether.org.uk\/?page_id=34416"},"modified":"2025-01-15T22:29:46","modified_gmt":"2025-01-15T22:29:46","slug":"creating-and-implementing-a-new-survey-support-function-for-bristol-north-somerset-and-south-gloucestershire-icb","status":"publish","type":"page","link":"https:\/\/bnssghealthiertogether.org.uk\/ro\/integrated-care-board\/research-and-evidence\/impact-case-studies\/creating-and-implementing-a-new-survey-support-function-for-bristol-north-somerset-and-south-gloucestershire-icb\/","title":{"rendered":"Crearea \u0219i implementarea unei noi func\u021bii de asisten\u021b\u0103 pentru sondaje pentru NHS Bristol, North Somerset \u0219i South Gloucestershire ICB"},"content":{"rendered":"<div class=\"assembler_default-group assembler_module_group assembler_default-group_1 assembler_module_group_1\"><div class=\"assembler_module_area assembler_module_area_1\"><div class=\"assembler_text-module assembler_module assembler_text-module_1 assembler_module_1  transparent\"><a tabindex=\"-1\" title=\"Sec\u021biunea intitulat\u0103 modul-1\" id=\"module-1\" href=\"https:\/\/bnssghealthiertogether.org.uk\/ro\/wp-json\/wp\/v2\/pages\/34416\/#module-1\" class=\"anchor\"><span class=\"hidden\">Sec\u021biunea intitulat\u0103 modul-1<\/span><\/a><!-- Template found for text-module - Template: template-text - Matched: _only --><section class=\"w-full mx-auto max-w-content pt-12 sm:pt-24 pb-12 sm:pb-24\">\r\n  <div class=\"entry-content w-full !px-0 max-w-small\">\r\n        <h1><strong>Crearea \u0219i implementarea unei noi func\u021bii de asisten\u021b\u0103 pentru sondaje pentru NHS Bristol, North Somerset \u0219i South Gloucestershire ICB<\/strong><\/h1>\n<p>Echipele de analiz\u0103, implicare \u0219i eficacitate clinic\u0103 au sprijinit colegii din cadrul NHS Bristol, North Somerset \u0219i South Gloucestershire ICB \u0219i Sistemul de \u00eengrijire integrat\u0103 (ICS) \u00een proiectarea, crearea, g\u0103zduirea \u0219i gestionarea chestionarelor. Aceste chestionare au fost \u00een formate diferite, s-au adresat unor popula\u021bii diferite \u0219i au informat decizii diferite.<\/p>\n<p>La un moment dat, existau cel pu\u021bin cinci conturi de g\u0103zduire a sondajelor de\u021binute de echipele ICB \u2013 \u0219i acestea sunt doar cele despre care se \u0219tie! Se redactau \u0219i se distribuiau numeroase sondaje sistemului de s\u0103n\u0103tate \u0219i \u00eengrijire \u0219i popula\u021biei din Bristol, North Somerset \u0219i South Gloucestershire, dar nu exista prea mult\u0103 coordonare \u0219i g\u00e2ndire comun\u0103.<\/p>\n<h2><strong>Impactul echipei de Eficacitate Clinic\u0103<\/strong><\/h2>\n<p>Echipa pentru Eficacitate Clinic\u0103 a identificat duplic\u0103ri \u00een solicit\u0103rile de asisten\u021b\u0103 \u0219i asisten\u021b\u0103 nestandardizat\u0103 oferit\u0103 de echipa lor \u0219i de echipele ICB Insights \u0219i a semnalat necesitatea unei func\u021bii noi, aliniate, de asisten\u021b\u0103 pentru sondaje pentru ICB \u0219i ICS.<\/p>\n<p>Pentru implementarea acestei func\u021bii comune s-au luat urm\u0103torii pa\u0219i:<\/p>\n<ul>\n<li>Configura\u021bi o adres\u0103 de e-mail dedicat\u0103 \u0219i partajat\u0103 pentru asisten\u021b\u0103 \u00een sondaje \u0219i un canal MS Teams aferent.<\/li>\n<li>Stabili\u021bi \u00eent\u00e2lniri s\u0103pt\u0103m\u00e2nale de alocare a suportului pentru sondaje<\/li>\n<li>A creat o Procedur\u0103 Opera\u021bional\u0103 Standard (SOP) pentru alocarea \u0219i furnizarea de sprijin pentru sondaje<\/li>\n<li>A creat un registru dinamic \u0219i partajat de suport pentru sondaje<\/li>\n<li>Am revizuit \u0219i aliniat procesele existente de gestionare a datelor din sondaje<\/li>\n<li>Am revizuit abonamentele existente la platforma de sondaje \u00een conformitate cu nevoile organiza\u021bionale \u0219i reglement\u0103rile privind guvernan\u021ba informa\u021biilor.<\/li>\n<li>Ghidul revizuit \u0219i actualizat pentru dezvoltarea \u0219i gestionarea sondajelor<\/li>\n<li>Am promovat noua func\u021bie de suport pentru sondaje \u00een r\u00e2ndul colegilor ICB la \u0219edin\u021bele de personal, prin alte canale de comunicare interne \u0219i \u00een sesiunile de instruire.<\/li>\n<\/ul>\n<p>Echipele continu\u0103 s\u0103 \u00ee\u0219i revizuiasc\u0103 \u0219i s\u0103 \u00ee\u0219i modifice procesele pentru a se asigura c\u0103 ofer\u0103 sprijin adaptat fiec\u0103rei solicit\u0103ri. Nu mai duplic\u0103 sprijinul oferit pentru sondaje, acceseaz\u0103 diferitele competen\u021be \u0219i experien\u021be de\u021binute \u00een fiecare echip\u0103 \u0219i colaboreaz\u0103 \u00een mod regulat cu proiectele de sondaje conexe desf\u0103\u0219urate \u00een cadrul ICB \u0219i ICS. Ca urmare a acestei abord\u0103ri armonizate, sondajele produse \u0219i g\u0103zduite de ICB sunt de o calitate mai bun\u0103 \u0219i, prin urmare, r\u0103spund mai semnificativ la \u00eentreb\u0103rile pe care le avem pentru sistemul \u0219i popula\u021bia noastr\u0103.<\/p>\n<p>Pentru informa\u021bii despre cum s\u0103 utiliza\u021bi sondajele pentru a v\u0103 sus\u021bine evaluarea, v\u0103 rug\u0103m s\u0103 vizita\u021bi <a href=\"https:\/\/nhsevaluationtoolkit.net\/\" rel=\"noopener\">Trusa de instrumente de evaluare a NHS<\/a>.<\/p>\n  <\/div>\r\n  <\/section><\/div><!-- .assembler_text-module.assembler_module.assembler_text-module_1.assembler_module_1..transparent --><\/div><!-- .assembler_module_area.assembler_module_area_1 --><\/div><!-- .assembler_default-group.assembler_module_group.assembler_default-group_1.assembler_module_group_1  -->","protected":false},"excerpt":{"rendered":"<p>Section titled module-1 Creating and Implementing a new Survey Support function for NHS Bristol, North Somerset and South Gloucestershire ICB The Insights and Engagement and Clinical Effectiveness Teams have supported NHS Bristol, North Somerset and South Gloucestershire ICB and Integrated Care System (ICS) colleagues with designing, creating, hosting and managing surveys. These surveys were in [&hellip;]<\/p>\n","protected":false},"author":1,"featured_media":0,"parent":32870,"menu_order":0,"comment_status":"closed","ping_status":"closed","template":"","meta":{"_acf_changed":false,"footnotes":""},"tags":[],"class_list":["post-34416","page","type-page","status-publish","hentry"],"acf":[],"_links":{"self":[{"href":"https:\/\/bnssghealthiertogether.org.uk\/ro\/wp-json\/wp\/v2\/pages\/34416","targetHints":{"allow":["GET"]}}],"collection":[{"href":"https:\/\/bnssghealthiertogether.org.uk\/ro\/wp-json\/wp\/v2\/pages"}],"about":[{"href":"https:\/\/bnssghealthiertogether.org.uk\/ro\/wp-json\/wp\/v2\/types\/page"}],"author":[{"embeddable":true,"href":"https:\/\/bnssghealthiertogether.org.uk\/ro\/wp-json\/wp\/v2\/users\/1"}],"replies":[{"embeddable":true,"href":"https:\/\/bnssghealthiertogether.org.uk\/ro\/wp-json\/wp\/v2\/comments?post=34416"}],"version-history":[{"count":4,"href":"https:\/\/bnssghealthiertogether.org.uk\/ro\/wp-json\/wp\/v2\/pages\/34416\/revisions"}],"predecessor-version":[{"id":36073,"href":"https:\/\/bnssghealthiertogether.org.uk\/ro\/wp-json\/wp\/v2\/pages\/34416\/revisions\/36073"}],"up":[{"embeddable":true,"href":"https:\/\/bnssghealthiertogether.org.uk\/ro\/wp-json\/wp\/v2\/pages\/32870"}],"wp:attachment":[{"href":"https:\/\/bnssghealthiertogether.org.uk\/ro\/wp-json\/wp\/v2\/media?parent=34416"}],"wp:term":[{"taxonomy":"post_tag","embeddable":true,"href":"https:\/\/bnssghealthiertogether.org.uk\/ro\/wp-json\/wp\/v2\/tags?post=34416"}],"curies":[{"name":"wp","href":"https:\/\/api.w.org\/{rel}","templated":true}]}}