{"id":34442,"date":"2024-11-26T16:21:24","date_gmt":"2024-11-26T16:21:24","guid":{"rendered":"https:\/\/bnssghealthiertogether.org.uk\/?page_id=34442"},"modified":"2025-01-15T22:59:06","modified_gmt":"2025-01-15T22:59:06","slug":"supporting-research-on-medicines-waste","status":"publish","type":"page","link":"https:\/\/bnssghealthiertogether.org.uk\/ro\/integrated-care-board\/research-and-evidence\/impact-case-studies\/supporting-research-on-medicines-waste\/","title":{"rendered":"Sprijinirea cercet\u0103rii privind de\u0219eurile de medicamente"},"content":{"rendered":"<div class=\"assembler_default-group assembler_module_group assembler_default-group_1 assembler_module_group_1\"><div class=\"assembler_module_area assembler_module_area_1\"><div class=\"assembler_text-module assembler_module assembler_text-module_1 assembler_module_1  transparent\"><a tabindex=\"-1\" title=\"Sec\u021biunea intitulat\u0103 modul-1\" id=\"module-1\" href=\"https:\/\/bnssghealthiertogether.org.uk\/ro\/wp-json\/wp\/v2\/pages\/34442\/#module-1\" class=\"anchor\"><span class=\"hidden\">Sec\u021biunea intitulat\u0103 modul-1<\/span><\/a><!-- Template found for text-module - Template: template-text - Matched: _only --><section class=\"w-full mx-auto max-w-content pt-12 sm:pt-24 pb-12 sm:pb-24\">\r\n  <div class=\"entry-content w-full !px-0 max-w-small\">\r\n        <h1>Sprijinirea cercet\u0103rii privind de\u0219eurile de medicamente<\/h1>\n<p><img decoding=\"async\" class=\"alignnone size-medium wp-image-8415\" src=\"https:\/\/bnssghealthiertogether.org.uk\/wp-content\/uploads\/2022\/07\/Tablets_small.original-300x154.png\" alt=\"A mix of pills demonstrating medication\" width=\"300\" height=\"154\" \/><\/p>\n<p>\u00cen 2016, NHS Bristol Clinical Commissioning Group (CCG) a publicat un raport privind risipa de medicamente. Cifrele au ar\u0103tat c\u0103 cel pu\u021bin 5 milioane de lire sterline se cheltuiesc anual \u00een Bristol pentru medicamente neutilizate \u0219i 300 de milioane de lire sterline la nivel na\u021bional. Raportul a identificat un poten\u021bial imens de \u00eembun\u0103t\u0103\u021bire a \u00eengrijirii pacien\u021bilor \u0219i a utiliz\u0103rii resurselor NHS.<\/p>\n<p>ICB <a href=\"https:\/\/bnssghealthiertogether.org.uk\/ro\/integrated-care-board\/research-and-evidence\/\" target=\"_blank\" rel=\"noopener\">Echipa de cercetare<\/a> am v\u0103zut poten\u021bialul colabor\u0103rii cu cadre universitare locale pentru a investiga posibile solu\u021bii la aceast\u0103 problem\u0103. Am facilitat o \u00eent\u00e2lnire \u00eentre autorul raportului CCG \u0219i cadre universitare de la Universitatea din Bristol.<\/p>\n<h2>Impactul nostru<\/h2>\n<p>Am investit 18.000 de lire sterline \u00een Dr. Rupert Payne, de la Universitatea din Bristol, pentru a derula un proiect pe termen scurt de dezvoltare \u00een colaborare a unei aplica\u021bii de cercetare c\u0103tre NIHR. Cererea c\u0103tre NIHR a fost aprobat\u0103, iar CCG a primit 1,8 milioane de lire sterline \u00een octombrie 2017 pentru a investiga optimizarea polifarmaciei \u00een asisten\u021ba medical\u0103 primar\u0103.<\/p>\n<p>Optimizarea polifarmaciei este procesul pe care un farmacist sau un medic de familie \u00eel \u00eentreprinde pentru a lua \u00een considerare \u00eentreaga list\u0103 de medicamente a unui pacient, \u00een loc s\u0103 trateze fiecare medicament individual. Ace\u0219tia ar putea reduce num\u0103rul de medicamente pe care le ia un pacient sau ar putea modifica lista de re\u021bete pentru a-i spori bun\u0103starea. Acest lucru ajut\u0103 la reducerea risipei de medicamente.<\/p>\n  <\/div>\r\n  <\/section><\/div><!-- .assembler_text-module.assembler_module.assembler_text-module_1.assembler_module_1..transparent --><\/div><!-- .assembler_module_area.assembler_module_area_1 --><\/div><!-- .assembler_default-group.assembler_module_group.assembler_default-group_1.assembler_module_group_1  -->","protected":false},"excerpt":{"rendered":"<p>Section titled module-1 Supporting research on medicines waste In 2016, NHS Bristol Clinical Commissioning Group (CCG) published a report on medicines waste. Figures revealed at least \u00a35 million is spent on unused medication each year in Bristol and \u00a3300 million nationally. The report identified huge potential for improvements to patient care and use of NHS [&hellip;]<\/p>\n","protected":false},"author":1,"featured_media":0,"parent":32870,"menu_order":0,"comment_status":"closed","ping_status":"closed","template":"","meta":{"_acf_changed":false,"footnotes":""},"tags":[],"class_list":["post-34442","page","type-page","status-publish","hentry"],"acf":[],"_links":{"self":[{"href":"https:\/\/bnssghealthiertogether.org.uk\/ro\/wp-json\/wp\/v2\/pages\/34442","targetHints":{"allow":["GET"]}}],"collection":[{"href":"https:\/\/bnssghealthiertogether.org.uk\/ro\/wp-json\/wp\/v2\/pages"}],"about":[{"href":"https:\/\/bnssghealthiertogether.org.uk\/ro\/wp-json\/wp\/v2\/types\/page"}],"author":[{"embeddable":true,"href":"https:\/\/bnssghealthiertogether.org.uk\/ro\/wp-json\/wp\/v2\/users\/1"}],"replies":[{"embeddable":true,"href":"https:\/\/bnssghealthiertogether.org.uk\/ro\/wp-json\/wp\/v2\/comments?post=34442"}],"version-history":[{"count":4,"href":"https:\/\/bnssghealthiertogether.org.uk\/ro\/wp-json\/wp\/v2\/pages\/34442\/revisions"}],"predecessor-version":[{"id":36087,"href":"https:\/\/bnssghealthiertogether.org.uk\/ro\/wp-json\/wp\/v2\/pages\/34442\/revisions\/36087"}],"up":[{"embeddable":true,"href":"https:\/\/bnssghealthiertogether.org.uk\/ro\/wp-json\/wp\/v2\/pages\/32870"}],"wp:attachment":[{"href":"https:\/\/bnssghealthiertogether.org.uk\/ro\/wp-json\/wp\/v2\/media?parent=34442"}],"wp:term":[{"taxonomy":"post_tag","embeddable":true,"href":"https:\/\/bnssghealthiertogether.org.uk\/ro\/wp-json\/wp\/v2\/tags?post=34442"}],"curies":[{"name":"wp","href":"https:\/\/api.w.org\/{rel}","templated":true}]}}