{"id":34455,"date":"2024-11-26T16:32:48","date_gmt":"2024-11-26T16:32:48","guid":{"rendered":"https:\/\/bnssghealthiertogether.org.uk\/?page_id=34455"},"modified":"2025-01-16T10:00:33","modified_gmt":"2025-01-16T10:00:33","slug":"a-primary-care-system-level-training-and-support-programme-for-the-secondary-prevention-of-domestic-violence-and-abuse-a-multicentre-cluster-randomised-trial-with-economic-and-process-evaluation","status":"publish","type":"page","link":"https:\/\/bnssghealthiertogether.org.uk\/ro\/integrated-care-board\/research-and-evidence\/our-research-portfolio\/nihr-funded-projects\/a-primary-care-system-level-training-and-support-programme-for-the-secondary-prevention-of-domestic-violence-and-abuse-a-multicentre-cluster-randomised-trial-with-economic-and-process-evaluation\/","title":{"rendered":"Un program de instruire \u0219i sprijin la nivel de sistem de asisten\u021b\u0103 medical\u0103 primar\u0103 pentru prevenirea secundar\u0103 a violen\u021bei \u0219i abuzului domestic: un studiu clinic randomizat multicentric, clusterizat, cu evaluare economic\u0103 \u0219i de proces"},"content":{"rendered":"<div class=\"assembler_default-group assembler_module_group assembler_default-group_1 assembler_module_group_1\"><div class=\"assembler_module_area assembler_module_area_1\"><div class=\"assembler_text-module assembler_module assembler_text-module_1 assembler_module_1  transparent\"><a tabindex=\"-1\" title=\"Sec\u021biunea intitulat\u0103 modul-1\" id=\"module-1\" href=\"https:\/\/bnssghealthiertogether.org.uk\/ro\/wp-json\/wp\/v2\/pages\/34455\/#module-1\" class=\"anchor\"><span class=\"hidden\">Sec\u021biunea intitulat\u0103 modul-1<\/span><\/a><!-- Template found for text-module - Template: template-text - Matched: _only --><section class=\"w-full mx-auto max-w-content pt-12 sm:pt-24 pb-12 sm:pb-24\">\r\n  <div class=\"entry-content w-full !px-0 max-w-small\">\r\n        <h1>Un program de instruire \u0219i sprijin la nivel de sistem de asisten\u021b\u0103 medical\u0103 primar\u0103 pentru prevenirea secundar\u0103 a violen\u021bei \u0219i abuzului domestic: un studiu clinic randomizat multicentric, clusterizat, cu evaluare economic\u0103 \u0219i de proces. <a href=\"https:\/\/www.bristol.ac.uk\/primaryhealthcare\/news\/2024\/22m-for-clinical-trial-.html\" rel=\"noopener\">IRIS+ RCT<\/a><\/h1>\n<h2>Finan\u021bare<\/h2>\n<p>Acest proiect este finan\u021bat de Institutul Na\u021bional pentru Cercetare \u00een S\u0103n\u0103tate \u0219i \u00cengrijire (NIHR) \u2013 flux de finan\u021bare pentru Cercetare \u00een S\u0103n\u0103tate Public\u0103 (PHR): NIHR153788.<\/p>\n<h2>Care este \u00eentrebarea de cercetare?<\/h2>\n<p>Este interven\u021bia IRIS+ eficient\u0103, rentabil\u0103 \u0219i scalabil\u0103 \u00een ceea ce prive\u0219te trimiterea adul\u021bilor \u0219i copiilor afecta\u021bi de violen\u021b\u0103 domestic\u0103 de la asisten\u021ba medical\u0103 primar\u0103 c\u0103tre sprijin specializat prin advocacy?<\/p>\n<h2>Care este problema?<\/h2>\n<p>Violen\u021ba domestic\u0103 afecteaz\u0103 nou\u0103 milioane de adul\u021bi din Anglia \u0219i \u021aara Galilor. Aceasta d\u0103uneaz\u0103 s\u0103n\u0103t\u0103\u021bii, av\u00e2nd costuri sociale de peste 66 de miliarde de lire sterline pe an.<\/p>\n<p>O mare minoritate de adul\u021bi \u0219i copii care consult\u0103 medicii de familie sunt victime ale violen\u021bei domestice. Supravie\u021buitorii sunt mai predispu\u0219i s\u0103 informeze medicii de familie dec\u00e2t al\u021bi profesioni\u0219ti.<\/p>\n<p>Ob\u021binerea de sprijin specializat \u00een cazuri de violen\u021b\u0103 domestic\u0103 poate \u00eembun\u0103t\u0103\u021bi s\u0103n\u0103tatea, calitatea vie\u021bii \u0219i siguran\u021ba supravie\u021buitorilor.<\/p>\n<h2>Care este scopul cercet\u0103rii?<\/h2>\n<p>Vom evalua dac\u0103 programul de formare \u0219i sprijin pentru medicii de familie IRIS+ func\u021bioneaz\u0103 pentru femei, b\u0103rba\u021bi \u0219i copii. Vom analiza dac\u0103 ofer\u0103 un raport calitate-pre\u021b bun \u0219i dac\u0103 poate fi implementat la scar\u0103 larg\u0103 \u00een diferite zone din Anglia \u0219i \u021aara Galilor.<\/p>\n<p>Dac\u0103 IRIS+ este eficient \u0219i rentabil, studiul va servi drept baz\u0103 pentru punerea \u00een func\u021biune a IRIS+ ca serviciu nou. Implementarea viitoare a unei interven\u021bii de succes ar putea \u00eembun\u0103t\u0103\u021bi semnificativ siguran\u021ba, bun\u0103starea \u0219i s\u0103n\u0103tatea supravie\u021buitorilor violen\u021bei domestice \u0219i a copiilor acestora. Acest lucru ar putea crea beneficii economice substan\u021biale pentru NHS \u0219i societate.<\/p>\n<h2>Cum se va realiza acest lucru?<\/h2>\n<p>IRIS (Identificare \u0219i Trimitere pentru \u00cembun\u0103t\u0103\u021birea Siguran\u021bei) este un program eficient \u0219i rentabil de instruire \u0219i sprijin pentru personalul medicilor de familie. Acesta \u00eei ajut\u0103 s\u0103 \u00een\u021beleag\u0103 semnele violen\u021bei domestice \u00een r\u00e2ndul femeilor, s\u0103 le \u00eentrebe dac\u0103 se confrunt\u0103 cu aceast\u0103 agresiune \u0219i s\u0103 le trimit\u0103 c\u0103tre asisten\u021b\u0103 specializat\u0103.<\/p>\n<p>\u00cen cadrul grupurilor noastre consultative de pacien\u021bi \u0219i de public, femeile supravie\u021buitoare ale violen\u021bei domestice au afirmat c\u0103 IRIS ar trebui s\u0103 sprijine \u0219i copiii afecta\u021bi de violen\u021ba domestic\u0103. B\u0103rba\u021bii supravie\u021buitori au afirmat c\u0103 IRIS ar trebui s\u0103 sprijine b\u0103rba\u021bii.<\/p>\n<p>\u00cen cercet\u0103rile noastre anterioare, medicii de familie ne-au spus c\u0103 doresc s\u0103 r\u0103spund\u0103 mai bine tuturor persoanelor afectate. Ca r\u0103spuns, am dezvoltat IRIS+, care completeaz\u0103 IRIS prin extinderea aten\u021biei la b\u0103rba\u021bi \u0219i copii, f\u0103r\u0103 a diminua r\u0103spunsurile la femei.<\/p>\n<p>\u00cen cadrul IRIS+, un educator pentru avoca\u021bi \u0219i un responsabil clinic instruiesc personalul medicilor de familie. Instruirea acoper\u0103 semnele violen\u021bei domestice \u0219i modul de \u00eendrumare a persoanelor pentru sprijin.<\/p>\n<p>Educatorii care sus\u021bin ac\u021biuni de sus\u021binere consiliaz\u0103 personalul medical de familie, primesc trimiteri de la pacien\u021bi, sprijin\u0103 supravie\u021buitorii \u0219i \u00eei \u00eendrum\u0103 pe agresori c\u0103tre programele locale. Lucr\u0103torii dedica\u021bi pentru copii sprijin\u0103 copiii \u0219i tinerii afecta\u021bi.<\/p>\n<p>\u00cen noul nostru studiu, vom implementa IRIS+ \u00een numeroase cabinete medicale generale din 3 domenii.<\/p>\n<p>\u00cen toate domeniile, vom repartiza cabinetele \u00een mod aleatoriu pentru a participa la IRIS+ sau IRIS. Vom testa apoi dac\u0103 IRIS+, \u00een compara\u021bie cu IRIS, este eficient \u0219i rentabil pentru b\u0103rba\u021bi \u0219i copii \u0219i dac\u0103 este posibil\u0103 implementarea sa la scar\u0103 larg\u0103.<\/p>\n<h2>Cine conduce cercetarea?<\/h2>\n<p><a href=\"https:\/\/research-information.bris.ac.uk\/en\/persons\/eszter-szilassy\" rel=\"noopener\">Dr. Eszter Szilassy,<\/a> Cercet\u0103tor senior, Centrul pentru Asisten\u021b\u0103 Medical\u0103 Primar\u0103 Academic\u0103, Universitatea din Bristol.<\/p>\n<p>Pentru mai multe informa\u021bii sau pentru a v\u0103 implica \u00een acest proiect, trimite\u021bi un e-mail la <a href=\"mailto:bnssg.research@nhs.net\">bnssg.research@nhs.net<\/a><\/p>\n  <\/div>\r\n  <\/section><\/div><!-- .assembler_text-module.assembler_module.assembler_text-module_1.assembler_module_1..transparent --><\/div><!-- .assembler_module_area.assembler_module_area_1 --><\/div><!-- .assembler_default-group.assembler_module_group.assembler_default-group_1.assembler_module_group_1  -->","protected":false},"excerpt":{"rendered":"<p>Section titled module-1 A primary care system-level training and support programme for the secondary prevention of domestic violence and abuse: a multicentre cluster randomised trial with economic and process evaluation. IRIS+ RCT Funding This project is funded by the National Institute for Health and care Research (NIHR) &#8211; Public Health Research (PHR) funding stream: NIHR153788. [&hellip;]<\/p>\n","protected":false},"author":1,"featured_media":0,"parent":32881,"menu_order":0,"comment_status":"closed","ping_status":"closed","template":"","meta":{"_acf_changed":false,"footnotes":""},"tags":[],"class_list":["post-34455","page","type-page","status-publish","hentry"],"acf":[],"_links":{"self":[{"href":"https:\/\/bnssghealthiertogether.org.uk\/ro\/wp-json\/wp\/v2\/pages\/34455","targetHints":{"allow":["GET"]}}],"collection":[{"href":"https:\/\/bnssghealthiertogether.org.uk\/ro\/wp-json\/wp\/v2\/pages"}],"about":[{"href":"https:\/\/bnssghealthiertogether.org.uk\/ro\/wp-json\/wp\/v2\/types\/page"}],"author":[{"embeddable":true,"href":"https:\/\/bnssghealthiertogether.org.uk\/ro\/wp-json\/wp\/v2\/users\/1"}],"replies":[{"embeddable":true,"href":"https:\/\/bnssghealthiertogether.org.uk\/ro\/wp-json\/wp\/v2\/comments?post=34455"}],"version-history":[{"count":3,"href":"https:\/\/bnssghealthiertogether.org.uk\/ro\/wp-json\/wp\/v2\/pages\/34455\/revisions"}],"predecessor-version":[{"id":36097,"href":"https:\/\/bnssghealthiertogether.org.uk\/ro\/wp-json\/wp\/v2\/pages\/34455\/revisions\/36097"}],"up":[{"embeddable":true,"href":"https:\/\/bnssghealthiertogether.org.uk\/ro\/wp-json\/wp\/v2\/pages\/32881"}],"wp:attachment":[{"href":"https:\/\/bnssghealthiertogether.org.uk\/ro\/wp-json\/wp\/v2\/media?parent=34455"}],"wp:term":[{"taxonomy":"post_tag","embeddable":true,"href":"https:\/\/bnssghealthiertogether.org.uk\/ro\/wp-json\/wp\/v2\/tags?post=34455"}],"curies":[{"name":"wp","href":"https:\/\/api.w.org\/{rel}","templated":true}]}}