{"id":34458,"date":"2024-11-26T16:33:21","date_gmt":"2024-11-26T16:33:21","guid":{"rendered":"https:\/\/bnssghealthiertogether.org.uk\/?page_id=34458"},"modified":"2025-01-16T10:03:29","modified_gmt":"2025-01-16T10:03:29","slug":"a-systematic-review-of-parents-carers-needs-and-interventions-to-support-parents-carers-of-young-people-with-mental-health-problems-receiving-mental-health-services-evidence-synthesis-wit","status":"publish","type":"page","link":"https:\/\/bnssghealthiertogether.org.uk\/ro\/integrated-care-board\/research-and-evidence\/our-research-portfolio\/nihr-funded-projects\/a-systematic-review-of-parents-carers-needs-and-interventions-to-support-parents-carers-of-young-people-with-mental-health-problems-receiving-mental-health-services-evidence-synthesis-wit\/","title":{"rendered":"O analiz\u0103 sistematic\u0103 a nevoilor p\u0103rin\u021bilor\/\u00eengrijitorilor \u0219i a interven\u021biilor pentru a sprijini p\u0103rin\u021bii\/\u00eengrijitorii tinerilor cu probleme de s\u0103n\u0103tate mintal\u0103 care primesc servicii de s\u0103n\u0103tate mintal\u0103: sinteza dovezilor cu implicarea p\u0103r\u021bilor interesate pentru a oferi recomand\u0103ri practice"},"content":{"rendered":"<div class=\"assembler_default-group assembler_module_group assembler_default-group_1 assembler_module_group_1\"><div class=\"assembler_module_area assembler_module_area_1\"><div class=\"assembler_text-module assembler_module assembler_text-module_1 assembler_module_1  transparent\"><a tabindex=\"-1\" title=\"Sec\u021biunea intitulat\u0103 modul-1\" id=\"module-1\" href=\"https:\/\/bnssghealthiertogether.org.uk\/ro\/wp-json\/wp\/v2\/pages\/34458\/#module-1\" class=\"anchor\"><span class=\"hidden\">Sec\u021biunea intitulat\u0103 modul-1<\/span><\/a><!-- Template found for text-module - Template: template-text - Matched: _only --><section class=\"w-full mx-auto max-w-content pt-12 sm:pt-24 pb-12 sm:pb-24\">\r\n  <div class=\"entry-content w-full !px-0 max-w-small\">\r\n        <h1>O analiz\u0103 sistematic\u0103 a nevoilor p\u0103rin\u021bilor\/\u00eengrijitorilor \u0219i a interven\u021biilor pentru a sprijini p\u0103rin\u021bii\/\u00eengrijitorii tinerilor cu probleme de s\u0103n\u0103tate mintal\u0103 care primesc servicii de s\u0103n\u0103tate mintal\u0103: sinteza dovezilor cu implicarea p\u0103r\u021bilor interesate pentru a oferi recomand\u0103ri practice.<\/h1>\n<h2><strong>Finan\u021bare:<\/strong><\/h2>\n<p>Acest proiect este finan\u021bat de NIHR Research for Patient Benefit (RfPB), NIHR203023.<\/p>\n<h2>Care este \u00eentrebarea de cercetare?<\/h2>\n<p>Care sunt nevoile p\u0103rin\u021bilor \u0219i \u00eengrijitorilor tinerilor care primesc servicii de s\u0103n\u0103tate mintal\u0103 \u0219i ce abord\u0103ri de interven\u021bie au fost utilizate pentru a r\u0103spunde acestor nevoi?<\/p>\n<p>Ce dovezi exist\u0103 care ne spun c\u00e2t de eficiente sunt aceste interven\u021bii; \u00eembun\u0103t\u0103\u021besc ele bun\u0103starea p\u0103rin\u021bilor \u0219i bun\u0103starea familiilor lor?<\/p>\n<h2>Care este problema?<\/h2>\n<p>Peste 1,25 milioane de copii \u0219i tineri au probleme de s\u0103n\u0103tate mintal\u0103. Mul\u021bi dintre ace\u0219tia au nevoie de sprijin din partea p\u0103rin\u021bilor. \u201cP\u0103rin\u021bi\u201d \u00eenseamn\u0103 orice adult care are rol parental.<\/p>\n<p>A avea un t\u00e2n\u0103r cu probleme de s\u0103n\u0103tate mintal\u0103 poate fi foarte dificil pentru p\u0103rin\u021bi \u0219i \u00eengrijitori; ace\u0219tia ar putea dezvolta ei \u00een\u0219i\u0219i probleme de s\u0103n\u0103tate mintal\u0103. \u00cen plus, rela\u021bia lor cu t\u00e2n\u0103rul lor s-ar putea \u00eenr\u0103ut\u0103\u021bi.<\/p>\n<p>P\u0103rin\u021bii adesea nu \u0219tiu cum s\u0103-\u0219i sprijine cel mai bine t\u00e2n\u0103rul, ceea ce poate afecta s\u0103n\u0103tatea acestuia. De asemenea, poate cre\u0219te nevoia de servicii de s\u0103n\u0103tate mintal\u0103 ale NHS.<\/p>\n<p>Majoritatea serviciilor NHS nu ofer\u0103 sprijin aprofundat p\u0103rin\u021bilor. Serviciile NHS vor s\u0103 \u0219tie de ce au nevoie p\u0103rin\u021bii \u0219i ce \u00eei ajut\u0103 \u00een timp ce sprijin\u0103 un t\u00e2n\u0103r.<\/p>\n<h2>Care este scopul cercet\u0103rii?<\/h2>\n<p>Cercetarea \u00ee\u0219i propune s\u0103 finalizeze o analiz\u0103 sistematic\u0103 a p\u0103rin\u021bilor \u0219i \u00eengrijitorilor care sprijin\u0103 tinerii cu nevoi de s\u0103n\u0103tate mintal\u0103. Analiza \u00ee\u0219i propune s\u0103 ofere recomand\u0103ri practice pentru interven\u021bii menite s\u0103 sprijine p\u0103rin\u021bii \u0219i \u00eengrijitorii.<\/p>\n<h2>Cum se va realiza acest lucru?<\/h2>\n<p>Echipa de cercetare va sintetiza studiile despre nevoile p\u0103rin\u021bilor; acestea vor include ce spun p\u0103rin\u021bii \u0219i m\u0103sur\u0103tori ale depresiei, anxiet\u0103\u021bii, stresului \u0219i altor probleme.<\/p>\n<p>Echipa va analiza \u0219i descrie interven\u021biile care vizeaz\u0103 sprijinirea p\u0103rin\u021bilor. Aceasta include modul \u00een care li se ofer\u0103 informa\u021biile (de exemplu, pliante, grupuri).<\/p>\n<p>Echipa va analiza durata interven\u021biilor \u0219i nevoile pe care le vizeaz\u0103. De asemenea, echipa va analiza \u00een ce m\u0103sur\u0103 interven\u021biile \u00eembun\u0103t\u0103\u021besc starea de spirit a p\u0103rin\u021bilor.<\/p>\n<h2>Cine conduce cercetarea?<\/h2>\n<p>Dr. Faith Martin, psiholog clinician \u0219i specializat \u00een s\u0103n\u0103tate.<\/p>\n<h2>Informa\u021bii suplimentare:<\/h2>\n<p>Pentru mai multe informa\u021bii sau pentru a v\u0103 implica \u00een acest proiect, trimite\u021bi un e-mail la <a href=\"mailto:bnssg.research@nhs.net\">bnssg.research@nhs.net<\/a><\/p>\n  <\/div>\r\n  <\/section><\/div><!-- .assembler_text-module.assembler_module.assembler_text-module_1.assembler_module_1..transparent --><\/div><!-- .assembler_module_area.assembler_module_area_1 --><\/div><!-- .assembler_default-group.assembler_module_group.assembler_default-group_1.assembler_module_group_1  -->","protected":false},"excerpt":{"rendered":"<p>Section titled module-1 A systematic review of parents\u2019\/carers&#8217; needs, and interventions to support parents\/carers of young people with mental health problems receiving mental health services: evidence synthesis with stakeholder engagement to provide practical recommendations. Funding: This project is funded by the NIHR Research for Patient Benefit (RfPB), NIHR203023. What is the research question? What are [&hellip;]<\/p>\n","protected":false},"author":1,"featured_media":0,"parent":32881,"menu_order":0,"comment_status":"closed","ping_status":"closed","template":"","meta":{"_acf_changed":false,"footnotes":""},"tags":[],"class_list":["post-34458","page","type-page","status-publish","hentry"],"acf":[],"_links":{"self":[{"href":"https:\/\/bnssghealthiertogether.org.uk\/ro\/wp-json\/wp\/v2\/pages\/34458","targetHints":{"allow":["GET"]}}],"collection":[{"href":"https:\/\/bnssghealthiertogether.org.uk\/ro\/wp-json\/wp\/v2\/pages"}],"about":[{"href":"https:\/\/bnssghealthiertogether.org.uk\/ro\/wp-json\/wp\/v2\/types\/page"}],"author":[{"embeddable":true,"href":"https:\/\/bnssghealthiertogether.org.uk\/ro\/wp-json\/wp\/v2\/users\/1"}],"replies":[{"embeddable":true,"href":"https:\/\/bnssghealthiertogether.org.uk\/ro\/wp-json\/wp\/v2\/comments?post=34458"}],"version-history":[{"count":3,"href":"https:\/\/bnssghealthiertogether.org.uk\/ro\/wp-json\/wp\/v2\/pages\/34458\/revisions"}],"predecessor-version":[{"id":36099,"href":"https:\/\/bnssghealthiertogether.org.uk\/ro\/wp-json\/wp\/v2\/pages\/34458\/revisions\/36099"}],"up":[{"embeddable":true,"href":"https:\/\/bnssghealthiertogether.org.uk\/ro\/wp-json\/wp\/v2\/pages\/32881"}],"wp:attachment":[{"href":"https:\/\/bnssghealthiertogether.org.uk\/ro\/wp-json\/wp\/v2\/media?parent=34458"}],"wp:term":[{"taxonomy":"post_tag","embeddable":true,"href":"https:\/\/bnssghealthiertogether.org.uk\/ro\/wp-json\/wp\/v2\/tags?post=34458"}],"curies":[{"name":"wp","href":"https:\/\/api.w.org\/{rel}","templated":true}]}}