{"id":34488,"date":"2024-11-26T16:38:03","date_gmt":"2024-11-26T16:38:03","guid":{"rendered":"https:\/\/bnssghealthiertogether.org.uk\/?page_id=34488"},"modified":"2025-01-16T13:14:30","modified_gmt":"2025-01-16T13:14:30","slug":"healthy-minds-healthy-bodies-can-community-weight-loss-services-support-better-mental-health","status":"publish","type":"page","link":"https:\/\/bnssghealthiertogether.org.uk\/ro\/integrated-care-board\/research-and-evidence\/our-research-portfolio\/nihr-funded-projects\/healthy-minds-healthy-bodies-can-community-weight-loss-services-support-better-mental-health\/","title":{"rendered":"Min\u021bi s\u0103n\u0103toase, corpuri s\u0103n\u0103toase: pot serviciile comunitare de sl\u0103bire s\u0103 contribuie la o s\u0103n\u0103tate mintal\u0103 mai bun\u0103?"},"content":{"rendered":"<div class=\"assembler_default-group assembler_module_group assembler_default-group_1 assembler_module_group_1\"><div class=\"assembler_module_area assembler_module_area_1\"><div class=\"assembler_text-module assembler_module assembler_text-module_1 assembler_module_1  transparent\"><a tabindex=\"-1\" title=\"Sec\u021biunea intitulat\u0103 modul-1\" id=\"module-1\" href=\"https:\/\/bnssghealthiertogether.org.uk\/ro\/wp-json\/wp\/v2\/pages\/34488\/#module-1\" class=\"anchor\"><span class=\"hidden\">Sec\u021biunea intitulat\u0103 modul-1<\/span><\/a><!-- Template found for text-module - Template: template-text - Matched: _only --><section class=\"w-full mx-auto max-w-content pt-12 sm:pt-24 pb-12 sm:pb-24\">\r\n  <div class=\"entry-content w-full !px-0 max-w-small\">\r\n        <h1>Min\u021bi s\u0103n\u0103toase, corpuri s\u0103n\u0103toase: pot serviciile comunitare de sl\u0103bire s\u0103 contribuie la o s\u0103n\u0103tate mintal\u0103 mai bun\u0103?<\/h1>\n<p>Un studiu calitativ pentru a \u00een\u021belege modul \u00een care persoanele cu depresie \u0219i afec\u021biuni mintale similare acceseaz\u0103, interac\u021bioneaz\u0103 cu \u0219i experimenteaz\u0103 servicii comunitare de gestionare a greut\u0103\u021bii.<\/p>\n<h2><strong>Finan\u021bare:<\/strong><\/h2>\n<p>Acest proiect este finan\u021bat prin Programul de Cercetare a Politicilor (PRP) al NIHR, NIHR203867.<\/p>\n<h2><strong>Care este problema?<\/strong><\/h2>\n<p>Aproximativ dou\u0103 treimi dintre adul\u021bii din Marea Britanie au o greutate corporal\u0103 peste nivelul s\u0103n\u0103tos. Acest lucru le poate afecta at\u00e2t bun\u0103starea fizic\u0103, c\u00e2t \u0219i cea mental\u0103.<\/p>\n<p>Nu este neobi\u0219nuit ca oamenii s\u0103 experimenteze depresie \u0219i supraponderalitate\/obezitate \u00een acela\u0219i timp, iar unii au descris cum acest lucru poate \u00eengreuna schimbarea stilului de via\u021b\u0103 \u0219i men\u021binerea acesteia.<\/p>\n<p>Multe persoane pot fi sprijinite s\u0103 sl\u0103beasc\u0103 prin accesarea serviciilor comunitare de gestionare a greut\u0103\u021bii. Cu toate acestea, nu \u0219tim cum acceseaz\u0103 \u0219i utilizeaz\u0103 aceste servicii persoanele care tr\u0103iesc cu depresie \u0219i alte afec\u021biuni mintale comune.<\/p>\n<h2><strong>Care este scopul cercet\u0103rii?<\/strong><\/h2>\n<p>Dorim s\u0103 afl\u0103m cum acceseaz\u0103 \u0219i utilizeaz\u0103 servicii de gestionare a greut\u0103\u021bii finan\u021bate public de persoanele care sufer\u0103 de depresie, anxietate sau alte boli mintale comune, cum ar fi tulburarea obsesiv-compulsiv\u0103, tulburarea de panic\u0103 \u0219i tulburarea de stres posttraumatic.<\/p>\n<p>Suntem interesa\u021bi \u00een special de modul \u00een care oamenii afl\u0103 despre aceste servicii, dac\u0103 sunt utile \u0219i cum pot fi \u00eembun\u0103t\u0103\u021bite.<\/p>\n<h2><strong>Cum se va realiza acest lucru?<\/strong><\/h2>\n<p>Vom realiza interviuri cu persoane care tr\u0103iesc cu supraponderalitate\/obezitate \u0219i depresie sau afec\u021biuni mintale similare, precum \u0219i cu profesioni\u0219ti din domeniul s\u0103n\u0103t\u0103\u021bii implica\u021bi \u00een furnizarea de servicii de gestionare a greut\u0103\u021bii.<\/p>\n<p>Vom discuta cu persoane care au folosit servicii comunitare de gestionare a greut\u0103\u021bii \u0219i cu persoane care nu au f\u0103cut-o. Vrem s\u0103 \u00een\u021belegem mai multe despre cum \u0219i de ce oamenii aleg s\u0103 utilizeze aceste servicii \u0219i cum sunt percepute de persoanele care tr\u0103iesc cu afec\u021biuni mintale, cum ar fi depresia.<\/p>\n<p>De asemenea, dorim s\u0103 particip\u0103m la sesiuni de gestionare a greut\u0103\u021bii pentru a \u00een\u021belege mai multe despre cum pot fi \u00eembun\u0103t\u0103\u021bite serviciile.<\/p>\n<p>Vom folosi metode robuste pentru a \u00een\u021belege \u0219i a compara opiniile \u0219i experien\u021bele oamenilor \u0219i pentru a face recomand\u0103ri de \u00eembun\u0103t\u0103\u021bire.<\/p>\n<p>Aceste idei vor fi discutate \u00een cadrul \u00eent\u00e2lnirilor cu cet\u0103\u021benii \u00eenainte de a se elabora un plan privind modul \u00een care ar trebui s\u0103 arate serviciile \u00een viitor. Propunerile vor fi apoi prezentate factorilor de decizie politic\u0103 locali \u0219i na\u021bionali.<\/p>\n<h2><strong>Cine conduce cercetarea?<\/strong><\/h2>\n<p><a href=\"https:\/\/research-information.bris.ac.uk\/en\/persons\/amanda-l-owen-smith\" rel=\"noopener\">Dr. Amanda Owen Smith<\/a>, Lector universitar, Facultatea de Medicin\u0103 din Bristol.<\/p>\n<p>Pentru mai multe informa\u021bii sau pentru a v\u0103 implica \u00een acest proiect, trimite\u021bi un e-mail la <a href=\"mailto:bnssg.research@nhs.net\" target=\"_blank\" rel=\"noopener\">bnssg.research@nhs.net<\/a>.<\/p>\n<p>Opiniile exprimate sunt cele ale autorului (autorilor) \u0219i nu neap\u0103rat cele ale NIHR sau ale Departamentului de S\u0103n\u0103tate \u0219i Asisten\u021b\u0103 Social\u0103.<\/p>\n  <\/div>\r\n  <\/section><\/div><!-- .assembler_text-module.assembler_module.assembler_text-module_1.assembler_module_1..transparent --><\/div><!-- .assembler_module_area.assembler_module_area_1 --><\/div><!-- .assembler_default-group.assembler_module_group.assembler_default-group_1.assembler_module_group_1  -->","protected":false},"excerpt":{"rendered":"<p>Section titled module-1 Healthy minds, healthy bodies: can community weight loss services support better mental health? A qualitative study to understand how people with depression and similar mental health conditions access, engage with and experience community-based weight management services. Funding: This project is funded by the NIHR Policy Research Programme (PRP), NIHR203867. What is the [&hellip;]<\/p>\n","protected":false},"author":1,"featured_media":0,"parent":32881,"menu_order":0,"comment_status":"closed","ping_status":"closed","template":"","meta":{"_acf_changed":false,"footnotes":""},"tags":[],"class_list":["post-34488","page","type-page","status-publish","hentry"],"acf":[],"_links":{"self":[{"href":"https:\/\/bnssghealthiertogether.org.uk\/ro\/wp-json\/wp\/v2\/pages\/34488","targetHints":{"allow":["GET"]}}],"collection":[{"href":"https:\/\/bnssghealthiertogether.org.uk\/ro\/wp-json\/wp\/v2\/pages"}],"about":[{"href":"https:\/\/bnssghealthiertogether.org.uk\/ro\/wp-json\/wp\/v2\/types\/page"}],"author":[{"embeddable":true,"href":"https:\/\/bnssghealthiertogether.org.uk\/ro\/wp-json\/wp\/v2\/users\/1"}],"replies":[{"embeddable":true,"href":"https:\/\/bnssghealthiertogether.org.uk\/ro\/wp-json\/wp\/v2\/comments?post=34488"}],"version-history":[{"count":3,"href":"https:\/\/bnssghealthiertogether.org.uk\/ro\/wp-json\/wp\/v2\/pages\/34488\/revisions"}],"predecessor-version":[{"id":36121,"href":"https:\/\/bnssghealthiertogether.org.uk\/ro\/wp-json\/wp\/v2\/pages\/34488\/revisions\/36121"}],"up":[{"embeddable":true,"href":"https:\/\/bnssghealthiertogether.org.uk\/ro\/wp-json\/wp\/v2\/pages\/32881"}],"wp:attachment":[{"href":"https:\/\/bnssghealthiertogether.org.uk\/ro\/wp-json\/wp\/v2\/media?parent=34488"}],"wp:term":[{"taxonomy":"post_tag","embeddable":true,"href":"https:\/\/bnssghealthiertogether.org.uk\/ro\/wp-json\/wp\/v2\/tags?post=34488"}],"curies":[{"name":"wp","href":"https:\/\/api.w.org\/{rel}","templated":true}]}}