{"id":34506,"date":"2024-11-26T16:40:40","date_gmt":"2024-11-26T16:40:40","guid":{"rendered":"https:\/\/bnssghealthiertogether.org.uk\/?page_id=34506"},"modified":"2025-01-16T22:02:37","modified_gmt":"2025-01-16T22:02:37","slug":"increasing-parental-vaccine-confidence-and-young-peoples-access-to-the-universal-human-papillomavirus-hpv-vaccination-programme-a-co-design-study","status":"publish","type":"page","link":"https:\/\/bnssghealthiertogether.org.uk\/ro\/integrated-care-board\/research-and-evidence\/our-research-portfolio\/nihr-funded-projects\/increasing-parental-vaccine-confidence-and-young-peoples-access-to-the-universal-human-papillomavirus-hpv-vaccination-programme-a-co-design-study\/","title":{"rendered":"Cre\u0219terea \u00eencrederii p\u0103rin\u021bilor \u00een vaccinare \u0219i a accesului tinerilor la programul universal de vaccinare \u00eempotriva virusului papiloma uman (HPV): un studiu de co-design."},"content":{"rendered":"<div class=\"assembler_default-group assembler_module_group assembler_default-group_1 assembler_module_group_1\"><div class=\"assembler_module_area assembler_module_area_1\"><div class=\"assembler_text-module assembler_module assembler_text-module_1 assembler_module_1  transparent\"><a tabindex=\"-1\" title=\"Sec\u021biunea intitulat\u0103 modul-1\" id=\"module-1\" href=\"https:\/\/bnssghealthiertogether.org.uk\/ro\/wp-json\/wp\/v2\/pages\/34506\/#module-1\" class=\"anchor\"><span class=\"hidden\">Sec\u021biunea intitulat\u0103 modul-1<\/span><\/a><!-- Template found for text-module - Template: template-text - Matched: _only --><section class=\"w-full mx-auto max-w-content pt-12 sm:pt-24 pb-12 sm:pb-24\">\r\n  <div class=\"entry-content w-full !px-0 max-w-small\">\r\n        <h1>Cre\u0219terea \u00eencrederii p\u0103rin\u021bilor \u00een vaccinare \u0219i a accesului tinerilor la programul universal de vaccinare \u00eempotriva virusului papiloma uman (HPV): un studiu de co-design.<\/h1>\n<h2>Finan\u021bare<\/h2>\n<p>Institutul Na\u021bional pentru Cercetare \u00een S\u0103n\u0103tate \u0219i \u00cengrijire (NIHR), Cercetare \u00een Beneficiul Pacientului (RfPB).<\/p>\n<h2><strong>Care este problema?<\/strong><\/h2>\n<p>Infec\u021bia cu HPV poate duce la cancere care afecteaz\u0103 at\u00e2t b\u0103rba\u021bii, c\u00e2t \u0219i femeile. Programul de vaccinare \u00eempotriva HPV este oferit tinerilor din clasa a VIII-a.<\/p>\n<p>Este posibil ca unii tineri s\u0103 nu primeasc\u0103 vaccinul deoarece formularul lor de consim\u021b\u0103m\u00e2nt nu a fost returnat. Al\u021bi p\u0103rin\u021bi pot refuza vaccinul HPV pentru copilul lor adolescent deoarece consider\u0103 c\u0103 vaccinul este nesigur sau inutil.<\/p>\n<p>\u00cembun\u0103t\u0103\u021birea modului \u00een care p\u0103rin\u021bii afl\u0103 despre vaccinul \u00eempotriva HPV \u0219i despre locurile unde se poate vaccina ar putea ajuta mai mul\u021bi tineri s\u0103 se imunizeze. Cu toate acestea, \u00een prezent exist\u0103 pu\u021bine dovezi cu privire la cea mai bun\u0103 modalitate de a face acest lucru.<\/p>\n<h2><strong>Care este scopul cercet\u0103rii?<\/strong><\/h2>\n<p>S\u0103 se conceap\u0103 \u00eempreun\u0103 cu p\u0103rin\u021bii o interven\u021bie care s\u0103 sporeasc\u0103 \u00eencrederea acestora \u00een vaccinare \u0219i s\u0103 \u00eei ajute pe tineri s\u0103 primeasc\u0103 mai u\u0219or vaccinul \u00eempotriva virusului papiloma uman (HPV).<\/p>\n<h2><strong>Cum se va realiza acest lucru?<\/strong><\/h2>\n<p>Cercetarea propus\u0103 are dou\u0103 p\u0103r\u021bi. \u00cen prima parte, vom intervieva p\u0103rin\u021bi care nu \u0219i-au dat consim\u021b\u0103m\u00e2ntul pentru ca adolescentul lor s\u0103 fie vaccinat \u00eempotriva HPV \u0219i profesioni\u0219ti cheie din domeniul s\u0103n\u0103t\u0103\u021bii.<\/p>\n<p>\u00cen timpul interviului, \u00eei vom \u00eentreba pe p\u0103rin\u021bi de ce adolescentul lor nu a fost vaccinat, cum putem \u00eembun\u0103t\u0103\u021bi modul \u00een care p\u0103rin\u021bii afl\u0103 despre vaccinul \u00eempotriva HPV \u0219i cum le putem facilita copiilor lor adolescen\u021bi vaccinarea \u00eempotriva HPV. Apoi, vom concepe un plan de interven\u021bie \u00een func\u021bie de ceea ce spun ei.<\/p>\n<p>\u00cen a doua parte a studiului, noi materiale de comunicare \u00een diferite limbi vor fi concepute \u00een comun cu un designer creativ \u0219i p\u0103rin\u021bii care nu \u0219i-au dat consim\u021b\u0103m\u00e2ntul pentru copiii lor adolescen\u021bi.<\/p>\n<p>Vor fi organizate o serie de ateliere pentru a solicita feedback \u0219i a modifica planul de interven\u021bie \u0219i materialele de comunicare \u00een func\u021bie de ceea ce spun ace\u0219tia. Acestea pot fi testate \u00eentr-un studiu viitor pentru a vedea dac\u0103 sporesc \u00eencrederea p\u0103rin\u021bilor \u00een vaccinare \u0219i ajut\u0103 mai mul\u021bi tineri s\u0103 primeasc\u0103 vaccinul \u00eempotriva HPV.<\/p>\n<p>Vom lucra cu grupuri de p\u0103rin\u021bi \u0219i tineri pentru a decide cea mai bun\u0103 modalitate de a \u00eemp\u0103rt\u0103\u0219i rezultatele studiului nostru. Vom rezuma rezultatele \u00een diferite limbi pentru a le \u00eemp\u0103rt\u0103\u0219i cu p\u0103rin\u021bii care au participat la studiu.<\/p>\n<p>De asemenea, vom \u00eemp\u0103rt\u0103\u0219i descoperirile noastre cu al\u021bi cercet\u0103tori \u0219i profesioni\u0219ti din domeniul s\u0103n\u0103t\u0103\u021bii prin intermediul conferin\u021belor \u0219i publica\u021biilor \u00een reviste \u0219tiin\u021bifice.<\/p>\n<h2><strong>Cine conduce cercetarea?<\/strong><\/h2>\n<p>Dr. Harriet Fisher, cercet\u0103tor tehnic, Universitatea din Bristol.<\/p>\n<h2>Informa\u021bii suplimentare:<\/h2>\n<p>Pentru mai multe informa\u021bii sau pentru a v\u0103 implica \u00een acest proiect, trimite\u021bi un e-mail la <a href=\"mailto:bnssg.research@nhs.net\" target=\"_blank\" rel=\"noopener\">bnssg.research@nhs.net<\/a>.<\/p>\n<p>Opiniile exprimate sunt cele ale autorului (autorilor) \u0219i nu neap\u0103rat cele ale NIHR sau ale Departamentului de S\u0103n\u0103tate \u0219i Asisten\u021b\u0103 Social\u0103.<\/p>\n  <\/div>\r\n  <\/section><\/div><!-- .assembler_text-module.assembler_module.assembler_text-module_1.assembler_module_1..transparent --><\/div><!-- .assembler_module_area.assembler_module_area_1 --><\/div><!-- .assembler_default-group.assembler_module_group.assembler_default-group_1.assembler_module_group_1  -->","protected":false},"excerpt":{"rendered":"<p>Section titled module-1 Increasing parental vaccine confidence and young people\u2019s access to the universal human papillomavirus (HPV) vaccination programme: a co-design study. Funding National Institute for Health and Care Research (NIHR), Research for Patient Benefit (RfPB). What is the problem? Infection with HPV can lead to cancers affecting both men and women. The HPV vaccination [&hellip;]<\/p>\n","protected":false},"author":1,"featured_media":0,"parent":32881,"menu_order":0,"comment_status":"closed","ping_status":"closed","template":"","meta":{"_acf_changed":false,"footnotes":""},"tags":[],"class_list":["post-34506","page","type-page","status-publish","hentry"],"acf":[],"_links":{"self":[{"href":"https:\/\/bnssghealthiertogether.org.uk\/ro\/wp-json\/wp\/v2\/pages\/34506","targetHints":{"allow":["GET"]}}],"collection":[{"href":"https:\/\/bnssghealthiertogether.org.uk\/ro\/wp-json\/wp\/v2\/pages"}],"about":[{"href":"https:\/\/bnssghealthiertogether.org.uk\/ro\/wp-json\/wp\/v2\/types\/page"}],"author":[{"embeddable":true,"href":"https:\/\/bnssghealthiertogether.org.uk\/ro\/wp-json\/wp\/v2\/users\/1"}],"replies":[{"embeddable":true,"href":"https:\/\/bnssghealthiertogether.org.uk\/ro\/wp-json\/wp\/v2\/comments?post=34506"}],"version-history":[{"count":4,"href":"https:\/\/bnssghealthiertogether.org.uk\/ro\/wp-json\/wp\/v2\/pages\/34506\/revisions"}],"predecessor-version":[{"id":36164,"href":"https:\/\/bnssghealthiertogether.org.uk\/ro\/wp-json\/wp\/v2\/pages\/34506\/revisions\/36164"}],"up":[{"embeddable":true,"href":"https:\/\/bnssghealthiertogether.org.uk\/ro\/wp-json\/wp\/v2\/pages\/32881"}],"wp:attachment":[{"href":"https:\/\/bnssghealthiertogether.org.uk\/ro\/wp-json\/wp\/v2\/media?parent=34506"}],"wp:term":[{"taxonomy":"post_tag","embeddable":true,"href":"https:\/\/bnssghealthiertogether.org.uk\/ro\/wp-json\/wp\/v2\/tags?post=34506"}],"curies":[{"name":"wp","href":"https:\/\/api.w.org\/{rel}","templated":true}]}}