{"id":34515,"date":"2024-11-26T16:42:05","date_gmt":"2024-11-26T16:42:05","guid":{"rendered":"https:\/\/bnssghealthiertogether.org.uk\/?page_id=34515"},"modified":"2025-01-16T22:12:06","modified_gmt":"2025-01-16T22:12:06","slug":"p-risk-the-feasibility-and-implementation-of-a-psychosis-risk-prediction-algorithm-p-risk-for-use-in-primary-care","status":"publish","type":"page","link":"https:\/\/bnssghealthiertogether.org.uk\/ro\/integrated-care-board\/research-and-evidence\/our-research-portfolio\/nihr-funded-projects\/p-risk-the-feasibility-and-implementation-of-a-psychosis-risk-prediction-algorithm-p-risk-for-use-in-primary-care\/","title":{"rendered":"Risc P: Fezabilitatea \u0219i implementarea unui algoritm de predic\u021bie a riscului de psihoz\u0103 (Risc P) pentru utilizare \u00een asisten\u021ba medical\u0103 primar\u0103."},"content":{"rendered":"<div class=\"assembler_default-group assembler_module_group assembler_default-group_1 assembler_module_group_1\"><div class=\"assembler_module_area assembler_module_area_1\"><div class=\"assembler_text-module assembler_module assembler_text-module_1 assembler_module_1  transparent\"><a tabindex=\"-1\" title=\"Sec\u021biunea intitulat\u0103 modul-1\" id=\"module-1\" href=\"https:\/\/bnssghealthiertogether.org.uk\/ro\/wp-json\/wp\/v2\/pages\/34515\/#module-1\" class=\"anchor\"><span class=\"hidden\">Sec\u021biunea intitulat\u0103 modul-1<\/span><\/a><!-- Template found for text-module - Template: template-text - Matched: _only --><section class=\"w-full mx-auto max-w-content pt-12 sm:pt-24 pb-12 sm:pb-24\">\r\n  <div class=\"entry-content w-full !px-0 max-w-small\">\r\n        <article class=\"page_content\">\n<h1>Fezabilitatea \u0219i implementarea unui algoritm de predic\u021bie a riscului de psihoz\u0103 (P Risk) pentru utilizare \u00een asisten\u021ba medical\u0103 primar\u0103<\/h1>\n<h2><\/h2>\n<h2 class=\"page_content__inner\">Finan\u021bare<\/h2>\n<\/article>\n<p>Institutul Na\u021bional pentru S\u0103n\u0103tate (NIHR) Cercetare \u00een Domeniul Serviciilor \u0219i Furniz\u0103rii de Servicii Medicale (HS&amp;DR) Ref. NIHR130547.<\/p>\n<h2>Care este \u00eentrebarea de cercetare?<\/h2>\n<p>Poate fi implementat algoritmul de predic\u021bie a riscului P pe computerele din asisten\u021ba medical\u0103 primar\u0103? Care este acceptabilitatea riscului P pentru p\u0103r\u021bile interesate?<\/p>\n<h2>Care este problema?<\/h2>\n<p>Psihoza este o boal\u0103 mintal\u0103 grav\u0103 \u0219i de lung\u0103 durat\u0103. Simptomele includ halucina\u021bii \u0219i g\u00e2nduri ciudate, fixe, numite iluzii.<\/p>\n<p>Tratarea psihozei cost\u0103 NHS aproximativ 2 miliarde de lire sterline pe an. Psihoza poate fi devastatoare pentru cei care sufer\u0103 de ea \u0219i pentru familiile acestora. \u00cen plus, rezultatele sunt adesea slabe, multe persoane \u00eemboln\u0103vindu-se din nou dup\u0103 recuperare.<\/p>\n<p>Doar aproximativ 20% dintre persoanele cu psihoz\u0103 au un loc de munc\u0103 pl\u0103tit \u0219i multe au o calitate a vie\u021bii precar\u0103. Exist\u0103 dovezi conving\u0103toare c\u0103 scurtarea duratei psihozei netratate \u00eembun\u0103t\u0103\u021be\u0219te rezultatele, dar identificarea pacien\u021bilor cu risc s-a dovedit dificil\u0103.<\/p>\n<p>Medicii de familie au subliniat c\u0103 poate fi dificil s\u0103 se identifice pacien\u021bii care prezint\u0103 risc de psihoz\u0103, deoarece multe dintre semnele timpurii sunt nespecifice, iar lipsa continuit\u0103\u021bii \u00eengrijirii \u00eenseamn\u0103 c\u0103 micile schimb\u0103ri \u00een s\u0103n\u0103tatea mintal\u0103 a pacien\u021bilor cu risc de psihoz\u0103 pot fi trecute cu vederea.<\/p>\n<h2>Care este scopul cercet\u0103rii?<\/h2>\n<p>Echipa de studiu a dezvoltat un algoritm de predic\u021bie a riscului care produce un scor de risc de psihoz\u0103 folosind istoricul consulta\u021biilor stocat \u00een sistemul informatic al asisten\u021bei medicale primare. Instrumentul a fost validat intern \u0219i extern \u0219i este precis din punct de vedere statistic.<\/p>\n<p>\u00cen timpul acestui proiect, echipa de studiu va evalua dac\u0103 instrumentul func\u021bioneaz\u0103 \u00een lumea real\u0103 pe computerele medicilor de familie \u0219i va colecta opiniile medicilor de familie \u0219i ale pacien\u021bilor, precum \u0219i feedback-ul personalului din domeniul s\u0103n\u0103t\u0103\u021bii mintale, pentru a determina acceptabilitatea instrumentului.<\/p>\n<h2>Cum se va realiza acest lucru?<\/h2>\n<p>Echipa studiului P Risk va colabora cu furnizorul de software pentru dosare medicale de asisten\u021b\u0103 medical\u0103 primar\u0103 pentru a instala P Risk pe software-ul lor. Echipa va colecta, de asemenea, date despre num\u0103rul de trimiteri pentru o evaluare a psihozei efectuate de medicii de familie din zonele ICB din Bristol, Camden \u0219i Islington \u0219i rezultatul acestor trimiteri.<\/p>\n<p>Acurate\u021bea statistic\u0103 a P Risk va fi, de asemenea, investigat\u0103 folosind date ICB. Se vor organiza grupuri de discu\u021bii \u0219i interviuri cu medici, pacien\u021bi \u0219i \u00eengrijitori pentru a explora opiniile lor cu privire la acceptabilitatea, valoarea poten\u021bial\u0103 \u0219i implica\u021biile utiliz\u0103rii P Risk \u00een medicina general\u0103.<\/p>\n<h2>Cine conduce cercetarea?<\/h2>\n<p><a href=\"https:\/\/research-information.bris.ac.uk\/en\/persons\/sarah-a-sullivan\" rel=\"noopener\">Dr. Sarah A. Sullivan<\/a>, Cercet\u0103tor senior (epidemiolog psihiatric), Facultatea de Medicin\u0103 din Bristol (PHS).<\/p>\n<h2>Informa\u021bii suplimentare<\/h2>\n<p>Pentru mai multe informa\u021bii sau pentru a v\u0103 implica \u00een acest proiect, trimite\u021bi un e-mail la <a href=\"mailto:bnssg.research@nhs.net\">bnssg.research@nhs.net<\/a>.<\/p>\n<p>Opiniile exprimate sunt cele ale autorului (autorilor) \u0219i nu neap\u0103rat cele ale NIHR sau ale Departamentului de S\u0103n\u0103tate \u0219i Asisten\u021b\u0103 Social\u0103.<\/p>\n  <\/div>\r\n  <\/section><\/div><!-- .assembler_text-module.assembler_module.assembler_text-module_1.assembler_module_1..transparent --><\/div><!-- .assembler_module_area.assembler_module_area_1 --><\/div><!-- .assembler_default-group.assembler_module_group.assembler_default-group_1.assembler_module_group_1  -->","protected":false},"excerpt":{"rendered":"<p>Section titled module-1 The feasibility and implementation of a psychosis risk prediction algorithm (P Risk) for use in primary care Funding National Institute for Health (NIHR) Health Service &amp; Delivery Research (HS&amp;DR) Ref. NIHR130547. What is the research question? Can the P Risk prediction algorithm be implemented on Primary Care computers? What is the acceptability [&hellip;]<\/p>\n","protected":false},"author":1,"featured_media":0,"parent":32881,"menu_order":0,"comment_status":"closed","ping_status":"closed","template":"","meta":{"_acf_changed":false,"footnotes":""},"tags":[],"class_list":["post-34515","page","type-page","status-publish","hentry"],"acf":[],"_links":{"self":[{"href":"https:\/\/bnssghealthiertogether.org.uk\/ro\/wp-json\/wp\/v2\/pages\/34515","targetHints":{"allow":["GET"]}}],"collection":[{"href":"https:\/\/bnssghealthiertogether.org.uk\/ro\/wp-json\/wp\/v2\/pages"}],"about":[{"href":"https:\/\/bnssghealthiertogether.org.uk\/ro\/wp-json\/wp\/v2\/types\/page"}],"author":[{"embeddable":true,"href":"https:\/\/bnssghealthiertogether.org.uk\/ro\/wp-json\/wp\/v2\/users\/1"}],"replies":[{"embeddable":true,"href":"https:\/\/bnssghealthiertogether.org.uk\/ro\/wp-json\/wp\/v2\/comments?post=34515"}],"version-history":[{"count":3,"href":"https:\/\/bnssghealthiertogether.org.uk\/ro\/wp-json\/wp\/v2\/pages\/34515\/revisions"}],"predecessor-version":[{"id":36167,"href":"https:\/\/bnssghealthiertogether.org.uk\/ro\/wp-json\/wp\/v2\/pages\/34515\/revisions\/36167"}],"up":[{"embeddable":true,"href":"https:\/\/bnssghealthiertogether.org.uk\/ro\/wp-json\/wp\/v2\/pages\/32881"}],"wp:attachment":[{"href":"https:\/\/bnssghealthiertogether.org.uk\/ro\/wp-json\/wp\/v2\/media?parent=34515"}],"wp:term":[{"taxonomy":"post_tag","embeddable":true,"href":"https:\/\/bnssghealthiertogether.org.uk\/ro\/wp-json\/wp\/v2\/tags?post=34515"}],"curies":[{"name":"wp","href":"https:\/\/api.w.org\/{rel}","templated":true}]}}