{"id":34518,"date":"2024-11-26T16:42:32","date_gmt":"2024-11-26T16:42:32","guid":{"rendered":"https:\/\/bnssghealthiertogether.org.uk\/?page_id=34518"},"modified":"2025-01-16T22:15:13","modified_gmt":"2025-01-16T22:15:13","slug":"phirst-public-health-intervention-responsive-studies-team","status":"publish","type":"page","link":"https:\/\/bnssghealthiertogether.org.uk\/ro\/integrated-care-board\/research-and-evidence\/our-research-portfolio\/nihr-funded-projects\/phirst-public-health-intervention-responsive-studies-team\/","title":{"rendered":"PHIRST: Echipa de studii responsive la interven\u021bia \u00een s\u0103n\u0103tate public\u0103"},"content":{"rendered":"<div class=\"assembler_default-group assembler_module_group assembler_default-group_1 assembler_module_group_1\"><div class=\"assembler_module_area assembler_module_area_1\"><div class=\"assembler_text-module assembler_module assembler_text-module_1 assembler_module_1  transparent\"><a tabindex=\"-1\" title=\"Sec\u021biunea intitulat\u0103 modul-1\" id=\"module-1\" href=\"https:\/\/bnssghealthiertogether.org.uk\/ro\/wp-json\/wp\/v2\/pages\/34518\/#module-1\" class=\"anchor\"><span class=\"hidden\">Sec\u021biunea intitulat\u0103 modul-1<\/span><\/a><!-- Template found for text-module - Template: template-text - Matched: _only --><section class=\"w-full mx-auto max-w-content pt-12 sm:pt-24 pb-12 sm:pb-24\">\r\n  <div class=\"entry-content w-full !px-0 max-w-small\">\r\n        <header class=\"local_header\">\n<div class=\"local_header__inner\">\n<h1 class=\"local_header__title\">PHIRST: Echipa de studii responsive la interven\u021bia \u00een s\u0103n\u0103tate public\u0103<\/h1>\n<\/div>\n<\/header>\n<p>&nbsp;<\/p>\n<h2>Finan\u021bare<\/h2>\n<p>Institutul Na\u021bional pentru Cercetare \u00een S\u0103n\u0103tate \u0219i \u00cengrijire (NIHR), Cercetare \u00een S\u0103n\u0103tate Public\u0103 (PHR) Ref.NIHR131567.<\/p>\n<article class=\"page_content\"><\/article>\n<h2>Care este \u00eentrebarea de cercetare?<\/h2>\n<p>Aceast\u0103 finan\u021bare este destinat\u0103 unei echipe de cercet\u0103tori care pot fi deta\u0219a\u021bi pentru a studia\/evalua mai multe interven\u021bii diferite \u00een s\u0103n\u0103tatea public\u0103.<\/p>\n<h2>Care este problema?<\/h2>\n<p>S\u0103n\u0103tatea public\u0103 acoper\u0103 orice activitate sau \u2018interven\u021bie\u2019 care ajut\u0103 oamenii s\u0103 duc\u0103 o via\u021b\u0103 mai s\u0103n\u0103toas\u0103 sau \u00eei \u00eempiedic\u0103 s\u0103 se \u00eemboln\u0103veasc\u0103 de boli precum cancerul sau \u2018gripa\u201d. Avem nevoie de cercetare de \u00eenalt\u0103 calitate pentru a \u00eembun\u0103t\u0103\u021bi s\u0103n\u0103tatea public\u0103 \u0219i a men\u021bine pe toat\u0103 lumea c\u00e2t mai s\u0103n\u0103toas\u0103 posibil, indiferent de mediul sau situa\u021bia sa.<\/p>\n<p>Autorit\u0103\u021bile locale \u0219i alte grupuri, cum ar fi organiza\u021biile caritabile, au un rol important de jucat \u00een s\u0103n\u0103tatea public\u0103. Schema PHIRST a Institutului Na\u021bional pentru Cercet\u0103ri \u00een S\u0103n\u0103tate (NIHR) dore\u0219te s\u0103 le ajute s\u0103 realizeze acest lucru prin finan\u021barea unor echipe de cercet\u0103tori academici care s\u0103 lucreze cu ele.<\/p>\n<p>Un grup de cadre universitare care lucreaz\u0103 la universit\u0103\u021bile din Bristol \u0219i Cardiff va colabora cu autorit\u0103\u021bile locale \u0219i cu publicul pentru a planifica \u0219i a realiza cercet\u0103ri care vor oferi informa\u021bii despre ce func\u021bioneaz\u0103 cel mai bine pentru a \u00eembun\u0103t\u0103\u021bi s\u0103n\u0103tatea oamenilor.<\/p>\n<h2>Care este scopul cercet\u0103rii?<\/h2>\n<p>NIHR va dori probabil s\u0103 cercet\u0103m \u0219ase interven\u021bii diferite ale autorit\u0103\u021bilor locale sau de alt\u0103 natur\u0103 \u00een domeniul s\u0103n\u0103t\u0103\u021bii publice pe parcursul a trei ani pentru a vedea dac\u0103 func\u021bioneaz\u0103 bine.<\/p>\n<p>Pentru fiecare interven\u021bie, vom stabili ce organiza\u021bii \u0219i parteneri publici trebuie implica\u021bi \u0219i vom elabora un scurt plan de cercetare.<\/p>\n<p>Odat\u0103 ce NIHR va fi de acord c\u0103 planul nostru poate fi demarat, vom \u00eenfiin\u021ba un grup pentru gestionarea studiului, format din cercet\u0103tori, profesioni\u0219ti din domeniul s\u0103n\u0103t\u0103\u021bii publice \u0219i parteneri publici.<\/p>\n<p>Acest grup ar colabora pentru a dezvolta un plan de cercetare detaliat, a desf\u0103\u0219ura cercetarea \u0219i a distribui rezultatele pe scar\u0103 larg\u0103. Un grup de management al programului, format din cercet\u0103tori, profesioni\u0219ti din domeniul s\u0103n\u0103t\u0103\u021bii \u0219i parteneri publici, ar supraveghea progresul general al tuturor studiilor.<\/p>\n<h2>Cum se va realiza acest lucru?<\/h2>\n<p>La universit\u0103\u021bile din Bristol \u0219i Cardiff, exist\u0103 o gam\u0103 larg\u0103 de experien\u021b\u0103 \u0219i cuno\u0219tin\u021be care acoper\u0103 toate domeniile importante pentru s\u0103n\u0103tatea public\u0103. Acestea includ problemele legate de alcool, renun\u021barea la fumat, s\u0103n\u0103tatea mintal\u0103 \u0219i men\u021binerea s\u0103n\u0103t\u0103\u021bii mai t\u00e2rziu \u00een via\u021b\u0103.<\/p>\n<p>Cadrele universitare au, de asemenea, experien\u021b\u0103 \u00een diferitele metode de cercetare necesare, cum ar fi statistica \u0219i economia. Echipa are leg\u0103turi bune cu al\u021bi cercet\u0103tori \u00een s\u0103n\u0103tate public\u0103 din Regatul Unit, care pot oferi consultan\u021b\u0103 de specialitate. Echipa are, de asemenea, experien\u021b\u0103 \u00een politicile \u0219i practica de s\u0103n\u0103tate public\u0103 \u00een Anglia, \u021aara Galilor, Sco\u021bia \u0219i Irlanda de Nord.<\/p>\n<p>Universit\u0103\u021bile noastre preg\u0103tesc numeroase persoane pentru a lucra \u00een cercetarea \u0219i practica s\u0103n\u0103t\u0103\u021bii publice \u0219i vor folosi aceast\u0103 experien\u021b\u0103 pentru a instrui persoanele cu care lucr\u0103m din administra\u021bia local\u0103 \u0219i din alte grupuri.<\/p>\n<p>Cercet\u0103rile anterioare ale acestor grupuri au condus la schimb\u0103ri care \u00eembun\u0103t\u0103\u021besc practica de s\u0103n\u0103tate public\u0103.<\/p>\n<p>Acest lucru se va realiza pentru studiile PHIRST prin partajarea rezultatelor \u00een diverse forme, inclusiv inform\u0103ri de politici, webinarii, prezent\u0103ri la conferin\u021be, videoclipuri, bloguri \u0219i articole academice. Echipa PHIRST se va \u00eent\u00e2lni \u0219i va discuta, de asemenea, cu factorii de decizie, astfel \u00eenc\u00e2t ace\u0219tia s\u0103 \u0219tie ce schimb\u0103ri sunt necesare pe baza cercet\u0103rii. Partenerii publici vor fi implica\u021bi pentru a se asigura c\u0103 rezultatele sunt disponibile pe scar\u0103 larg\u0103 publicului, \u00een moduri u\u0219or de \u00een\u021beles.<\/p>\n<h2>Cine conduce cercetarea?<\/h2>\n<p>Prof. Rona Campbell, profesor de cercetare \u00een s\u0103n\u0103tate public\u0103, \u0218tiin\u021be ale s\u0103n\u0103t\u0103\u021bii popula\u021biei, Universitatea din Bristol.<\/p>\n<h2>Informa\u021bii suplimentare:<\/h2>\n<p><a href=\"https:\/\/fundingawards.nihr.ac.uk\/award\/NIHR131567\" target=\"_blank\" rel=\"nofollow noopener\">Despre aceast\u0103 cercetare<\/a><\/p>\n<p>Pentru mai multe informa\u021bii sau pentru a v\u0103 implica \u00een acest proiect, trimite\u021bi un e-mail la <a href=\"mailto:bnssg.research@nhs.net\" target=\"_blank\" rel=\"noopener\">bnssg.research@nhs.net<\/a>.<\/p>\n<p>Opiniile exprimate sunt cele ale autorului (autorilor) \u0219i nu neap\u0103rat cele ale NIHR sau ale Departamentului de S\u0103n\u0103tate \u0219i Asisten\u021b\u0103 Social\u0103.<\/p>\n  <\/div>\r\n  <\/section><\/div><!-- .assembler_text-module.assembler_module.assembler_text-module_1.assembler_module_1..transparent --><\/div><!-- .assembler_module_area.assembler_module_area_1 --><\/div><!-- .assembler_default-group.assembler_module_group.assembler_default-group_1.assembler_module_group_1  -->","protected":false},"excerpt":{"rendered":"<p>Section titled module-1 PHIRST: Public Health Intervention Responsive Studies Team &nbsp; Funding National Institute for Health and Care Research (NIHR), Public Health Research (PHR) Ref.NIHR131567. What is the research question? This funding is for a team of researchers who can be deployed to study\/evaluate several different interventions in public health. What is the problem? Public [&hellip;]<\/p>\n","protected":false},"author":1,"featured_media":0,"parent":32881,"menu_order":0,"comment_status":"closed","ping_status":"closed","template":"","meta":{"_acf_changed":false,"footnotes":""},"tags":[],"class_list":["post-34518","page","type-page","status-publish","hentry"],"acf":[],"_links":{"self":[{"href":"https:\/\/bnssghealthiertogether.org.uk\/ro\/wp-json\/wp\/v2\/pages\/34518","targetHints":{"allow":["GET"]}}],"collection":[{"href":"https:\/\/bnssghealthiertogether.org.uk\/ro\/wp-json\/wp\/v2\/pages"}],"about":[{"href":"https:\/\/bnssghealthiertogether.org.uk\/ro\/wp-json\/wp\/v2\/types\/page"}],"author":[{"embeddable":true,"href":"https:\/\/bnssghealthiertogether.org.uk\/ro\/wp-json\/wp\/v2\/users\/1"}],"replies":[{"embeddable":true,"href":"https:\/\/bnssghealthiertogether.org.uk\/ro\/wp-json\/wp\/v2\/comments?post=34518"}],"version-history":[{"count":3,"href":"https:\/\/bnssghealthiertogether.org.uk\/ro\/wp-json\/wp\/v2\/pages\/34518\/revisions"}],"predecessor-version":[{"id":36168,"href":"https:\/\/bnssghealthiertogether.org.uk\/ro\/wp-json\/wp\/v2\/pages\/34518\/revisions\/36168"}],"up":[{"embeddable":true,"href":"https:\/\/bnssghealthiertogether.org.uk\/ro\/wp-json\/wp\/v2\/pages\/32881"}],"wp:attachment":[{"href":"https:\/\/bnssghealthiertogether.org.uk\/ro\/wp-json\/wp\/v2\/media?parent=34518"}],"wp:term":[{"taxonomy":"post_tag","embeddable":true,"href":"https:\/\/bnssghealthiertogether.org.uk\/ro\/wp-json\/wp\/v2\/tags?post=34518"}],"curies":[{"name":"wp","href":"https:\/\/api.w.org\/{rel}","templated":true}]}}