{"id":34521,"date":"2024-11-26T16:42:59","date_gmt":"2024-11-26T16:42:59","guid":{"rendered":"https:\/\/bnssghealthiertogether.org.uk\/?page_id=34521"},"modified":"2025-01-16T22:19:11","modified_gmt":"2025-01-16T22:19:11","slug":"pragmatic-evaluation-of-effectiveness-and-acceptability-of-the-bristol-medication-review-toolkit-brismed","status":"publish","type":"page","link":"https:\/\/bnssghealthiertogether.org.uk\/ro\/integrated-care-board\/research-and-evidence\/our-research-portfolio\/nihr-funded-projects\/pragmatic-evaluation-of-effectiveness-and-acceptability-of-the-bristol-medication-review-toolkit-brismed\/","title":{"rendered":"Evaluarea pragmatic\u0103 a eficacit\u0103\u021bii \u0219i acceptabilit\u0103\u021bii setului de instrumente Bristol pentru revizuirea medicamentelor (BRISMED)"},"content":{"rendered":"<div class=\"assembler_default-group assembler_module_group assembler_default-group_1 assembler_module_group_1\"><div class=\"assembler_module_area assembler_module_area_1\"><div class=\"assembler_text-module assembler_module assembler_text-module_1 assembler_module_1  transparent\"><a tabindex=\"-1\" title=\"Sec\u021biunea intitulat\u0103 modul-1\" id=\"module-1\" href=\"https:\/\/bnssghealthiertogether.org.uk\/ro\/wp-json\/wp\/v2\/pages\/34521\/#module-1\" class=\"anchor\"><span class=\"hidden\">Sec\u021biunea intitulat\u0103 modul-1<\/span><\/a><!-- Template found for text-module - Template: template-text - Matched: _only --><section class=\"w-full mx-auto max-w-content pt-12 sm:pt-24 pb-12 sm:pb-24\">\r\n  <div class=\"entry-content w-full !px-0 max-w-small\">\r\n        <h1>Evaluarea pragmatic\u0103 a eficacit\u0103\u021bii \u0219i acceptabilit\u0103\u021bii setului de instrumente Bristol pentru revizuirea medicamentelor (BRISMED)<\/h1>\n<h2><strong>Finan\u021bare:<\/strong><\/h2>\n<p>Acest proiect este finan\u021bat prin Programul de Cercetare \u00een Domeniul S\u0103n\u0103t\u0103\u021bii \u0219i Asisten\u021bei Sociale (HSDR) al NIHR, NIHR154205.<\/p>\n<h2>Care este problema?<\/h2>\n<p>\u00cen cadrul unei evalu\u0103ri a medica\u021biei, un pacient se \u00eent\u00e2lne\u0219te cu medicul de familie sau cu farmacistul pentru a discuta despre medicamentele pe care le utilizeaz\u0103. Evalu\u0103rile medica\u021biei sunt importante pentru a verifica dac\u0103 medicamentele pe care le ia un pacient sunt cele potrivite pentru afec\u021biunile sale.<\/p>\n<p>Evalu\u0103rile verific\u0103, de asemenea, dac\u0103 medicamentele sunt utilizate \u00een siguran\u021b\u0103 \u0219i eficient.<\/p>\n<p>Evalu\u0103rile medicamentelor fac parte din \u00eengrijirea medical\u0103 obi\u0219nuit\u0103 pentru persoanele care iau medicamente pe termen lung. Cu toate acestea, cercet\u0103rile arat\u0103 c\u0103 evalu\u0103rile medicamentelor nu \u00eembun\u0103t\u0103\u021besc \u00eentotdeauna \u00eengrijirea.<\/p>\n<p>De asemenea, pacien\u021bii nu sunt \u00eentotdeauna inclu\u0219i \u00een deciziile privind medicamentele lor. Institutul Na\u021bional pentru Excelen\u021b\u0103 \u00een S\u0103n\u0103tate \u0219i \u00cengrijire (NICE) ofer\u0103 consultan\u021b\u0103 \u0219i \u00eendrumare NHS. NICE a afirmat c\u0103 sunt necesare evalu\u0103ri mai bune ale medicamentelor, iar mul\u021bi medici \u0219i farmaci\u0219ti sunt de acord.<\/p>\n<h2>Care este scopul cercet\u0103rii?<\/h2>\n<p>Pentru a \u00eembun\u0103t\u0103\u021bi evalu\u0103rile medicamentelor, cercet\u0103torii de la Universitatea din Bristol au dezvoltat \u201cSetul de instrumente pentru evaluarea medicamentelor \u00een Bristol\u201d. Medici, farmaci\u0219ti, pacien\u021bi \u0219i cercet\u0103tori au lucrat \u00eempreun\u0103 pentru a dezvolta acest set de instrumente.<\/p>\n<p>Setul de instrumente ofer\u0103 medicilor \u0219i farmaci\u0219tilor sfaturi despre cum s\u0103 efectueze o evaluare a medicamentelor. De asemenea, ofer\u0103 pacien\u021bilor sfaturi despre cum s\u0103 profite la maximum de o evaluare.<\/p>\n<p>Acum vrem s\u0103 \u00een\u021belegem dac\u0103 oferirea setului de instrumente Bristol Medication Review c\u0103tre cabinetele medicilor de familie \u00eembun\u0103t\u0103\u021be\u0219te evaluarea medicamentelor. De asemenea, vrem s\u0103 \u00een\u021belegem dac\u0103 pacien\u021bii, medicii \u0219i farmaci\u0219tii consider\u0103 setul de instrumente u\u0219or de utilizat.<\/p>\n<h2>Cum se va realiza acest lucru?<\/h2>\n<p>Proiectul are trei p\u0103r\u021bi:<\/p>\n<p>1. Vom distribui setul de instrumente Bristol Medication Review la aproximativ 500 de cabinete medicale de familie din Regatul Unit \u0219i vom oferi sfaturi cu privire la modul de utilizare a acestuia. Vom discuta cu pacien\u021bii, medicii de familie \u0219i farmaci\u0219tii pentru a ne asigura c\u0103 setul de instrumente este c\u00e2t mai util posibil \u0219i c\u0103 cabinetele \u0219tiu cum s\u0103 \u00eel utilizeze corect.<\/p>\n<p>2. Timp de un an, vom compara utilizarea medicamentelor \u00een cele 500 de cabinete medicale de familie care utilizeaz\u0103 setul de instrumente Bristol cu 500 de cabinete medicale de familie care nu \u00eel utilizeaz\u0103. Vom colecta informa\u021bii \u00eenregistrate de medici \u0219i farmaci\u0219ti \u00een sistemele informatice ale cabinetelor medicale de familie. Dorim s\u0103 afl\u0103m dac\u0103 medicamentele sunt utilizate \u00een siguran\u021b\u0103 \u0219i alte aspecte, cum ar fi num\u0103rul de medicamente administrate pacien\u021bilor. De asemenea, vom c\u0103uta orice alte modific\u0103ri \u00een utilizarea serviciilor de s\u0103n\u0103tate (de exemplu, intern\u0103rile \u00een spital).<\/p>\n<p>3. Vom intervieva pacien\u021bi, medici \u0219i farmaci\u0219ti cu privire la opiniile \u0219i experien\u021bele lor legate de evaluarea medicamentelor. Vom \u00eentreba c\u00e2\u021biva medici \u0219i farmaci\u0219ti despre experien\u021ba lor cu utilizarea setului de instrumente Bristol. Un chestionar va fi trimis unor pacien\u021bi pentru a afla despre experien\u021bele lor legate de evaluarea medicamentelor. De asemenea, vom \u00eenregistra audio unele evalu\u0103ri ale medicamentelor, vom chestiona cabinetele medicilor de familie \u0219i vom colecta informa\u021bii din sistemele lor informatice, pentru a \u00een\u021belege cum efectueaz\u0103 evalu\u0103rile medicamentelor, cu \u0219i f\u0103r\u0103 setul de instrumente.<\/p>\n<p>Rezultatele ne vor ajuta s\u0103 g\u0103sim cea mai bun\u0103 modalitate de a efectua revizuiri ale medicamentelor \u00een viitor. Acest lucru va contribui la asigurarea utiliz\u0103rii sigure \u0219i eficiente a medicamentelor. De asemenea, va asigura implicarea deplin\u0103 a pacien\u021bilor \u00een discu\u021biile despre medicamentele lor.<\/p>\n<p>Dac\u0103 setul de instrumente este util \u0219i u\u0219or de utilizat, va fi simplu s\u0103 fie pus la dispozi\u021bia tuturor cabinetelor medicilor de familie.<\/p>\n<p>Vom \u00eemp\u0103rt\u0103\u0219i concluziile noastre cu medici, farmaci\u0219ti, manageri NHS \u0219i factorii de decizie politic\u0103 (care decid ce servicii de s\u0103n\u0103tate sunt furnizate), precum \u0219i cu al\u021bi cercet\u0103tori.<\/p>\n<p>Pacien\u021bii \u0219i membrii publicului au contribuit la designul cercet\u0103rii \u0219i la setul de instrumente pe care \u00eel test\u0103m. De asemenea, ei vor ajuta la realizarea cercet\u0103rii \u0219i vor \u00eemp\u0103rt\u0103\u0219i descoperirile noastre \u00een moduri pe care toat\u0103 lumea le poate \u00een\u021belege.<\/p>\n<h2>Cine conduce cercetarea?<\/h2>\n<p><a href=\"https:\/\/www.bristol.ac.uk\/people\/person\/Deborah-McCahon-0fdd3797-b3f6-466a-8df6-47ad3703766e\/\" rel=\"noopener\">Dr. Deborah McCahon<\/a>, Cercet\u0103tor tehnic, Universitatea din Bristol \u0219i <a href=\"https:\/\/medicine.exeter.ac.uk\/people\/profile\/index.php?web_id=rupert_payne\" rel=\"noopener\">Profesorul Rupert Payne<\/a>, Profesor de asisten\u021b\u0103 medical\u0103 primar\u0103 \u0219i farmacologie clinic\u0103, Universitatea din Exeter.<\/p>\n<h2>Informa\u021bii suplimentare:<\/h2>\n<p>Pentru mai multe informa\u021bii sau pentru a v\u0103 implica \u00een acest proiect, trimite\u021bi un e-mail la <a href=\"mailto:bnssg.research@nhs.net\">bnssg.research@nhs.net<\/a><\/p>\n  <\/div>\r\n  <\/section><\/div><!-- .assembler_text-module.assembler_module.assembler_text-module_1.assembler_module_1..transparent --><\/div><!-- .assembler_module_area.assembler_module_area_1 --><\/div><!-- .assembler_default-group.assembler_module_group.assembler_default-group_1.assembler_module_group_1  -->","protected":false},"excerpt":{"rendered":"<p>Section titled module-1 Pragmatic Evaluation of Effectiveness and Acceptability of the Bristol Medication Review Toolkit (BRISMED) Funding: This project is funded by the NIHR Health and Social Care Delivery Research (HSDR) Programme, NIHR154205. What is the problem? At a medication review a patient meets a GP or pharmacist to discuss the medicines they are using. [&hellip;]<\/p>\n","protected":false},"author":1,"featured_media":0,"parent":32881,"menu_order":0,"comment_status":"closed","ping_status":"closed","template":"","meta":{"_acf_changed":false,"footnotes":""},"tags":[],"class_list":["post-34521","page","type-page","status-publish","hentry"],"acf":[],"_links":{"self":[{"href":"https:\/\/bnssghealthiertogether.org.uk\/ro\/wp-json\/wp\/v2\/pages\/34521","targetHints":{"allow":["GET"]}}],"collection":[{"href":"https:\/\/bnssghealthiertogether.org.uk\/ro\/wp-json\/wp\/v2\/pages"}],"about":[{"href":"https:\/\/bnssghealthiertogether.org.uk\/ro\/wp-json\/wp\/v2\/types\/page"}],"author":[{"embeddable":true,"href":"https:\/\/bnssghealthiertogether.org.uk\/ro\/wp-json\/wp\/v2\/users\/1"}],"replies":[{"embeddable":true,"href":"https:\/\/bnssghealthiertogether.org.uk\/ro\/wp-json\/wp\/v2\/comments?post=34521"}],"version-history":[{"count":3,"href":"https:\/\/bnssghealthiertogether.org.uk\/ro\/wp-json\/wp\/v2\/pages\/34521\/revisions"}],"predecessor-version":[{"id":36169,"href":"https:\/\/bnssghealthiertogether.org.uk\/ro\/wp-json\/wp\/v2\/pages\/34521\/revisions\/36169"}],"up":[{"embeddable":true,"href":"https:\/\/bnssghealthiertogether.org.uk\/ro\/wp-json\/wp\/v2\/pages\/32881"}],"wp:attachment":[{"href":"https:\/\/bnssghealthiertogether.org.uk\/ro\/wp-json\/wp\/v2\/media?parent=34521"}],"wp:term":[{"taxonomy":"post_tag","embeddable":true,"href":"https:\/\/bnssghealthiertogether.org.uk\/ro\/wp-json\/wp\/v2\/tags?post=34521"}],"curies":[{"name":"wp","href":"https:\/\/api.w.org\/{rel}","templated":true}]}}