{"id":34538,"date":"2024-11-26T16:45:21","date_gmt":"2024-11-26T16:45:21","guid":{"rendered":"https:\/\/bnssghealthiertogether.org.uk\/?page_id=34538"},"modified":"2025-01-16T22:36:23","modified_gmt":"2025-01-16T22:36:23","slug":"reducing-population-exposure-to-unhealthy-commodity-advertising-evaluation-of-the-bristol-advertising-and-sponsorship-policy","status":"publish","type":"page","link":"https:\/\/bnssghealthiertogether.org.uk\/ro\/integrated-care-board\/research-and-evidence\/our-research-portfolio\/nihr-funded-projects\/reducing-population-exposure-to-unhealthy-commodity-advertising-evaluation-of-the-bristol-advertising-and-sponsorship-policy\/","title":{"rendered":"Reducerea expunerii popula\u021biei la publicitatea produselor nes\u0103n\u0103toase: evaluarea politicii de publicitate \u0219i sponsorizare din Bristol"},"content":{"rendered":"<div class=\"assembler_default-group assembler_module_group assembler_default-group_1 assembler_module_group_1\"><div class=\"assembler_module_area assembler_module_area_1\"><div class=\"assembler_text-module assembler_module assembler_text-module_1 assembler_module_1  transparent\"><a tabindex=\"-1\" title=\"Sec\u021biunea intitulat\u0103 modul-1\" id=\"module-1\" href=\"https:\/\/bnssghealthiertogether.org.uk\/ro\/wp-json\/wp\/v2\/pages\/34538\/#module-1\" class=\"anchor\"><span class=\"hidden\">Sec\u021biunea intitulat\u0103 modul-1<\/span><\/a><!-- Template found for text-module - Template: template-text - Matched: _only --><section class=\"w-full mx-auto max-w-content pt-12 sm:pt-24 pb-12 sm:pb-24\">\r\n  <div class=\"entry-content w-full !px-0 max-w-small\">\r\n        <h1>Reducerea expunerii popula\u021biei la publicitatea pentru produse nes\u0103n\u0103toase: evaluarea politicii de publicitate \u0219i sponsorizare a ora\u0219ului Bristol.<\/h1>\n<p>&nbsp;<\/p>\n<article class=\"page_content\">\n<h2 class=\"page_content__inner\">Finan\u021bare<\/h2>\n<\/article>\n<p>Institutul Na\u021bional pentru Cercetare \u00een S\u0103n\u0103tate \u0219i \u00cengrijire (NIHR) Programul de Cercetare \u00een S\u0103n\u0103tate Public\u0103 (PHR) Ref. NIHR152114.<\/p>\n<h2>Care este problema?<\/h2>\n<p>Cercet\u0103rile au ar\u0103tat c\u0103, cu c\u00e2t oamenii v\u0103d mai mul\u021bi reclame la produse nes\u0103n\u0103toase, cu at\u00e2t le consum\u0103 mai mult. Acest lucru este valabil mai ales pentru copii \u0219i tineri.<\/p>\n<p>Spa\u021biile publice \u00een aer liber, cum ar fi sta\u021biile de autobuz \u0219i panourile publicitare, sunt loca\u021bii importante pentru reclame, deoarece mul\u021bi oameni le v\u0103d.<\/p>\n<p>Persoanele cu venituri mici sunt expuse la mai multe reclame nes\u0103n\u0103toase \u00een cartierele lor. Exist\u0103 dovezi c\u0103 eliminarea acestor reclame poate avea un impact pozitiv asupra s\u0103n\u0103t\u0103\u021bii publice.<\/p>\n<p>\u00cen 2019, Transport for London (TfL) a interzis reclamele la alimente \u0219i b\u0103uturi cu con\u021binut ridicat de gr\u0103simi, sare sau zah\u0103r (HFSS), ceea ce a dus la cre\u0219terea num\u0103rului de calorii \u00een gospod\u0103rii.<\/p>\n<p>Consiliul Local Bristol a devenit primul ora\u0219 din afara Londrei care a introdus o politic\u0103 similar\u0103 \u00een 2022. Politica ora\u0219ului Bristol interzice, de asemenea, reclamele pentru alcool, jocuri de noroc \u0219i \u00eemprumuturi rapide pe spa\u021biile publicitare de\u021binute de consiliu.<\/p>\n<p>\u00cenainte de introducerea acestei noi politici, am chestionat locuitorii din Bristol \u0219i South Gloucestershire (pentru a compara ambele zone) pentru a afla ce reclame au observat \u0219i dac\u0103 au folosit vreunul dintre produsele promovate. De asemenea, am realizat interviuri cu persoane implicate \u00een elaborarea politicii.<\/p>\n<h2>Care este scopul cercet\u0103rii?<\/h2>\n<p>Scopuri \u0219i obiective: Dorim s\u0103 afl\u0103m:<\/p>\n<p>1) Dac\u0103 noua politic\u0103 a redus num\u0103rul de reclame la produse nes\u0103n\u0103toase \u0219i a dus la o reducere a utiliz\u0103rii acestor produse.<\/p>\n<p>2) Impactul probabil pe termen lung asupra s\u0103n\u0103t\u0103\u021bii oamenilor \u0219i a costurilor asisten\u021bei medicale.<\/p>\n<p>3) Ce p\u0103rere au locuitorii despre politic\u0103.<\/p>\n<p>4) Cum au perceput politica factorii de decizie \u0219i alte p\u0103r\u021bi interesate cheie.<\/p>\n<h2>Cum se va realiza acest lucru?<\/h2>\n<p>Evaluarea politicii de publicitate din Bristol va fi un experiment natural care utilizeaz\u0103 un design controlat \u00eenainte-dup\u0103. Acum, c\u0103 politica a fost modificat\u0103, vom chestiona din nou locuitorii din Bristol \u0219i South Gloucestershire.<\/p>\n<p>Vom analiza diferen\u021bele \u00een expunerea la reclame \u0219i utilizarea produselor \u00eenainte \u0219i dup\u0103 introducerea politicii.<\/p>\n<p>Folosim informa\u021bii de la o companie comercial\u0103 pentru a analiza schimb\u0103rile \u00een consumul de alimente \u0219i b\u0103uturi al locuitorilor din Bristol, precum \u0219i din Gloucestershire, Cardiff \u0219i Sheffield.<\/p>\n<p>Vom c\u0103uta orice modific\u0103ri ale achizi\u021biilor din cauza politicii \u0219i vom compara rezultatele din Bristol cu cele din zonele care nu au introdus politica.<\/p>\n<p>Vom evalua probabilele rezultate pe termen lung asupra s\u0103n\u0103t\u0103\u021bii \u0219i a costurilor asisten\u021bei medicale \u0219i sociale pentru a \u00een\u021belege raportul calitate-pre\u021b al politicii.<\/p>\n<p>Vom organiza \u00een continuare grupuri de discu\u021bii pentru a afla ce p\u0103rere au locuitorii despre aceste politici.<\/p>\n<p>\u00cen cele din urm\u0103, vom intervieva o gam\u0103 larg\u0103 de p\u0103r\u021bi interesate din domeniul profesionist implicate \u00een conceperea \u0219i implementarea politicii sau pe cele care sunt direct afectate de aceasta, pentru a le examina experien\u021bele.<\/p>\n<p>Am implicat reprezentan\u021bi ai publicului \u0219i ai pacien\u021bilor \u00een proiectul ini\u021bial de colectare a datelor \u0219i \u00een propunerea actual\u0103.<\/p>\n<p>Acest proiect va avea un responsabil dedicat pentru implicarea \u0219i implicarea publicului \u0219i a pacien\u021bilor. Un grup de supraveghere a studiului, cu un pre\u0219edinte independent, va supraveghea proiectul.<\/p>\n<p>De asemenea, vom organiza un seminar public pentru a discuta rezultatele proiectului cu comunitatea. Vom colabora cu PolicyBristol, consiliile locale \u0219i organiza\u021biile neguvernamentale pentru a dezvolta \u0219i a \u00eemp\u0103rt\u0103\u0219i rezultatele studiului cu al\u021bi factori de decizie \u0219i p\u0103r\u021bi interesate prin intermediul unor note de politici \u0219i al publicului larg; prin diverse metode: de exemplu, prin bro\u0219uri informative, comunicate de pres\u0103 \u0219i bloguri.<\/p>\n<p>De asemenea, vom publica articole \u00een reviste de specialitate \u0219i vom prezenta rezultatele la conferin\u021be.<\/p>\n<h2>Cine conduce cercetarea?<\/h2>\n<p><a href=\"https:\/\/www.bristol.ac.uk\/people\/person\/Frank-De%20Vocht-ee77fa83-91b0-46ff-a713-be3f2f4632ff\/\" rel=\"noopener\">Profesorul Frank De Vocht<\/a>, Profesor de Epidemiologie \u0219i Cercetare \u00een S\u0103n\u0103tate Public\u0103, Universitatea din Bristol.<\/p>\n<h2>Informa\u021bii suplimentare:<\/h2>\n<p>Pentru mai multe informa\u021bii sau pentru a v\u0103 implica \u00een acest proiect, trimite\u021bi un e-mail la <a href=\"mailto:bnssg.research@nhs.net\" target=\"_blank\" rel=\"noopener\">bnssg.research@nhs.net<\/a>.<\/p>\n<p>Opiniile exprimate sunt cele ale autorului (autorilor) \u0219i nu neap\u0103rat cele ale NIHR sau ale Departamentului de S\u0103n\u0103tate \u0219i Asisten\u021b\u0103 Social\u0103.<\/p>\n  <\/div>\r\n  <\/section><\/div><!-- .assembler_text-module.assembler_module.assembler_text-module_1.assembler_module_1..transparent --><\/div><!-- .assembler_module_area.assembler_module_area_1 --><\/div><!-- .assembler_default-group.assembler_module_group.assembler_default-group_1.assembler_module_group_1  -->","protected":false},"excerpt":{"rendered":"<p>Section titled module-1 Reducing population exposure to unhealthy commodity advertising: evaluation of the Bristol Advertising and Sponsorship Policy. &nbsp; Funding National Institute for Health and Care Research (NIHR) Public Health Research (PHR) Programme Ref. NIHR152114. What is the problem? Research has shown that the more people see advertisements for unhealthy products, the more they consume [&hellip;]<\/p>\n","protected":false},"author":1,"featured_media":0,"parent":32881,"menu_order":0,"comment_status":"closed","ping_status":"closed","template":"","meta":{"_acf_changed":false,"footnotes":""},"tags":[],"class_list":["post-34538","page","type-page","status-publish","hentry"],"acf":[],"_links":{"self":[{"href":"https:\/\/bnssghealthiertogether.org.uk\/ro\/wp-json\/wp\/v2\/pages\/34538","targetHints":{"allow":["GET"]}}],"collection":[{"href":"https:\/\/bnssghealthiertogether.org.uk\/ro\/wp-json\/wp\/v2\/pages"}],"about":[{"href":"https:\/\/bnssghealthiertogether.org.uk\/ro\/wp-json\/wp\/v2\/types\/page"}],"author":[{"embeddable":true,"href":"https:\/\/bnssghealthiertogether.org.uk\/ro\/wp-json\/wp\/v2\/users\/1"}],"replies":[{"embeddable":true,"href":"https:\/\/bnssghealthiertogether.org.uk\/ro\/wp-json\/wp\/v2\/comments?post=34538"}],"version-history":[{"count":3,"href":"https:\/\/bnssghealthiertogether.org.uk\/ro\/wp-json\/wp\/v2\/pages\/34538\/revisions"}],"predecessor-version":[{"id":36175,"href":"https:\/\/bnssghealthiertogether.org.uk\/ro\/wp-json\/wp\/v2\/pages\/34538\/revisions\/36175"}],"up":[{"embeddable":true,"href":"https:\/\/bnssghealthiertogether.org.uk\/ro\/wp-json\/wp\/v2\/pages\/32881"}],"wp:attachment":[{"href":"https:\/\/bnssghealthiertogether.org.uk\/ro\/wp-json\/wp\/v2\/media?parent=34538"}],"wp:term":[{"taxonomy":"post_tag","embeddable":true,"href":"https:\/\/bnssghealthiertogether.org.uk\/ro\/wp-json\/wp\/v2\/tags?post=34538"}],"curies":[{"name":"wp","href":"https:\/\/api.w.org\/{rel}","templated":true}]}}