{"id":34541,"date":"2024-11-26T16:45:52","date_gmt":"2024-11-26T16:45:52","guid":{"rendered":"https:\/\/bnssghealthiertogether.org.uk\/?page_id=34541"},"modified":"2025-01-16T22:37:22","modified_gmt":"2025-01-16T22:37:22","slug":"reprovide-reaching-everyone-programme-of-research-on-violence-in-diverse-domestic-environments","status":"publish","type":"page","link":"https:\/\/bnssghealthiertogether.org.uk\/ro\/integrated-care-board\/research-and-evidence\/our-research-portfolio\/nihr-funded-projects\/reprovide-reaching-everyone-programme-of-research-on-violence-in-diverse-domestic-environments\/","title":{"rendered":"REPROVIDE: Programul de cercetare privind violen\u021ba \u00een diverse medii domestice \u201eReaching Everyone\u201d"},"content":{"rendered":"<div class=\"assembler_default-group assembler_module_group assembler_default-group_1 assembler_module_group_1\"><div class=\"assembler_module_area assembler_module_area_1\"><div class=\"assembler_text-module assembler_module assembler_text-module_1 assembler_module_1  transparent\"><a tabindex=\"-1\" title=\"Sec\u021biunea intitulat\u0103 modul-1\" id=\"module-1\" href=\"https:\/\/bnssghealthiertogether.org.uk\/ro\/wp-json\/wp\/v2\/pages\/34541\/#module-1\" class=\"anchor\"><span class=\"hidden\">Sec\u021biunea intitulat\u0103 modul-1<\/span><\/a><!-- Template found for text-module - Template: template-text - Matched: _only --><section class=\"w-full mx-auto max-w-content pt-12 sm:pt-24 pb-12 sm:pb-24\">\r\n  <div class=\"entry-content w-full !px-0 max-w-small\">\r\n        <h1>REPROVIDE: Programul de cercetare privind violen\u021ba \u00een diverse medii domestice \u201eReaching Everyone\u201d<\/h1>\n<h2>Finan\u021bare<\/h2>\n<p>Granturi de program pentru cercetare aplicat\u0103 (PGfAR) ale Institutului Na\u021bional pentru S\u0103n\u0103tate (NIHR) Ref. RP-PG-0614-20012<\/p>\n<h2>Care este \u00eentrebarea de cercetare?<\/h2>\n<p>Cum putem cre\u0219te siguran\u021ba \u0219i bun\u0103starea victimelor violen\u021bei \u0219i abuzului domestic (DVA) \u0219i a copiilor acestora?<\/p>\n<h2>Care este problema?<\/h2>\n<p>Violen\u021ba \u0219i abuzul domestic (VCA) reprezint\u0103 o problem\u0103 grav\u0103 de s\u0103n\u0103tate public\u0103 \u0219i clinic\u0103. Cercet\u0103rile anterioare au demonstrat c\u0103 programele de instruire \u0219i sprijin pot \u00eembun\u0103t\u0103\u021bi r\u0103spunsul medicilor la pacientele care se confrunt\u0103 cu abuzuri.<\/p>\n<p>A fost realizat un proiect pilot de instruire cu privire la nevoile b\u0103rba\u021bilor care experimenteaz\u0103 sau comit acte de violen\u021b\u0103 pentru persoane cu dizabilit\u0103\u021bi (DVA) \u0219i ale copiilor expu\u0219i, dar r\u0103spunsul de advocacy pentru DVA adresat victimelor de sex masculin necesit\u0103 dezvoltare suplimentar\u0103.<\/p>\n<p>Instruirea \u00een domeniul asisten\u021bei medicale primare pentru un r\u0103spuns eficient \u0219i sigur la to\u021bi membrii familiei care se confrunt\u0103 sau comit acte de violen\u021b\u0103 dob\u00e2ndit\u0103 trebuie integrat\u0103 \u00eentr-un singur program \u0219i evaluat\u0103 riguros.<\/p>\n<h2>Care este scopul cercet\u0103rii?<\/h2>\n<p>Aceast\u0103 cercetare \u00ee\u0219i propune s\u0103 \u00eembun\u0103t\u0103\u021beasc\u0103 modul \u00een care profesioni\u0219tii din domeniul s\u0103n\u0103t\u0103\u021bii r\u0103spund pacien\u021bilor adul\u021bi care experimenteaz\u0103 sau comit acte de violen\u021b\u0103 sexual\u0103 pe cale oral\u0103 (DVA) \u0219i copiilor acestora. De asemenea, vor fi explorate nevoile altor grupuri de agresori, cum ar fi cei afla\u021bi \u00een rela\u021bii de acela\u0219i sex.<\/p>\n<h2>Cum se va realiza acest lucru?<\/h2>\n<p>Cele dou\u0103 direc\u021bii de lucru ale acestui studiu sunt urm\u0103toarele:<\/p>\n<ol>\n<li>Studiul va examina valoarea instruirii personalului din medicina general\u0103 cu privire la nevoile copiilor expu\u0219i la violen\u021b\u0103 cu persoane nedorite (DVA) \u0219i ale b\u0103rba\u021bilor \u0219i femeilor care se confrunt\u0103 sau comit violen\u021b\u0103 cu persoane nedorite (DVA) \u0219i a conect\u0103rii acestora la servicii specializate, prin intermediul unui avocat. Aceast\u0103 abordare va fi testat\u0103 \u00een 4 cabinete medicale \u0219i apoi pe o scar\u0103 mai larg\u0103 pentru a testa dac\u0103 programul func\u021bioneaz\u0103 \u0219i ofer\u0103 o rentabilitate ridicat\u0103.<\/li>\n<li>Va fi elaborat un program de grup pentru b\u0103rba\u021bii care comit violen\u021b\u0103 sexual\u0103 cu persoane neavizate (DVB) \u0219i partenerii\/fo\u0219tii parteneri ai acestora. Cercet\u0103torii \u0219i un grup de exper\u021bi se vor consulta cu privire la cel mai promi\u021b\u0103tor program, care va fi adaptat \u0219i testat mai \u00eent\u00e2i \u00eentr-un grup mic, apoi testat \u00eentr-un studiu clinic amplu, desf\u0103\u0219urat \u00een asisten\u021ba medical\u0103 primar\u0103 \u0219i evaluat \u00een func\u021bie de m\u0103sura \u00een care a crescut siguran\u021ba \u0219i dac\u0103 abuzul a \u00eencetat\/sc\u0103zut.<\/li>\n<\/ol>\n<h2>Cine conduce cercetarea?<\/h2>\n<p>Prof. Gene Feder, profesor de asisten\u021b\u0103 medical\u0103 primar\u0103, \u0218tiin\u021be ale s\u0103n\u0103t\u0103\u021bii popula\u021biei, Universitatea din Bristol.<\/p>\n<h2>Informa\u021bii suplimentare:<\/h2>\n<p><a href=\"http:\/\/www.bristol.ac.uk\/primaryhealthcare\/researchthemes\/reprovide\/\" target=\"_blank\" rel=\"nofollow noopener\">Refurnizor<\/a><\/p>\n<p>Pentru mai multe informa\u021bii sau pentru a v\u0103 implica \u00een acest proiect, trimite\u021bi un e-mail la <a href=\"mailto:bnssg.research@nhs.net\" target=\"_blank\" rel=\"noopener\">bnssg.research@nhs.net<\/a>.<\/p>\n<p>Opiniile exprimate sunt cele ale autorului (autorilor) \u0219i nu neap\u0103rat cele ale NIHR sau ale Departamentului de S\u0103n\u0103tate \u0219i Asisten\u021b\u0103 Social\u0103.<\/p>\n  <\/div>\r\n  <\/section><\/div><!-- .assembler_text-module.assembler_module.assembler_text-module_1.assembler_module_1..transparent --><\/div><!-- .assembler_module_area.assembler_module_area_1 --><\/div><!-- .assembler_default-group.assembler_module_group.assembler_default-group_1.assembler_module_group_1  -->","protected":false},"excerpt":{"rendered":"<p>Section titled module-1 REPROVIDE: Reaching Everyone Programme of Research On Violence in diverse Domestic Environments Funding National Institute for Health (NIHR) Programme Grants for Applied Research (PGfAR) Ref. RP-PG-0614-20012 What is the research question? How can we increase the safety and well-being of victims of domestic violence and abuse (DVA) and their children? What is [&hellip;]<\/p>\n","protected":false},"author":1,"featured_media":0,"parent":32881,"menu_order":0,"comment_status":"closed","ping_status":"closed","template":"","meta":{"_acf_changed":false,"footnotes":""},"tags":[],"class_list":["post-34541","page","type-page","status-publish","hentry"],"acf":[],"_links":{"self":[{"href":"https:\/\/bnssghealthiertogether.org.uk\/ro\/wp-json\/wp\/v2\/pages\/34541","targetHints":{"allow":["GET"]}}],"collection":[{"href":"https:\/\/bnssghealthiertogether.org.uk\/ro\/wp-json\/wp\/v2\/pages"}],"about":[{"href":"https:\/\/bnssghealthiertogether.org.uk\/ro\/wp-json\/wp\/v2\/types\/page"}],"author":[{"embeddable":true,"href":"https:\/\/bnssghealthiertogether.org.uk\/ro\/wp-json\/wp\/v2\/users\/1"}],"replies":[{"embeddable":true,"href":"https:\/\/bnssghealthiertogether.org.uk\/ro\/wp-json\/wp\/v2\/comments?post=34541"}],"version-history":[{"count":3,"href":"https:\/\/bnssghealthiertogether.org.uk\/ro\/wp-json\/wp\/v2\/pages\/34541\/revisions"}],"predecessor-version":[{"id":36176,"href":"https:\/\/bnssghealthiertogether.org.uk\/ro\/wp-json\/wp\/v2\/pages\/34541\/revisions\/36176"}],"up":[{"embeddable":true,"href":"https:\/\/bnssghealthiertogether.org.uk\/ro\/wp-json\/wp\/v2\/pages\/32881"}],"wp:attachment":[{"href":"https:\/\/bnssghealthiertogether.org.uk\/ro\/wp-json\/wp\/v2\/media?parent=34541"}],"wp:term":[{"taxonomy":"post_tag","embeddable":true,"href":"https:\/\/bnssghealthiertogether.org.uk\/ro\/wp-json\/wp\/v2\/tags?post=34541"}],"curies":[{"name":"wp","href":"https:\/\/api.w.org\/{rel}","templated":true}]}}