{"id":34551,"date":"2024-11-26T16:47:23","date_gmt":"2024-11-26T16:47:23","guid":{"rendered":"https:\/\/bnssghealthiertogether.org.uk\/?page_id=34551"},"modified":"2025-01-16T22:42:07","modified_gmt":"2025-01-16T22:42:07","slug":"the-role-of-survivor-support-services-integrated-within-domestic-abuse-prevention-programmes","status":"publish","type":"page","link":"https:\/\/bnssghealthiertogether.org.uk\/ro\/integrated-care-board\/research-and-evidence\/our-research-portfolio\/nihr-funded-projects\/the-role-of-survivor-support-services-integrated-within-domestic-abuse-prevention-programmes\/","title":{"rendered":"Rolul serviciilor de sprijin pentru supravie\u021buitori integrate \u00een programele de prevenire a violen\u021bei domestice"},"content":{"rendered":"<div class=\"assembler_default-group assembler_module_group assembler_default-group_1 assembler_module_group_1\"><div class=\"assembler_module_area assembler_module_area_1\"><div class=\"assembler_text-module assembler_module assembler_text-module_1 assembler_module_1  transparent\"><a tabindex=\"-1\" title=\"Sec\u021biunea intitulat\u0103 modul-1\" id=\"module-1\" href=\"https:\/\/bnssghealthiertogether.org.uk\/ro\/wp-json\/wp\/v2\/pages\/34551\/#module-1\" class=\"anchor\"><span class=\"hidden\">Sec\u021biunea intitulat\u0103 modul-1<\/span><\/a><!-- Template found for text-module - Template: template-text - Matched: _only --><section class=\"w-full mx-auto max-w-content pt-12 sm:pt-24 pb-12 sm:pb-24\">\r\n  <div class=\"entry-content w-full !px-0 max-w-small\">\r\n        <h1>Rolul serviciilor de sprijin pentru supravie\u021buitori integrate \u00een programele de prevenire a violen\u021bei domestice.<\/h1>\n<p>&nbsp;<\/p>\n<article class=\"page_content\">\n<h2 class=\"page_content__inner\">Finan\u021bare<\/h2>\n<\/article>\n<p>Institutul Na\u021bional pentru Cercetare \u00een S\u0103n\u0103tate \u0219i \u00cengrijire (NIHR) Cercetare pentru Asisten\u021b\u0103 Social\u0103 (RfSC) Ref. NIHR204257.<\/p>\n<h2>Care este \u00eentrebarea de cercetare?<\/h2>\n<p>1. Ce tipuri de sprijin pentru supravie\u021buitori sunt oferite \u00een cadrul DAPP-urilor din Regatul Unit?<br \/>\n2. Cum r\u0103spund diferitele tipuri de sprijin nevoilor de siguran\u021b\u0103 \u0219i de alt\u0103 natur\u0103 ale supravie\u021buitorilor?<br \/>\n3. De ce au nevoie lucr\u0103torii din cadrul programului DAPP pentru a sprijini supravie\u021buitorii victimelor violen\u021bei pentru a face fa\u021b\u0103 provoc\u0103rilor rolului lor?<br \/>\n4. Cum pot fi \u00eembun\u0103t\u0103\u021bite standardele na\u021bionale \u0219i instruirea privind sprijinul supravie\u021buitorilor \u00een cadrul DAPP-urilor prin intermediul constat\u0103rilor noastre?<\/p>\n<h2>Care este problema?<\/h2>\n<p>Respect este organiza\u021bia na\u021bional\u0103 care ajut\u0103 la asigurarea faptului c\u0103 serviciile respect\u0103 cele mai bune practici. Programele acreditate de Respect desf\u0103\u0219oar\u0103 activit\u0103\u021bi de schimbare a comportamentului cu persoana abuziv\u0103, \u00een timp ce partenerilor actuali\/fo\u0219tilor parteneri li se ofer\u0103 sprijin.<\/p>\n<p>Pe l\u00e2ng\u0103 ajutorul practic \u0219i emo\u021bional, munca de sprijin pentru supravie\u021buitori \u00een cadrul serviciilor acreditate gestioneaz\u0103 riscurile, ajut\u0103 supravie\u021buitorii s\u0103 aib\u0103 a\u0219tept\u0103ri realiste cu privire la schimbarea de comportament a fostului partener \u0219i informeaz\u0103 gestionarea cazurilor.<\/p>\n<p>Se \u0219tie c\u0103 acest sprijin pentru supravie\u021buitori variaz\u0103 \u00eentre servicii. Standardele existente ofer\u0103 \u00eendrum\u0103ri limitate cu privire la modul \u00een care ar trebui acordat sprijinul; cu toate acestea, sprijinul pentru supravie\u021buitori are poten\u021bialul de a fi un element crucial \u00een succesul acestor programe.<\/p>\n<h2>Care este scopul cercet\u0103rii?<\/h2>\n<p>Programele de prevenire a violen\u021bei domestice (DAPP) \u00ee\u0219i propun s\u0103 ajute persoanele abuzive s\u0103 \u00ee\u0219i schimbe comportamentul \u0219i s\u0103 creasc\u0103 siguran\u021ba \u0219i libertatea supravie\u021buitorilor de abuz. Folosim termenul \u2019supravie\u021buitor\u2018 pentru a descrie pe cineva care a suferit violen\u021b\u0103 domestic\u0103, deoarece acesta este \u00een general preferat termenului de \u2019victim\u0103\u2018.<\/p>\n<h2>Cum se va realiza acest lucru?<\/h2>\n<p>Acest studiu va:<\/p>\n<p>1. Realizarea unui sondaj na\u021bional privind serviciile de sprijin pentru supravie\u021buitorii DAPP pentru a stabili diferitele modele de sprijin.<\/p>\n<p>2. Realiza\u021bi interviuri cu supravie\u021buitorii care au beneficiat de sprijin, pentru a \u00een\u021belege mai bine nevoile \u0219i experien\u021bele lor \u00een materie de sprijin.<\/p>\n<p>3. Observa\u021bi \u0219i intervieva\u021bi personalul de sprijin pentru supravie\u021buitori, integrat \u00een cadrul programelor sau care lucreaz\u0103 al\u0103turi de acestea, pentru a \u00een\u021belege modul \u00een care r\u0103spund diferitelor nevoi ale supravie\u021buitorilor \u0219i pentru a \u00een\u021belege provoc\u0103rile rolului.<\/p>\n<p>4. Colabora\u021bi cu Respect, cu furnizorul de programe\/organiza\u021bia caritabil\u0103 pentru copii Barnardo&#039;s \u0219i cu supravie\u021buitorii PPI, pentru a traduce rezultatele studiului \u00een recomand\u0103ri practice pentru \u00eembun\u0103t\u0103\u021birea standardelor \u0219i a form\u0103rii na\u021bionale.<\/p>\n<h2>Cine conduce cercetarea?<\/h2>\n<p><a href=\"https:\/\/www.bristol.ac.uk\/people\/person\/Karen-Morgan-6a00fc75-a671-4d82-b2df-c61a35a2ae40\/\" rel=\"noopener\">Dr. Karen Morgan<\/a>, Cercet\u0103tor tehnic, Universitatea din Bristol \u0219i <a href=\"https:\/\/research-information.bris.ac.uk\/en\/persons\/helen-a-cramer\" rel=\"noopener\">Dr. Helen Cramer<\/a>, Cercet\u0103tor senior, Facultatea de Medicin\u0103 din Bristol.<\/p>\n<h2>Informa\u021bii suplimentare:<\/h2>\n<p>Pentru mai multe informa\u021bii sau pentru a v\u0103 implica \u00een acest proiect, trimite\u021bi un e-mail la <a href=\"mailto:bnssg.research@nhs.net\" target=\"_blank\" rel=\"noopener\">bnssg.research@nhs.net<\/a>.<\/p>\n<p>Opiniile exprimate sunt cele ale autorului (autorilor) \u0219i nu neap\u0103rat cele ale NIHR sau ale Departamentului de S\u0103n\u0103tate \u0219i Asisten\u021b\u0103 Social\u0103.<\/p>\n  <\/div>\r\n  <\/section><\/div><!-- .assembler_text-module.assembler_module.assembler_text-module_1.assembler_module_1..transparent --><\/div><!-- .assembler_module_area.assembler_module_area_1 --><\/div><!-- .assembler_default-group.assembler_module_group.assembler_default-group_1.assembler_module_group_1  -->","protected":false},"excerpt":{"rendered":"<p>Section titled module-1 The role of survivor-support services integrated within domestic abuse prevention programmes. &nbsp; Funding National Institute for Health and Care Research (NIHR) Research for Social Care (RfSC) Ref. NIHR204257. What is the research question? 1. What types of survivor-support are provided within UK DAPPs? 2. How do different types of support meet survivors\u2019 [&hellip;]<\/p>\n","protected":false},"author":1,"featured_media":0,"parent":32881,"menu_order":0,"comment_status":"closed","ping_status":"closed","template":"","meta":{"_acf_changed":false,"footnotes":""},"tags":[],"class_list":["post-34551","page","type-page","status-publish","hentry"],"acf":[],"_links":{"self":[{"href":"https:\/\/bnssghealthiertogether.org.uk\/ro\/wp-json\/wp\/v2\/pages\/34551","targetHints":{"allow":["GET"]}}],"collection":[{"href":"https:\/\/bnssghealthiertogether.org.uk\/ro\/wp-json\/wp\/v2\/pages"}],"about":[{"href":"https:\/\/bnssghealthiertogether.org.uk\/ro\/wp-json\/wp\/v2\/types\/page"}],"author":[{"embeddable":true,"href":"https:\/\/bnssghealthiertogether.org.uk\/ro\/wp-json\/wp\/v2\/users\/1"}],"replies":[{"embeddable":true,"href":"https:\/\/bnssghealthiertogether.org.uk\/ro\/wp-json\/wp\/v2\/comments?post=34551"}],"version-history":[{"count":3,"href":"https:\/\/bnssghealthiertogether.org.uk\/ro\/wp-json\/wp\/v2\/pages\/34551\/revisions"}],"predecessor-version":[{"id":36180,"href":"https:\/\/bnssghealthiertogether.org.uk\/ro\/wp-json\/wp\/v2\/pages\/34551\/revisions\/36180"}],"up":[{"embeddable":true,"href":"https:\/\/bnssghealthiertogether.org.uk\/ro\/wp-json\/wp\/v2\/pages\/32881"}],"wp:attachment":[{"href":"https:\/\/bnssghealthiertogether.org.uk\/ro\/wp-json\/wp\/v2\/media?parent=34551"}],"wp:term":[{"taxonomy":"post_tag","embeddable":true,"href":"https:\/\/bnssghealthiertogether.org.uk\/ro\/wp-json\/wp\/v2\/tags?post=34551"}],"curies":[{"name":"wp","href":"https:\/\/api.w.org\/{rel}","templated":true}]}}