{"id":34563,"date":"2024-11-26T16:50:54","date_gmt":"2024-11-26T16:50:54","guid":{"rendered":"https:\/\/bnssghealthiertogether.org.uk\/?page_id=34563"},"modified":"2025-01-19T20:20:14","modified_gmt":"2025-01-19T20:20:14","slug":"a-patient-reported-questionnaire-to-measure-the-use-of-informal-care-social-care-and-personal-expenses","status":"publish","type":"page","link":"https:\/\/bnssghealthiertogether.org.uk\/ro\/integrated-care-board\/research-and-evidence\/our-research-portfolio\/previously-supported-projects\/a-patient-reported-questionnaire-to-measure-the-use-of-informal-care-social-care-and-personal-expenses\/","title":{"rendered":"Un chestionar raportat de pacien\u021bi pentru m\u0103surarea utiliz\u0103rii \u00eengrijirii informale, a \u00eengrijirii sociale \u0219i a cheltuielilor personale"},"content":{"rendered":"<div class=\"assembler_default-group assembler_module_group assembler_default-group_1 assembler_module_group_1\"><div class=\"assembler_module_area assembler_module_area_1\"><div class=\"assembler_text-module assembler_module assembler_text-module_1 assembler_module_1  transparent\"><a tabindex=\"-1\" title=\"Sec\u021biunea intitulat\u0103 modul-1\" id=\"module-1\" href=\"https:\/\/bnssghealthiertogether.org.uk\/ro\/wp-json\/wp\/v2\/pages\/34563\/#module-1\" class=\"anchor\"><span class=\"hidden\">Sec\u021biunea intitulat\u0103 modul-1<\/span><\/a><!-- Template found for text-module - Template: template-text - Matched: _only --><section class=\"w-full mx-auto max-w-content pt-12 sm:pt-24 pb-12 sm:pb-24\">\r\n  <div class=\"entry-content w-full !px-0 max-w-small\">\r\n        <header class=\"local_header\">\n<div class=\"local_header__inner\">\n<h1 class=\"local_header__title\">Un chestionar raportat de pacien\u021bi pentru m\u0103surarea utiliz\u0103rii \u00eengrijirii informale, a \u00eengrijirii sociale \u0219i a cheltuielilor personale<\/h1>\n<\/div>\n<\/header>\n<article class=\"page_content\">\n<h2><\/h2>\n<h2 class=\"page_content__inner\">Finan\u021bare<\/h2>\n<\/article>\n<p>National Institute for Health (NIHR) Research for Patient Benefit (RfPB) Ref. NIHR201961<\/p>\n<h2>Care este \u00eentrebarea de cercetare?<\/h2>\n<p>We aim to develop validated modules for a patient-reported resource-use questionnaire to estimate care costs in randomised controlled trials (RCTs) and other research settings.<\/p>\n<h2>Care este problema?<\/h2>\n<p>Health economists carry out cost-effectiveness studies to determine whether particular care offers good value.<\/p>\n<p>In a cost-effectiveness study, we need to measure both the cost of the care itself and its effect on other services that patients use. At the moment, our method of measuring costs is not ideal.<\/p>\n<h2>Care este scopul cercet\u0103rii?<\/h2>\n<p>We are currently developing a questionnaire for asking about NHS healthcare (such as GP appointments) with input from patients. However, many people use care that is provided outside the NHS.<\/p>\n<p>In this project, we aim to extend the healthcare questionnaire by developing three further modules.<\/p>\n<p>The first will ask patients about social care they have used (e.g. home help).<\/p>\n<p>The second will cover informal care, such as help from a partner or friend.<\/p>\n<p>The final module will ask about costs that patients have paid themselves.<\/p>\n<h2>Cum se va realiza acest lucru?<\/h2>\n<p>To develop the modules, we will first determine what questions should be included by reviewing published work and examining existing questionnaires. We will also ask social care experts about services they think are important.<\/p>\n<p>We will hold a group discussion with researchers and public representation to determine which suggestions are most important to measure.<\/p>\n<p>We will design draft modules by writing questions that represent best practices. We will interview approximately 20 researchers by telephone to find out whether they think the modules are complete, and whether it is possible to find cost information for each question.<\/p>\n<p>We will then interview about 25 patients, care users or carers to learn their views. We will use \u2018think-aloud\u2019 methods, where people will be asked to fill in the questionnaire while describing their thoughts out loud. This will allow us to learn whether there are any areas that are difficult to understand or complete, and to make further improvements.<\/p>\n<p>When these stages are complete, we will post the questionnaire to about 250 members of the public to test how acceptable it is in practice. We will then finalise the wording based on the feedback. We will also prepare lists of relevant costs to accompany the questionnaire.<\/p>\n<p>The result of the project will be a ready-to-use modular questionnaire for research on a wide range of diseases and health conditions.<\/p>\n<h2>Cine conduce cercetarea?<\/h2>\n<p>Dr Joanna Thorn, Research Fellow, Population Health Sciences, University of Bristol.<\/p>\n<h2>Informa\u021bii suplimentare:<\/h2>\n<p><a href=\"https:\/\/research-information.bris.ac.uk\/en\/persons\/joanna-c-thorn\" target=\"_blank\" rel=\"nofollow noopener\">Dr Joanna Thorn<\/a><\/p>\n<p>Pentru mai multe informa\u021bii sau pentru a v\u0103 implica \u00een acest proiect, trimite\u021bi un e-mail la <a href=\"mailto:bnssg.research@nhs.net\" target=\"_blank\" rel=\"noopener\">bnssg.research@nhs.net<\/a>.<\/p>\n<p>Opiniile exprimate sunt cele ale autorului (autorilor) \u0219i nu neap\u0103rat cele ale NIHR sau ale Departamentului de S\u0103n\u0103tate \u0219i Asisten\u021b\u0103 Social\u0103.<\/p>\n  <\/div>\r\n  <\/section><\/div><!-- .assembler_text-module.assembler_module.assembler_text-module_1.assembler_module_1..transparent --><\/div><!-- .assembler_module_area.assembler_module_area_1 --><\/div><!-- .assembler_default-group.assembler_module_group.assembler_default-group_1.assembler_module_group_1  -->","protected":false},"excerpt":{"rendered":"<p>Section titled module-1 A patient-reported questionnaire to measure the use of informal care, social care and personal expenses Funding National Institute for Health (NIHR) Research for Patient Benefit (RfPB) Ref. NIHR201961 What is the research question? We aim to develop validated modules for a patient-reported resource-use questionnaire to estimate care costs in randomised controlled trials [&hellip;]<\/p>\n","protected":false},"author":1,"featured_media":0,"parent":32891,"menu_order":0,"comment_status":"closed","ping_status":"closed","template":"","meta":{"_acf_changed":false,"footnotes":""},"tags":[],"class_list":["post-34563","page","type-page","status-publish","hentry"],"acf":[],"_links":{"self":[{"href":"https:\/\/bnssghealthiertogether.org.uk\/ro\/wp-json\/wp\/v2\/pages\/34563","targetHints":{"allow":["GET"]}}],"collection":[{"href":"https:\/\/bnssghealthiertogether.org.uk\/ro\/wp-json\/wp\/v2\/pages"}],"about":[{"href":"https:\/\/bnssghealthiertogether.org.uk\/ro\/wp-json\/wp\/v2\/types\/page"}],"author":[{"embeddable":true,"href":"https:\/\/bnssghealthiertogether.org.uk\/ro\/wp-json\/wp\/v2\/users\/1"}],"replies":[{"embeddable":true,"href":"https:\/\/bnssghealthiertogether.org.uk\/ro\/wp-json\/wp\/v2\/comments?post=34563"}],"version-history":[{"count":3,"href":"https:\/\/bnssghealthiertogether.org.uk\/ro\/wp-json\/wp\/v2\/pages\/34563\/revisions"}],"predecessor-version":[{"id":36228,"href":"https:\/\/bnssghealthiertogether.org.uk\/ro\/wp-json\/wp\/v2\/pages\/34563\/revisions\/36228"}],"up":[{"embeddable":true,"href":"https:\/\/bnssghealthiertogether.org.uk\/ro\/wp-json\/wp\/v2\/pages\/32891"}],"wp:attachment":[{"href":"https:\/\/bnssghealthiertogether.org.uk\/ro\/wp-json\/wp\/v2\/media?parent=34563"}],"wp:term":[{"taxonomy":"post_tag","embeddable":true,"href":"https:\/\/bnssghealthiertogether.org.uk\/ro\/wp-json\/wp\/v2\/tags?post=34563"}],"curies":[{"name":"wp","href":"https:\/\/api.w.org\/{rel}","templated":true}]}}