{"id":34566,"date":"2024-11-26T16:51:41","date_gmt":"2024-11-26T16:51:41","guid":{"rendered":"https:\/\/bnssghealthiertogether.org.uk\/?page_id=34566"},"modified":"2025-01-19T20:24:13","modified_gmt":"2025-01-19T20:24:13","slug":"adapt-the-south-asian-dementia-diagnosis-pathway-an-online-toolkit-of-enhanced-interventions","status":"publish","type":"page","link":"https:\/\/bnssghealthiertogether.org.uk\/ro\/integrated-care-board\/research-and-evidence\/our-research-portfolio\/previously-supported-projects\/adapt-the-south-asian-dementia-diagnosis-pathway-an-online-toolkit-of-enhanced-interventions\/","title":{"rendered":"ADAPT: Calea de diagnostic a demen\u021bei din Asia de Sud \u2013 un set de instrumente online cu interven\u021bii \u00eembun\u0103t\u0103\u021bite"},"content":{"rendered":"<div class=\"assembler_default-group assembler_module_group assembler_default-group_1 assembler_module_group_1\"><div class=\"assembler_module_area assembler_module_area_1\"><div class=\"assembler_text-module assembler_module assembler_text-module_1 assembler_module_1  transparent\"><a tabindex=\"-1\" title=\"Sec\u021biunea intitulat\u0103 modul-1\" id=\"module-1\" href=\"https:\/\/bnssghealthiertogether.org.uk\/ro\/wp-json\/wp\/v2\/pages\/34566\/#module-1\" class=\"anchor\"><span class=\"hidden\">Sec\u021biunea intitulat\u0103 modul-1<\/span><\/a><!-- Template found for text-module - Template: template-text - Matched: _only --><section class=\"w-full mx-auto max-w-content pt-12 sm:pt-24 pb-12 sm:pb-24\">\r\n  <div class=\"entry-content w-full !px-0 max-w-small\">\r\n        <header class=\"local_header\">\n<div class=\"local_header__inner\">\n<h1 class=\"local_header__title\">ADAPT: Calea de diagnostic a demen\u021bei din Asia de Sud \u2013 un set de instrumente online cu interven\u021bii \u00eembun\u0103t\u0103\u021bite<\/h1>\n<\/div>\n<\/header>\n<article class=\"page_content\">\n<h2><\/h2>\n<h2 class=\"page_content__inner\">Finan\u021bare<\/h2>\n<\/article>\n<p>Institutul Na\u021bional de Cercetare (NIHR) Cercetare \u00een Beneficiul Pacientului (RfPB) Ref. NIHR200736<\/p>\n<h2>Care este \u00eentrebarea de cercetare?<\/h2>\n<p>Identificarea elementelor unui set de instrumente online care poate fi utilizat, dup\u0103 cum este necesar, de c\u0103tre comisari, medici \u0219i echipe de \u00eengrijire pentru a satisface nevoile locale ale sud-asiaticilor care tr\u0103iesc cu demen\u021b\u0103.<\/p>\n<h2>Care este problema?<\/h2>\n<p>Aproximativ 25.000 de persoane din comunit\u0103\u021bi de culoare, asiatice \u0219i alte minorit\u0103\u021bi etnice (sau BAME) din Regatul Unit tr\u0103iesc cu demen\u021b\u0103.<\/p>\n<p>\u00cen urm\u0103torii treizeci de ani, aceast\u0103 cifr\u0103 va cre\u0219te brusc, astfel \u00eenc\u00e2t aproximativ 150.000 de persoane din comunit\u0103\u021bile BAME sunt susceptibile de a dezvolta demen\u021b\u0103.<\/p>\n<p>Comunitatea sud-asiatic\u0103 (pakistanez\u0103, indian\u0103, bangladesh\u0103) este considerat\u0103 a fi cel mai mare grup etnic minoritar din Regatul Unit.<\/p>\n<p>Persoanele din Asia de Sud sunt mai predispuse la diagnosticarea cu demen\u021b\u0103 \u00eentr-un stadiu avansat \u0219i c\u00e2nd simptomele lor sunt mult mai grave dec\u00e2t \u00een cazul britanicilor albi. Prin urmare, este mai pu\u021bin probabil s\u0103 li se administreze medicamente sau s\u0103 primeasc\u0103 tratamente recomandate pentru demen\u021b\u0103.<\/p>\n<p>Exist\u0103, de asemenea, diferen\u021be \u00een ceea ce prive\u0219te sprijinul pe care \u00eel primesc. Persoanele din Asia de Sud tind s\u0103 se bazeze pe sprijinul din partea grupurilor comunitare, care sunt de obicei conduse de personal care nu are preg\u0103tire \u00een domeniul demen\u021bei.<\/p>\n<p>Toate aceste probleme \u00eenseamn\u0103 c\u0103 persoanele din Asia de Sud sunt dezavantajate, iar NHS \u0219i serviciile sociale nu le ofer\u0103 \u00eentotdeauna sprijin corespunz\u0103tor.<\/p>\n<h2>Care este scopul cercet\u0103rii?<\/h2>\n<p>Scopul acestui studiu va fi de a \u00eembun\u0103t\u0103\u021bi modul \u00een care serviciile pentru demen\u021b\u0103 r\u0103spund nevoilor persoanelor din Asia de Sud.<\/p>\n<p>Vom realiza acest lucru prin crearea unui set de instrumente online cu resurse adecvate din punct de vedere cultural \u0219i reunirea lor \u00eentr-un singur loc, la care profesioni\u0219tii din domeniul s\u0103n\u0103t\u0103\u021bii \u0219i asisten\u021bei sociale s\u0103 poat\u0103 avea acces \u0219i utiliza la locul lor de munc\u0103.<\/p>\n<p>Serviciile locale vor putea selecta p\u0103r\u021bile din setul de instrumente care se potrivesc cel mai bine nevoilor zonelor lor. Prin facilitarea utiliz\u0103rii serviciilor pentru demen\u021b\u0103, persoanele sunt diagnosticate \u00eentr-un stadiu mai timpuriu \u0219i, prin urmare, au la dispozi\u021bie mai mult sprijin \u0219i tratament.<\/p>\n<h2>Cum se va realiza acest lucru?<\/h2>\n<p>Prima parte a acestui proiect va implica discu\u021bii cu persoane din diferite comunit\u0103\u021bi din Asia de Sud care sunt afectate de demen\u021b\u0103 pentru a afla cea mai bun\u0103 modalitate de a evalua demen\u021ba \u0219i de a oferi sprijin.<\/p>\n<p>Vom stabili apoi cum pot NHS \u0219i grupurile comunitare s\u0103 colaboreze cel mai bine.<\/p>\n<p>Vom crea videoclipuri cu persoane din Asia de Sud care vor vorbi despre \u2018cele mai bune practici\u2019 atunci c\u00e2nd lucreaz\u0103 cu comunit\u0103\u021bile din Asia de Sud, de exemplu, cum s\u0103 lucreze cu interpre\u021bii \u00eentr-un mediu spitalicesc.<\/p>\n<p>Vom reuni toate aceste resurse \u0219i vom crea un set de instrumente online. Apoi vom \u00eemp\u0103rt\u0103\u0219i concluziile noastre folosind re\u021belele sociale \u0219i g\u0103zduind evenimente \u00een Bristol, Bradford \u0219i Wolverhampton.<\/p>\n<h2>Cine conduce cercetarea?<\/h2>\n<p>Prof. Richard Cheston, profesor de cercetare a demen\u021bei, Centrul pentru S\u0103n\u0103tate \u0219i Cercetare Clinic\u0103, Universitatea din Vestul Angliei.<\/p>\n<p>Dr. Sahdia Parveen, cercet\u0103tor principal, Centrul pentru Studii Aplicate asupra Demen\u021bei, Universitatea din Bradford.<\/p>\n<h2>Informa\u021bii suplimentare:<\/h2>\n<p><a href=\"https:\/\/www.bristolhealthpartners.org.uk\/health-integration-teams\/dementia-hit\/research\/\" target=\"_blank\" rel=\"nofollow noopener\">Despre aceast\u0103 cercetare<\/a><\/p>\n<p>Pentru mai multe informa\u021bii sau pentru a v\u0103 implica \u00een acest proiect, trimite\u021bi un e-mail la <a href=\"mailto:bnssg.research@nhs.net\" target=\"_blank\" rel=\"noopener\">bnssg.research@nhs.net<\/a>.<\/p>\n<p>Opiniile exprimate sunt cele ale autorului (autorilor) \u0219i nu neap\u0103rat cele ale NIHR sau ale Departamentului de S\u0103n\u0103tate \u0219i Asisten\u021b\u0103 Social\u0103.<\/p>\n  <\/div>\r\n  <\/section><\/div><!-- .assembler_text-module.assembler_module.assembler_text-module_1.assembler_module_1..transparent --><\/div><!-- .assembler_module_area.assembler_module_area_1 --><\/div><!-- .assembler_default-group.assembler_module_group.assembler_default-group_1.assembler_module_group_1  -->","protected":false},"excerpt":{"rendered":"<p>Section titled module-1 ADAPT: The south Asian Dementia diAgnosis PaThway &#8211; an online toolkit of enhanced interventions Funding National Institute for Research (NIHR) Research for Patient Benefit (RfPB) Ref. NIHR200736 What is the research question? To identify the elements of an online toolkit that can be drawn on as necessary by commissioners, clinicians and care [&hellip;]<\/p>\n","protected":false},"author":1,"featured_media":0,"parent":32891,"menu_order":0,"comment_status":"closed","ping_status":"closed","template":"","meta":{"_acf_changed":false,"footnotes":""},"tags":[],"class_list":["post-34566","page","type-page","status-publish","hentry"],"acf":[],"_links":{"self":[{"href":"https:\/\/bnssghealthiertogether.org.uk\/ro\/wp-json\/wp\/v2\/pages\/34566","targetHints":{"allow":["GET"]}}],"collection":[{"href":"https:\/\/bnssghealthiertogether.org.uk\/ro\/wp-json\/wp\/v2\/pages"}],"about":[{"href":"https:\/\/bnssghealthiertogether.org.uk\/ro\/wp-json\/wp\/v2\/types\/page"}],"author":[{"embeddable":true,"href":"https:\/\/bnssghealthiertogether.org.uk\/ro\/wp-json\/wp\/v2\/users\/1"}],"replies":[{"embeddable":true,"href":"https:\/\/bnssghealthiertogether.org.uk\/ro\/wp-json\/wp\/v2\/comments?post=34566"}],"version-history":[{"count":3,"href":"https:\/\/bnssghealthiertogether.org.uk\/ro\/wp-json\/wp\/v2\/pages\/34566\/revisions"}],"predecessor-version":[{"id":36229,"href":"https:\/\/bnssghealthiertogether.org.uk\/ro\/wp-json\/wp\/v2\/pages\/34566\/revisions\/36229"}],"up":[{"embeddable":true,"href":"https:\/\/bnssghealthiertogether.org.uk\/ro\/wp-json\/wp\/v2\/pages\/32891"}],"wp:attachment":[{"href":"https:\/\/bnssghealthiertogether.org.uk\/ro\/wp-json\/wp\/v2\/media?parent=34566"}],"wp:term":[{"taxonomy":"post_tag","embeddable":true,"href":"https:\/\/bnssghealthiertogether.org.uk\/ro\/wp-json\/wp\/v2\/tags?post=34566"}],"curies":[{"name":"wp","href":"https:\/\/api.w.org\/{rel}","templated":true}]}}