{"id":34569,"date":"2024-11-26T16:52:06","date_gmt":"2024-11-26T16:52:06","guid":{"rendered":"https:\/\/bnssghealthiertogether.org.uk\/?page_id=34569"},"modified":"2025-01-19T20:27:38","modified_gmt":"2025-01-19T20:27:38","slug":"bee-best-emollient-in-eczema","status":"publish","type":"page","link":"https:\/\/bnssghealthiertogether.org.uk\/ro\/integrated-care-board\/research-and-evidence\/our-research-portfolio\/previously-supported-projects\/bee-best-emollient-in-eczema\/","title":{"rendered":"BEE: Cel mai bun emolient pentru eczeme"},"content":{"rendered":"<div class=\"assembler_default-group assembler_module_group assembler_default-group_1 assembler_module_group_1\"><div class=\"assembler_module_area assembler_module_area_1\"><div class=\"assembler_text-module assembler_module assembler_text-module_1 assembler_module_1  transparent\"><a tabindex=\"-1\" title=\"Sec\u021biunea intitulat\u0103 modul-1\" id=\"module-1\" href=\"https:\/\/bnssghealthiertogether.org.uk\/ro\/wp-json\/wp\/v2\/pages\/34569\/#module-1\" class=\"anchor\"><span class=\"hidden\">Sec\u021biunea intitulat\u0103 modul-1<\/span><\/a><!-- Template found for text-module - Template: template-text - Matched: _only --><section class=\"w-full mx-auto max-w-content pt-12 sm:pt-24 pb-12 sm:pb-24\">\r\n  <div class=\"entry-content w-full !px-0 max-w-small\">\r\n        <header class=\"local_header\">\n<div class=\"local_header__inner\">\n<h1 class=\"local_header__title\">BEE: Cel mai bun emolient pentru eczeme<\/h1>\n<\/div>\n<\/header>\n<article class=\"page_content\">\n<h2><\/h2>\n<h2 class=\"page_content__inner\">Finan\u021bare<\/h2>\n<\/article>\n<p>Institutul Na\u021bional pentru S\u0103n\u0103tate (NIHR) Evaluarea Tehnologiilor Medicale (HTA) Ref. 15\/130\/07<\/p>\n<h2>Care este \u00eentrebarea de cercetare?<\/h2>\n<p>Care dintre cele patru tipuri diferite de emolient (lo\u021biune, crem\u0103, gel \u0219i unguent) are cea mai bun\u0103 eficacitate clinic\u0103 \u0219i din punct de vedere al costurilor pentru tratamentul copiilor cu eczeme?<\/p>\n<h2>Care este problema?<\/h2>\n<p>Unul din cinci copii din Marea Britanie are eczeme, o afec\u021biune a pielii cu care tr\u0103ie\u0219te, care provoac\u0103 usc\u0103ciune \u0219i m\u00e2nc\u0103rime a pielii.<\/p>\n<p>Afecteaz\u0103 semnificativ copilul \u0219i familia acestuia \u2013 interfer\u00e2nd cu somnul, activit\u0103\u021bile sociale \u0219i bun\u0103starea emo\u021bional\u0103.<\/p>\n<p>Majoritatea copiilor sunt diagnostica\u021bi \u0219i \u00eengriji\u021bi de medicul de familie (GP) cu emoliente pentru ameliorarea usc\u0103ciunii pielii \u0219i creme cu steroizi (de exemplu, hidrocortizon) pentru \u201cpusee\u201d.<\/p>\n<p>Cu toate acestea, exist\u0103 mul\u021bi emolien\u021bi diferi\u021bi \u0219i pu\u021bine cercet\u0103ri care s\u0103 \u00eei compare. Prin urmare, profesioni\u0219tii din domeniul s\u0103n\u0103t\u0103\u021bii (HCP) nu sunt siguri ce s\u0103 recomande, iar prescrierea variaz\u0103 de la o persoan\u0103 la alta.<\/p>\n<p>Acest lucru este confuz \u0219i frustrant pentru p\u0103rin\u021bi \u2013 ace\u0219tia \u00eencearc\u0103 adesea mai multe emoliente \u00eenainte de a g\u0103si unul care s\u0103 le func\u021bioneze. De asemenea, irose\u0219te timpul \u0219i banii tuturor. Pacien\u021bii, \u00eengrijitorii \u0219i profesioni\u0219tii din domeniul s\u0103n\u0103t\u0103\u021bii sunt de acord c\u0103 este nevoie de cercetare.<\/p>\n<h2>Care este scopul cercet\u0103rii?<\/h2>\n<p>Vom realiza un studiu clinic randomizat cu cele patru tipuri de emolien\u021bi cel mai frecvent utilizate (lo\u021biunea Aveeno\u00ae, crema Diprobase\u00ae, gelul Doublebase\u00ae \u0219i unguentul Epaderm\u00ae), pentru a oferi informa\u021bii mai bune despre emolien\u021bi profesioni\u0219tilor din domeniul s\u0103n\u0103t\u0103\u021bii (HCP) \u0219i p\u0103rin\u021bilor\/\u00eengrijitorilor care au grij\u0103 de copii cu eczeme.<\/p>\n<h2>Cum se va realiza acest lucru?<\/h2>\n<p>Copiii vor fi recruta\u021bi prin intermediul cabinetului medicului lor de familie \u0219i li se va administra unul dintre cele patru emoliente, care vor fi utilizate timp de 16 s\u0103pt\u0103m\u00e2ni. Pentru a evalua efectele pe termen lung, vom urm\u0103ri pe to\u021bi participan\u021bii timp de 12 luni.<\/p>\n<p>Principala noastr\u0103 \u00eentrebare, care emolient este cel mai bun, va primi r\u0103spuns prin \u00eencurajarea p\u0103rin\u021bilor s\u0103 \u00eenregistreze \u00een mod regulat simptomele eczemelor.<\/p>\n<p>De asemenea, vom evalua independent severitatea eczemelor \u0219i vom colecta informa\u021bii despre:<\/p>\n<ul>\n<li>impactul afec\u021biunii asupra familiei<\/li>\n<li>calitatea vie\u021bii copilului \u0219i a \u00eengrijitorului principal<\/li>\n<li>satisfac\u021bie cu emolientul<\/li>\n<li>\u0219i costuri pentru NHS \u0219i familie.<\/li>\n<\/ul>\n<p>Vom face acest lucru prin chestionare completate de p\u0103rin\u021bi \u0219i prin examinarea dosarelor medicale. Pentru a \u00een\u021belege mai bine utilizarea emolien\u021bilor, de exemplu, orice compromisuri pe care oamenii le fac \u00eentre eficacitate \u0219i acceptabilitate, vom intervieva un e\u0219antion de familii.<\/p>\n<h2>Cine conduce cercetarea?<\/h2>\n<p>Dr. Matthew Ridd, medic generalist \u0219i conferen\u021biar \u00een asisten\u021b\u0103 medical\u0103 primar\u0103, \u0218tiin\u021be ale s\u0103n\u0103t\u0103\u021bii popula\u021biei, Universitatea din Bristol.<\/p>\n<h2>Informa\u021bii suplimentare:<\/h2>\n<p><a href=\"https:\/\/research-information.bris.ac.uk\/en\/persons\/matthew-j-ridd\" target=\"_blank\" rel=\"nofollow noopener\">Dr. Matthew J. Ridd<\/a><\/p>\n<p>Pentru mai multe informa\u021bii sau pentru a v\u0103 implica \u00een acest proiect, trimite\u021bi un e-mail la <a href=\"mailto:bnssg.research@nhs.net\" target=\"_blank\" rel=\"noopener\">bnssg.research@nhs.net<\/a>.<\/p>\n<p>Opiniile exprimate sunt cele ale autorului (autorilor) \u0219i nu neap\u0103rat cele ale NIHR sau ale Departamentului de S\u0103n\u0103tate \u0219i Asisten\u021b\u0103 Social\u0103.<\/p>\n  <\/div>\r\n  <\/section><\/div><!-- .assembler_text-module.assembler_module.assembler_text-module_1.assembler_module_1..transparent --><\/div><!-- .assembler_module_area.assembler_module_area_1 --><\/div><!-- .assembler_default-group.assembler_module_group.assembler_default-group_1.assembler_module_group_1  -->","protected":false},"excerpt":{"rendered":"<p>Section titled module-1 BEE: Best Emollient in Eczema Funding National Institute for Health (NIHR) Health Technology Assessment (HTA) Ref. 15\/130\/07 What is the research question? Which of four different types of emollient (lotion, cream, gel and ointment) have best clinical and cost effectiveness for the treatment of children with eczema? What is the problem? One [&hellip;]<\/p>\n","protected":false},"author":1,"featured_media":0,"parent":32891,"menu_order":0,"comment_status":"closed","ping_status":"closed","template":"","meta":{"_acf_changed":false,"footnotes":""},"tags":[],"class_list":["post-34569","page","type-page","status-publish","hentry"],"acf":[],"_links":{"self":[{"href":"https:\/\/bnssghealthiertogether.org.uk\/ro\/wp-json\/wp\/v2\/pages\/34569","targetHints":{"allow":["GET"]}}],"collection":[{"href":"https:\/\/bnssghealthiertogether.org.uk\/ro\/wp-json\/wp\/v2\/pages"}],"about":[{"href":"https:\/\/bnssghealthiertogether.org.uk\/ro\/wp-json\/wp\/v2\/types\/page"}],"author":[{"embeddable":true,"href":"https:\/\/bnssghealthiertogether.org.uk\/ro\/wp-json\/wp\/v2\/users\/1"}],"replies":[{"embeddable":true,"href":"https:\/\/bnssghealthiertogether.org.uk\/ro\/wp-json\/wp\/v2\/comments?post=34569"}],"version-history":[{"count":3,"href":"https:\/\/bnssghealthiertogether.org.uk\/ro\/wp-json\/wp\/v2\/pages\/34569\/revisions"}],"predecessor-version":[{"id":36230,"href":"https:\/\/bnssghealthiertogether.org.uk\/ro\/wp-json\/wp\/v2\/pages\/34569\/revisions\/36230"}],"up":[{"embeddable":true,"href":"https:\/\/bnssghealthiertogether.org.uk\/ro\/wp-json\/wp\/v2\/pages\/32891"}],"wp:attachment":[{"href":"https:\/\/bnssghealthiertogether.org.uk\/ro\/wp-json\/wp\/v2\/media?parent=34569"}],"wp:term":[{"taxonomy":"post_tag","embeddable":true,"href":"https:\/\/bnssghealthiertogether.org.uk\/ro\/wp-json\/wp\/v2\/tags?post=34569"}],"curies":[{"name":"wp","href":"https:\/\/api.w.org\/{rel}","templated":true}]}}