{"id":34577,"date":"2024-11-26T16:53:35","date_gmt":"2024-11-26T16:53:35","guid":{"rendered":"https:\/\/bnssghealthiertogether.org.uk\/?page_id=34577"},"modified":"2025-01-19T20:53:37","modified_gmt":"2025-01-19T20:53:37","slug":"coac-using-health-information-systems-to-address-patient-concerns-in-gp-consultations-a-feasibility-study","status":"publish","type":"page","link":"https:\/\/bnssghealthiertogether.org.uk\/ro\/integrated-care-board\/research-and-evidence\/our-research-portfolio\/previously-supported-projects\/coac-using-health-information-systems-to-address-patient-concerns-in-gp-consultations-a-feasibility-study\/","title":{"rendered":"COAC: Utilizarea sistemelor informa\u021bionale de s\u0103n\u0103tate pentru a aborda preocup\u0103rile pacien\u021bilor \u00een consulta\u021biile medicilor de familie: un studiu de fezabilitate"},"content":{"rendered":"<div class=\"assembler_default-group assembler_module_group assembler_default-group_1 assembler_module_group_1\"><div class=\"assembler_module_area assembler_module_area_1\"><div class=\"assembler_text-module assembler_module assembler_text-module_1 assembler_module_1  transparent\"><a tabindex=\"-1\" title=\"Sec\u021biunea intitulat\u0103 modul-1\" id=\"module-1\" href=\"https:\/\/bnssghealthiertogether.org.uk\/ro\/wp-json\/wp\/v2\/pages\/34577\/#module-1\" class=\"anchor\"><span class=\"hidden\">Sec\u021biunea intitulat\u0103 modul-1<\/span><\/a><!-- Template found for text-module - Template: template-text - Matched: _only --><section class=\"w-full mx-auto max-w-content pt-12 sm:pt-24 pb-12 sm:pb-24\">\r\n  <div class=\"entry-content w-full !px-0 max-w-small\">\r\n        <header class=\"local_header\">\n<div class=\"local_header__inner\">\n<h1 class=\"local_header__title\">COAC: Utilizarea sistemelor informa\u021bionale de s\u0103n\u0103tate pentru a aborda preocup\u0103rile pacien\u021bilor \u00een consulta\u021biile medicilor de familie: un studiu de fezabilitate<\/h1>\n<\/div>\n<\/header>\n<article class=\"page_content\">\n<h2><\/h2>\n<h2 class=\"page_content__inner\">Finan\u021bare<\/h2>\n<\/article>\n<p>Institutul Na\u021bional pentru S\u0103n\u0103tate (NIHR) Cercetare \u00een Beneficiul Pacientului (RfPB) Ref. PB-PG-1217-20012<\/p>\n<h2>Care este \u00eentrebarea de cercetare?<\/h2>\n<p>Putem dezvolta \u0219i testa o interven\u021bie complex\u0103 conceput\u0103 pentru a aborda mai cuprinz\u0103tor preocup\u0103rile pacien\u021bilor din medicina general\u0103?<\/p>\n<h2>Care este problema?<\/h2>\n<p>Problemele sunt trecute cu vederea \u00een p\u00e2n\u0103 la 50% de consulta\u021bii de asisten\u021b\u0103 medical\u0103 primar\u0103. Acest lucru se poate datora faptului c\u0103 pacien\u021bii nu au suficient timp pentru a discuta toate problemele lor sau c\u0103 ace\u0219tia ar putea fi \u00eentrerup\u021bi de medicul de familie atunci c\u00e2nd \u00eencep s\u0103 explice.<\/p>\n<p>Uneori, pacien\u021bii, dup\u0103 consulta\u021bie, nu au nicio idee clar\u0103 despre sfaturile primite sau ce trebuie s\u0103 fac\u0103 dac\u0103 problema lor se agraveaz\u0103. Acest lucru poate fi stresant pentru pacien\u021bi, poate duce la probleme de s\u0103n\u0103tate sau la cre\u0219terea costurilor NHS, deoarece pacien\u021bii ar putea consulta din nou pentru a li se rezolva preocup\u0103rile.<\/p>\n<p>Reducerea ratelor de consulta\u021bii cu doar 1% ar putea economisi NHS-ului peste 100 de milioane de lire sterline. Utilizarea pe scar\u0103 larg\u0103 a smartphone-urilor \u0219i a tehnologiei SMS pentru medicii de familie ofer\u0103 o oportunitate de a aborda aceast\u0103 problem\u0103 printr-un schimb mai eficient de informa\u021bii.<\/p>\n<h2>Care este scopul cercet\u0103rii?<\/h2>\n<p>Acest studiu \u00ee\u0219i propune s\u0103 dezvolte \u0219i s\u0103 testeze o metod\u0103 pentru a aborda mai cuprinz\u0103tor preocup\u0103rile pacien\u021bilor din medicina general\u0103.<\/p>\n<p>Aceasta va implica completarea unui chestionar electronic cu privire la preocup\u0103rile lor \u00eenainte de o consulta\u021bie cu medicul de familie, chestionar care este partajat cu acesta \u0219i primirea unui rezumat imprimabil al sfaturilor la final.<\/p>\n<p>Dac\u0103 va avea succes, cercetarea va \u00eembun\u0103t\u0103\u021bi \u00eengrijirea pacien\u021bilor care primesc noua metod\u0103 de consulta\u021bie \u0219i va reduce ratele de reconsultare pentru aceea\u0219i problem\u0103.<\/p>\n<h2>Cum se va realiza acest lucru?<\/h2>\n<p>Vom realiza dou\u0103 studii.<\/p>\n<p>\u00cen studiul 1, vom dezvolta dou\u0103 tehnologii \u0219i procese. \u00cen primul r\u00e2nd, vom concepe un chestionar pe care pacien\u021bii s\u0103 \u00eel completeze pe smartphone\/computer \u00eenainte de consulta\u021bie. Acest chestionar, care va identifica motivele consult\u0103rii \u0219i alte probleme de s\u0103n\u0103tate, va fi distribuit medicului de familie \u00eenainte de consulta\u021bie. Acestea pot include probleme care \u00eel deranjeaz\u0103 pe pacient \u0219i care altfel nu ar fi fost semnalate. A doua tehnologie va fi un raport care va fi imprimat pentru pacient la sf\u00e2r\u0219itul consulta\u021biei, inclusiv problemele semnalate, sfaturile oferite \u0219i urm\u0103rirea necesar\u0103. Acest lucru va oferi o \u00een\u021belegere comun\u0103 \u00eentre pacient \u0219i medicul de familie \u0219i \u00eel va ajuta pe pacient s\u0103 \u00ee\u0219i aminteasc\u0103 sfaturile primite.<\/p>\n<p>\u00cen studiul 2, vom testa aceste tehnologii \u00een consulta\u021bii cu 72 de pacien\u021bi. Medicii de familie vor fi ruga\u021bi s\u0103 citeasc\u0103 informa\u021biile din chestionar \u00eenainte de consulta\u021bie \u0219i s\u0103 furnizeze raportul tip\u0103rit la sf\u00e2r\u0219itul consulta\u021biei. Pentru a evalua noua metod\u0103, vom colecta informa\u021bii despre c\u00e2t de bine a func\u021bionat consulta\u021bia pentru ace\u0219ti 72 de pacien\u021bi. Vom colecta acelea\u0219i informa\u021bii de la 36 de pacien\u021bi care au avut o consulta\u021bie f\u0103r\u0103 noua metod\u0103, astfel \u00eenc\u00e2t s\u0103 putem compara cele dou\u0103 grupuri. Dac\u0103 aceast\u0103 metod\u0103 func\u021bioneaz\u0103 cu succes, vom c\u0103uta finan\u021bare pentru a o testa pe un e\u0219antion mai mare.<\/p>\n<h2>Cine conduce cercetarea?<\/h2>\n<p>Dr. Mairead Murphy, cercet\u0103tor tehnic, \u0218tiin\u021be ale S\u0103n\u0103t\u0103\u021bii Popula\u021biei, Centrul pentru Asisten\u021b\u0103 Medical\u0103 Primar\u0103 Academic\u0103, Universitatea din Bristol.<\/p>\n<h2>Informa\u021bii suplimentare:<\/h2>\n<p><a href=\"http:\/\/www.bristol.ac.uk\/primaryhealthcare\/researchthemes\/coac-study\/\" target=\"_blank\" rel=\"nofollow noopener\">Studiul COAC<\/a><\/p>\n<p>Pentru mai multe informa\u021bii sau pentru a v\u0103 implica \u00een acest proiect, trimite\u021bi un e-mail la <a href=\"mailto:bnssg.research@nhs.net\" target=\"_blank\" rel=\"noopener\">bnssg.research@nhs.net<\/a>.<\/p>\n<p>Opiniile exprimate sunt cele ale autorului (autorilor) \u0219i nu neap\u0103rat cele ale NIHR sau ale Departamentului de S\u0103n\u0103tate \u0219i Asisten\u021b\u0103 Social\u0103.<\/p>\n  <\/div>\r\n  <\/section><\/div><!-- .assembler_text-module.assembler_module.assembler_text-module_1.assembler_module_1..transparent --><\/div><!-- .assembler_module_area.assembler_module_area_1 --><\/div><!-- .assembler_default-group.assembler_module_group.assembler_default-group_1.assembler_module_group_1  -->","protected":false},"excerpt":{"rendered":"<p>Section titled module-1 COAC: Using health information systems to address patient concerns in GP consultations: a feasibility study Funding National Institute for Health (NIHR) Research for Patient Benefit (RfPB) Ref. PB-PG-1217-20012 What is the research question? Can we develop and test a complex intervention designed to more comprehensively address patients\u2019 concerns in general practice? What [&hellip;]<\/p>\n","protected":false},"author":1,"featured_media":0,"parent":32891,"menu_order":0,"comment_status":"closed","ping_status":"closed","template":"","meta":{"_acf_changed":false,"footnotes":""},"tags":[],"class_list":["post-34577","page","type-page","status-publish","hentry"],"acf":[],"_links":{"self":[{"href":"https:\/\/bnssghealthiertogether.org.uk\/ro\/wp-json\/wp\/v2\/pages\/34577","targetHints":{"allow":["GET"]}}],"collection":[{"href":"https:\/\/bnssghealthiertogether.org.uk\/ro\/wp-json\/wp\/v2\/pages"}],"about":[{"href":"https:\/\/bnssghealthiertogether.org.uk\/ro\/wp-json\/wp\/v2\/types\/page"}],"author":[{"embeddable":true,"href":"https:\/\/bnssghealthiertogether.org.uk\/ro\/wp-json\/wp\/v2\/users\/1"}],"replies":[{"embeddable":true,"href":"https:\/\/bnssghealthiertogether.org.uk\/ro\/wp-json\/wp\/v2\/comments?post=34577"}],"version-history":[{"count":3,"href":"https:\/\/bnssghealthiertogether.org.uk\/ro\/wp-json\/wp\/v2\/pages\/34577\/revisions"}],"predecessor-version":[{"id":36234,"href":"https:\/\/bnssghealthiertogether.org.uk\/ro\/wp-json\/wp\/v2\/pages\/34577\/revisions\/36234"}],"up":[{"embeddable":true,"href":"https:\/\/bnssghealthiertogether.org.uk\/ro\/wp-json\/wp\/v2\/pages\/32891"}],"wp:attachment":[{"href":"https:\/\/bnssghealthiertogether.org.uk\/ro\/wp-json\/wp\/v2\/media?parent=34577"}],"wp:term":[{"taxonomy":"post_tag","embeddable":true,"href":"https:\/\/bnssghealthiertogether.org.uk\/ro\/wp-json\/wp\/v2\/tags?post=34577"}],"curies":[{"name":"wp","href":"https:\/\/api.w.org\/{rel}","templated":true}]}}