{"id":34594,"date":"2024-11-26T16:56:05","date_gmt":"2024-11-26T16:56:05","guid":{"rendered":"https:\/\/bnssghealthiertogether.org.uk\/?page_id=34594"},"modified":"2025-01-19T21:12:41","modified_gmt":"2025-01-19T21:12:41","slug":"the-dish-disclosure-in-sexual-health-project-to-develop-an-identification-and-support-intervention-for-sexual-violence-survivors","status":"publish","type":"page","link":"https:\/\/bnssghealthiertogether.org.uk\/ro\/integrated-care-board\/research-and-evidence\/our-research-portfolio\/previously-supported-projects\/the-dish-disclosure-in-sexual-health-project-to-develop-an-identification-and-support-intervention-for-sexual-violence-survivors\/","title":{"rendered":"Proiectul DiSH (Disclosure in Sexual Health) pentru dezvoltarea unei interven\u021bii de identificare \u0219i sprijin pentru supravie\u021buitorii violen\u021bei sexuale"},"content":{"rendered":"<div class=\"assembler_default-group assembler_module_group assembler_default-group_1 assembler_module_group_1\"><div class=\"assembler_module_area assembler_module_area_1\"><div class=\"assembler_text-module assembler_module assembler_text-module_1 assembler_module_1  transparent\"><a tabindex=\"-1\" title=\"Sec\u021biunea intitulat\u0103 modul-1\" id=\"module-1\" href=\"https:\/\/bnssghealthiertogether.org.uk\/ro\/wp-json\/wp\/v2\/pages\/34594\/#module-1\" class=\"anchor\"><span class=\"hidden\">Sec\u021biunea intitulat\u0103 modul-1<\/span><\/a><!-- Template found for text-module - Template: template-text - Matched: _only --><section class=\"w-full mx-auto max-w-content pt-12 sm:pt-24 pb-12 sm:pb-24\">\r\n  <div class=\"entry-content w-full !px-0 max-w-small\">\r\n        <header class=\"local_header\">\n<div class=\"local_header__inner\">\n<h1 class=\"local_header__title\">Proiectul DiSH (Disclosure in Sexual Health) pentru dezvoltarea unei interven\u021bii de identificare \u0219i sprijin pentru supravie\u021buitorii violen\u021bei sexuale<\/h1>\n<h2>Finan\u021bare<\/h2>\n<p>Finan\u021barea capacit\u0103\u021bii de cercetare CCG pentru Bristol, North Somerset \u0219i South Gloucestershire (Dezvoltare local\u0103)<\/p>\n<h2>Care este \u00eentrebarea de cercetare?<\/h2>\n<\/div>\n<\/header>\n<p>Cum pot serviciile de s\u0103n\u0103tate sexual\u0103 s\u0103 \u00eembun\u0103t\u0103\u021beasc\u0103 identificarea \u0219i sprijinul pentru supravie\u021buitorii violen\u021bei sexuale (VS) utiliz\u00e2nd servicii de s\u0103n\u0103tate sexual\u0103, prin screening informat pe baza traumelor \u00een curs de dezvoltare \u0219i a experien\u021belor tr\u0103ite?<\/p>\n<h2>Care este problema?<\/h2>\n<ul>\n<li>Abuzul sexual \u0219i violen\u021ba sunt frecvente, ratele sunt \u00een cre\u0219tere, \u00eens\u0103 datele din sistemul de justi\u021bie penal\u0103 arat\u0103 c\u0103 majoritatea supravie\u021buitorilor (85%) nu le raporteaz\u0103.<\/li>\n<li>Pentru mul\u021bi, serviciile de s\u0103n\u0103tate sexual\u0103 vor fi primul lor punct de contact pentru a solicita ajutor, dar majoritatea nu dezv\u0103luie \u00een acest moment.<\/li>\n<li>Munca recent\u0103 cu grupurile de supravie\u021buitori conduse de Somerset and Avon Rape and Sexual Abuse Service (SARSAS) a eviden\u021biat decalajul dintre ceea ce trebuie s\u0103 fac\u0103 supravie\u021buitorii \u00een cadrul serviciului pentru a putea da seama.<\/li>\n<li>Dovezile \u0219i practica existente s-au concentrat pe identificarea violen\u021bei domestice (din partea partenerului sau fostului partener), care poate trece cu vederea o serie de experien\u021be sexuale nedorite cu cuno\u0219tin\u021be sau parteneri intimi ocazionali.<\/li>\n<li>Modul \u00een care serviciile de depistare a violen\u021bei sexuale poate s\u0103 nu ia \u00een considerare propria lupt\u0103 a oamenilor cu ru\u0219inea, stigmatizarea \u0219i \u00eenvinov\u0103\u021birea pentru a vedea ce li s-a \u00eent\u00e2mplat ca fiind violen\u021b\u0103 sexual\u0103 (\u00een\u021belegerea clinic\u0103 a unei abord\u0103ri informate despre traume).<\/li>\n<li>Baza de dovezi \u0219i propria cercetare a echipei de studiu confirm\u0103 necesitatea \u00eembun\u0103t\u0103\u021birii screening-ului pentru a identifica mai bine violen\u021ba sexual\u0103 (versus domestic\u0103) \u0219i pentru a explora modalit\u0103\u021bile de a \u00eentreba oamenii despre violen\u021ba sexual\u0103.<\/li>\n<\/ul>\n<p>Efectele negative ale violen\u021bei sexuale se extind de-a lungul genera\u021biilor, afect\u00e2nd capacit\u0103\u021bile indivizilor de a munci \u0219i de a participa la via\u021ba de familie \u0219i comunitar\u0103. Un screening mai bun ofer\u0103 oportunitatea de a preveni aceste daune.<\/p>\n<h2>Care este scopul cercet\u0103rii?<\/h2>\n<p>\u00cembun\u0103t\u0103\u021birea identific\u0103rii victimelor violen\u021bei sexuale care utilizeaz\u0103 \u00een prezent servicii de s\u0103n\u0103tate sexual\u0103 pentru a maximiza posibilitatea unei interven\u021bii timpurii prin trimiterea c\u0103tre servicii de asisten\u021b\u0103 specializate.<\/p>\n<p>Acest lucru are poten\u021bialul de a reduce semnificativ impactul fizic, psihologic \u0219i social al violen\u021bei sexuale asupra celor afecta\u021bi.<\/p>\n<p>Echipa va dezvolta \u0219i testa diferite modalit\u0103\u021bi de a \u00eentreba utilizatorii serviciilor de s\u0103n\u0103tate sexual\u0103 despre violen\u021ba sexual\u0103. Impactul scontat al acestei cercet\u0103ri va fi:<\/p>\n<ul>\n<li>Pentru a cre\u0219te identificarea violen\u021bei sexuale \u00een cadrul serviciilor de s\u0103n\u0103tate sexual\u0103 printr-un studiu coprodus despre cum s\u0103 se pun\u0103 \u00eentreb\u0103ri despre aceasta.<\/li>\n<li>Pentru a extinde \u00een\u021belegerea \u00eentreb\u0103rilor de rutin\u0103 despre experien\u021bele sexuale nedorite, pentru a reflecta mai bine gama de cazuri de violen\u021b\u0103 sexual\u0103 care nu se \u00eencadreaz\u0103 \u00een screening-ul actual axat pe violen\u021ba domestic\u0103 (\u00eentreb\u0103ri de rutin\u0103).<\/li>\n<li>Testa\u021bi impactul, at\u00e2t pozitiv, c\u00e2t \u0219i negativ, al \u00eentreb\u0103rilor despre pacien\u021bii cu violen\u021b\u0103 sexual\u0103.<\/li>\n<li>Testa\u021bi impactul solicit\u0103rilor asupra personalului \u0219i asupra sistemului \u00een ansamblu, cum ar fi nevoile de formare ale personalului \u0219i ce cerere creeaz\u0103 acest lucru \u00een ceea ce prive\u0219te trimiterile ulterioare.<\/li>\n<\/ul>\n<h2>Cum se va realiza acest lucru?<\/h2>\n<p>Echipa inten\u021bioneaz\u0103 s\u0103 desf\u0103\u0219oare un studiu de evaluare \u00een dou\u0103 locuri pentru a explora modul \u00een care punem \u00eentreb\u0103ri despre violen\u021ba sexual\u0103 \u00een prezent, cum o putem \u00eembun\u0103t\u0103\u021bi \u0219i cum afecteaz\u0103 aceasta personalul, serviciul \u0219i re\u021beaua mai larg\u0103 de referire.<\/p>\n<p>Vom dezvolta o interven\u021bie utiliz\u00e2nd diferite abord\u0103ri pentru \u00eembun\u0103t\u0103\u021birea practicilor de screening pentru abuzul\/violen\u021ba sexual\u0103 \u00een serviciile de s\u0103n\u0103tate sexual\u0103.<\/p>\n<p>Munca va fi construit\u0103 al\u0103turi de supravie\u021buitori pentru a oferi sprijin specializat sigur \u0219i adecvat, \u00een propriile condi\u021bii.<\/p>\n<h2>Cine conduce cercetarea?<\/h2>\n<p><a href=\"https:\/\/people.uwe.ac.uk\/Person\/JaneMeyrick\" rel=\"noopener\">Dr. Jane Meyrick<\/a>, Lector universitar senior \u00een Psihologie a S\u0103n\u0103t\u0103\u021bii, Universitatea din Vestul Angliei, Bristol.<\/p>\n<h2>Informa\u021bii suplimentare<\/h2>\n<p>Pentru mai multe informa\u021bii sau pentru a v\u0103 implica \u00een acest proiect, trimite\u021bi un e-mail la <a href=\"mailto:bnssg.research@nhs.net\" target=\"_blank\" rel=\"noopener\">bnssg.research@nhs.net<\/a><\/p>\n  <\/div>\r\n  <\/section><\/div><!-- .assembler_text-module.assembler_module.assembler_text-module_1.assembler_module_1..transparent --><\/div><!-- .assembler_module_area.assembler_module_area_1 --><\/div><!-- .assembler_default-group.assembler_module_group.assembler_default-group_1.assembler_module_group_1  -->","protected":false},"excerpt":{"rendered":"<p>Section titled module-1 The DiSH (Disclosure in Sexual Health) project to develop an identification and support intervention for sexual violence survivors Funding Bristol, North Somerset and South Gloucestershire CCG Research Capability Funding (Local development) What is the research question? How can sexual health services improve the identification and support for sexual violence (SV) survivors using [&hellip;]<\/p>\n","protected":false},"author":1,"featured_media":0,"parent":32891,"menu_order":0,"comment_status":"closed","ping_status":"closed","template":"","meta":{"_acf_changed":false,"footnotes":""},"tags":[],"class_list":["post-34594","page","type-page","status-publish","hentry"],"acf":[],"_links":{"self":[{"href":"https:\/\/bnssghealthiertogether.org.uk\/ro\/wp-json\/wp\/v2\/pages\/34594","targetHints":{"allow":["GET"]}}],"collection":[{"href":"https:\/\/bnssghealthiertogether.org.uk\/ro\/wp-json\/wp\/v2\/pages"}],"about":[{"href":"https:\/\/bnssghealthiertogether.org.uk\/ro\/wp-json\/wp\/v2\/types\/page"}],"author":[{"embeddable":true,"href":"https:\/\/bnssghealthiertogether.org.uk\/ro\/wp-json\/wp\/v2\/users\/1"}],"replies":[{"embeddable":true,"href":"https:\/\/bnssghealthiertogether.org.uk\/ro\/wp-json\/wp\/v2\/comments?post=34594"}],"version-history":[{"count":2,"href":"https:\/\/bnssghealthiertogether.org.uk\/ro\/wp-json\/wp\/v2\/pages\/34594\/revisions"}],"predecessor-version":[{"id":36242,"href":"https:\/\/bnssghealthiertogether.org.uk\/ro\/wp-json\/wp\/v2\/pages\/34594\/revisions\/36242"}],"up":[{"embeddable":true,"href":"https:\/\/bnssghealthiertogether.org.uk\/ro\/wp-json\/wp\/v2\/pages\/32891"}],"wp:attachment":[{"href":"https:\/\/bnssghealthiertogether.org.uk\/ro\/wp-json\/wp\/v2\/media?parent=34594"}],"wp:term":[{"taxonomy":"post_tag","embeddable":true,"href":"https:\/\/bnssghealthiertogether.org.uk\/ro\/wp-json\/wp\/v2\/tags?post=34594"}],"curies":[{"name":"wp","href":"https:\/\/api.w.org\/{rel}","templated":true}]}}