{"id":34596,"date":"2024-11-26T16:56:30","date_gmt":"2024-11-26T16:56:30","guid":{"rendered":"https:\/\/bnssghealthiertogether.org.uk\/?page_id=34596"},"modified":"2025-01-19T21:13:51","modified_gmt":"2025-01-19T21:13:51","slug":"the-evaluation-of-operation-topaz-for-child-sexual-and-criminal-exploitation-on-the-health-and-wellbeing-of-service-users","status":"publish","type":"page","link":"https:\/\/bnssghealthiertogether.org.uk\/ro\/integrated-care-board\/research-and-evidence\/our-research-portfolio\/previously-supported-projects\/the-evaluation-of-operation-topaz-for-child-sexual-and-criminal-exploitation-on-the-health-and-wellbeing-of-service-users\/","title":{"rendered":"Evaluarea Opera\u021biunii Topaz privind exploatarea sexual\u0103 \u0219i criminal\u0103 a copiilor asupra s\u0103n\u0103t\u0103\u021bii \u0219i bun\u0103st\u0103rii utilizatorilor serviciilor."},"content":{"rendered":"<div class=\"assembler_default-group assembler_module_group assembler_default-group_1 assembler_module_group_1\"><div class=\"assembler_module_area assembler_module_area_1\"><div class=\"assembler_text-module assembler_module assembler_text-module_1 assembler_module_1  transparent\"><a tabindex=\"-1\" title=\"Sec\u021biunea intitulat\u0103 modul-1\" id=\"module-1\" href=\"https:\/\/bnssghealthiertogether.org.uk\/ro\/wp-json\/wp\/v2\/pages\/34596\/#module-1\" class=\"anchor\"><span class=\"hidden\">Sec\u021biunea intitulat\u0103 modul-1<\/span><\/a><!-- Template found for text-module - Template: template-text - Matched: _only --><section class=\"w-full mx-auto max-w-content pt-12 sm:pt-24 pb-12 sm:pb-24\">\r\n  <div class=\"entry-content w-full !px-0 max-w-small\">\r\n        <h1>Evaluarea Opera\u021biunii Topaz privind exploatarea sexual\u0103 \u0219i criminal\u0103 a copiilor asupra s\u0103n\u0103t\u0103\u021bii \u0219i bun\u0103st\u0103rii utilizatorilor serviciilor<\/h1>\n<h2><strong>Finan\u021bare:<\/strong><\/h2>\n<p>Finan\u021barea capacit\u0103\u021bii de cercetare ICB din Bristol, North Somerset \u0219i South Gloucestershire.<\/p>\n<h2><strong>Care este problema?<\/strong><\/h2>\n<p>Exploatarea sexual\u0103 a copiilor (CSE) \u0219i exploatarea infrac\u021bional\u0103 a copiilor (CCE) sunt domenii de preocupare tot mai mare pentru societate \u00een prezent, dar \u00een special pentru poli\u021bie \u0219i serviciile conexe din prima linie.<\/p>\n<p>Tinerii afecta\u021bi de CSE \u0219i CCE prezint\u0103 o serie de vulnerabilit\u0103\u021bi \u0219i rezultate negative \u00een ceea ce prive\u0219te s\u0103n\u0103tatea \u0219i bun\u0103starea, spre deosebire de cei care nu sunt afecta\u021bi de acestea.<\/p>\n<p>Opera\u021biunea Topaz este o interven\u021bie condus\u0103 de poli\u021bie, cu sediul \u00een Avon \u0219i Somerset, menit\u0103 s\u0103 contracareze exploatarea sexual\u0103 a copiilor.<\/p>\n<p>Av\u00e2nd \u00een vedere recunoa\u0219terea tot mai mare a faptului c\u0103 problemele de s\u0103n\u0103tate, s\u0103n\u0103tate public\u0103 \u0219i justi\u021bie penal\u0103 sunt interconectate (EpiCrim), trebuie s\u0103 \u00een\u021belegem mai bine rezultatele interven\u021biilor \u00een domeniul justi\u021biei penale, precum Opera\u021biunea Topaz, asupra s\u0103n\u0103t\u0103\u021bii \u0219i bun\u0103st\u0103rii.<\/p>\n<h2><strong>Care este scopul cercet\u0103rii?<\/strong><\/h2>\n<p>Pentru a \u00een\u021belege fezabilitatea eviden\u021bierii, colect\u0103rii \u0219i m\u0103sur\u0103rii datelor privind rezultatele s\u0103n\u0103t\u0103\u021bii \u0219i bun\u0103st\u0103rii tinerilor cu v\u00e2rsta sub 16 ani care sunt victime ale CCE \u0219i CSE, cu care lucreaz\u0103.<\/p>\n<p>\u00centruc\u00e2t organiza\u021biile de justi\u021bie penal\u0103, precum poli\u021bia, \u00eencep s\u0103 se g\u00e2ndeasc\u0103 la rezultatele muncii lor \u00een materie de s\u0103n\u0103tate \u0219i bun\u0103stare, cercetarea ar trebui s\u0103 \u00een\u021beleag\u0103 cum se m\u0103soar\u0103 acest lucru, dac\u0103 este adecvat scopului \u0219i dac\u0103 poate fi \u00eembun\u0103t\u0103\u021bit.<\/p>\n<h2><strong>Cum se va realiza acest lucru?<\/strong><\/h2>\n<p>Vom examina datele (inclusiv date privind s\u0103n\u0103tatea, aspectele sociale, educa\u021bia, s\u0103n\u0103tatea mintal\u0103 \u0219i rezultatele justi\u021biei penale) colectate de poli\u021bia \u0219i partenerii din Avon \u0219i Somerset, \u00een leg\u0103tur\u0103 cu Opera\u021biunea Topaz, pentru a \u00een\u021belege cum sunt formulate \u0219i utilizate acestea.<\/p>\n<p>Acest lucru ne va ajuta s\u0103 \u00een\u021belegem \u0219i s\u0103 formaliz\u0103m modul \u00een care ar putea func\u021biona Topaz (teoria schimb\u0103rii) \u0219i indicatorii cheie de performan\u021b\u0103 (KPI) stabili\u021bi de poli\u021bie, at\u00e2t la nivel local, c\u00e2t \u0219i na\u021bional.<\/p>\n<p>De asemenea, vom intervieva membri cheie ai echipei Topaz, ai poli\u021biei din Avon \u0219i Somerset \u0219i ai organiza\u021biilor partenere, inclusiv \u0219coli, s\u0103n\u0103tate, asisten\u021b\u0103 social\u0103, justi\u021bie juvenil\u0103, asisten\u021b\u0103 social\u0103 \u0219i institutul pentru tineri infractori.<\/p>\n<p>\u00cen acest sens, vom c\u0103uta s\u0103 \u00een\u021belegem cum pot fi \u00een\u021belese procesele \u0219i rezultatele Opera\u021biunii Topaz din perspectiva rezultatelor \u00een materie de s\u0103n\u0103tate \u0219i, prin urmare, s\u0103 \u00een\u021belegem mai bine cum se coreleaz\u0103 aceasta cu indicatorii cheie de performan\u021b\u0103 (KPI) ai Poli\u021biei, NHS, educa\u021biei \u0219i asisten\u021bei sociale.<\/p>\n<h2><strong>Cine conduce cercetarea?<\/strong><\/h2>\n<p><a href=\"https:\/\/people.uwe.ac.uk\/Person\/KieranMccartan\" rel=\"noopener\">Profesorul Kieran McCartan<\/a>, Profesor de criminologie la Universitatea din Vestul Angliei.<\/p>\n<h2>Informa\u021bii suplimentare<\/h2>\n<p>Pentru mai multe informa\u021bii sau pentru a v\u0103 implica \u00een acest proiect, trimite\u021bi un e-mail la <a href=\"mailto:bnssg.research@nhs.net\" target=\"_blank\" rel=\"nofollow noopener\">bnssg.research@nhs.net<\/a>.<\/p>\n  <\/div>\r\n  <\/section><\/div><!-- .assembler_text-module.assembler_module.assembler_text-module_1.assembler_module_1..transparent --><\/div><!-- .assembler_module_area.assembler_module_area_1 --><\/div><!-- .assembler_default-group.assembler_module_group.assembler_default-group_1.assembler_module_group_1  -->","protected":false},"excerpt":{"rendered":"<p>Section titled module-1 The evaluation of Operation Topaz for child sexual and criminal exploitation on the health and wellbeing of service users Funding: Bristol, North Somerset and South Gloucestershire ICB Research Capability Funding\u00ad\u00ad. What is the problem? Child Sexual Exploitation (CSE) and Child Criminal Exploitation (CCE) are growing areas of concern for society currently, but [&hellip;]<\/p>\n","protected":false},"author":1,"featured_media":0,"parent":32891,"menu_order":0,"comment_status":"closed","ping_status":"closed","template":"","meta":{"_acf_changed":false,"footnotes":""},"tags":[],"class_list":["post-34596","page","type-page","status-publish","hentry"],"acf":[],"_links":{"self":[{"href":"https:\/\/bnssghealthiertogether.org.uk\/ro\/wp-json\/wp\/v2\/pages\/34596","targetHints":{"allow":["GET"]}}],"collection":[{"href":"https:\/\/bnssghealthiertogether.org.uk\/ro\/wp-json\/wp\/v2\/pages"}],"about":[{"href":"https:\/\/bnssghealthiertogether.org.uk\/ro\/wp-json\/wp\/v2\/types\/page"}],"author":[{"embeddable":true,"href":"https:\/\/bnssghealthiertogether.org.uk\/ro\/wp-json\/wp\/v2\/users\/1"}],"replies":[{"embeddable":true,"href":"https:\/\/bnssghealthiertogether.org.uk\/ro\/wp-json\/wp\/v2\/comments?post=34596"}],"version-history":[{"count":3,"href":"https:\/\/bnssghealthiertogether.org.uk\/ro\/wp-json\/wp\/v2\/pages\/34596\/revisions"}],"predecessor-version":[{"id":36243,"href":"https:\/\/bnssghealthiertogether.org.uk\/ro\/wp-json\/wp\/v2\/pages\/34596\/revisions\/36243"}],"up":[{"embeddable":true,"href":"https:\/\/bnssghealthiertogether.org.uk\/ro\/wp-json\/wp\/v2\/pages\/32891"}],"wp:attachment":[{"href":"https:\/\/bnssghealthiertogether.org.uk\/ro\/wp-json\/wp\/v2\/media?parent=34596"}],"wp:term":[{"taxonomy":"post_tag","embeddable":true,"href":"https:\/\/bnssghealthiertogether.org.uk\/ro\/wp-json\/wp\/v2\/tags?post=34596"}],"curies":[{"name":"wp","href":"https:\/\/api.w.org\/{rel}","templated":true}]}}