{"id":34599,"date":"2024-11-26T16:56:54","date_gmt":"2024-11-26T16:56:54","guid":{"rendered":"https:\/\/bnssghealthiertogether.org.uk\/?page_id=34599"},"modified":"2025-01-19T21:16:18","modified_gmt":"2025-01-19T21:16:18","slug":"triumph-treating-urinary-symptoms-in-men-in-primary-healthcare-using-non-pharmacological-and-non-surgical-interventions","status":"publish","type":"page","link":"https:\/\/bnssghealthiertogether.org.uk\/ro\/integrated-care-board\/research-and-evidence\/our-research-portfolio\/previously-supported-projects\/triumph-treating-urinary-symptoms-in-men-in-primary-healthcare-using-non-pharmacological-and-non-surgical-interventions\/","title":{"rendered":"TRIUMF: Tratamentul simptomelor urinare la b\u0103rba\u021bi \u00een asisten\u021ba medical\u0103 primar\u0103 utiliz\u00e2nd interven\u021bii non-farmacologice \u0219i non-chirurgicale"},"content":{"rendered":"<div class=\"assembler_default-group assembler_module_group assembler_default-group_1 assembler_module_group_1\"><div class=\"assembler_module_area assembler_module_area_1\"><div class=\"assembler_text-module assembler_module assembler_text-module_1 assembler_module_1  transparent\"><a tabindex=\"-1\" title=\"Sec\u021biunea intitulat\u0103 modul-1\" id=\"module-1\" href=\"https:\/\/bnssghealthiertogether.org.uk\/ro\/wp-json\/wp\/v2\/pages\/34599\/#module-1\" class=\"anchor\"><span class=\"hidden\">Sec\u021biunea intitulat\u0103 modul-1<\/span><\/a><!-- Template found for text-module - Template: template-text - Matched: _only --><section class=\"w-full mx-auto max-w-content pt-12 sm:pt-24 pb-12 sm:pb-24\">\r\n  <div class=\"entry-content w-full !px-0 max-w-small\">\r\n        <header class=\"local_header\">\n<div class=\"local_header__inner\">\n<h1 class=\"local_header__title\">TRIUMF: Tratamentul simptomelor urinare la b\u0103rba\u021bi \u00een asisten\u021ba medical\u0103 primar\u0103 utiliz\u00e2nd interven\u021bii non-farmacologice \u0219i non-chirurgicale<\/h1>\n<\/div>\n<\/header>\n<article class=\"page_content\">\n<h2><\/h2>\n<h2 class=\"page_content__inner\">Finan\u021bare<\/h2>\n<\/article>\n<p>Institutul Na\u021bional pentru S\u0103n\u0103tate (NIHR) Evaluarea Tehnologiilor Medicale (HTA) Ref. 16\/90\/03<\/p>\n<h2>Care este \u00eentrebarea de cercetare?<\/h2>\n<p>Sfaturile personalizate, bazate pe evaluarea simptomelor urinare la b\u0103rba\u021bi realizat\u0103 de o asistent\u0103 medical\u0103, asigur\u0103 un control \u00eembun\u0103t\u0103\u021bit al simptomelor \u00een compara\u021bie cu \u00eengrijirea obi\u0219nuit\u0103?<\/p>\n<h2>Care este problema?<\/h2>\n<p>Simptomele tractului urinar inferior (LUTS) se refer\u0103 la probleme de stocare a urinei, cum ar fi cre\u0219terea frecven\u021bei urinare \u00een timpul zilei, urgen\u021ba urin\u0103rii \u0219i nevoia de a urina peste noapte.<\/p>\n<p>LUTS includ \u0219i probleme precum jetul lent de urin\u0103 sau scurgerile ulterioare. Jum\u0103tate dintre b\u0103rba\u021bii de peste 40 de ani se confrunt\u0103 cu cel pu\u021bin un LUTS, care poate afecta grav via\u021ba celor care sufer\u0103 de ele \u0219i a partenerelor lor.<\/p>\n<p>Majoritatea b\u0103rba\u021bilor sunt diagnostica\u021bi \u0219i trata\u021bi de medicul lor de familie, iar \u00eengrijirea obi\u0219nuit\u0103 const\u0103 de obicei \u00een sfaturi generale \u0219i oferirea de comprimate, cum ar fi un \u201calfa-blocant\u201d pentru prostat\u0103.<\/p>\n<p>Cu toate acestea, este posibil ca mul\u021bi factori s\u0103 nu fie pe deplin lua\u021bi \u00een considerare, inclusiv posibilitatea de a evita administrarea de comprimate prin abordarea unor factori precum aportul de cafein\u0103 al pacientului.<\/p>\n<p>Depistarea acestora \u0219i oferirea de sfaturi relevante necesit\u0103 mult timp, dar este poten\u021bial benefic\u0103.<\/p>\n<h2>Care este scopul cercet\u0103rii?<\/h2>\n<p>Pentru a evalua dac\u0103 \u00eengrijirea personalizat\u0103, bazat\u0103 pe evaluarea condus\u0103 de asistente medicale a LUTS-urilor unei persoane, produce simptome mai bune \u0219i reduce solicit\u0103rile asupra medicilor, \u00een asisten\u021ba medical\u0103 primar\u0103 \u0219i secundar\u0103.<\/p>\n<h2>Cum se va realiza acest lucru?<\/h2>\n<p>TRIUMPH este un studiu clinic randomizat controlat la b\u0103rba\u021bi care prezint\u0103 LUTS sup\u0103r\u0103toare. Acesta va compara \u201c\u00eengrijirea obi\u0219nuit\u0103\u201d cu \u201c\u00eengrijirea personalizat\u0103\u201d. B\u0103rba\u021bilor din grupul \u201c\u00eengrijire personalizat\u0103\u201d li se va oferi terapie non-medicamentoas\u0103 relevant\u0103, pe baza unei evalu\u0103ri efectuate de o asistent\u0103 medical\u0103 calificat\u0103.<\/p>\n<p>Asistenta medical\u0103 va educa pacientul despre LUTS, \u00eel va \u00eenv\u0103\u021ba tratamentul (tratamentele) adecvat(e) \u0219i va furniza informa\u021bii \u00een scris.<\/p>\n<p>Se va oferi sprijin continuu pentru a ajuta b\u0103rba\u021bii s\u0103 adere la tratamente, care poate include sfaturi despre b\u0103uturi, exerci\u021bii pentru mu\u0219chii pelvieni, antrenamentul vezicii urinare \u0219i tehnici de reducere a secre\u021biilor urinare.<\/p>\n<p>Cabinetele medicilor de familie din Bristol \u0219i Southampton vor recruta b\u0103rba\u021bi \u00een studiu, iar fiecare cabinet va oferi un singur tip de tratament pentru LUTS (fie \u00eengrijire obi\u0219nuit\u0103, fie \u00eengrijire personalizat\u0103).<\/p>\n<p>Acest lucru se datoreaz\u0103 faptului c\u0103 medicii de familie \u0219i-ar putea modifica \u00eengrijirea obi\u0219nuit\u0103 dac\u0103 unii pacien\u021bi din cabinetul lor primesc \u00eengrijire personalizat\u0103.<\/p>\n<p>Principalul nostru rezultat (primar) este de a afla dac\u0103 tratamentul personalizat realizeaz\u0103 o ameliorare mai bun\u0103 a simptomelor \u00een general dec\u00e2t \u00eengrijirea obi\u0219nuit\u0103, prin compararea modific\u0103rii unui scor numit scorul simptomelor prostatice (IPSS) \u00eentre cele dou\u0103 grupuri dup\u0103 un an.<\/p>\n<p>De asemenea, vom compara calitatea vie\u021bii, \u00eencrederea b\u0103rba\u021bilor \u00een capacitatea lor de a gestiona singuri LUTS, c\u00e2\u021bi b\u0103rba\u021bi sunt trimi\u0219i pentru tratament suplimentar, efectele adverse ale \u00eengrijirii \u0219i eficien\u021ba costurilor.<\/p>\n<p>Interviurile calitative vor fi realizate cu un grup de b\u0103rba\u021bi din studiu, selecta\u021bi \u00een mod inten\u021bionat pentru a reprezenta popula\u021bia de b\u0103rba\u021bi care frecventeaz\u0103 asisten\u021ba medical\u0103 primar\u0103 cu LUTS.<\/p>\n<h2>Cine conduce cercetarea?<\/h2>\n<p>Prof. Marcus Drake, profesor de urologie, Facultatea de \u0218tiin\u021be Clinice, Universitatea din Bristol.<\/p>\n<h2>Informa\u021bii suplimentare:<\/h2>\n<p><a href=\"https:\/\/research-information.bris.ac.uk\/en\/publications\/treating-urinary-symptoms-in-men-in-primary-healthcare-using-non-\" target=\"_blank\" rel=\"nofollow noopener\">Despre aceast\u0103 cercetare<\/a><\/p>\n<p>Pentru mai multe informa\u021bii sau pentru a v\u0103 implica \u00een acest proiect, trimite\u021bi un e-mail la <a href=\"mailto:bnssg.research@nhs.net\" target=\"_blank\" rel=\"noopener\">bnssg.research@nhs.net<\/a>.<\/p>\n<p>Opiniile exprimate sunt cele ale autorului (autorilor) \u0219i nu neap\u0103rat cele ale NIHR sau ale Departamentului de S\u0103n\u0103tate \u0219i Asisten\u021b\u0103 Social\u0103.<\/p>\n  <\/div>\r\n  <\/section><\/div><!-- .assembler_text-module.assembler_module.assembler_text-module_1.assembler_module_1..transparent --><\/div><!-- .assembler_module_area.assembler_module_area_1 --><\/div><!-- .assembler_default-group.assembler_module_group.assembler_default-group_1.assembler_module_group_1  -->","protected":false},"excerpt":{"rendered":"<p>Section titled module-1 TRIUMPH: TReating Urinary symptoms in Men in Primary Healthcare using non-pharmacological and non-surgical interventions Funding National Institute for Health (NIHR) Health Technology Assessment (HTA) Ref. 16\/90\/03 What is the research question? Does personalised advice based on a nurse\u2019s assessment of men\u2019s urinary symptoms achieve improved symptom control compared with usual care? What [&hellip;]<\/p>\n","protected":false},"author":1,"featured_media":0,"parent":32891,"menu_order":0,"comment_status":"closed","ping_status":"closed","template":"","meta":{"_acf_changed":false,"footnotes":""},"tags":[],"class_list":["post-34599","page","type-page","status-publish","hentry"],"acf":[],"_links":{"self":[{"href":"https:\/\/bnssghealthiertogether.org.uk\/ro\/wp-json\/wp\/v2\/pages\/34599","targetHints":{"allow":["GET"]}}],"collection":[{"href":"https:\/\/bnssghealthiertogether.org.uk\/ro\/wp-json\/wp\/v2\/pages"}],"about":[{"href":"https:\/\/bnssghealthiertogether.org.uk\/ro\/wp-json\/wp\/v2\/types\/page"}],"author":[{"embeddable":true,"href":"https:\/\/bnssghealthiertogether.org.uk\/ro\/wp-json\/wp\/v2\/users\/1"}],"replies":[{"embeddable":true,"href":"https:\/\/bnssghealthiertogether.org.uk\/ro\/wp-json\/wp\/v2\/comments?post=34599"}],"version-history":[{"count":3,"href":"https:\/\/bnssghealthiertogether.org.uk\/ro\/wp-json\/wp\/v2\/pages\/34599\/revisions"}],"predecessor-version":[{"id":36244,"href":"https:\/\/bnssghealthiertogether.org.uk\/ro\/wp-json\/wp\/v2\/pages\/34599\/revisions\/36244"}],"up":[{"embeddable":true,"href":"https:\/\/bnssghealthiertogether.org.uk\/ro\/wp-json\/wp\/v2\/pages\/32891"}],"wp:attachment":[{"href":"https:\/\/bnssghealthiertogether.org.uk\/ro\/wp-json\/wp\/v2\/media?parent=34599"}],"wp:term":[{"taxonomy":"post_tag","embeddable":true,"href":"https:\/\/bnssghealthiertogether.org.uk\/ro\/wp-json\/wp\/v2\/tags?post=34599"}],"curies":[{"name":"wp","href":"https:\/\/api.w.org\/{rel}","templated":true}]}}