{"id":34617,"date":"2024-11-26T17:01:41","date_gmt":"2024-11-26T17:01:41","guid":{"rendered":"https:\/\/bnssghealthiertogether.org.uk\/?page_id=34617"},"modified":"2024-11-26T17:01:41","modified_gmt":"2024-11-26T17:01:41","slug":"co-developing-a-way-for-testing-cognitive-symptoms-in-primary-care","status":"publish","type":"page","link":"https:\/\/bnssghealthiertogether.org.uk\/ro\/integrated-care-board\/research-and-evidence\/our-research-portfolio\/type-2-rcf-funded-projects\/co-developing-a-way-for-testing-cognitive-symptoms-in-primary-care\/","title":{"rendered":"Dezvoltarea \u00een colaborare a unei metode de testare a simptomelor cognitive \u00een asisten\u021ba medical\u0103 primar\u0103"},"content":{"rendered":"<div class=\"assembler_default-group assembler_module_group assembler_default-group_1 assembler_module_group_1\"><div class=\"assembler_module_area assembler_module_area_1\"><div class=\"assembler_text-module assembler_module assembler_text-module_1 assembler_module_1  transparent\"><a tabindex=\"-1\" title=\"Sec\u021biunea intitulat\u0103 modul-1\" id=\"module-1\" href=\"https:\/\/bnssghealthiertogether.org.uk\/ro\/wp-json\/wp\/v2\/pages\/34617\/#module-1\" class=\"anchor\"><span class=\"hidden\">Sec\u021biunea intitulat\u0103 modul-1<\/span><\/a><!-- Template found for text-module - Template: template-text - Matched: _only --><section class=\"w-full mx-auto max-w-content pt-12 sm:pt-24 pb-12 sm:pb-24\">\r\n  <div class=\"entry-content w-full !px-0 max-w-small\">\r\n        <h1>Dezvoltarea \u00een colaborare a unei metode de testare a simptomelor cognitive \u00een asisten\u021ba medical\u0103 primar\u0103<\/h1>\n<h2><strong>Finan\u021bare:<\/strong><\/h2>\n<p>Finan\u021barea capacit\u0103\u021bii de cercetare BNSSG ICB.<\/p>\n<h2><strong>Care este problema?<\/strong><\/h2>\n<p>Demen\u021ba cost\u0103 economia Regatului Unit 23 de miliarde de lire sterline pe an, o sum\u0103 care s-ar putea tripla p\u00e2n\u0103 \u00een 2040. Aceast\u0103 sum\u0103 este mai mare dec\u00e2t cea a bolilor de inim\u0103, accidentului vascular cerebral \u0219i cancerului. \u00cen Anglia, cea mai bun\u0103 estimare este c\u0103 676.000 de persoane sufer\u0103 de demen\u021b\u0103 \u0219i exist\u0103 540.000 de \u00eengrijitori. Un diagnostic de demen\u021b\u0103 este un pas esen\u021bial \u00een ob\u021binerea de sprijin pentru \u00eengrijitori \u0219i resurse pentru bun\u0103stare. Modelele de trimitere la medicii de familie \u0219i ratele de diagnostic pentru demen\u021b\u0103 pot diferi pentru persoanele de origini etnice diferite. Medica\u021bia pentru demen\u021b\u0103 poate \u00eencetini progresia simptomelor \u0219i poate ajuta oamenii s\u0103 r\u0103m\u00e2n\u0103 independen\u021bi \u0219i s\u0103 tr\u0103iasc\u0103 acas\u0103.<\/p>\n<p>De multe ori este mai u\u0219or s\u0103 recuno\u0219ti simptomele unei posibile demen\u021be dec\u00e2t s\u0103 confirmi diagnosticul. Niciun test singular nu este suficient. De asemenea, am observat c\u0103 testele standard nu iau \u00eentotdeauna \u00een considerare factorii \u0219i simptomele individuale. Un diagnostic necesit\u0103 de obicei un istoric structurat, un test cognitiv, informa\u021bii de la un sus\u021bin\u0103tor \u0219i un test al func\u021bion\u0103rii zilnice. Testele care trebuie utilizate \u0219i combinate depind de individ \u0219i de simptomele sale. Pacien\u021bii primesc adesea o abordare universal\u0103, care s-ar putea s\u0103 nu testeze dificult\u0103\u021bile persoanei.<\/p>\n<p>Anterior, am comparat mai multe teste din asisten\u021ba medical\u0103 primar\u0103 pentru a afla care func\u021bioneaz\u0103 bine \u0219i lucr\u0103m la o tehnologie nou\u0103 care ar putea ajuta la diagnosticarea \u00een aceast\u0103 zon\u0103. \u00cen cadrul acestei activit\u0103\u021bi RCF \u0219i RFPB, dorim s\u0103 aplic\u0103m descoperirile noastre despre ce teste func\u021bioneaz\u0103 pentru cine \u0219i s\u0103 dezvolt\u0103m 2-3 pachete de teste pe care medicii din asisten\u021ba medical\u0103 primar\u0103 s\u0103 le utilizeze cu pacien\u021bii, pe baza simptomelor \u0219i problemelor pe care le are pacientul.<\/p>\n<h2><strong>Care este scopul cercet\u0103rii?<\/strong><\/h2>\n<p>Acest studiu va dezvolta \u00een colaborare o metod\u0103 de testare a simptomelor cognitive \u00een asisten\u021ba medical\u0103 primar\u0103. Aceasta va contribui la cre\u0219terea expertizei \u00een diagnosticarea demen\u021bei \u00een comunitate, la reducerea dependen\u021bei de exper\u021bii cheie din spitale \u0219i la o mai mare echitate a asisten\u021bei medicale \u0219i sociale.<\/p>\n<h2><strong>Cum se va realiza acest lucru?<\/strong><\/h2>\n<p>Abordarea noastr\u0103 \u00ee\u0219i propune s\u0103 sprijine exper\u021bii actuali \u00een continuarea furniz\u0103rii de \u00eengrijiri, cu o concentrare re\u00eennoit\u0103 asupra cazurilor cele mai dificile din punct de vedere diagnostic.<\/p>\n<p>Vom lucra cu pacien\u021bi, sus\u021bin\u0103tori, medici, asisten\u021b\u0103 social\u0103 \u0219i sectorul ter\u021biar, baz\u00e2ndu-ne pe re\u021belele existente, pentru a produce \u00een comun o modalitate de testare a problemelor cognitive pe care un clinician ar putea-o face \u00een asisten\u021ba medical\u0103 primar\u0103, cu sprijinul unui medic generalist pentru diagnostic \u0219i prescriere. Vom evalua func\u021bia cognitiv\u0103, informa\u021biile de la sus\u021bin\u0103tori \u0219i func\u021bia zilnic\u0103, pentru a dezvolta 2-3 \u201cpachete\u201d de teste. Vom lucra cu adul\u021bi peste 75 de ani, care reprezint\u0103 popula\u021bia noastr\u0103 \u021bint\u0103, \u0219i \u00een special cu cei din comunit\u0103\u021bile majoritare globale sau de coast\u0103.<\/p>\n<p><strong>Finan\u021barea RCF <\/strong>Vom sus\u021bine \u00eent\u00e2lniri regulate cu un grup de parteneriat pentru a dezvolta ideile noastre privind un pachet de teste. Grupul nostru de parteneriat va contribui, de asemenea, la dezvoltarea \u0219i implicarea \u00een calitate de co-solicitant \u00een viitoarea cerere RFPB pentru a testa pachetele \u00een practic\u0103.<\/p>\n<h2><strong>Cine conduce cercetarea?<\/strong><\/h2>\n<p><a href=\"https:\/\/www.bristol.ac.uk\/people\/person\/Sam-Creavin-7a04c325-7a39-4560-8308-8cbcaa763747\/\" rel=\"noopener\">Dr. Sam Creavin<\/a>, Lector clinic NIHR \u00een medicin\u0103 general\u0103, Universitatea din Bristol.<\/p>\n<h2>Informa\u021bii suplimentare<\/h2>\n<p>Pentru mai multe informa\u021bii sau pentru a v\u0103 implica \u00een acest proiect, v\u0103 rug\u0103m s\u0103 contacta\u021bi\u00a0<a href=\"mailto:bnssg.research@nhs.net\" target=\"_blank\" rel=\"nofollow noopener\">bnssg.research@nhs.net<\/a>.<\/p>\n  <\/div>\r\n  <\/section><\/div><!-- .assembler_text-module.assembler_module.assembler_text-module_1.assembler_module_1..transparent --><\/div><!-- .assembler_module_area.assembler_module_area_1 --><\/div><!-- .assembler_default-group.assembler_module_group.assembler_default-group_1.assembler_module_group_1  -->","protected":false},"excerpt":{"rendered":"<p>Section titled module-1 Co-developing a way for testing cognitive symptoms in primary care Funding: BNSSG ICB Research Capability Funding\u00ad\u00ad. What is the problem? Dementia costs the UK economy \u00a323 Billion a year, which may triple by 2040. This is more than heart disease, stroke and cancer. In England, the best estimate is that 676,000 people [&hellip;]<\/p>\n","protected":false},"author":1,"featured_media":0,"parent":32896,"menu_order":0,"comment_status":"closed","ping_status":"closed","template":"","meta":{"_acf_changed":false,"footnotes":""},"tags":[],"class_list":["post-34617","page","type-page","status-publish","hentry"],"acf":[],"_links":{"self":[{"href":"https:\/\/bnssghealthiertogether.org.uk\/ro\/wp-json\/wp\/v2\/pages\/34617","targetHints":{"allow":["GET"]}}],"collection":[{"href":"https:\/\/bnssghealthiertogether.org.uk\/ro\/wp-json\/wp\/v2\/pages"}],"about":[{"href":"https:\/\/bnssghealthiertogether.org.uk\/ro\/wp-json\/wp\/v2\/types\/page"}],"author":[{"embeddable":true,"href":"https:\/\/bnssghealthiertogether.org.uk\/ro\/wp-json\/wp\/v2\/users\/1"}],"replies":[{"embeddable":true,"href":"https:\/\/bnssghealthiertogether.org.uk\/ro\/wp-json\/wp\/v2\/comments?post=34617"}],"version-history":[{"count":1,"href":"https:\/\/bnssghealthiertogether.org.uk\/ro\/wp-json\/wp\/v2\/pages\/34617\/revisions"}],"predecessor-version":[{"id":34618,"href":"https:\/\/bnssghealthiertogether.org.uk\/ro\/wp-json\/wp\/v2\/pages\/34617\/revisions\/34618"}],"up":[{"embeddable":true,"href":"https:\/\/bnssghealthiertogether.org.uk\/ro\/wp-json\/wp\/v2\/pages\/32896"}],"wp:attachment":[{"href":"https:\/\/bnssghealthiertogether.org.uk\/ro\/wp-json\/wp\/v2\/media?parent=34617"}],"wp:term":[{"taxonomy":"post_tag","embeddable":true,"href":"https:\/\/bnssghealthiertogether.org.uk\/ro\/wp-json\/wp\/v2\/tags?post=34617"}],"curies":[{"name":"wp","href":"https:\/\/api.w.org\/{rel}","templated":true}]}}