{"id":34619,"date":"2024-11-26T17:02:03","date_gmt":"2024-11-26T17:02:03","guid":{"rendered":"https:\/\/bnssghealthiertogether.org.uk\/?page_id=34619"},"modified":"2024-11-26T17:02:03","modified_gmt":"2024-11-26T17:02:03","slug":"could-rehabilitation-exercise-videos-be-given-as-part-of-standard-care-by-health-care-professionals-hcps-to-people-with-stroke-pws-and-would-pws-adhere-to-physical-exercises-and-rehabilitation-and","status":"publish","type":"page","link":"https:\/\/bnssghealthiertogether.org.uk\/ro\/integrated-care-board\/research-and-evidence\/our-research-portfolio\/type-2-rcf-funded-projects\/could-rehabilitation-exercise-videos-be-given-as-part-of-standard-care-by-health-care-professionals-hcps-to-people-with-stroke-pws-and-would-pws-adhere-to-physical-exercises-and-rehabilitation-and\/","title":{"rendered":"Ar putea fi oferite videoclipuri cu exerci\u021bii de recuperare ca parte a \u00eengrijirii standard de c\u0103tre profesioni\u0219tii din domeniul s\u0103n\u0103t\u0103\u021bii (HCP) persoanelor cu accident vascular cerebral (PwS) \u0219i PwS ar respecta exerci\u021biile fizice \u0219i recuperarea \u0219i ar \u00eembun\u0103t\u0103\u021bi rezultatele func\u021bionale prin utilizarea videoclipurilor acas\u0103?"},"content":{"rendered":"<div class=\"assembler_default-group assembler_module_group assembler_default-group_1 assembler_module_group_1\"><div class=\"assembler_module_area assembler_module_area_1\"><div class=\"assembler_text-module assembler_module assembler_text-module_1 assembler_module_1  transparent\"><a tabindex=\"-1\" title=\"Sec\u021biunea intitulat\u0103 modul-1\" id=\"module-1\" href=\"https:\/\/bnssghealthiertogether.org.uk\/ro\/wp-json\/wp\/v2\/pages\/34619\/#module-1\" class=\"anchor\"><span class=\"hidden\">Sec\u021biunea intitulat\u0103 modul-1<\/span><\/a><!-- Template found for text-module - Template: template-text - Matched: _only --><section class=\"w-full mx-auto max-w-content pt-12 sm:pt-24 pb-12 sm:pb-24\">\r\n  <div class=\"entry-content w-full !px-0 max-w-small\">\r\n        <h1>Ar putea fi oferite videoclipuri cu exerci\u021bii de recuperare (pacien\u021bi reali care fac exerci\u021bii sub \u00eendrumarea unui fizioterapeut cu experien\u021b\u0103) ca parte a \u00eengrijirii standard de c\u0103tre profesioni\u0219tii din domeniul s\u0103n\u0103t\u0103\u021bii (HCP) persoanelor cu accident vascular cerebral (PwS) \u00eenainte de externarea din spital \u0219i PwS ar respecta exerci\u021biile fizice \u0219i recuperarea \u0219i ar \u00eembun\u0103t\u0103\u021bi rezultatele func\u021bionale prin utilizarea videoclipurilor acas\u0103?<\/h1>\n<h2>Finan\u021bare:<\/h2>\n<p>Finan\u021barea capacit\u0103\u021bii de cercetare BNSSG ICB.<\/p>\n<h2><\/h2>\n<h2><strong>Care este problema?<\/strong><\/h2>\n<p>Exerci\u021biile fizice efectuate dup\u0103 un accident vascular cerebral au numeroase beneficii. Acestea pot ajuta inima \u0219i pl\u0103m\u00e2nii s\u0103 func\u021bioneze mai bine, pentru unii oameni le pot ajuta s\u0103 mearg\u0103 mai bine, iar pentru al\u021bii le pot \u00eent\u0103ri bra\u021bele \u0219i le pot face mai capabile s\u0103 \u00eendeplineasc\u0103 sarcinile zilnice. Este important de men\u021bionat c\u0103 pot preveni alte accidente vasculare cerebrale. Cu toate acestea, dup\u0103 externarea din spital, 3 din 4 supravie\u021buitori ai unui accident vascular cerebral devin inactivi \u0219i fac mai pu\u021bine exerci\u021bii fizice \u0219i activit\u0103\u021bi sociale. Mul\u021bi oameni raporteaz\u0103 c\u0103 se simt speria\u021bi \u0219i nesprijini\u021bi, iar \u00eengrijitorii raporteaz\u0103 sentimente de abandon dup\u0103 externarea din spital.<\/p>\n<p>Ghidurile clinice pentru accidentul vascular cerebral recomand\u0103 ca persoanele cu accident vascular cerebral (PwS) s\u0103 efectueze cel pu\u021bin 3 ore de recuperare \u00een fiecare zi. Ar trebui s\u0103 li se ofere resurse care s\u0103 le ajute s\u0103 exerseze singure, precum \u0219i \u00eengrijitorilor care s\u0103 le ofere sprijin. Pentru a ajuta supravie\u021buitorii accidentului vascular cerebral, avem nevoie de resurse pentru exerci\u021bii fizice care s\u0103 fie potrivite nevoilor lor \u0219i concepute pe baza acestora.<\/p>\n<p>Din 2016, Kumar sus\u021bine cursuri de exerci\u021bii de grup (Next Steps) pentru persoane cu sindrom de scleroz\u0103 multipl\u0103 (PwS) \u00een cadrul organiza\u021biei caritabile Bristol After Stroke (BAS). \u00centruc\u00e2t PwS s-au sim\u021bit abandonate dup\u0103 \u00eencheierea cursurilor, ne-au sugerat s\u0103 cre\u0103m videoclipuri scurte pe care s\u0103 le putem viziona acas\u0103. Am creat videoclipuri \u00een limba englez\u0103 pe care participan\u021bii la evenimentele Next Steps \u0219i BAS le-au spus c\u0103 au fost utile, captivante \u0219i le-au ajutat s\u0103 \u00ee\u0219i \u00eembun\u0103t\u0103\u021beasc\u0103 mi\u0219carea \u0219i independen\u021ba. Le-au pl\u0103cut deoarece prezint\u0103 pacien\u021bi reali care fac exerci\u021bii fizice cu sprijinul unui fizioterapeut \u0219i includ o gam\u0103 larg\u0103 de exerci\u021bii pentru pacien\u021bi cu abilit\u0103\u021bi diferite. Am solicitat finan\u021bare de la NIHR pentru a face videoclipul mai incluziv, f\u0103c\u00e2ndu-l disponibil \u00een alte limbi, cum ar fi hindi, gujrati \u0219i bengalez\u0103.<\/p>\n<p>&nbsp;<\/p>\n<h2><\/h2>\n<h2><strong>Care este scopul cercet\u0103rii?<\/strong><\/h2>\n<p>\u00cen cadrul acestui proiect, am dori s\u0103 vedem dac\u0103 videoclipurile cu exerci\u021bii de recuperare, dezvoltate ca parte a ini\u021biativei noastre \u201ePa\u0219ii urm\u0103tori\u201d, pot fi distribuite \u00een spital persoanelor cu sindromul de reabilitare (PHS), \u00eenainte de externare. Dup\u0103 externare, vom afla m\u0103sura \u00een care persoanele cu sindrom de reabilitare ader\u0103 la exerci\u021biile fizice \u0219i la reabilitare, utiliz\u00e2nd aceste videoclipuri cu exerci\u021bii acas\u0103. Acest lucru ne va permite s\u0103 ne concentr\u0103m eforturile pentru a optimiza factorii care vor promova implicarea continu\u0103 cu resursa video \u0219i s\u0103 identific\u0103m cel mai potrivit (cel mai potrivite) design (design-uri) pentru o interven\u021bie mai ampl\u0103 \u0219i un viitor studiu de eficacitate.<\/p>\n<p><strong>\u00a0<\/strong><\/p>\n<h2><strong>Cum se va realiza acest lucru?<\/strong><\/h2>\n<p>\u00cen timpul studiului nostru, vom:<\/p>\n<ol>\n<li>Realiza\u021bi interviuri cu persoane cu sindrom de Parkinson (PwS), membrii familiilor\/\u00eengrijitorii acestora \u0219i medici (fizioterapeu\u021bi) pentru a discuta con\u021binutul videoclipului \u0219i, dac\u0103 este necesar, pentru a rafina videoclipurile pe baza feedback-ului lor. \u00cen acest scop, videoclipurile noastre existente \u00een limba englez\u0103 vor fi partajate cu participan\u021bii. Grupul nostru de pacien\u021bi va include o gam\u0103 larg\u0103 de pacien\u021bi (\u00een func\u021bie de v\u00e2rst\u0103, sex, dizabilitate (accident vascular cerebral u\u0219or \u0219i moderat) \u0219i etnie).<\/li>\n<li>Ruga\u021bi personalul de la o serie de unit\u0103\u021bi de AVC din regiunea Sud-Vest s\u0103 prezinte persoanei care sufer\u0103 de boli cardiovasculare videoclipurile cu exerci\u021bii \u00eenainte de externare. Vom dezvolta modul de implementare \u00een sec\u021bie prin instruirea terapeu\u021bilor s\u0103 livreze materialele post-externare. Apoi, vom monitoriza persoanele care sufer\u0103 de boli cardiovasculare la 3 \u0219i 6 luni pentru a afla dac\u0103 utilizeaz\u0103 videoclipurile \u0219i particip\u0103 la exerci\u021bii. Vom organiza ateliere pentru a \u00een\u021belege: interac\u021bioneaz\u0103 oamenii cu videoclipurile?; c\u00e2t timp le fac?; care sunt facilitatorii?; dac\u0103 nu o fac, care sunt barierele?<\/li>\n<li>Organiza\u021bi ateliere cu comisari de servicii, parteneri caritabili, profesioni\u0219ti din domeniul s\u0103n\u0103t\u0103\u021bii \u0219i parteneri pacien\u021bi pentru a discuta concluziile de la punctele 1 \u0219i 2 de mai sus \u0219i pentru a discuta idei pentru activit\u0103\u021bi\/implement\u0103ri\/studii viitoare.<\/li>\n<\/ol>\n<h2><\/h2>\n<h2><strong>Cine conduce cercetarea?<\/strong><\/h2>\n<p>Dr. Praveen Kumar, lector universitar senior \u00een fizioterapie, Universitatea din Vestul Angliei.<\/p>\n<h2>Informa\u021bii suplimentare<\/h2>\n<p>Despre <a href=\"https:\/\/people.uwe.ac.uk\/Person\/PraveenKumar\" rel=\"noopener\">Dr. Praveen Kumar<\/a>.<\/p>\n<p>Pentru mai multe informa\u021bii sau pentru a v\u0103 implica \u00een acest proiect, v\u0103 rug\u0103m s\u0103 contacta\u021bi\u00a0<a href=\"mailto:bnssg.research@nhs.net\" target=\"_blank\" rel=\"nofollow noopener\">bnssg.research@nhs.net<\/a>.<\/p>\n<p>&nbsp;<\/p>\n  <\/div>\r\n  <\/section><\/div><!-- .assembler_text-module.assembler_module.assembler_text-module_1.assembler_module_1..transparent --><\/div><!-- .assembler_module_area.assembler_module_area_1 --><\/div><!-- .assembler_default-group.assembler_module_group.assembler_default-group_1.assembler_module_group_1  -->","protected":false},"excerpt":{"rendered":"<p>Section titled module-1 Could rehabilitation exercise videos (real patients exercising under the guidance of an experienced physiotherapist) be given as part of standard care by health care professionals (HCPs) to people with stroke (PwS) prior to discharge from the hospital, and would PwS adhere to physical exercises and rehabilitation and improve functional outcomes by using [&hellip;]<\/p>\n","protected":false},"author":1,"featured_media":0,"parent":32896,"menu_order":0,"comment_status":"closed","ping_status":"closed","template":"","meta":{"_acf_changed":false,"footnotes":""},"tags":[],"class_list":["post-34619","page","type-page","status-publish","hentry"],"acf":[],"_links":{"self":[{"href":"https:\/\/bnssghealthiertogether.org.uk\/ro\/wp-json\/wp\/v2\/pages\/34619","targetHints":{"allow":["GET"]}}],"collection":[{"href":"https:\/\/bnssghealthiertogether.org.uk\/ro\/wp-json\/wp\/v2\/pages"}],"about":[{"href":"https:\/\/bnssghealthiertogether.org.uk\/ro\/wp-json\/wp\/v2\/types\/page"}],"author":[{"embeddable":true,"href":"https:\/\/bnssghealthiertogether.org.uk\/ro\/wp-json\/wp\/v2\/users\/1"}],"replies":[{"embeddable":true,"href":"https:\/\/bnssghealthiertogether.org.uk\/ro\/wp-json\/wp\/v2\/comments?post=34619"}],"version-history":[{"count":2,"href":"https:\/\/bnssghealthiertogether.org.uk\/ro\/wp-json\/wp\/v2\/pages\/34619\/revisions"}],"predecessor-version":[{"id":34621,"href":"https:\/\/bnssghealthiertogether.org.uk\/ro\/wp-json\/wp\/v2\/pages\/34619\/revisions\/34621"}],"up":[{"embeddable":true,"href":"https:\/\/bnssghealthiertogether.org.uk\/ro\/wp-json\/wp\/v2\/pages\/32896"}],"wp:attachment":[{"href":"https:\/\/bnssghealthiertogether.org.uk\/ro\/wp-json\/wp\/v2\/media?parent=34619"}],"wp:term":[{"taxonomy":"post_tag","embeddable":true,"href":"https:\/\/bnssghealthiertogether.org.uk\/ro\/wp-json\/wp\/v2\/tags?post=34619"}],"curies":[{"name":"wp","href":"https:\/\/api.w.org\/{rel}","templated":true}]}}