{"id":34623,"date":"2024-11-26T17:02:23","date_gmt":"2024-11-26T17:02:23","guid":{"rendered":"https:\/\/bnssghealthiertogether.org.uk\/?page_id=34623"},"modified":"2024-11-26T17:02:23","modified_gmt":"2024-11-26T17:02:23","slug":"could-self-directed-gaming-device-gripable-enhance-the-practice-of-self-directed-arm-exercise-and-upper-limb-ul-activity-in-people-recovering-from-stroke-in-the-community","status":"publish","type":"page","link":"https:\/\/bnssghealthiertogether.org.uk\/ro\/integrated-care-board\/research-and-evidence\/our-research-portfolio\/type-2-rcf-funded-projects\/could-self-directed-gaming-device-gripable-enhance-the-practice-of-self-directed-arm-exercise-and-upper-limb-ul-activity-in-people-recovering-from-stroke-in-the-community\/","title":{"rendered":"Ar putea dispozitivul de jocuri autodirijate (GripAble) s\u0103 \u00eembun\u0103t\u0103\u021beasc\u0103 practica exerci\u021biilor autodirijate pentru bra\u021be \u0219i a activit\u0103\u021bii membrelor superioare (UL) la persoanele care se recupereaz\u0103 dup\u0103 un accident vascular cerebral din comunitate?"},"content":{"rendered":"<div class=\"assembler_default-group assembler_module_group assembler_default-group_1 assembler_module_group_1\"><div class=\"assembler_module_area assembler_module_area_1\"><div class=\"assembler_text-module assembler_module assembler_text-module_1 assembler_module_1  transparent\"><a tabindex=\"-1\" title=\"Sec\u021biunea intitulat\u0103 modul-1\" id=\"module-1\" href=\"https:\/\/bnssghealthiertogether.org.uk\/ro\/wp-json\/wp\/v2\/pages\/34623\/#module-1\" class=\"anchor\"><span class=\"hidden\">Sec\u021biunea intitulat\u0103 modul-1<\/span><\/a><!-- Template found for text-module - Template: template-text - Matched: _only --><section class=\"w-full mx-auto max-w-content pt-12 sm:pt-24 pb-12 sm:pb-24\">\r\n  <div class=\"entry-content w-full !px-0 max-w-small\">\r\n        <h1>Ar putea dispozitivul de jocuri autodirijate (GripAble) s\u0103 \u00eembun\u0103t\u0103\u021beasc\u0103 practica exerci\u021biilor autodirijate pentru bra\u021be \u0219i a activit\u0103\u021bii membrelor superioare (UL) la persoanele care se recupereaz\u0103 dup\u0103 un accident vascular cerebral din comunitate?<\/h1>\n<h2><strong>Finan\u021bare:<\/strong><\/h2>\n<p>Finan\u021barea capacit\u0103\u021bii de cercetare BNSSG ICB.<\/p>\n<h2><strong>Care este problema?<\/strong><\/h2>\n<p>Ghidurile clinice pentru accidentul vascular cerebral recomand\u0103 ca persoanele cu accident vascular cerebral (PwS) s\u0103 efectueze cel pu\u021bin 3 ore de recuperare \u00een fiecare zi, chiar \u0219i dup\u0103 externarea din spital. Ar trebui s\u0103 li se ofere resurse care s\u0103 le ajute s\u0103 exerseze singure \u0219i ca \u00eengrijitorii s\u0103 \u00eei sprijine. Pentru a ajuta supravie\u021buitorii accidentului vascular cerebral, avem nevoie de resurse pentru exerci\u021bii fizice care s\u0103 fie potrivite nevoilor lor \u0219i concepute pe baza acestora.<\/p>\n<p>Doar aproximativ 1 din 8 persoane care au un bra\u021b sl\u0103bit dup\u0103 un accident vascular cerebral se recupereaz\u0103 complet. Capacitatea redus\u0103 de a-\u0219i folosi bra\u021bul pentru activit\u0103\u021bile zilnice este devastatoare \u0219i duce la o dependen\u021b\u0103 crescut\u0103, restric\u021bionarea activit\u0103\u021bilor sociale \u0219i o calitate a vie\u021bii mai sc\u0103zut\u0103. Aproape dou\u0103 treimi dintre supravie\u021buitorii accidentului vascular cerebral p\u0103r\u0103sesc spitalul cu o dizabilitate, iar costul anual al \u00eengrijirii, at\u00e2t pl\u0103tite, c\u00e2t \u0219i nepl\u0103tite, este de aproape 21 de miliarde de lire sterline. Practica actual\u0103 din Regatul Unit indic\u0103 faptul c\u0103 prea pu\u021bine sesiuni de reabilitare sunt dedicate lumbagoului \u0219i, \u00een cadrul sesiunilor, se realizeaz\u0103 prea pu\u021bine repeti\u021bii.<\/p>\n<p>Recuperarea durerii sub bra\u021be se realizeaz\u0103 cel mai bine prin antrenament care implic\u0103 repetarea sarcinilor zilnice \u0219i exerci\u021bii specifice. Auto-practica se refer\u0103 la abord\u0103ri pentru promovarea activit\u0103\u021bii independente, departe de sprijinul profesioni\u0219tilor din domeniul s\u0103n\u0103t\u0103\u021bii. Dispozitivele de jocuri autodirijate (GripAble) ar putea permite persoanelor cu sindrom de Parkinson \u0219i \u00eengrijitorilor acestora s\u0103 se simt\u0103 sprijini\u021bi \u00een mediul casnic \u0219i, \u00een cele din urm\u0103, s\u0103 \u00eembun\u0103t\u0103\u021beasc\u0103 func\u021bia bra\u021belor.<\/p>\n<h2><strong>Care este scopul cercet\u0103rii?<\/strong><\/h2>\n<p>Dezvoltarea unui pachet de instruire pentru a sprijini persoanele cu sindrom de Parkinson (PwS) \u0219i \u00eengrijitorii\/membrii familiei s\u0103 se implice \u00een practic\u0103 autodirijat\u0103 utiliz\u00e2nd interven\u021bii bazate pe tehnologie (dispozitiv de joc GripAble) pentru a \u00eembun\u0103t\u0103\u021bi aderen\u021ba la reabilitare \u0219i a \u00eembun\u0103t\u0103\u021bi func\u021bia limbii inferioare.<\/p>\n<h2><strong>Cum se va realiza acest lucru?<\/strong><\/h2>\n<p>Va exista o analiz\u0103 rapid\u0103 a dovezilor actuale privind aderen\u021ba, barierele \u0219i factorii facilitatori pentru interven\u021biile \u00een domeniul jocurilor de noroc. Vor fi apoi realizate interviuri calitative cu persoane cu accident vascular cerebral (PwS), \u00eengrijitori din zona Bristol, North Somerset \u0219i South Gloucestershire (BNSSG), cu privire la barierele, factorii facilitatori, provoc\u0103rile \u0219i solu\u021biile pentru utilizarea dispozitivului de jocuri GripAble. \u00cen acest scop, vor fi invitate s\u0103 participe PwS, \u00eengrijitori care locuiesc \u00een propria cas\u0103 \u0219i care au participat la studiul nostru GripAble anterior, realizat recent, \u0219i spitale NHS din sud-vestul Angliei (care utilizeaz\u0103 dispozitive GripAble \u00een practica lor). Grupul nostru de pacien\u021bi va include o gam\u0103 larg\u0103 de pacien\u021bi (stratifica\u021bi \u00een func\u021bie de v\u00e2rst\u0103, sex, dizabilitate (accident vascular cerebral u\u0219or, moderat), etnie, mediu socio-economic).<\/p>\n<p>Dovezile ob\u021binute \u00een urma analizei \u0219i a informa\u021biilor din interviu vor fi utilizate pentru a elabora scenarii ilustrative ale pachetului de instruire. Vom convoca grupuri de co-design, formate din pacien\u021bi, membri ai familiei \u0219i profesioni\u0219ti din domeniul s\u0103n\u0103t\u0103\u021bii, pentru a reproiecta scenariile \u0219i a le prezenta \u00een pachetul de instruire pe care \u00eel vom produce.<\/p>\n<p>Vom continua s\u0103 ne consult\u0103m cu grupul nostru de pacien\u021bi parteneri pe parcursul perioadei de studiu. Rezultatele vor fi \u00eemp\u0103rt\u0103\u0219ite cu acest grup \u0219i cu supravie\u021buitorii accidentului vascular cerebral prin intermediul unor organiza\u021bii caritabile pentru accidente vasculare cerebrale, la conferin\u021be \u0219i \u00een publica\u021bii academice. Pachetul de instruire dezvoltat va oferi informa\u021bii despre viitorul nostru proiect, care va explora cea mai bun\u0103 modalitate de implementare a interven\u021biei GripAble \u00een practica clinic\u0103.<\/p>\n<h2><strong>Cine conduce cercetarea?<\/strong><\/h2>\n<p>Dl. Alex Pearce, cercet\u0103tor asociat, Universitatea din Vestul Angliei.<\/p>\n<h2>Informa\u021bii suplimentare<\/h2>\n<p>Pentru mai multe informa\u021bii sau pentru a v\u0103 implica \u00een acest proiect, v\u0103 rug\u0103m s\u0103 contacta\u021bi\u00a0<a href=\"mailto:bnssg.research@nhs.net\" target=\"_blank\" rel=\"nofollow noopener\">bnssg.research@nhs.net<\/a>.<\/p>\n  <\/div>\r\n  <\/section><\/div><!-- .assembler_text-module.assembler_module.assembler_text-module_1.assembler_module_1..transparent --><\/div><!-- .assembler_module_area.assembler_module_area_1 --><\/div><!-- .assembler_default-group.assembler_module_group.assembler_default-group_1.assembler_module_group_1  -->","protected":false},"excerpt":{"rendered":"<p>Section titled module-1 Could self-directed gaming device (GripAble) enhance the practice of self-directed arm exercise and upper limb (UL) activity in people recovering from stroke in the community? Funding: BNSSG ICB Research Capability Funding\u00ad\u00ad. What is the problem? Clinical guidelines for stroke recommend that people with stroke (PwS) should complete at least 3 hours of [&hellip;]<\/p>\n","protected":false},"author":1,"featured_media":0,"parent":32896,"menu_order":0,"comment_status":"closed","ping_status":"closed","template":"","meta":{"_acf_changed":false,"footnotes":""},"tags":[],"class_list":["post-34623","page","type-page","status-publish","hentry"],"acf":[],"_links":{"self":[{"href":"https:\/\/bnssghealthiertogether.org.uk\/ro\/wp-json\/wp\/v2\/pages\/34623","targetHints":{"allow":["GET"]}}],"collection":[{"href":"https:\/\/bnssghealthiertogether.org.uk\/ro\/wp-json\/wp\/v2\/pages"}],"about":[{"href":"https:\/\/bnssghealthiertogether.org.uk\/ro\/wp-json\/wp\/v2\/types\/page"}],"author":[{"embeddable":true,"href":"https:\/\/bnssghealthiertogether.org.uk\/ro\/wp-json\/wp\/v2\/users\/1"}],"replies":[{"embeddable":true,"href":"https:\/\/bnssghealthiertogether.org.uk\/ro\/wp-json\/wp\/v2\/comments?post=34623"}],"version-history":[{"count":1,"href":"https:\/\/bnssghealthiertogether.org.uk\/ro\/wp-json\/wp\/v2\/pages\/34623\/revisions"}],"predecessor-version":[{"id":34624,"href":"https:\/\/bnssghealthiertogether.org.uk\/ro\/wp-json\/wp\/v2\/pages\/34623\/revisions\/34624"}],"up":[{"embeddable":true,"href":"https:\/\/bnssghealthiertogether.org.uk\/ro\/wp-json\/wp\/v2\/pages\/32896"}],"wp:attachment":[{"href":"https:\/\/bnssghealthiertogether.org.uk\/ro\/wp-json\/wp\/v2\/media?parent=34623"}],"wp:term":[{"taxonomy":"post_tag","embeddable":true,"href":"https:\/\/bnssghealthiertogether.org.uk\/ro\/wp-json\/wp\/v2\/tags?post=34623"}],"curies":[{"name":"wp","href":"https:\/\/api.w.org\/{rel}","templated":true}]}}