{"id":34665,"date":"2024-11-26T17:08:14","date_gmt":"2024-11-26T17:08:14","guid":{"rendered":"https:\/\/bnssghealthiertogether.org.uk\/?page_id=34665"},"modified":"2024-11-26T17:08:14","modified_gmt":"2024-11-26T17:08:14","slug":"is-it-feasible-to-carry-out-a-large-scale-study-to-test-the-effectiveness-and-cost-effectiveness-of-expansion-of-the-hpv-vaccination-programme-to-community-pharmacies-to-improve-uptake-and-address-ine","status":"publish","type":"page","link":"https:\/\/bnssghealthiertogether.org.uk\/ro\/integrated-care-board\/research-and-evidence\/our-research-portfolio\/type-2-rcf-funded-projects\/is-it-feasible-to-carry-out-a-large-scale-study-to-test-the-effectiveness-and-cost-effectiveness-of-expansion-of-the-hpv-vaccination-programme-to-community-pharmacies-to-improve-uptake-and-address-ine\/","title":{"rendered":"Este fezabil s\u0103 se efectueze un studiu la scar\u0103 larg\u0103 pentru a testa eficacitatea \u0219i rentabilitatea extinderii programului de vaccinare \u00eempotriva HPV la farmaciile comunitare pentru a \u00eembun\u0103t\u0103\u021bi rata de participare \u0219i a aborda inegalit\u0103\u021bile?"},"content":{"rendered":"<div class=\"assembler_default-group assembler_module_group assembler_default-group_1 assembler_module_group_1\"><div class=\"assembler_module_area assembler_module_area_1\"><div class=\"assembler_text-module assembler_module assembler_text-module_1 assembler_module_1  transparent\"><a tabindex=\"-1\" title=\"Sec\u021biunea intitulat\u0103 modul-1\" id=\"module-1\" href=\"https:\/\/bnssghealthiertogether.org.uk\/ro\/wp-json\/wp\/v2\/pages\/34665\/#module-1\" class=\"anchor\"><span class=\"hidden\">Sec\u021biunea intitulat\u0103 modul-1<\/span><\/a><!-- Template found for text-module - Template: template-text - Matched: _only --><section class=\"w-full mx-auto max-w-content pt-12 sm:pt-24 pb-12 sm:pb-24\">\r\n  <div class=\"entry-content w-full !px-0 max-w-small\">\r\n        <h1>Este fezabil s\u0103 se efectueze un studiu la scar\u0103 larg\u0103 pentru a testa eficacitatea \u0219i rentabilitatea extinderii programului de vaccinare \u00eempotriva HPV la farmaciile comunitare pentru a \u00eembun\u0103t\u0103\u021bi rata de participare \u0219i a aborda inegalit\u0103\u021bile?<\/h1>\n<h2>Finan\u021bare<\/h2>\n<p>Finan\u021barea capacit\u0103\u021bii de cercetare BNSSG ICB.<\/p>\n<h2>Care este \u00eentrebarea de cercetare?<\/h2>\n<p>Este fezabil s\u0103 se efectueze un studiu la scar\u0103 larg\u0103 pentru a testa eficacitatea \u0219i rentabilitatea extinderii programului de vaccinare \u00eempotriva HPV la farmaciile comunitare pentru a \u00eembun\u0103t\u0103\u021bi rata de participare \u0219i a aborda inegalit\u0103\u021bile?<\/p>\n<h2>Care este problema?<\/h2>\n<p>Programul de vaccinare \u00eempotriva HPV din Anglia este oferit prin intermediul unui model de administrare predominant \u00een \u0219coli. Cu toate acestea, tinerii care nu primesc vaccinul la o sesiune programat\u0103 la \u0219coal\u0103 se confrunt\u0103 cu bariere semnificative \u00een ceea ce prive\u0219te accesul.<\/p>\n<p>Farmaciile comunitare sunt alternative promi\u021b\u0103toare datorit\u0103 acoperirii popula\u021biei, confortului \u0219i infrastructurii existente pentru administrarea vaccinurilor. Exist\u0103 unele dovezi care sus\u021bin c\u0103 implementarea programului de vaccinare \u00eempotriva gripei sezoniere \u00een farmaciile comunitare poate \u00eembun\u0103t\u0103\u021bi rata de participare \u0219i poate fi realizat\u0103 la un cost mai mic dec\u00e2t \u00een cabinetele de medicin\u0103 general\u0103. Cu toate acestea, nu au fost efectuate studii care s\u0103 fi testat implementarea programului de vaccinare \u00eempotriva HPV \u00een farmaciile comunitare din Anglia.<\/p>\n<h2>Care este scopul cercet\u0103rii?<\/h2>\n<p>Pentru a afla dac\u0103 ar fi posibil\u0103 realizarea unui studiu \u0219tiin\u021bific la scar\u0103 larg\u0103 pentru a testa dac\u0103 extinderea programului de vaccinare \u00eempotriva HPV la farmaciile comunitare poate contribui la \u00eembun\u0103t\u0103\u021birea ratei de vaccinare \u0219i la combaterea inegalit\u0103\u021bilor.<\/p>\n<h2>Cum se va realiza acest lucru?<\/h2>\n<p>Cercetarea are dou\u0103 faze.<\/p>\n<p>Faza \u00eent\u00e2i: Studiu exploratoriu<\/p>\n<p>Vor fi realizate interviuri cu p\u0103r\u021bile interesate cheie (de exemplu, comisari, farmaci\u0219ti, furnizori de vaccinuri) pentru a afla ce cred ei c\u0103 poate opri \u0219i ajuta programul de vaccinare \u00eempotriva HPV implementat \u00een farmaciile comunitare din zonele \u00een care rata de vaccinare este mai sc\u0103zut\u0103. Rezultatele studiului exploratoriu vor fi utilizate pentru finalizarea planului pentru urm\u0103toarea etap\u0103 a studiului.<\/p>\n<p>Faza a doua: Studiu de fezabilitate<\/p>\n<p>Vor fi organizate ateliere cu tineri \u0219i p\u0103rin\u021bi apar\u021bin\u00e2nd grupurilor noastre \u021bint\u0103 de popula\u021bie pentru a concepe \u00een comun o resurs\u0103 care s\u0103 ajute farmaci\u0219tii s\u0103 promoveze programul de vaccinare \u00eempotriva HPV. Resursa va include materiale de comunicare (de exemplu, filme) dezvoltate de echipa de cercetare \u00een studii anterioare \u0219i materiale disponibile publicului (de exemplu, pliante informative traduse).<\/p>\n<p>Programul de vaccinare \u00eempotriva HPV va fi testat \u00een \u0219ase farmacii comunitare din zonele din Bristol, North Somerset \u0219i South Gloucestershire, care au o rat\u0103 de vaccinare mai sc\u0103zut\u0103. Farmaci\u0219tilor li se va oferi instruire privind vaccinul \u00eempotriva HPV, procedurile de cercetare \u0219i resursele concepute \u00een comun.<\/p>\n<p>Interviurile cu personalul farmaciei, tinerii (vaccina\u021bi \u0219i nevaccina\u021bi) \u0219i p\u0103rin\u021bii vor ajuta la stabilirea care p\u0103r\u021bi ale programului de vaccinare \u00eempotriva HPV func\u021bioneaz\u0103 bine, care p\u0103r\u021bi nu func\u021bioneaz\u0103 bine \u0219i de ce. Participan\u021bii vor fi, de asemenea, ruga\u021bi s\u0103 afle ce p\u0103rere au despre metodele de cercetare propuse. De asemenea, vor fi estimate costurile financiare \u0219i beneficiile furniz\u0103rii vaccinului HPV \u00een farmaciile comunitare.<\/p>\n<p>Rezultatele vor fi utilizate pentru a fundamenta o propunere de cercetare pentru orice studiu viitor privind eficacitatea.<\/p>\n<h2>Cine conduce cercetarea?<\/h2>\n<p>Dr. Harriet Fisher, cercet\u0103tor tehnic, \u0218tiin\u021be ale S\u0103n\u0103t\u0103\u021bii Popula\u021biei, Facultatea de Medicin\u0103 din Bristol.<\/p>\n<h2>Informa\u021bii suplimentare:<\/h2>\n<p>Pentru mai multe informa\u021bii sau pentru a v\u0103 implica \u00een acest proiect, v\u0103 rug\u0103m s\u0103 contacta\u021bi bnssg.research@nhs.net.<\/p>\n  <\/div>\r\n  <\/section><\/div><!-- .assembler_text-module.assembler_module.assembler_text-module_1.assembler_module_1..transparent --><\/div><!-- .assembler_module_area.assembler_module_area_1 --><\/div><!-- .assembler_default-group.assembler_module_group.assembler_default-group_1.assembler_module_group_1  -->","protected":false},"excerpt":{"rendered":"<p>Section titled module-1 Is it feasible to carry out a large-scale study to test the effectiveness and cost-effectiveness of expansion of the HPV vaccination programme to community pharmacies to improve uptake and address inequalities? Funding BNSSG ICB Research Capability Funding. What is the research question? Is it feasible to carry out a large-scale study to [&hellip;]<\/p>\n","protected":false},"author":1,"featured_media":0,"parent":32896,"menu_order":0,"comment_status":"closed","ping_status":"closed","template":"","meta":{"_acf_changed":false,"footnotes":""},"tags":[],"class_list":["post-34665","page","type-page","status-publish","hentry"],"acf":[],"_links":{"self":[{"href":"https:\/\/bnssghealthiertogether.org.uk\/ro\/wp-json\/wp\/v2\/pages\/34665","targetHints":{"allow":["GET"]}}],"collection":[{"href":"https:\/\/bnssghealthiertogether.org.uk\/ro\/wp-json\/wp\/v2\/pages"}],"about":[{"href":"https:\/\/bnssghealthiertogether.org.uk\/ro\/wp-json\/wp\/v2\/types\/page"}],"author":[{"embeddable":true,"href":"https:\/\/bnssghealthiertogether.org.uk\/ro\/wp-json\/wp\/v2\/users\/1"}],"replies":[{"embeddable":true,"href":"https:\/\/bnssghealthiertogether.org.uk\/ro\/wp-json\/wp\/v2\/comments?post=34665"}],"version-history":[{"count":2,"href":"https:\/\/bnssghealthiertogether.org.uk\/ro\/wp-json\/wp\/v2\/pages\/34665\/revisions"}],"predecessor-version":[{"id":34667,"href":"https:\/\/bnssghealthiertogether.org.uk\/ro\/wp-json\/wp\/v2\/pages\/34665\/revisions\/34667"}],"up":[{"embeddable":true,"href":"https:\/\/bnssghealthiertogether.org.uk\/ro\/wp-json\/wp\/v2\/pages\/32896"}],"wp:attachment":[{"href":"https:\/\/bnssghealthiertogether.org.uk\/ro\/wp-json\/wp\/v2\/media?parent=34665"}],"wp:term":[{"taxonomy":"post_tag","embeddable":true,"href":"https:\/\/bnssghealthiertogether.org.uk\/ro\/wp-json\/wp\/v2\/tags?post=34665"}],"curies":[{"name":"wp","href":"https:\/\/api.w.org\/{rel}","templated":true}]}}