{"id":34676,"date":"2024-11-26T17:09:47","date_gmt":"2024-11-26T17:09:47","guid":{"rendered":"https:\/\/bnssghealthiertogether.org.uk\/?page_id=34676"},"modified":"2024-11-26T17:09:47","modified_gmt":"2024-11-26T17:09:47","slug":"paramedic-active-lives-promotion-for-older-people-parade","status":"publish","type":"page","link":"https:\/\/bnssghealthiertogether.org.uk\/ro\/integrated-care-board\/research-and-evidence\/our-research-portfolio\/type-2-rcf-funded-projects\/paramedic-active-lives-promotion-for-older-people-parade\/","title":{"rendered":"Promovarea Paramedicului pentru o via\u021b\u0103 activ\u0103 \u00een v\u00e2rst\u0103 (ParAde)"},"content":{"rendered":"<div class=\"assembler_default-group assembler_module_group assembler_default-group_1 assembler_module_group_1\"><div class=\"assembler_module_area assembler_module_area_1\"><div class=\"assembler_text-module assembler_module assembler_text-module_1 assembler_module_1  transparent\"><a tabindex=\"-1\" title=\"Sec\u021biunea intitulat\u0103 modul-1\" id=\"module-1\" href=\"https:\/\/bnssghealthiertogether.org.uk\/ro\/wp-json\/wp\/v2\/pages\/34676\/#module-1\" class=\"anchor\"><span class=\"hidden\">Sec\u021biunea intitulat\u0103 modul-1<\/span><\/a><!-- Template found for text-module - Template: template-text - Matched: _only --><section class=\"w-full mx-auto max-w-content pt-12 sm:pt-24 pb-12 sm:pb-24\">\r\n  <div class=\"entry-content w-full !px-0 max-w-small\">\r\n        <h1>Promovarea Paramedicului pentru o via\u021b\u0103 activ\u0103 \u00een v\u00e2rst\u0103 (ParAde)<\/h1>\n<h2><strong>Finan\u021bare:<\/strong><\/h2>\n<p>Finan\u021barea capacit\u0103\u021bii de cercetare ICB a NHS Bristol, North Somerset \u0219i South Gloucestershire.<\/p>\n<h2><strong>Care este problema?<\/strong><\/h2>\n<p>Popula\u021bia Regatului Unit este \u00een cre\u0219tere \u0219i \u00eemb\u0103tr\u00e2ne\u0219te, ajung\u00e2nd la 5,8 milioane de persoane cu v\u00e2rsta de peste 75 de ani \u00een 2020. C\u0103derile cost\u0103 NHS (Serviciul Na\u021bional de S\u0103n\u0103tate) 2,3 miliarde de lire sterline \u00een fiecare an \u0219i reprezint\u0103 cea mai frecvent\u0103 cauz\u0103 de v\u0103t\u0103mare corporal\u0103 \u0219i spitalizare pentru persoanele \u00een v\u00e2rst\u0103. Persoanele \u00een v\u00e2rst\u0103 prezint\u0103 un risc deosebit de v\u0103t\u0103m\u0103ri corporale din cauza intern\u0103rii \u00een spital, din cauza reducerii asociate a capacit\u0103\u021bii de a desf\u0103\u0219ura activit\u0103\u021bile normale ale vie\u021bii de zi cu zi, ceea ce poate duce la pierderea independen\u021bei. Prin urmare, prevenirea c\u0103derilor este esen\u021bial\u0103 pentru a preveni r\u0103nile \u0219i decesele, a reduce nevoia de a merge la spital \u0219i a reduce timpul petrecut \u00een spital, ceea ce este important pentru adul\u021bii \u00een v\u00e2rst\u0103 \u0219i reprezint\u0103 o prioritate a NHS.<\/p>\n<p>Activitatea fizic\u0103 \u00eembun\u0103t\u0103\u021be\u0219te s\u0103n\u0103tatea, reduce riscul de c\u0103deri, ajut\u0103 oamenii s\u0103 \u00ee\u0219i men\u021bin\u0103 independen\u021ba \u0219i are beneficii pozitive pentru s\u0103n\u0103tatea mintal\u0103, precum \u0219i pentru bun\u0103starea social\u0103 \u0219i emo\u021bional\u0103. Exerci\u021biile fizice men\u021bin, de asemenea, for\u021ba muscular\u0103 \u0219i cresc densitatea osoas\u0103, ceea ce \u00eenseamn\u0103 c\u0103 fracturile sunt mult mai pu\u021bin probabile \u00een cazul unei c\u0103deri. Cu toate acestea, \u0219tim din raportul anual al directorilor medicali din 2023 c\u0103 doar 6% dintre b\u0103rba\u021bi \u0219i 4% dintre femei \u00eendeplinesc recomand\u0103rile privind activitatea fizic\u0103 (chiar mai pu\u021bin la persoanele \u00een v\u00e2rst\u0103). Raportul recomand\u0103, de asemenea, un efort de cercetare mult mai mare pentru persoanele \u00een v\u00e2rst\u0103 din toate profesiile.<\/p>\n<p>Studiul ini\u021bial privind implicarea pacien\u021bilor \u0219i a publicului (PPI) a constatat c\u0103 pacien\u021bii consider\u0103 informa\u021bii precum bro\u0219ura \u2018Ridic\u0103-te \u0219i pleac\u0103\u2019 foarte utile \u0219i le-a pl\u0103cut s\u0103 fie sprijini\u021bi s\u0103 fie proactivi \u00een ceea ce prive\u0219te riscul de c\u0103deri, \u00een loc s\u0103 \u00eel considere o parte inevitabil\u0103 a \u00eemb\u0103tr\u00e2nirii. Bro\u0219ura con\u021bine c\u00e2teva exerci\u021bii simple pe care oamenii le pot face acas\u0103 pentru a ajuta la reducerea riscului de c\u0103deri, precum \u0219i informa\u021bii despre al\u021bi factori de risc care trebuie lua\u021bi \u00een considerare, cum ar fi administrarea multor medicamente sau vederea slab\u0103. Cu toate acestea, am constatat c\u0103 oamenii nu \u0219tiau despre aceste resurse. Acest proiect va evalua poten\u021bialul de cre\u0219tere a acoperirii acestor resurse utiliz\u00e2nd contactele unice cu pacien\u021bii, paramedicii, \u0219i va viza mai multe dintre priorit\u0103\u021bile BNSSG, inclusiv sprijinirea oamenilor pentru a \u00eemb\u0103tr\u00e2ni s\u0103n\u0103tos \u0219i sus\u021binerea comportamentelor s\u0103n\u0103toase.<\/p>\n<h2>Care este scopul cercet\u0103rii?<\/h2>\n<p>Acest proiect va evalua fezabilitatea ca paramedicii s\u0103 identifice pacien\u021bii v\u00e2rstnici cu risc de c\u0103dere \u0219i s\u0103 \u2018valorifice fiecare contact\u2019 prin promovarea informa\u021biilor \u0219i\/sau ini\u021biativelor existente disponibile pacien\u021bilor cu privire la modul \u00een care ace\u0219tia pot reduce acest risc.<\/p>\n<p>Acest proiect \u00ee\u0219i propune s\u0103 ofere persoanelor \u00een v\u00e2rst\u0103 posibilitatea de a adopta comportamente s\u0103n\u0103toase care pot reduce riscul de c\u0103deri, prevenind astfel r\u0103nile, reduc\u00e2nd num\u0103rul de pacien\u021bi care trebuie s\u0103 mearg\u0103 la spital, reduc\u00e2nd timpul petrecut de pacien\u021bi \u00een spital (\u0219i costurile asociate cu asisten\u021ba medical\u0103) \u0219i \u00eembun\u0103t\u0103\u021bind rezultatele importante pentru pacien\u021bi.<\/p>\n<h2>Cum se va realiza acest lucru?<\/h2>\n<p>Pentru a asigura coproducerea unei oferte NIHR RfPB puternice, se propun urm\u0103toarele lucr\u0103ri preg\u0103titoare:<\/p>\n<ol>\n<li><strong> Dezvoltarea parteneriatelor \u0219i construirea unei echipe.<\/strong><\/li>\n<\/ol>\n<p>Echipa de proiect va continua s\u0103 fie consolidat\u0103 pentru a asigura expertiza potrivit\u0103 \u0219i a genera aderarea. Acest lucru va spori impactul semnificativ al cercet\u0103rii \u0219i va contribui la partajarea cuno\u0219tin\u021belor \u0219i la generarea de schimb\u0103ri \u00een practic\u0103.<\/p>\n<p>Rela\u021biile externe existente cu grupuri precum Age UK Gloucester \u0219i Bristol Health Partners vor fi dezvoltate \u00een continuare pentru a solicita contribu\u021bii \u0219i sprijin pentru cercetare \u0219i pentru a explora c\u0103i de impact.<\/p>\n<ol start=\"2\">\n<li><strong> PPI \u0219i implicarea p\u0103r\u021bilor interesate<\/strong><\/li>\n<\/ol>\n<p>Activitatea ini\u021bial\u0103 a PPI cu persoanele \u00een v\u00e2rst\u0103 va fi extins\u0103 pentru a asigura o ofert\u0103 complet coprodus\u0103, cu accent pe includerea unei game diverse \u0219i incluzive de experien\u021be, inclusiv a comunit\u0103\u021bilor subdeservite.<\/p>\n<p>Implicarea paramedicilor se va realiza prin leg\u0103turi cu South Western Ambulance Service NHS Foundation Trust pentru a evalua \u00eencrederea paramedicilor \u00een acordarea de sprijin persoanelor \u00een v\u00e2rst\u0103 \u0219i pentru a le solicita opiniile cu privire la cercetarea propus\u0103.<\/p>\n<p>Implicarea p\u0103r\u021bilor interesate \u0219i a PPI va colecta informa\u021bii despre \u00eentrebarea de cercetare, metodele utilizate \u0219i rezultatele care trebuie m\u0103surate. Membrii vor fi invita\u021bi s\u0103 se al\u0103ture grupului consultativ pentru proiectul NIHR.<\/p>\n<ol start=\"3\">\n<li><strong> Revizuire rapid\u0103 a informa\u021biilor despre poten\u021bialele promo\u021bii<\/strong><\/li>\n<\/ol>\n<p>O varietate de op\u021biuni posibile de informare \u0219i resurse existente (de exemplu, bro\u0219ura \u2018Ridic\u0103-te \u0219i pleac\u0103\u2019 a Public Health England) vor fi identificate pentru ca paramedicii s\u0103 le promoveze pacien\u021bilor \u0219i vor include informa\u021bii relevante colectate prin implicarea colaboratorilor \u0219i a p\u0103r\u021bilor interesate.<\/p>\n<ol start=\"4\">\n<li><strong> Atelier de consens al p\u0103r\u021bilor interesate<\/strong><\/li>\n<\/ol>\n<p>Rezultatele revizuirii rapide vor fi comunicate p\u0103r\u021bilor interesate \u0219i membrilor PPI pentru a determina cea mai potrivit\u0103 surs\u0103 de informa\u021bii pe care paramedicii s\u0103 o promoveze pacien\u021bilor v\u00e2rstnici \u00een studiul de fezabilitate NIHR.<\/p>\n<ol start=\"5\">\n<li><strong> Redactarea ofertelor<\/strong><\/li>\n<\/ol>\n<p>O ofert\u0103 NIHR RfPB de Nivel 2 va fi preg\u0103tit\u0103 \u0219i depus\u0103 pentru un studiu de fezabilitate pentru a evalua poten\u021bialul paramedicilor de a oferi pacien\u021bilor v\u00e2rstnici posibilitatea de a-\u0219i reduce riscul de c\u0103deri prin promovarea unor comportamente s\u0103n\u0103toase.<\/p>\n<h2><strong>Cine conduce cercetarea?<\/strong><\/h2>\n<p>Aceast\u0103 cercetare este condus\u0103 de <a href=\"https:\/\/people.uwe.ac.uk\/Person\/Helen5Nicholson\" rel=\"nofollow noreferrer noopener\">Dr. Helen Nicholson<\/a>, Cercet\u0103tor senior, Universitatea din Vestul Angliei (UWE Bristol).<\/p>\n<h2>Informa\u021bii suplimentare<\/h2>\n<p>Pentru mai multe informa\u021bii sau pentru a v\u0103 implica \u00een acest proiect, v\u0103 rug\u0103m s\u0103 trimite\u021bi un e-mail la <a href=\"mailto:bnssg.research@nhs.net\" target=\"_blank\" rel=\"nofollow noopener\">bnssg.research@nhs.net<\/a><\/p>\n  <\/div>\r\n  <\/section><\/div><!-- .assembler_text-module.assembler_module.assembler_text-module_1.assembler_module_1..transparent --><\/div><!-- .assembler_module_area.assembler_module_area_1 --><\/div><!-- .assembler_default-group.assembler_module_group.assembler_default-group_1.assembler_module_group_1  -->","protected":false},"excerpt":{"rendered":"<p>Section titled module-1 Paramedic Active Lives Promotion for Older People (ParAde) Funding: NHS Bristol, North Somerset and South Gloucestershire ICB Research Capability Funding\u00ad\u00ad. What is the problem? The UK population is growing and getting older with 5.8 million people aged 75+ in 2020. Falls cost the NHS 2.3 billion pounds every year and are the [&hellip;]<\/p>\n","protected":false},"author":1,"featured_media":0,"parent":32896,"menu_order":0,"comment_status":"closed","ping_status":"closed","template":"","meta":{"_acf_changed":false,"footnotes":""},"tags":[],"class_list":["post-34676","page","type-page","status-publish","hentry"],"acf":[],"_links":{"self":[{"href":"https:\/\/bnssghealthiertogether.org.uk\/ro\/wp-json\/wp\/v2\/pages\/34676","targetHints":{"allow":["GET"]}}],"collection":[{"href":"https:\/\/bnssghealthiertogether.org.uk\/ro\/wp-json\/wp\/v2\/pages"}],"about":[{"href":"https:\/\/bnssghealthiertogether.org.uk\/ro\/wp-json\/wp\/v2\/types\/page"}],"author":[{"embeddable":true,"href":"https:\/\/bnssghealthiertogether.org.uk\/ro\/wp-json\/wp\/v2\/users\/1"}],"replies":[{"embeddable":true,"href":"https:\/\/bnssghealthiertogether.org.uk\/ro\/wp-json\/wp\/v2\/comments?post=34676"}],"version-history":[{"count":2,"href":"https:\/\/bnssghealthiertogether.org.uk\/ro\/wp-json\/wp\/v2\/pages\/34676\/revisions"}],"predecessor-version":[{"id":34678,"href":"https:\/\/bnssghealthiertogether.org.uk\/ro\/wp-json\/wp\/v2\/pages\/34676\/revisions\/34678"}],"up":[{"embeddable":true,"href":"https:\/\/bnssghealthiertogether.org.uk\/ro\/wp-json\/wp\/v2\/pages\/32896"}],"wp:attachment":[{"href":"https:\/\/bnssghealthiertogether.org.uk\/ro\/wp-json\/wp\/v2\/media?parent=34676"}],"wp:term":[{"taxonomy":"post_tag","embeddable":true,"href":"https:\/\/bnssghealthiertogether.org.uk\/ro\/wp-json\/wp\/v2\/tags?post=34676"}],"curies":[{"name":"wp","href":"https:\/\/api.w.org\/{rel}","templated":true}]}}