{"id":34691,"date":"2024-11-26T17:11:45","date_gmt":"2024-11-26T17:11:45","guid":{"rendered":"https:\/\/bnssghealthiertogether.org.uk\/?page_id=34691"},"modified":"2024-11-26T17:11:45","modified_gmt":"2024-11-26T17:11:45","slug":"the-safety-and-quality-of-online-consulting-and-prescribing-services","status":"publish","type":"page","link":"https:\/\/bnssghealthiertogether.org.uk\/ro\/integrated-care-board\/research-and-evidence\/our-research-portfolio\/type-2-rcf-funded-projects\/the-safety-and-quality-of-online-consulting-and-prescribing-services\/","title":{"rendered":"Siguran\u021ba \u0219i calitatea serviciilor de consultan\u021b\u0103 \u0219i prescriere online"},"content":{"rendered":"<div class=\"assembler_default-group assembler_module_group assembler_default-group_1 assembler_module_group_1\"><div class=\"assembler_module_area assembler_module_area_1\"><div class=\"assembler_text-module assembler_module assembler_text-module_1 assembler_module_1  transparent\"><a tabindex=\"-1\" title=\"Sec\u021biunea intitulat\u0103 modul-1\" id=\"module-1\" href=\"https:\/\/bnssghealthiertogether.org.uk\/ro\/wp-json\/wp\/v2\/pages\/34691\/#module-1\" class=\"anchor\"><span class=\"hidden\">Sec\u021biunea intitulat\u0103 modul-1<\/span><\/a><!-- Template found for text-module - Template: template-text - Matched: _only --><section class=\"w-full mx-auto max-w-content pt-12 sm:pt-24 pb-12 sm:pb-24\">\r\n  <div class=\"entry-content w-full !px-0 max-w-small\">\r\n        <header class=\"local_header\">\n<div class=\"local_header__inner\">\n<h1 class=\"local_header__title\">Siguran\u021ba \u0219i calitatea serviciilor de consultan\u021b\u0103 \u0219i prescriere online<\/h1>\n<\/div>\n<\/header>\n<article class=\"page_content\">\n<h2 class=\"page_content__inner\">Finan\u021bare<\/h2>\n<\/article>\n<p>Finan\u021barea capacit\u0103\u021bii de cercetare BNSSCG CCG (dezvoltare local\u0103)<\/p>\n<h2>Care este \u00eentrebarea de cercetare?<\/h2>\n<p>Care este siguran\u021ba \u0219i calitatea serviciilor de consultan\u021b\u0103 \u0219i prescriere online \u0219i care sunt riscurile, beneficiile \u0219i experien\u021bele utilizatorilor acestor servicii?<\/p>\n<h2>Care este problema?<\/h2>\n<p>Serviciile NHS \u0219i cele private de asisten\u021b\u0103 medical\u0103 online includ site-uri web ale medicilor online care ofer\u0103 consulta\u021bii medicale bazate pe video \u00een timp real sau chestionare, care pot implica eliberarea unei re\u021bete. Farmaciile online ofer\u0103 o gam\u0103 larg\u0103 de servicii, inclusiv prescrierea, comandarea medicamentelor prin po\u0219t\u0103 \u0219i ridicarea \u0219i livrarea medicamentelor prescrise de un medic prescriptor obi\u0219nuit, cum ar fi un medic de familie. Deoarece consulta\u021biile online \u0219i alte modele de \u00eengrijire online se extind \u0219i evolueaz\u0103, se sper\u0103 c\u0103 accesul la serviciile de s\u0103n\u0103tate \u0219i eficien\u021ba acestora se vor \u00eembun\u0103t\u0103\u021bi, \u00eens\u0103 beneficiile anticipate nu sunt neap\u0103rat atinse. Exist\u0103 o \u00een\u021belegere limitat\u0103 a modului \u00een care aceste noi capacit\u0103\u021bi digitale vor fi integrate \u00een sistemul de asisten\u021b\u0103 medical\u0103 existent \u0219i dac\u0103 acestea vor avea impactul pozitiv scontat asupra \u00eengrijirii obi\u0219nuite \u00een medicina general\u0103 NHS. \u00centruc\u00e2t prescrierea este un element central al multora dintre aceste servicii, este posibil ca preocup\u0103rile s\u0103 se extind\u0103 \u00een special la calitatea \u0219i siguran\u021ba utiliz\u0103rii medicamentelor.<\/p>\n<h2>Care este scopul cercet\u0103rii?<\/h2>\n<p>Pentru a stabili dac\u0103 prescrierea \u0219i eliberarea medicamentelor prin intermediul serviciilor online sunt sigure \u0219i adecvate, a se descrie modul \u00een care acestea influen\u021beaz\u0103 experien\u021bele de \u00eengrijire ale pacien\u021bilor \u0219i a se evalua modul \u00een care se \u00eencadreaz\u0103 \u00een peisajul mai larg al serviciilor, inclusiv dac\u0103 \u00eendeplinesc priorit\u0103\u021bile cheie legate de medicamente, descrise \u00een Planul pe termen lung al NHS, cum ar fi optimizarea medicamentelor \u0219i preocup\u0103rile legate de prescrierea excesiv\u0103.<\/p>\n<h2>Cum se va realiza acest lucru?<\/h2>\n<p>Echipa va realiza o analiz\u0103 sistematic\u0103 a dovezilor existente privind beneficiile \u0219i daunele prescrierii online, apoi va completa interviuri semi-structurate cu urm\u0103toarele grupuri: medici care ofer\u0103 \u00eengrijire prin intermediul noilor servicii online; pacien\u021bi care primesc \u00eengrijire prin intermediul noilor servicii online; medici (de exemplu, medici de familie) care ofer\u0103 \u00eengrijire obi\u0219nuit\u0103 pacien\u021bilor care au primit alte \u00eengrijiri prin intermediul noilor servicii online; \u0219i persoane care lucreaz\u0103 \u00een cadrul autorit\u0103\u021bilor locale \u0219i na\u021bionale de reglementare \u0219i monitorizare (de exemplu, CCG-uri, CQC). De asemenea, vor investiga natura prescrierii prin intermediul serviciilor online, prin analizarea articolelor prescrise de pacien\u021bi \u0219i a cazurilor clinice corespunz\u0103toare.<\/p>\n<ul>\n<li><\/li>\n<\/ul>\n<h2>Cum se va realiza acest lucru?<\/h2>\n<p>Echipa inten\u021bioneaz\u0103 s\u0103 testeze fezabilitatea \u0219i impactul diferitelor interven\u021bii pentru \u00eembun\u0103t\u0103\u021birea serviciilor de asisten\u021b\u0103 medical\u0103 primar\u0103 pentru persoanele cu tulbur\u0103ri de alimenta\u021bie existente sau emergente. Dou\u0103 interven\u021bii vizeaz\u0103 permiterea medicilor de familie s\u0103 ofere rapid sprijin \u0219i trimiteri adecvate, iar dou\u0103 vizeaz\u0103 responsabilizarea pacien\u021bilor \u0219i a \u00eengrijitorilor \u00een c\u0103utarea unui sprijin adecvat f\u0103r\u0103 \u00eent\u00e2rziere.<\/p>\n<h2>Cine conduce cercetarea?<\/h2>\n<p>Dr. Rupert Payne, lector universitar consultant \u00een asisten\u021b\u0103 medical\u0103 primar\u0103, Centrul pentru asisten\u021b\u0103 medical\u0103 primar\u0103 academic\u0103, \u0218tiin\u021be ale s\u0103n\u0103t\u0103\u021bii popula\u021biei, Universitatea din Bristol.<\/p>\n<h2>Informa\u021bii suplimentare:<\/h2>\n<p><a href=\"https:\/\/research-information.bris.ac.uk\/en\/persons\/rupert-a-payne\" target=\"_blank\" rel=\"nofollow noopener\">Despre Dr. Rupert Payne<\/a><\/p>\n<p>Pentru mai multe informa\u021bii sau pentru a v\u0103 implica \u00een acest proiect, v\u0103 rug\u0103m s\u0103 contacta\u021bi <a href=\"mailto:bnssg.research@nhs.net\" target=\"_blank\" rel=\"noopener\">bnssg.research@nhs.net<\/a>.<\/p>\n  <\/div>\r\n  <\/section><\/div><!-- .assembler_text-module.assembler_module.assembler_text-module_1.assembler_module_1..transparent --><\/div><!-- .assembler_module_area.assembler_module_area_1 --><\/div><!-- .assembler_default-group.assembler_module_group.assembler_default-group_1.assembler_module_group_1  -->","protected":false},"excerpt":{"rendered":"<p>Section titled module-1 The safety and quality of online consulting and prescribing services Funding BNSSCG CCG Research Capability Funding (Local development) What is the research question? What is the safety and quality of online consulting and prescribing services, and what are the risks, benefits and user experiences of these services? What is the problem? NHS [&hellip;]<\/p>\n","protected":false},"author":1,"featured_media":0,"parent":32896,"menu_order":0,"comment_status":"closed","ping_status":"closed","template":"","meta":{"_acf_changed":false,"footnotes":""},"tags":[],"class_list":["post-34691","page","type-page","status-publish","hentry"],"acf":[],"_links":{"self":[{"href":"https:\/\/bnssghealthiertogether.org.uk\/ro\/wp-json\/wp\/v2\/pages\/34691","targetHints":{"allow":["GET"]}}],"collection":[{"href":"https:\/\/bnssghealthiertogether.org.uk\/ro\/wp-json\/wp\/v2\/pages"}],"about":[{"href":"https:\/\/bnssghealthiertogether.org.uk\/ro\/wp-json\/wp\/v2\/types\/page"}],"author":[{"embeddable":true,"href":"https:\/\/bnssghealthiertogether.org.uk\/ro\/wp-json\/wp\/v2\/users\/1"}],"replies":[{"embeddable":true,"href":"https:\/\/bnssghealthiertogether.org.uk\/ro\/wp-json\/wp\/v2\/comments?post=34691"}],"version-history":[{"count":2,"href":"https:\/\/bnssghealthiertogether.org.uk\/ro\/wp-json\/wp\/v2\/pages\/34691\/revisions"}],"predecessor-version":[{"id":34693,"href":"https:\/\/bnssghealthiertogether.org.uk\/ro\/wp-json\/wp\/v2\/pages\/34691\/revisions\/34693"}],"up":[{"embeddable":true,"href":"https:\/\/bnssghealthiertogether.org.uk\/ro\/wp-json\/wp\/v2\/pages\/32896"}],"wp:attachment":[{"href":"https:\/\/bnssghealthiertogether.org.uk\/ro\/wp-json\/wp\/v2\/media?parent=34691"}],"wp:term":[{"taxonomy":"post_tag","embeddable":true,"href":"https:\/\/bnssghealthiertogether.org.uk\/ro\/wp-json\/wp\/v2\/tags?post=34691"}],"curies":[{"name":"wp","href":"https:\/\/api.w.org\/{rel}","templated":true}]}}