{"id":34702,"date":"2024-11-26T17:13:14","date_gmt":"2024-11-26T17:13:14","guid":{"rendered":"https:\/\/bnssghealthiertogether.org.uk\/?page_id=34702"},"modified":"2024-11-26T17:13:14","modified_gmt":"2024-11-26T17:13:14","slug":"which-communities-are-underserved-by-perinatal-mental-health-services-in-the-bnssg-area-what-are-the-barriers-to-access-and-what-interventions-are-needed-to-address-these","status":"publish","type":"page","link":"https:\/\/bnssghealthiertogether.org.uk\/ro\/integrated-care-board\/research-and-evidence\/our-research-portfolio\/type-2-rcf-funded-projects\/which-communities-are-underserved-by-perinatal-mental-health-services-in-the-bnssg-area-what-are-the-barriers-to-access-and-what-interventions-are-needed-to-address-these\/","title":{"rendered":"Care comunit\u0103\u021bi sunt subdeservite de servicii de s\u0103n\u0103tate mintal\u0103 perinatal\u0103 \u00een zona BNSSG, care sunt barierele \u00een calea accesului \u0219i ce interven\u021bii sunt necesare pentru a le aborda?"},"content":{"rendered":"<div class=\"assembler_default-group assembler_module_group assembler_default-group_1 assembler_module_group_1\"><div class=\"assembler_module_area assembler_module_area_1\"><div class=\"assembler_text-module assembler_module assembler_text-module_1 assembler_module_1  transparent\"><a tabindex=\"-1\" title=\"Sec\u021biunea intitulat\u0103 modul-1\" id=\"module-1\" href=\"https:\/\/bnssghealthiertogether.org.uk\/ro\/wp-json\/wp\/v2\/pages\/34702\/#module-1\" class=\"anchor\"><span class=\"hidden\">Sec\u021biunea intitulat\u0103 modul-1<\/span><\/a><!-- Template found for text-module - Template: template-text - Matched: _only --><section class=\"w-full mx-auto max-w-content pt-12 sm:pt-24 pb-12 sm:pb-24\">\r\n  <div class=\"entry-content w-full !px-0 max-w-small\">\r\n        <h1>Care comunit\u0103\u021bi sunt subdeservite de servicii de s\u0103n\u0103tate mintal\u0103 perinatal\u0103 \u00een zona BNSSG, care sunt barierele \u00een calea accesului \u0219i ce interven\u021bii sunt necesare pentru a le aborda?<\/h1>\n<p>&nbsp;<\/p>\n<h2><strong>Finan\u021bare:<\/strong><\/h2>\n<p>BNSSG ICB Research Capability Funding<\/p>\n<h2><strong>Care este problema?<\/strong><\/h2>\n<p>The need to reduce inequalities in health is central to the NHS Long Term Plan. Specifically, mental health has been highlighted by NHS England in their report on Advancing Mental Health Equalities Strategy. These inequalities have been further highlighted and the gap widened in the pandemic. The effect on the medical pathways of women who are in the period of time from when they become pregnant and up to a year after giving birth (perinatal) has been highlighted by the Maternal Mental Health Alliance and the Mental Health Foundation, in a report published in March 2021. These inequalities need to be addressed nationally and locally. At a local level there is evidence of inequity of access across mental health services including perinatal mental health pathway (the focus of our work) with those from BAME groups, teenagers and travellers being identified as underserved communities.<\/p>\n<h2><strong>Care este scopul cercet\u0103rii?<\/strong><\/h2>\n<p>The work aims to identify these underserved communities and the barriers to access, with scope to developing interventions to deal with the barriers. Interventions to address these barriers are likely to involve a change of practice and possibly local policy but the exact nature of the required changes will not be clear until this work has been done.<\/p>\n<h2><strong>Cum se va realiza acest lucru?<\/strong><\/h2>\n<p>We will employ a research assistant for six months to work with maternity services, mental health services and Improving Access to Psychological Therapies services including the voluntary sector (psychological treatment services). They will identify data sources that provide information on the proportion of underserved groups across the perinatal pathway. This will establish a method of collecting data which can then be used to assess any changes resulting from interventions as and when they are developed.<\/p>\n<p>The research assistant will then identify stakeholders from the key underserved communities and bring together stakeholders with service provider representatives in a series of meetings using the nominal group technique to identify barriers and develop interventions that might over-come these.<\/p>\n<p>Strong patient and public involvement will be key to form groups to address barriers and co-design interventions. This funding will be in addition to funding provided by the ICB to initiate this scoping work and allow a full grant development to be developed from the intervention development co-design work.<\/p>\n<h2><strong>Cine conduce cercetarea?<\/strong><\/h2>\n<p><a href=\"https:\/\/www.bristol.ac.uk\/people\/person\/Jonathan-Evans-42232ddf-c59e-4203-a116-8a89d5871a36\/\" rel=\"noopener\">Dr Johnathan Evans<\/a>, Consultant Senior Lecturer, University of Bristol.<\/p>\n<h2>Informa\u021bii suplimentare:<\/h2>\n<p>Pentru mai multe informa\u021bii sau pentru a v\u0103 implica \u00een acest proiect, v\u0103 rug\u0103m s\u0103 contacta\u021bi bnssg.research@nhs.net<\/p>\n<p>&nbsp;<\/p>\n  <\/div>\r\n  <\/section><\/div><!-- .assembler_text-module.assembler_module.assembler_text-module_1.assembler_module_1..transparent --><\/div><!-- .assembler_module_area.assembler_module_area_1 --><\/div><!-- .assembler_default-group.assembler_module_group.assembler_default-group_1.assembler_module_group_1  -->","protected":false},"excerpt":{"rendered":"<p>Section titled module-1 Which communities are underserved by perinatal mental health services in the BNSSG area, what are the barriers to access and what interventions are needed to address these? &nbsp; Funding: BNSSG ICB Research Capability Funding What is the problem? The need to reduce inequalities in health is central to the NHS Long Term [&hellip;]<\/p>\n","protected":false},"author":1,"featured_media":0,"parent":32896,"menu_order":0,"comment_status":"closed","ping_status":"closed","template":"","meta":{"_acf_changed":false,"footnotes":""},"tags":[],"class_list":["post-34702","page","type-page","status-publish","hentry"],"acf":[],"_links":{"self":[{"href":"https:\/\/bnssghealthiertogether.org.uk\/ro\/wp-json\/wp\/v2\/pages\/34702","targetHints":{"allow":["GET"]}}],"collection":[{"href":"https:\/\/bnssghealthiertogether.org.uk\/ro\/wp-json\/wp\/v2\/pages"}],"about":[{"href":"https:\/\/bnssghealthiertogether.org.uk\/ro\/wp-json\/wp\/v2\/types\/page"}],"author":[{"embeddable":true,"href":"https:\/\/bnssghealthiertogether.org.uk\/ro\/wp-json\/wp\/v2\/users\/1"}],"replies":[{"embeddable":true,"href":"https:\/\/bnssghealthiertogether.org.uk\/ro\/wp-json\/wp\/v2\/comments?post=34702"}],"version-history":[{"count":2,"href":"https:\/\/bnssghealthiertogether.org.uk\/ro\/wp-json\/wp\/v2\/pages\/34702\/revisions"}],"predecessor-version":[{"id":34704,"href":"https:\/\/bnssghealthiertogether.org.uk\/ro\/wp-json\/wp\/v2\/pages\/34702\/revisions\/34704"}],"up":[{"embeddable":true,"href":"https:\/\/bnssghealthiertogether.org.uk\/ro\/wp-json\/wp\/v2\/pages\/32896"}],"wp:attachment":[{"href":"https:\/\/bnssghealthiertogether.org.uk\/ro\/wp-json\/wp\/v2\/media?parent=34702"}],"wp:term":[{"taxonomy":"post_tag","embeddable":true,"href":"https:\/\/bnssghealthiertogether.org.uk\/ro\/wp-json\/wp\/v2\/tags?post=34702"}],"curies":[{"name":"wp","href":"https:\/\/api.w.org\/{rel}","templated":true}]}}