{"id":34708,"date":"2024-11-26T17:15:33","date_gmt":"2024-11-26T17:15:33","guid":{"rendered":"https:\/\/bnssghealthiertogether.org.uk\/?page_id=34708"},"modified":"2025-01-19T21:21:33","modified_gmt":"2025-01-19T21:21:33","slug":"community-researcher-to-establish-the-research-priorities-of-chinese-caribbean-and-south-asian-communities-living-with-dementia","status":"publish","type":"page","link":"https:\/\/bnssghealthiertogether.org.uk\/ro\/integrated-care-board\/research-and-evidence\/our-research-portfolio\/type-1-rcf-funded-projects\/community-researcher-to-establish-the-research-priorities-of-chinese-caribbean-and-south-asian-communities-living-with-dementia\/","title":{"rendered":"Cercet\u0103tor comunitar pentru a stabili priorit\u0103\u021bile de cercetare ale comunit\u0103\u021bilor chineze, caraibiene \u0219i sud-asiatice care tr\u0103iesc cu demen\u021b\u0103."},"content":{"rendered":"<div class=\"assembler_default-group assembler_module_group assembler_default-group_1 assembler_module_group_1\"><div class=\"assembler_module_area assembler_module_area_1\"><div class=\"assembler_text-module assembler_module assembler_text-module_1 assembler_module_1  transparent\"><a tabindex=\"-1\" title=\"Sec\u021biunea intitulat\u0103 modul-1\" id=\"module-1\" href=\"https:\/\/bnssghealthiertogether.org.uk\/ro\/wp-json\/wp\/v2\/pages\/34708\/#module-1\" class=\"anchor\"><span class=\"hidden\">Sec\u021biunea intitulat\u0103 modul-1<\/span><\/a><!-- Template found for text-module - Template: template-text - Matched: _only --><section class=\"w-full mx-auto max-w-content pt-12 sm:pt-24 pb-12 sm:pb-24\">\r\n  <div class=\"entry-content w-full !px-0 max-w-small\">\r\n        <h1>Cercet\u0103tor comunitar pentru a stabili priorit\u0103\u021bile de cercetare ale comunit\u0103\u021bilor chineze, caraibiene \u0219i sud-asiatice care tr\u0103iesc cu demen\u021b\u0103<\/h1>\n<p>Acest proiect de cercetare \u00ee\u0219i propune s\u0103 angajeze un cercet\u0103tor comunitar pentru a stabili priorit\u0103\u021bile de cercetare ale comunit\u0103\u021bilor chineze, caraibiene \u0219i sud-asiatice care tr\u0103iesc cu demen\u021b\u0103.<\/p>\n<h2>Finan\u021bare<\/h2>\n<p>Finan\u021barea capacit\u0103\u021bii de cercetare ICB a NHS Bristol, North Somerset \u0219i South Gloucestershire.<\/p>\n<h2>Cine conduce aceast\u0103 cercetare?<\/h2>\n<p>Aceast\u0103 cercetare este o colaborare \u00eentre trei organiza\u021bii locale conduse de comunitate (Dhek Bhal, Societatea Chinez\u0103 pentru Bun\u0103starea Comunit\u0103\u021bii \u0219i \u00eengrijitorii de culoare din Bristol), Consiliul Bristol, Re\u021beaua Black South West \u0219i Universitatea din Vestul Angliei.<\/p>\n<h2>Informa\u021bii suplimentare:<\/h2>\n<p>Pentru mai multe informa\u021bii sau pentru a v\u0103 implica \u00een acest proiect, trimite\u021bi un e-mail la <a href=\"mailto:bnssg.research@nhs.net\">bnssg.research@nhs.net<\/a>.<\/p>\n  <\/div>\r\n  <\/section><\/div><!-- .assembler_text-module.assembler_module.assembler_text-module_1.assembler_module_1..transparent --><\/div><!-- .assembler_module_area.assembler_module_area_1 --><\/div><!-- .assembler_default-group.assembler_module_group.assembler_default-group_1.assembler_module_group_1  -->","protected":false},"excerpt":{"rendered":"<p>Section titled module-1 Community researcher to establish the research priorities of Chinese, Caribbean and South Asian communities living with dementia This research project aims to employ a community researcher to establish the research priorities of Chinese, Caribbean and South Asian communities living with dementia. Funding NHS Bristol, North Somerset and South Gloucestershire ICB Research Capability [&hellip;]<\/p>\n","protected":false},"author":1,"featured_media":0,"parent":32894,"menu_order":0,"comment_status":"closed","ping_status":"closed","template":"","meta":{"_acf_changed":false,"footnotes":""},"tags":[],"class_list":["post-34708","page","type-page","status-publish","hentry"],"acf":[],"_links":{"self":[{"href":"https:\/\/bnssghealthiertogether.org.uk\/ro\/wp-json\/wp\/v2\/pages\/34708","targetHints":{"allow":["GET"]}}],"collection":[{"href":"https:\/\/bnssghealthiertogether.org.uk\/ro\/wp-json\/wp\/v2\/pages"}],"about":[{"href":"https:\/\/bnssghealthiertogether.org.uk\/ro\/wp-json\/wp\/v2\/types\/page"}],"author":[{"embeddable":true,"href":"https:\/\/bnssghealthiertogether.org.uk\/ro\/wp-json\/wp\/v2\/users\/1"}],"replies":[{"embeddable":true,"href":"https:\/\/bnssghealthiertogether.org.uk\/ro\/wp-json\/wp\/v2\/comments?post=34708"}],"version-history":[{"count":3,"href":"https:\/\/bnssghealthiertogether.org.uk\/ro\/wp-json\/wp\/v2\/pages\/34708\/revisions"}],"predecessor-version":[{"id":36246,"href":"https:\/\/bnssghealthiertogether.org.uk\/ro\/wp-json\/wp\/v2\/pages\/34708\/revisions\/36246"}],"up":[{"embeddable":true,"href":"https:\/\/bnssghealthiertogether.org.uk\/ro\/wp-json\/wp\/v2\/pages\/32894"}],"wp:attachment":[{"href":"https:\/\/bnssghealthiertogether.org.uk\/ro\/wp-json\/wp\/v2\/media?parent=34708"}],"wp:term":[{"taxonomy":"post_tag","embeddable":true,"href":"https:\/\/bnssghealthiertogether.org.uk\/ro\/wp-json\/wp\/v2\/tags?post=34708"}],"curies":[{"name":"wp","href":"https:\/\/api.w.org\/{rel}","templated":true}]}}