{"id":34711,"date":"2024-11-26T17:15:56","date_gmt":"2024-11-26T17:15:56","guid":{"rendered":"https:\/\/bnssghealthiertogether.org.uk\/?page_id=34711"},"modified":"2025-01-19T21:22:07","modified_gmt":"2025-01-19T21:22:07","slug":"continuity-of-care-in-general-practice-and-its-relationship-with-access-to-care-and-health-inequalities","status":"publish","type":"page","link":"https:\/\/bnssghealthiertogether.org.uk\/ro\/integrated-care-board\/research-and-evidence\/our-research-portfolio\/type-1-rcf-funded-projects\/continuity-of-care-in-general-practice-and-its-relationship-with-access-to-care-and-health-inequalities\/","title":{"rendered":"Continuitatea \u00eengrijirii \u00een medicina general\u0103 \u0219i rela\u021bia acesteia cu accesul la \u00eengrijire \u0219i inegalit\u0103\u021bile \u00een materie de s\u0103n\u0103tate."},"content":{"rendered":"<div class=\"assembler_default-group assembler_module_group assembler_default-group_1 assembler_module_group_1\"><div class=\"assembler_module_area assembler_module_area_1\"><div class=\"assembler_text-module assembler_module assembler_text-module_1 assembler_module_1  transparent\"><a tabindex=\"-1\" title=\"Sec\u021biunea intitulat\u0103 modul-1\" id=\"module-1\" href=\"https:\/\/bnssghealthiertogether.org.uk\/ro\/wp-json\/wp\/v2\/pages\/34711\/#module-1\" class=\"anchor\"><span class=\"hidden\">Sec\u021biunea intitulat\u0103 modul-1<\/span><\/a><!-- Template found for text-module - Template: template-text - Matched: _only --><section class=\"w-full mx-auto max-w-content pt-12 sm:pt-24 pb-12 sm:pb-24\">\r\n  <div class=\"entry-content w-full !px-0 max-w-small\">\r\n        <h1>Continuitatea \u00eengrijirii \u00een medicina general\u0103 \u0219i rela\u021bia acesteia cu accesul la \u00eengrijire \u0219i inegalit\u0103\u021bile \u00een materie de s\u0103n\u0103tate<\/h1>\n<p>Fondul RCF va fi utilizat pentru a organiza un atelier la care vor participa medici generali\u0219ti, clinicieni \u0219i manageri de cabinete medicale din re\u021beaua \u2018Mednicii de familie de la Deep End Bristol\u2019; cadre universitare de la Universitatea din Bristol (inclusiv expert \u00een domeniu de renume interna\u021bional, prof. Chris Salisbury); membri ai departamentului de implicare a pacien\u021bilor \u0219i a publicului; \u0219i reprezentan\u021bi ai OneCare.<\/p>\n<h3>Finan\u021bare<\/h3>\n<p>Finan\u021barea capacit\u0103\u021bii de cercetare ICB a NHS Bristol, North Somerset \u0219i South Gloucestershire.<\/p>\n<h3>Cine conduce aceast\u0103 cercetare?<\/h3>\n<p>Aceast\u0103 cercetare este condus\u0103 de <a href=\"https:\/\/www.easttreeshealthcentre.co.uk\/team?category=doctors\" rel=\"nofollow noreferrer noopener\">Dr. Hyunkee Kim<\/a>, Medic de familie partener, Centrul de S\u0103n\u0103tate East Trees \u0219i <a href=\"https:\/\/research-information.bris.ac.uk\/en\/persons\/polly-r-duncan\" rel=\"nofollow noreferrer noopener\">Dr. Polly Duncan<\/a>, Cercet\u0103tor clinic, Facultatea de Medicin\u0103 din Bristol.<\/p>\n<h3>Informa\u021bii suplimentare:<\/h3>\n<p>Pentru mai multe informa\u021bii sau pentru a v\u0103 implica \u00een acest proiect, trimite\u021bi un e-mail la <a href=\"mailto:bnssg.research@nhs.net\">bnssg.research@nhs.net<\/a><\/p>\n  <\/div>\r\n  <\/section><\/div><!-- .assembler_text-module.assembler_module.assembler_text-module_1.assembler_module_1..transparent --><\/div><!-- .assembler_module_area.assembler_module_area_1 --><\/div><!-- .assembler_default-group.assembler_module_group.assembler_default-group_1.assembler_module_group_1  -->","protected":false},"excerpt":{"rendered":"<p>Section titled module-1 Continuity of care in general practice and its relationship with access to care and health inequalities The RCF will be used to run a workshop comprising of GPs, clinicians and practice managers from the \u2018GPs at the Deep End Bristol\u2019 network; academics from the University of Bristol (including internationally renowned topic expert, [&hellip;]<\/p>\n","protected":false},"author":1,"featured_media":0,"parent":32894,"menu_order":0,"comment_status":"closed","ping_status":"closed","template":"","meta":{"_acf_changed":false,"footnotes":""},"tags":[],"class_list":["post-34711","page","type-page","status-publish","hentry"],"acf":[],"_links":{"self":[{"href":"https:\/\/bnssghealthiertogether.org.uk\/ro\/wp-json\/wp\/v2\/pages\/34711","targetHints":{"allow":["GET"]}}],"collection":[{"href":"https:\/\/bnssghealthiertogether.org.uk\/ro\/wp-json\/wp\/v2\/pages"}],"about":[{"href":"https:\/\/bnssghealthiertogether.org.uk\/ro\/wp-json\/wp\/v2\/types\/page"}],"author":[{"embeddable":true,"href":"https:\/\/bnssghealthiertogether.org.uk\/ro\/wp-json\/wp\/v2\/users\/1"}],"replies":[{"embeddable":true,"href":"https:\/\/bnssghealthiertogether.org.uk\/ro\/wp-json\/wp\/v2\/comments?post=34711"}],"version-history":[{"count":2,"href":"https:\/\/bnssghealthiertogether.org.uk\/ro\/wp-json\/wp\/v2\/pages\/34711\/revisions"}],"predecessor-version":[{"id":36247,"href":"https:\/\/bnssghealthiertogether.org.uk\/ro\/wp-json\/wp\/v2\/pages\/34711\/revisions\/36247"}],"up":[{"embeddable":true,"href":"https:\/\/bnssghealthiertogether.org.uk\/ro\/wp-json\/wp\/v2\/pages\/32894"}],"wp:attachment":[{"href":"https:\/\/bnssghealthiertogether.org.uk\/ro\/wp-json\/wp\/v2\/media?parent=34711"}],"wp:term":[{"taxonomy":"post_tag","embeddable":true,"href":"https:\/\/bnssghealthiertogether.org.uk\/ro\/wp-json\/wp\/v2\/tags?post=34711"}],"curies":[{"name":"wp","href":"https:\/\/api.w.org\/{rel}","templated":true}]}}