{"id":34713,"date":"2024-11-26T17:16:20","date_gmt":"2024-11-26T17:16:20","guid":{"rendered":"https:\/\/bnssghealthiertogether.org.uk\/?page_id=34713"},"modified":"2025-01-19T21:22:59","modified_gmt":"2025-01-19T21:22:59","slug":"explore-a-novel-approach-to-reducing-health-inequalities-in-people-who-use-drugs-understanding-the-acceptability-of-practicalities-around-and-barriers-to-the-introduction-of-a-community-pharmacy-bas","status":"publish","type":"page","link":"https:\/\/bnssghealthiertogether.org.uk\/ro\/integrated-care-board\/research-and-evidence\/our-research-portfolio\/type-1-rcf-funded-projects\/explore-a-novel-approach-to-reducing-health-inequalities-in-people-who-use-drugs-understanding-the-acceptability-of-practicalities-around-and-barriers-to-the-introduction-of-a-community-pharmacy-bas\/","title":{"rendered":"Explorarea unei abord\u0103ri inovatoare pentru reducerea inegalit\u0103\u021bilor \u00een materie de s\u0103n\u0103tate \u00een r\u00e2ndul persoanelor care consum\u0103 droguri. \u00cen\u021belegerea acceptabilit\u0103\u021bii, a aspectelor practice legate de introducerea unui control medical la farmaciile comunitare pentru persoanele care consum\u0103 droguri."},"content":{"rendered":"<div class=\"assembler_default-group assembler_module_group assembler_default-group_1 assembler_module_group_1\"><div class=\"assembler_module_area assembler_module_area_1\"><div class=\"assembler_text-module assembler_module assembler_text-module_1 assembler_module_1  transparent\"><a tabindex=\"-1\" title=\"Sec\u021biunea intitulat\u0103 modul-1\" id=\"module-1\" href=\"https:\/\/bnssghealthiertogether.org.uk\/ro\/wp-json\/wp\/v2\/pages\/34713\/#module-1\" class=\"anchor\"><span class=\"hidden\">Sec\u021biunea intitulat\u0103 modul-1<\/span><\/a><!-- Template found for text-module - Template: template-text - Matched: _only --><section class=\"w-full mx-auto max-w-content pt-12 sm:pt-24 pb-12 sm:pb-24\">\r\n  <div class=\"entry-content w-full !px-0 max-w-small\">\r\n        <h2>Explorarea unei abord\u0103ri inovatoare pentru reducerea inegalit\u0103\u021bilor \u00een materie de s\u0103n\u0103tate \u00een r\u00e2ndul persoanelor care consum\u0103 droguri. \u00cen\u021belegerea acceptabilit\u0103\u021bii, a aspectelor practice legate de introducerea unui control medical la farmaciile comunitare pentru persoanele care consum\u0103 droguri.<\/h2>\n<p>Cadrul de Referin\u021b\u0103 pentru Studiul de Preg\u0103tire \u0219i Comunicare (RCF) va fi utilizat pentru implicarea publicului \u0219i a pacien\u021bilor, implicarea comisarilor, grupuri de discu\u021bii \u0219i interviuri cu p\u0103r\u021bile interesate \u0219i crearea de re\u021bele de contacte cu colegii clinici.<\/p>\n<h3>Finan\u021bare<\/h3>\n<p>Finan\u021barea capacit\u0103\u021bii de cercetare ICB a NHS Bristol, North Somerset \u0219i South Gloucestershire.<\/p>\n<h3>Cine conduce aceast\u0103 cercetare?<\/h3>\n<p>Aceast\u0103 cercetare este condus\u0103 de <a href=\"https:\/\/www.bristol.ac.uk\/people\/person\/Jenny-Scott-6ac0f6c2-1231-45bb-a758-fa526093581e\/\" rel=\"noopener\">Dr. Jenny Scott<\/a>, Lector universitar senior \u00een asisten\u021b\u0103 medical\u0103 primar\u0103 (farmacist) la Centrul pentru asisten\u021b\u0103 medical\u0103 primar\u0103 academic\u0103, Facultatea de Medicin\u0103 din Bristol, Universitatea din Bristol.<\/p>\n<h3>Informa\u021bii suplimentare:<\/h3>\n<p>Pentru mai multe informa\u021bii sau pentru a v\u0103 implica \u00een acest proiect, trimite\u021bi un e-mail la <a href=\"mailto:bnssg.research@nhs.net\">bnssg.research@nhs.net<\/a><\/p>\n  <\/div>\r\n  <\/section><\/div><!-- .assembler_text-module.assembler_module.assembler_text-module_1.assembler_module_1..transparent --><\/div><!-- .assembler_module_area.assembler_module_area_1 --><\/div><!-- .assembler_default-group.assembler_module_group.assembler_default-group_1.assembler_module_group_1  -->","protected":false},"excerpt":{"rendered":"<p>Section titled module-1 Explore a novel approach to reducing health inequalities in people who use drugs. Understanding the acceptability of, practicalities around and barriers to the introduction of a community pharmacy-based health check for people who use drugs The RCF will be used for public and patient involvement, commissioner engagement, stakeholder focus groups and interviews, [&hellip;]<\/p>\n","protected":false},"author":1,"featured_media":0,"parent":32894,"menu_order":0,"comment_status":"closed","ping_status":"closed","template":"","meta":{"_acf_changed":false,"footnotes":""},"tags":[],"class_list":["post-34713","page","type-page","status-publish","hentry"],"acf":[],"_links":{"self":[{"href":"https:\/\/bnssghealthiertogether.org.uk\/ro\/wp-json\/wp\/v2\/pages\/34713","targetHints":{"allow":["GET"]}}],"collection":[{"href":"https:\/\/bnssghealthiertogether.org.uk\/ro\/wp-json\/wp\/v2\/pages"}],"about":[{"href":"https:\/\/bnssghealthiertogether.org.uk\/ro\/wp-json\/wp\/v2\/types\/page"}],"author":[{"embeddable":true,"href":"https:\/\/bnssghealthiertogether.org.uk\/ro\/wp-json\/wp\/v2\/users\/1"}],"replies":[{"embeddable":true,"href":"https:\/\/bnssghealthiertogether.org.uk\/ro\/wp-json\/wp\/v2\/comments?post=34713"}],"version-history":[{"count":3,"href":"https:\/\/bnssghealthiertogether.org.uk\/ro\/wp-json\/wp\/v2\/pages\/34713\/revisions"}],"predecessor-version":[{"id":36249,"href":"https:\/\/bnssghealthiertogether.org.uk\/ro\/wp-json\/wp\/v2\/pages\/34713\/revisions\/36249"}],"up":[{"embeddable":true,"href":"https:\/\/bnssghealthiertogether.org.uk\/ro\/wp-json\/wp\/v2\/pages\/32894"}],"wp:attachment":[{"href":"https:\/\/bnssghealthiertogether.org.uk\/ro\/wp-json\/wp\/v2\/media?parent=34713"}],"wp:term":[{"taxonomy":"post_tag","embeddable":true,"href":"https:\/\/bnssghealthiertogether.org.uk\/ro\/wp-json\/wp\/v2\/tags?post=34713"}],"curies":[{"name":"wp","href":"https:\/\/api.w.org\/{rel}","templated":true}]}}