{"id":34721,"date":"2024-11-26T17:17:20","date_gmt":"2024-11-26T17:17:20","guid":{"rendered":"https:\/\/bnssghealthiertogether.org.uk\/?page_id=34721"},"modified":"2025-01-19T21:25:50","modified_gmt":"2025-01-19T21:25:50","slug":"functional-neurological-disorders-ambulance-services-recognition-care-and-management-of-fnd-patient-presentations","status":"publish","type":"page","link":"https:\/\/bnssghealthiertogether.org.uk\/ro\/integrated-care-board\/research-and-evidence\/our-research-portfolio\/type-1-rcf-funded-projects\/functional-neurological-disorders-ambulance-services-recognition-care-and-management-of-fnd-patient-presentations\/","title":{"rendered":"Tulbur\u0103ri neurologice func\u021bionale \u2013 Recunoa\u0219terea, \u00eengrijirea \u0219i gestionarea prezent\u0103rilor pacien\u021bilor cu tulbur\u0103ri neurologice func\u021bionale de c\u0103tre serviciile de ambulan\u021b\u0103."},"content":{"rendered":"<div class=\"assembler_default-group assembler_module_group assembler_default-group_1 assembler_module_group_1\"><div class=\"assembler_module_area assembler_module_area_1\"><div class=\"assembler_text-module assembler_module assembler_text-module_1 assembler_module_1  transparent\"><a tabindex=\"-1\" title=\"Sec\u021biunea intitulat\u0103 modul-1\" id=\"module-1\" href=\"https:\/\/bnssghealthiertogether.org.uk\/ro\/wp-json\/wp\/v2\/pages\/34721\/#module-1\" class=\"anchor\"><span class=\"hidden\">Sec\u021biunea intitulat\u0103 modul-1<\/span><\/a><!-- Template found for text-module - Template: template-text - Matched: _only --><section class=\"w-full mx-auto max-w-content pt-12 sm:pt-24 pb-12 sm:pb-24\">\r\n  <div class=\"entry-content w-full !px-0 max-w-small\">\r\n        <h1>Tulbur\u0103ri neurologice func\u021bionale \u2013 Recunoa\u0219terea, \u00eengrijirea \u0219i gestionarea de c\u0103tre serviciile de ambulan\u021b\u0103 a prezent\u0103rilor pacien\u021bilor cu tulbur\u0103ri neurologice func\u021bionale (NFN)<\/h1>\n<p>Finan\u021barea va fi utilizat\u0103 pentru dezvoltarea unei echipe de cercetare cu sprijinul RDS, colaborarea cu PPI \u0219i colaborarea cu exper\u021bi clinicieni \u00een domeniul FND.<\/p>\n<p>De asemenea, va fi utilizat pentru a colabora cu contribuitorii PPI, exper\u021bii clinicieni \u0219i echipa de cercetare pentru a dezvolta o \u00eentrebare de cercetare care s\u0103 exploreze prevalen\u021ba \u0219i gestionarea FND de c\u0103tre personalul ambulan\u021bei; pentru a \u00een\u021belege cum se poate \u00eembun\u0103t\u0103\u021bi tratamentul pre-spitalicesc al FND pentru a \u00eembun\u0103t\u0103\u021bi rezultatele pentru pacien\u021bi \u0219i pentru a reduce utilizarea necorespunz\u0103toare a resurselor.<\/p>\n<article class=\"page_content\">\n<h2 class=\"page_content__inner\">Finan\u021bare<\/h2>\n<\/article>\n<p>Finan\u021barea capacit\u0103\u021bii de cercetare ICB pentru NHS Bristol, North Somerset \u0219i South Gloucestershire (dezvoltare local\u0103)<\/p>\n<h2>Cine conduce cercetarea?<\/h2>\n<p><a href=\"https:\/\/people.uwe.ac.uk\/Person\/David29Williams\" rel=\"noopener\">Domnul David Williams<\/a>, Lector universitar senior, \u0218tiin\u021be Paramedicale, Universitatea din Vestul Angliei.<\/p>\n<h2>Informa\u021bii suplimentare:<\/h2>\n<p>Pentru mai multe informa\u021bii sau pentru a v\u0103 implica \u00een acest proiect, trimite\u021bi un e-mail la <a href=\"mailto:bnssg.research@nhs.net\" target=\"_blank\" rel=\"noopener\">bnssg.research@nhs.net<\/a>.<\/p>\n  <\/div>\r\n  <\/section><\/div><!-- .assembler_text-module.assembler_module.assembler_text-module_1.assembler_module_1..transparent --><\/div><!-- .assembler_module_area.assembler_module_area_1 --><\/div><!-- .assembler_default-group.assembler_module_group.assembler_default-group_1.assembler_module_group_1  -->","protected":false},"excerpt":{"rendered":"<p>Section titled module-1 Functional Neurological Disorders \u2013 Ambulance services recognition, care and management of FND patient presentations The funding will be used to develop a research team with RDS support, engage with PPI and engage with clinical experts in the FND field. It will also be used to work with PPI contributors, clinical experts and [&hellip;]<\/p>\n","protected":false},"author":1,"featured_media":0,"parent":32894,"menu_order":0,"comment_status":"closed","ping_status":"closed","template":"","meta":{"_acf_changed":false,"footnotes":""},"tags":[],"class_list":["post-34721","page","type-page","status-publish","hentry"],"acf":[],"_links":{"self":[{"href":"https:\/\/bnssghealthiertogether.org.uk\/ro\/wp-json\/wp\/v2\/pages\/34721","targetHints":{"allow":["GET"]}}],"collection":[{"href":"https:\/\/bnssghealthiertogether.org.uk\/ro\/wp-json\/wp\/v2\/pages"}],"about":[{"href":"https:\/\/bnssghealthiertogether.org.uk\/ro\/wp-json\/wp\/v2\/types\/page"}],"author":[{"embeddable":true,"href":"https:\/\/bnssghealthiertogether.org.uk\/ro\/wp-json\/wp\/v2\/users\/1"}],"replies":[{"embeddable":true,"href":"https:\/\/bnssghealthiertogether.org.uk\/ro\/wp-json\/wp\/v2\/comments?post=34721"}],"version-history":[{"count":3,"href":"https:\/\/bnssghealthiertogether.org.uk\/ro\/wp-json\/wp\/v2\/pages\/34721\/revisions"}],"predecessor-version":[{"id":36252,"href":"https:\/\/bnssghealthiertogether.org.uk\/ro\/wp-json\/wp\/v2\/pages\/34721\/revisions\/36252"}],"up":[{"embeddable":true,"href":"https:\/\/bnssghealthiertogether.org.uk\/ro\/wp-json\/wp\/v2\/pages\/32894"}],"wp:attachment":[{"href":"https:\/\/bnssghealthiertogether.org.uk\/ro\/wp-json\/wp\/v2\/media?parent=34721"}],"wp:term":[{"taxonomy":"post_tag","embeddable":true,"href":"https:\/\/bnssghealthiertogether.org.uk\/ro\/wp-json\/wp\/v2\/tags?post=34721"}],"curies":[{"name":"wp","href":"https:\/\/api.w.org\/{rel}","templated":true}]}}