{"id":34724,"date":"2024-11-26T17:17:38","date_gmt":"2024-11-26T17:17:38","guid":{"rendered":"https:\/\/bnssghealthiertogether.org.uk\/?page_id=34724"},"modified":"2025-01-19T21:26:22","modified_gmt":"2025-01-19T21:26:22","slug":"head-and-neck-cancer-patients-who-have-localised-disease-but-are-not-fit-for-radical-radiotherapy-the-patient-experience-following-completion-of-palliative-radiotherapy","status":"publish","type":"page","link":"https:\/\/bnssghealthiertogether.org.uk\/ro\/integrated-care-board\/research-and-evidence\/our-research-portfolio\/type-1-rcf-funded-projects\/head-and-neck-cancer-patients-who-have-localised-disease-but-are-not-fit-for-radical-radiotherapy-the-patient-experience-following-completion-of-palliative-radiotherapy\/","title":{"rendered":"Pacien\u021bi cu cancer de cap \u0219i g\u00e2t care au boal\u0103 localizat\u0103, dar nu sunt ap\u021bi pentru radioterapie radical\u0103: experien\u021ba pacientului dup\u0103 finalizarea radioterapiei paliative"},"content":{"rendered":"<div class=\"assembler_default-group assembler_module_group assembler_default-group_1 assembler_module_group_1\"><div class=\"assembler_module_area assembler_module_area_1\"><div class=\"assembler_text-module assembler_module assembler_text-module_1 assembler_module_1  transparent\"><a tabindex=\"-1\" title=\"Sec\u021biunea intitulat\u0103 modul-1\" id=\"module-1\" href=\"https:\/\/bnssghealthiertogether.org.uk\/ro\/wp-json\/wp\/v2\/pages\/34724\/#module-1\" class=\"anchor\"><span class=\"hidden\">Sec\u021biunea intitulat\u0103 modul-1<\/span><\/a><!-- Template found for text-module - Template: template-text - Matched: _only --><section class=\"w-full mx-auto max-w-content pt-12 sm:pt-24 pb-12 sm:pb-24\">\r\n  <div class=\"entry-content w-full !px-0 max-w-small\">\r\n        <header class=\"local_header\">\n<div class=\"local_header__inner\">\n<h1 class=\"local_header__title\">Pacien\u021bi cu cancer de cap \u0219i g\u00e2t care au boal\u0103 localizat\u0103, dar nu sunt ap\u021bi pentru radioterapie radical\u0103: experien\u021ba pacientului dup\u0103 finalizarea radioterapiei paliative<\/h1>\n<\/div>\n<\/header>\n<article class=\"page_content\">\n<h2 class=\"page_content__inner\">Finan\u021bare<\/h2>\n<\/article>\n<p>Finan\u021barea capacit\u0103\u021bii de cercetare CCG din cadrul NHS Bristol, North Somerset \u0219i South Gloucestershire (dezvoltare local\u0103)<\/p>\n<h2>Cine conduce cercetarea?<\/h2>\n<p>Dr. Sarah Hargreaves, medic consultant oncolog clinic, Oncologie\/Servicii specializate, Spitalele Universitare Bristol \u0219i Weston NHS Foundation Trust (UHBW).<\/p>\n<h2>Informa\u021bii suplimentare:<\/h2>\n<p>Pentru mai multe informa\u021bii sau pentru a v\u0103 implica \u00een acest proiect, trimite\u021bi un e-mail la <a href=\"mailto:bnssg.research@nhs.net\" target=\"_blank\" rel=\"noopener\">bnssg.research@nhs.net<\/a>.<\/p>\n  <\/div>\r\n  <\/section><\/div><!-- .assembler_text-module.assembler_module.assembler_text-module_1.assembler_module_1..transparent --><\/div><!-- .assembler_module_area.assembler_module_area_1 --><\/div><!-- .assembler_default-group.assembler_module_group.assembler_default-group_1.assembler_module_group_1  -->","protected":false},"excerpt":{"rendered":"<p>Section titled module-1 Head and neck cancer patients who have localised disease but are not fit for radical radiotherapy: the patient experience following completion of palliative radiotherapy Funding NHS Bristol, North Somerset and South Gloucestershire CCG Research Capability Funding (Local development) Who is leading the research? Dr Sarah Hargreaves, Consultant Clinical Oncologist, Oncology\/Specialised Services, University [&hellip;]<\/p>\n","protected":false},"author":1,"featured_media":0,"parent":32894,"menu_order":0,"comment_status":"closed","ping_status":"closed","template":"","meta":{"_acf_changed":false,"footnotes":""},"tags":[],"class_list":["post-34724","page","type-page","status-publish","hentry"],"acf":[],"_links":{"self":[{"href":"https:\/\/bnssghealthiertogether.org.uk\/ro\/wp-json\/wp\/v2\/pages\/34724","targetHints":{"allow":["GET"]}}],"collection":[{"href":"https:\/\/bnssghealthiertogether.org.uk\/ro\/wp-json\/wp\/v2\/pages"}],"about":[{"href":"https:\/\/bnssghealthiertogether.org.uk\/ro\/wp-json\/wp\/v2\/types\/page"}],"author":[{"embeddable":true,"href":"https:\/\/bnssghealthiertogether.org.uk\/ro\/wp-json\/wp\/v2\/users\/1"}],"replies":[{"embeddable":true,"href":"https:\/\/bnssghealthiertogether.org.uk\/ro\/wp-json\/wp\/v2\/comments?post=34724"}],"version-history":[{"count":2,"href":"https:\/\/bnssghealthiertogether.org.uk\/ro\/wp-json\/wp\/v2\/pages\/34724\/revisions"}],"predecessor-version":[{"id":36253,"href":"https:\/\/bnssghealthiertogether.org.uk\/ro\/wp-json\/wp\/v2\/pages\/34724\/revisions\/36253"}],"up":[{"embeddable":true,"href":"https:\/\/bnssghealthiertogether.org.uk\/ro\/wp-json\/wp\/v2\/pages\/32894"}],"wp:attachment":[{"href":"https:\/\/bnssghealthiertogether.org.uk\/ro\/wp-json\/wp\/v2\/media?parent=34724"}],"wp:term":[{"taxonomy":"post_tag","embeddable":true,"href":"https:\/\/bnssghealthiertogether.org.uk\/ro\/wp-json\/wp\/v2\/tags?post=34724"}],"curies":[{"name":"wp","href":"https:\/\/api.w.org\/{rel}","templated":true}]}}