{"id":34735,"date":"2024-11-26T17:19:11","date_gmt":"2024-11-26T17:19:11","guid":{"rendered":"https:\/\/bnssghealthiertogether.org.uk\/?page_id=34735"},"modified":"2025-01-19T21:30:14","modified_gmt":"2025-01-19T21:30:14","slug":"nutritional-assessment-of-the-homeless-population-a-collaboration-with-patients-and-stakeholders-to-refine-a-new-nutritional-assessment-tool","status":"publish","type":"page","link":"https:\/\/bnssghealthiertogether.org.uk\/ro\/integrated-care-board\/research-and-evidence\/our-research-portfolio\/type-1-rcf-funded-projects\/nutritional-assessment-of-the-homeless-population-a-collaboration-with-patients-and-stakeholders-to-refine-a-new-nutritional-assessment-tool\/","title":{"rendered":"Evaluarea nutri\u021bional\u0103 a popula\u021biei f\u0103r\u0103 ad\u0103post. O colaborare cu pacien\u021bii \u0219i p\u0103r\u021bile interesate pentru a rafina un nou instrument de evaluare nutri\u021bional\u0103."},"content":{"rendered":"<div class=\"assembler_default-group assembler_module_group assembler_default-group_1 assembler_module_group_1\"><div class=\"assembler_module_area assembler_module_area_1\"><div class=\"assembler_text-module assembler_module assembler_text-module_1 assembler_module_1  transparent\"><a tabindex=\"-1\" title=\"Sec\u021biunea intitulat\u0103 modul-1\" id=\"module-1\" href=\"https:\/\/bnssghealthiertogether.org.uk\/ro\/wp-json\/wp\/v2\/pages\/34735\/#module-1\" class=\"anchor\"><span class=\"hidden\">Sec\u021biunea intitulat\u0103 modul-1<\/span><\/a><!-- Template found for text-module - Template: template-text - Matched: _only --><section class=\"w-full mx-auto max-w-content pt-12 sm:pt-24 pb-12 sm:pb-24\">\r\n  <div class=\"entry-content w-full !px-0 max-w-small\">\r\n        <h1>Evaluarea nutri\u021bional\u0103 a popula\u021biei f\u0103r\u0103 ad\u0103post<\/h1>\n<p>O colaborare cu pacien\u021bii \u0219i p\u0103r\u021bile interesate pentru a rafina un nou instrument de evaluare nutri\u021bional\u0103.<\/p>\n<p>Asigurarea faptului c\u0103 \u00eentreb\u0103rile puse conduc la informa\u021bii care pot fi utilizate pentru a \u00eembun\u0103t\u0103\u021bi sprijinul nutri\u021bional pentru aceast\u0103 popula\u021bie.<\/p>\n<h2>Finan\u021bare<\/h2>\n<p>Finan\u021barea capacit\u0103\u021bii de cercetare ICB a NHS Bristol, North Somerset \u0219i South Gloucestershire.<\/p>\n<h2>Cine conduce aceast\u0103 cercetare?<\/h2>\n<p>Aceast\u0103 cercetare este condus\u0103 de Ghislaine Swinburn, dietetician\u0103 \u00een cadrul Re\u021belei de Asisten\u021b\u0103 Medical\u0103 Primar\u0103, Re\u021beaua de Asisten\u021b\u0103 Medical\u0103 Primar\u0103 din Centrul Ora\u0219ului Bristol.<\/p>\n<h2>Informa\u021bii suplimentare:<\/h2>\n<p>Pentru mai multe informa\u021bii sau pentru a v\u0103 implica \u00een acest proiect, trimite\u021bi un e-mail la <a href=\"mailto:bnssg.research@nhs.net\">bnssg.research@nhs.net<\/a>.<\/p>\n  <\/div>\r\n  <\/section><\/div><!-- .assembler_text-module.assembler_module.assembler_text-module_1.assembler_module_1..transparent --><\/div><!-- .assembler_module_area.assembler_module_area_1 --><\/div><!-- .assembler_default-group.assembler_module_group.assembler_default-group_1.assembler_module_group_1  -->","protected":false},"excerpt":{"rendered":"<p>Section titled module-1 Nutritional Assessment of the Homeless Population A collaboration with patients and stakeholders to refine a new nutritional assessment tool. Ensuring that the questions posed lead to information which can be used to drive improvements in nutrition support for this population. Funding NHS Bristol, North Somerset and South Gloucestershire ICB Research Capability Funding. [&hellip;]<\/p>\n","protected":false},"author":1,"featured_media":0,"parent":32894,"menu_order":0,"comment_status":"closed","ping_status":"closed","template":"","meta":{"_acf_changed":false,"footnotes":""},"tags":[],"class_list":["post-34735","page","type-page","status-publish","hentry"],"acf":[],"_links":{"self":[{"href":"https:\/\/bnssghealthiertogether.org.uk\/ro\/wp-json\/wp\/v2\/pages\/34735","targetHints":{"allow":["GET"]}}],"collection":[{"href":"https:\/\/bnssghealthiertogether.org.uk\/ro\/wp-json\/wp\/v2\/pages"}],"about":[{"href":"https:\/\/bnssghealthiertogether.org.uk\/ro\/wp-json\/wp\/v2\/types\/page"}],"author":[{"embeddable":true,"href":"https:\/\/bnssghealthiertogether.org.uk\/ro\/wp-json\/wp\/v2\/users\/1"}],"replies":[{"embeddable":true,"href":"https:\/\/bnssghealthiertogether.org.uk\/ro\/wp-json\/wp\/v2\/comments?post=34735"}],"version-history":[{"count":2,"href":"https:\/\/bnssghealthiertogether.org.uk\/ro\/wp-json\/wp\/v2\/pages\/34735\/revisions"}],"predecessor-version":[{"id":36257,"href":"https:\/\/bnssghealthiertogether.org.uk\/ro\/wp-json\/wp\/v2\/pages\/34735\/revisions\/36257"}],"up":[{"embeddable":true,"href":"https:\/\/bnssghealthiertogether.org.uk\/ro\/wp-json\/wp\/v2\/pages\/32894"}],"wp:attachment":[{"href":"https:\/\/bnssghealthiertogether.org.uk\/ro\/wp-json\/wp\/v2\/media?parent=34735"}],"wp:term":[{"taxonomy":"post_tag","embeddable":true,"href":"https:\/\/bnssghealthiertogether.org.uk\/ro\/wp-json\/wp\/v2\/tags?post=34735"}],"curies":[{"name":"wp","href":"https:\/\/api.w.org\/{rel}","templated":true}]}}