{"id":37031,"date":"2025-02-03T16:29:09","date_gmt":"2025-02-03T16:29:09","guid":{"rendered":"https:\/\/bnssghealthiertogether.org.uk\/?page_id=37031"},"modified":"2025-04-16T16:45:51","modified_gmt":"2025-04-16T15:45:51","slug":"freedom-of-information-publication-scheme","status":"publish","type":"page","link":"https:\/\/bnssghealthiertogether.org.uk\/ro\/integrated-care-board\/contact-us\/freedom-of-information-requests\/freedom-of-information-publication-scheme\/","title":{"rendered":"Schema de publicare privind libertatea informa\u021biei"},"content":{"rendered":"<div class=\"assembler_default-group assembler_module_group assembler_default-group_1 assembler_module_group_1\"><div class=\"assembler_module_area assembler_module_area_1\"><div class=\"assembler_text-module assembler_module assembler_text-module_1 assembler_module_1  transparent\"><a tabindex=\"-1\" title=\"Sec\u021biunea intitulat\u0103 modul-1\" id=\"module-1\" href=\"https:\/\/bnssghealthiertogether.org.uk\/ro\/wp-json\/wp\/v2\/pages\/37031\/#module-1\" class=\"anchor\"><span class=\"hidden\">Sec\u021biunea intitulat\u0103 modul-1<\/span><\/a><!-- Template found for text-module - Template: template-text - Matched: _only --><section class=\"w-full mx-auto max-w-content pt-12 sm:pt-24 pb-3 sm:pb-6\">\r\n  <div class=\"entry-content w-full !px-0 max-w-small\">\r\n        <h1>Schema de publicare privind libertatea informa\u021biei<\/h1>\n<p>Consiliul de \u00eengrijire integrat\u0103 (ICB) al NHS Bristol, North Somerset \u0219i South Gloucestershire se angajeaz\u0103 s\u0103 \u00eendeplineasc\u0103 cerin\u021bele legale ale Legii privind libertatea informa\u021biei \u0219i, ca atare, a adoptat Schema de publicare a Biroului Comisarului pentru Informa\u021bii (ICO).<\/p>\n<p>Schema de publicare identific\u0103 \u0219apte clase de informa\u021bii care ar trebui publicate de c\u0103tre organismele publice.<\/p>\n<ul>\n<li><a href=\"#module-2\">cine suntem \u0219i ce facem<\/a><\/li>\n<li><a href=\"#module-3\">ce cheltuim \u0219i cum cheltuim<\/a><\/li>\n<li><a href=\"#module-4\">care sunt priorit\u0103\u021bile noastre \u0219i cum ne descurc\u0103m<\/a><\/li>\n<li><a href=\"#module-5\">cum lu\u0103m decizii<\/a><\/li>\n<li><a href=\"#module-6\">politici \u0219i proceduri<\/a><\/li>\n<li><a href=\"#module-7\">liste \u0219i registre<\/a><\/li>\n<li><a href=\"#module-8\">serviciile pe care le oferim<\/a><\/li>\n<\/ul>\n<p>Publicul ar trebui s\u0103 poat\u0103 accesa \u00een mod curent informa\u021bii care sunt \u00een interesul public \u0219i care pot fi divulgate \u00een siguran\u021b\u0103. Schema de publicare este conceput\u0103 pentru a \u00eendruma persoanele c\u0103tre informa\u021biile pe care le avem disponibile.<\/p>\n<p>ICB func\u021bioneaz\u0103 \u00een conformitate cu schema de publicare, iar mai jos pute\u021bi g\u0103si o scurt\u0103 prezentare a fiec\u0103reia dintre cele \u0219apte clase de informa\u021bii, precum \u0219i linkuri c\u0103tre documente \u0219i pagini relevante.<\/p>\n<p>Exist\u0103, de asemenea, o serie de documente cheie pe care consider\u0103m c\u0103 publicul le-ar putea g\u0103si utile. Acestea sunt accesate mai jos, la sec\u021biunea \u2018Alte documente cheie\u2019.<\/p>\n<p>Cet\u0103\u021benii care doresc acces la informa\u021bii care nu sunt incluse pe aceast\u0103 pagin\u0103 pot face o cerere de acces la informa\u021bii. Pentru informa\u021bii suplimentare despre cum s\u0103 face\u021bi o cerere de acces la informa\u021bii (FOI), v\u0103 rug\u0103m s\u0103 vizita\u021bi pagina noastr\u0103 web. <a href=\"https:\/\/bnssghealthiertogether.org.uk\/ro\/integrated-care-board\/contact-us\/\">pagina de contact<\/a>.<\/p>\n<p>Pentru informa\u021bii suplimentare despre schema de publicare, v\u0103 rug\u0103m <a href=\"https:\/\/ico.org.uk\/for-organisations\/guide-to-freedom-of-information\/publication-scheme\/\" target=\"_blank\" rel=\"noopener\">vizita\u021bi site-ul ICO<\/a>.<\/p>\n<p>V\u0103 rug\u0103m s\u0103 re\u021bine\u021bi c\u0103 unele dintre linkurile de pe aceast\u0103 pagin\u0103 direc\u021bioneaz\u0103 c\u0103tre site-ul web arhivat CCG. Odat\u0103 ce aceste pagini \u0219i documente vor fi disponibile pentru ICB, linkurile vor fi actualizate.<\/p>\n  <\/div>\r\n  <\/section><\/div><!-- .assembler_text-module.assembler_module.assembler_text-module_1.assembler_module_1..transparent --><div class=\"assembler_text-module assembler_module assembler_text-module_2 assembler_module_2  transparent\"><a tabindex=\"-1\" title=\"Sec\u021biunea intitulat\u0103 modul-2\" id=\"module-2\" href=\"https:\/\/bnssghealthiertogether.org.uk\/ro\/wp-json\/wp\/v2\/pages\/37031\/#module-2\" class=\"anchor\"><span class=\"hidden\">Sec\u021biunea intitulat\u0103 modul-2<\/span><\/a><!-- Template found for text-module - Template: template-text - Matched: _only --><section class=\"w-full mx-auto max-w-content pt-3 sm:pt-6 pb-3 sm:pb-6\">\r\n  <div class=\"entry-content w-full !px-0 max-w-small\">\r\n        <h2>Cine suntem \u0219i ce facem<\/h2>\n<p>Aceasta prezint\u0103 modul \u00een care ICB se \u00eencadreaz\u0103 \u00een structura NHS, dezvolt\u00e2nd rolurile \u0219i responsabilit\u0103\u021bile noastre. De asemenea, pute\u021bi accesa documente \u0219i informa\u021bii referitoare la structura noastr\u0103 organiza\u021bional\u0103, precum \u0219i detalii despre membrii consiliului de administra\u021bie \u0219i al\u021bi membri ai personalului cheie.<\/p>\n<ul>\n<li><a href=\"https:\/\/bnssghealthiertogether.org.uk\/ro\/integrated-care-board\/about-us\/\">Cine suntem \u0219i ce facem<\/a><\/li>\n<\/ul>\n  <\/div>\r\n  <\/section><\/div><!-- .assembler_text-module.assembler_module.assembler_text-module_2.assembler_module_2..transparent --><div class=\"assembler_text-module assembler_module assembler_text-module_3 assembler_module_3  transparent\"><a tabindex=\"-1\" title=\"Sec\u021biunea intitulat\u0103 modul-3\" id=\"module-3\" href=\"https:\/\/bnssghealthiertogether.org.uk\/ro\/wp-json\/wp\/v2\/pages\/37031\/#module-3\" class=\"anchor\"><span class=\"hidden\">Sec\u021biunea intitulat\u0103 modul-3<\/span><\/a><!-- Template found for text-module - Template: template-text - Matched: _only --><section class=\"w-full mx-auto max-w-content pt-3 sm:pt-6 pb-3 sm:pb-6\">\r\n  <div class=\"entry-content w-full !px-0 max-w-small\">\r\n        <h2>Ce cheltuim \u0219i cum cheltuim<\/h2>\n<p>Acestea includ informa\u021bii financiare privind veniturile proiectate \u0219i reale, bugetele \u0219i cheltuielile, achizi\u021biile publice, licita\u021biile \u0219i contractele.<\/p>\n<p>\u00cen ceea ce prive\u0219te salariile personalului \u0219i rambursarea costurilor de c\u0103l\u0103torie, urm\u0103m Agenda pentru Schimbare (AfC), care este actualul sistem de clasificare \u0219i salarizare al Serviciului Na\u021bional de S\u0103n\u0103tate (NHS) pentru tot personalul NHS (cu excep\u021bia medicilor, stomatologilor \u0219i a unor manageri superiori).<\/p>\n<p>Detalii privind rambursarea costurilor de c\u0103l\u0103torie \u0219i a indemniza\u021biilor de subzisten\u021b\u0103 pentru angaja\u021bii NHS pot fi g\u0103site \u00een <a href=\"http:\/\/www.nhsemployers.org\/your-workforce\/pay-and-reward\/agenda-for-change\/nhs-terms-and-conditions-of-service-handbook\" target=\"_blank\" rel=\"nofollow noopener\">Manualul Termenilor \u0219i Condi\u021biilor de Servicii NHS<\/a>.<\/p>\n<ul>\n<li><a href=\"https:\/\/bnssghealthiertogether.org.uk\/ro\/library\/?keywords=spend+over+%C2%A325%2C000&amp;start_date=&amp;end_date=&amp;orderby=&amp;order=\">Cheltuie\u0219te peste 25.000 de lire sterline<\/a><\/li>\n<li><a href=\"https:\/\/bnssghealthiertogether.org.uk\/ro\/integrated-care-board\/about-us\/annual-reports\/\">Rapoarte \u0219i conturi anuale<\/a><\/li>\n<\/ul>\n  <\/div>\r\n  <\/section><\/div><!-- .assembler_text-module.assembler_module.assembler_text-module_3.assembler_module_3..transparent --><div class=\"assembler_text-module assembler_module assembler_text-module_4 assembler_module_4  transparent\"><a tabindex=\"-1\" title=\"Sec\u021biunea intitulat\u0103 modul-4\" id=\"module-4\" href=\"https:\/\/bnssghealthiertogether.org.uk\/ro\/wp-json\/wp\/v2\/pages\/37031\/#module-4\" class=\"anchor\"><span class=\"hidden\">Sec\u021biunea intitulat\u0103 modul-4<\/span><\/a><!-- Template found for text-module - Template: template-text - Matched: _only --><section class=\"w-full mx-auto max-w-content pt-3 sm:pt-6 pb-3 sm:pb-6\">\r\n  <div class=\"entry-content w-full !px-0 max-w-small\">\r\n        <h2>Care sunt priorit\u0103\u021bile noastre \u0219i cum ne descurc\u0103m<\/h2>\n<p>Informa\u021bii \u0219i documente referitoare la strategiile, planurile, indicatorii de performan\u021b\u0103, auditurile \u0219i analizele noastre.<\/p>\n<ul>\n<li><a href=\"https:\/\/bnssghealthiertogether.org.uk\/ro\/integrated-care-board\/annual-review-2023-to-2024\/\">Raport anual 2023-2024<\/a><\/li>\n<li><a href=\"https:\/\/bnssghealthiertogether.org.uk\/ro\/about-us\/our-strategy\/joint-forward-plan\/\">Planul comun de perspectiv\u0103<\/a><\/li>\n<li>Rapoartele privind calitatea \u0219i performan\u021ba financiar\u0103 sunt publicate lunar ca parte a documentelor consiliului nostru de administra\u021bie. Pute\u021bi g\u0103si documentele pentru fiecare \u0219edin\u021b\u0103 a consiliului de administra\u021bie \u00een <a href=\"https:\/\/bnssg.icb.nhs.uk\/events\/\" target=\"_blank\" rel=\"nofollow noopener\">sec\u021biunea de evenimente<\/a>.<\/li>\n<li><a href=\"https:\/\/bnssghealthiertogether.org.uk\/ro\/about-us\/\">Sistem de \u00eengrijire integrat\u0103 (ICS)<\/a><\/li>\n<li>Informa\u021biile despre performan\u021ba ICB pot fi g\u0103site \u00een <a href=\"https:\/\/bnssghealthiertogether.org.uk\/ro\/events\/\">Documentele Consiliului ICB<\/a> \u0219i <a href=\"https:\/\/bnssghealthiertogether.org.uk\/ro\/integrated-care-board\/about-us\/annual-reports\/\">Raportul anual \u0219i analiza ICB<\/a>. NHS England evalueaz\u0103, de asemenea, anual performan\u021ba ICB \u0219i public\u0103 informa\u021biile pe site-ul s\u0103u web: <a href=\"https:\/\/www.england.nhs.uk\/long-read\/annual-assessment-of-integrated-care-boards-2023-24\/#south-west-integrated-care-boards\" rel=\"noopener\">NHS Anglia \u00bb Evaluarea anual\u0103 a consiliilor de \u00eengrijire integrat\u0103 2023\/24<\/a>.<\/li>\n<\/ul>\n  <\/div>\r\n  <\/section><\/div><!-- .assembler_text-module.assembler_module.assembler_text-module_4.assembler_module_4..transparent --><div class=\"assembler_text-module assembler_module assembler_text-module_5 assembler_module_5  transparent\"><a tabindex=\"-1\" title=\"Sec\u021biunea intitulat\u0103 modul-5\" id=\"module-5\" href=\"https:\/\/bnssghealthiertogether.org.uk\/ro\/wp-json\/wp\/v2\/pages\/37031\/#module-5\" class=\"anchor\"><span class=\"hidden\">Sec\u021biunea intitulat\u0103 modul-5<\/span><\/a><!-- Template found for text-module - Template: template-text - Matched: _only --><section class=\"w-full mx-auto max-w-content pt-3 sm:pt-6 pb-3 sm:pb-6\">\r\n  <div class=\"entry-content w-full !px-0 max-w-small\">\r\n        <h2>Cum lu\u0103m decizii<\/h2>\n<p>Aceast\u0103 sec\u021biune ofer\u0103 informa\u021bii despre procesele noastre decizionale \u0219i despre modul \u00een care \u00eenregistr\u0103m deciziile. Acestea includ documentele consiliului de administra\u021bie, statutul nostru, termenii de referin\u021b\u0103 ai comitetului \u0219i componen\u021ba acestuia.<\/p>\n<ul>\n<li><a href=\"https:\/\/bnssghealthiertogether.org.uk\/ro\/integrated-care-board\/about-us\/our-board\/how-we-make-decisions\/\">Cum lu\u0103m decizii<\/a><\/li>\n<li><a href=\"https:\/\/bnssghealthiertogether.org.uk\/ro\/integrated-care-board\/governance-handbook\/\">Constitu\u021bia noastr\u0103<\/a><\/li>\n<li><a href=\"https:\/\/bnssghealthiertogether.org.uk\/ro\/integrated-care-board\/innf\/\">Cereri individuale de finan\u021bare (IFR)<\/a><\/li>\n<li><a href=\"https:\/\/bnssghealthiertogether.org.uk\/ro\/integrated-care-board\/governance-handbook\/\">Mandatul comitetului<\/a><\/li>\n<li><a href=\"https:\/\/bnssghealthiertogether.org.uk\/ro\/integrated-care-board\/governance-handbook\/\">Guvernan\u021ba noastr\u0103 \u2013 rezumatul responsabilit\u0103\u021bilor<\/a><\/li>\n<\/ul>\n  <\/div>\r\n  <\/section><\/div><!-- .assembler_text-module.assembler_module.assembler_text-module_5.assembler_module_5..transparent --><div class=\"assembler_text-module assembler_module assembler_text-module_6 assembler_module_6  transparent\"><a tabindex=\"-1\" title=\"Sec\u021biunea intitulat\u0103 modul-6\" id=\"module-6\" href=\"https:\/\/bnssghealthiertogether.org.uk\/ro\/wp-json\/wp\/v2\/pages\/37031\/#module-6\" class=\"anchor\"><span class=\"hidden\">Sec\u021biunea intitulat\u0103 modul-6<\/span><\/a><!-- Template found for text-module - Template: template-text - Matched: _only --><section class=\"w-full mx-auto max-w-content pt-3 sm:pt-6 pb-3 sm:pb-6\">\r\n  <div class=\"entry-content w-full !px-0 max-w-small\">\r\n        <h2>Politici \u0219i proceduri<\/h2>\n<p>Politicile \u0219i procedurile pe care le avem implementate \u0219i pe care ne angaj\u0103m s\u0103 le respect\u0103m.<\/p>\n<ul>\n<li><a href=\"https:\/\/bnssghealthiertogether.org.uk\/ro\/library\/\">Politici \u0219i proceduri<\/a><\/li>\n<\/ul>\n  <\/div>\r\n  <\/section><\/div><!-- .assembler_text-module.assembler_module.assembler_text-module_6.assembler_module_6..transparent --><div class=\"assembler_text-module assembler_module assembler_text-module_7 assembler_module_7  transparent\"><a tabindex=\"-1\" title=\"Sec\u021biunea intitulat\u0103 modul-7\" id=\"module-7\" href=\"https:\/\/bnssghealthiertogether.org.uk\/ro\/wp-json\/wp\/v2\/pages\/37031\/#module-7\" class=\"anchor\"><span class=\"hidden\">Sec\u021biunea intitulat\u0103 modul-7<\/span><\/a><!-- Template found for text-module - Template: template-text - Matched: _only --><section class=\"w-full mx-auto max-w-content pt-3 sm:pt-6 pb-3 sm:pb-6\">\r\n  <div class=\"entry-content w-full !px-0 max-w-small\">\r\n        <h2>Liste \u0219i registre<\/h2>\n<p>Suntem obliga\u021bi prin lege s\u0103 de\u021binem registre disponibile publicului. Vede\u021bi cum facem acest lucru <a href=\"https:\/\/bnssghealthiertogether.org.uk\/ro\/library\/managing-conflicts-of-interest-policy\/\">gestionarea conflictelor de interese<\/a> pentru al nostru:<\/p>\n<ul>\n<li><a href=\"https:\/\/bnssghealthiertogether.org.uk\/ro\/library\/conflicts-of-interest-register\/\">Registrul declara\u021biilor de interese<\/a><\/li>\n<li><a href=\"https:\/\/bnssghealthiertogether.org.uk\/ro\/library\/gifts-hospitality-and-sponsorship-register\/\">Registru de cadouri \u0219i ospitalitate<\/a><\/li>\n<li><a href=\"https:\/\/bnssghealthiertogether.org.uk\/ro\/library\/icb-procurement-register\/\">Registrul Deciziilor de Achizi\u021bii<\/a><\/li>\n<li><a href=\"https:\/\/bnssghealthiertogether.org.uk\/ro\/library\/icb-contracts-register-clinical\/\">Registrul contractelor<\/a><\/li>\n<\/ul>\n  <\/div>\r\n  <\/section><\/div><!-- .assembler_text-module.assembler_module.assembler_text-module_7.assembler_module_7..transparent --><div class=\"assembler_text-module assembler_module assembler_text-module_8 assembler_module_8  transparent\"><a tabindex=\"-1\" title=\"Sec\u021biunea intitulat\u0103 modulul 8\" id=\"module-8\" href=\"https:\/\/bnssghealthiertogether.org.uk\/ro\/wp-json\/wp\/v2\/pages\/37031\/#module-8\" class=\"anchor\"><span class=\"hidden\">Sec\u021biunea intitulat\u0103 modulul 8<\/span><\/a><!-- Template found for text-module - Template: template-text - Matched: _only --><section class=\"w-full mx-auto max-w-content pt-3 sm:pt-6 pb-12 sm:pb-24\">\r\n  <div class=\"entry-content w-full !px-0 max-w-small\">\r\n        <h2>Serviciile pe care le oferim<\/h2>\n<p>Documente \u0219i informa\u021bii care detaliaz\u0103 serviciile oferite publicului \u0219i orice \u00eendrum\u0103ri disponibile.<\/p>\n<ul>\n<li><a href=\"https:\/\/bnssghealthiertogether.org.uk\/ro\/integrated-care-board\/innf\/commissioning-policy-directory\/\">Servicii clinice pe care le comand\u0103m<\/a><\/li>\n<li><a href=\"https:\/\/bnssghealthiertogether.org.uk\/ro\/your-health\/which-nhs-service-should-i-use\/\">\u00cendrum\u0103ri privind serviciile de s\u0103n\u0103tate locale<\/a><\/li>\n<li><a href=\"https:\/\/bnssghealthiertogether.org.uk\/ro\/your-health\/\">Sfaturi \u0219i asisten\u021b\u0103 \u00een domeniul s\u0103n\u0103t\u0103\u021bii<\/a><\/li>\n<li><a href=\"https:\/\/bnssg.icb.nhs.uk\/contact-us\/\" target=\"_blank\" rel=\"noopener\">Echipa de servicii pentru clien\u021bi<\/a><\/li>\n<li><a href=\"https:\/\/bnssghealthiertogether.org.uk\/ro\/news\/\">Cele mai recente \u0219tiri<\/a><\/li>\n<\/ul>\n  <\/div>\r\n  <\/section><\/div><!-- .assembler_text-module.assembler_module.assembler_text-module_8.assembler_module_8..transparent --><\/div><!-- .assembler_module_area.assembler_module_area_1 --><\/div><!-- .assembler_default-group.assembler_module_group.assembler_default-group_1.assembler_module_group_1  -->","protected":false},"excerpt":{"rendered":"<p>Section titled module-1 Freedom of Information Publication Scheme NHS Bristol, North Somerset and South Gloucestershire Integrated Care Board (ICB) is committed to meeting the statutory requirements of the Freedom of Information Act and as such has adopted the Information Commissioners Office\u2019s (ICO) Publication Scheme. The publication scheme identifies seven classes of information which should be [&hellip;]<\/p>\n","protected":false},"author":7,"featured_media":0,"parent":34155,"menu_order":0,"comment_status":"closed","ping_status":"closed","template":"","meta":{"_acf_changed":false,"footnotes":""},"tags":[],"class_list":["post-37031","page","type-page","status-publish","hentry"],"acf":[],"_links":{"self":[{"href":"https:\/\/bnssghealthiertogether.org.uk\/ro\/wp-json\/wp\/v2\/pages\/37031","targetHints":{"allow":["GET"]}}],"collection":[{"href":"https:\/\/bnssghealthiertogether.org.uk\/ro\/wp-json\/wp\/v2\/pages"}],"about":[{"href":"https:\/\/bnssghealthiertogether.org.uk\/ro\/wp-json\/wp\/v2\/types\/page"}],"author":[{"embeddable":true,"href":"https:\/\/bnssghealthiertogether.org.uk\/ro\/wp-json\/wp\/v2\/users\/7"}],"replies":[{"embeddable":true,"href":"https:\/\/bnssghealthiertogether.org.uk\/ro\/wp-json\/wp\/v2\/comments?post=37031"}],"version-history":[{"count":9,"href":"https:\/\/bnssghealthiertogether.org.uk\/ro\/wp-json\/wp\/v2\/pages\/37031\/revisions"}],"predecessor-version":[{"id":38921,"href":"https:\/\/bnssghealthiertogether.org.uk\/ro\/wp-json\/wp\/v2\/pages\/37031\/revisions\/38921"}],"up":[{"embeddable":true,"href":"https:\/\/bnssghealthiertogether.org.uk\/ro\/wp-json\/wp\/v2\/pages\/34155"}],"wp:attachment":[{"href":"https:\/\/bnssghealthiertogether.org.uk\/ro\/wp-json\/wp\/v2\/media?parent=37031"}],"wp:term":[{"taxonomy":"post_tag","embeddable":true,"href":"https:\/\/bnssghealthiertogether.org.uk\/ro\/wp-json\/wp\/v2\/tags?post=37031"}],"curies":[{"name":"wp","href":"https:\/\/api.w.org\/{rel}","templated":true}]}}