{"id":37032,"date":"2025-02-03T16:29:37","date_gmt":"2025-02-03T16:29:37","guid":{"rendered":"https:\/\/bnssghealthiertogether.org.uk\/?page_id=37032"},"modified":"2025-02-03T16:29:37","modified_gmt":"2025-02-03T16:29:37","slug":"research-governance","status":"publish","type":"page","link":"https:\/\/bnssghealthiertogether.org.uk\/ro\/integrated-care-board\/research-and-evidence\/support-for-researchers\/research-governance\/","title":{"rendered":"Guvernan\u021ba cercet\u0103rii"},"content":{"rendered":"<div class=\"assembler_default-group assembler_module_group assembler_default-group_1 assembler_module_group_1\"><div class=\"assembler_module_area assembler_module_area_1\"><div class=\"assembler_text-module assembler_module assembler_text-module_1 assembler_module_1  transparent\"><a tabindex=\"-1\" title=\"Sec\u021biunea intitulat\u0103 modul-1\" id=\"module-1\" href=\"https:\/\/bnssghealthiertogether.org.uk\/ro\/wp-json\/wp\/v2\/pages\/37032\/#module-1\" class=\"anchor\"><span class=\"hidden\">Sec\u021biunea intitulat\u0103 modul-1<\/span><\/a><!-- Template found for text-module - Template: template-text - Matched: _only --><section class=\"w-full mx-auto max-w-content pt-12 sm:pt-24 pb-12 sm:pb-24\">\r\n  <div class=\"entry-content w-full !px-0 max-w-small\">\r\n        <h1>Guvernan\u021ba cercet\u0103rii<\/h1>\n<p>Oferim comunit\u0103\u021bii de cercetare (at\u00e2t academic\u0103, c\u00e2t \u0219i comercial\u0103) un serviciu de guvernan\u021b\u0103 a cercet\u0103rii pentru cercetarea \u00een mediile de asisten\u021b\u0103 medical\u0103 primar\u0103 \u0219i comunitar\u0103 din Bristol, North Somerset \u0219i South Gloucestershire. Mai exact, studii care implic\u0103 personalul NHS, pacien\u021bi, date despre pacien\u021bi \u0219i spa\u021bii din regiunea noastr\u0103.<\/p>\n<p>Guvernan\u021ba cercet\u0103rii reprezint\u0103 o gam\u0103 larg\u0103 de reglement\u0103ri, principii \u0219i standarde de bune practici care exist\u0103 pentru a asigura calitatea cercet\u0103rii \u00een toate aspectele asisten\u021bei medicale.<\/p>\n<p>Cadrul de guvernan\u021b\u0103 a cercet\u0103rii a fost introdus din mai multe motive, inclusiv protejarea participan\u021bilor la cercetare, \u00eembun\u0103t\u0103\u021birea calit\u0103\u021bii etice \u0219i \u0219tiin\u021bifice, minimizarea riscurilor \u0219i promovarea bunelor practici.<\/p>\n<h2>\u00centreprinderea de activit\u0103\u021bi IRAS \u00een numele proiectelor locale<\/h2>\n<p>The\u00a0<a href=\"https:\/\/www.myresearchproject.org.uk\/Help\/HelpPage.aspx\" target=\"_blank\" rel=\"nofollow noopener\">Sistem integrat de aplica\u021bii pentru cercetare<\/a>\u00a0(IRAS) este sistemul unic pentru solicitarea permiselor \u0219i aprob\u0103rilor pentru a desf\u0103\u0219ura cercet\u0103ri \u00een domeniul s\u0103n\u0103t\u0103\u021bii \u0219i asisten\u021bei sociale sau al \u00eengrijirii comunitare \u00een Regatul Unit.<\/p>\n<p>\u00cei ajut\u0103m pe aplican\u021bi s\u0103 se orienteze prin IRAS \u0219i s\u0103 examin\u0103m formularele relevante \u00eenainte de depunere.<\/p>\n<h2>Colaborarea cu Re\u021beaua de Cercetare Clinic\u0103 pentru a sprijini organizarea studiului<\/h2>\n<p>The\u00a0<a href=\"https:\/\/www.nihr.ac.uk\/nihr-in-your-area\/west-of-england\/\" target=\"_blank\" rel=\"nofollow noopener\">Re\u021beaua de Cercetare Clinic\u0103 (CRN) din Vestul Angliei<\/a>\u00a0este una dintre cele 15 Re\u021bele Locale de Cercetare Clinic\u0103 (LCRN) care se \u00eentind pe tot teritoriul Angliei. CRN-urile sunt finan\u021bate de Institutul Na\u021bional pentru Cercetare \u00een S\u0103n\u0103tate (NIHR). Rolul lor este de a coordona \u0219i sprijini realizarea cercet\u0103rii \u00een cadrul NHS din Anglia.<\/p>\n<p>Suntem o organiza\u021bie partener\u0103 a CRN West of England \u0219i colabor\u0103m cu ace\u0219tia pentru a sprijini ini\u021bierea \u0219i implementarea cercet\u0103rilor academice \u00een domeniul asisten\u021bei medicale primare \u0219i a unor studii de cercetare comerciale.<\/p>\n<h2>Colaborarea cu furnizorul nostru comunitar local, Sirona care &amp; health<\/h2>\n<p>Lucr\u0103m cu\u00a0<a href=\"http:\/\/www.sirona-cic.org.uk\/\" target=\"_blank\" rel=\"nofollow noopener\">\u00cengrijire \u0219i s\u0103n\u0103tate Sirona<\/a>\u00a0pentru a sprijini cercetarea efectuat\u0103 \u00een cadrul organiza\u021biei lor. Aceasta include portofoliul Institutului Na\u021bional de Cercetare \u00een S\u0103n\u0103tate (NIHR), cercetarea comercial\u0103 \u0219i cea studen\u021beasc\u0103.<\/p>\n<p>Dac\u0103 sunte\u021bi interesat s\u0103 face\u021bi cercet\u0103ri cu Sirona care &amp; health, v\u0103 rug\u0103m\u00a0<a href=\"mailto:Penny.agent@nhs.net\" target=\"_blank\" rel=\"nofollow noopener\">contacta\u021bi agentul Penny,<\/a>\u00a0Director \u0219ef terapie \u0219i profesii conexe din domeniul s\u0103n\u0103t\u0103\u021bii.<\/p>\n<h2>Emiterea de scrisori de acces pentru personalul care desf\u0103\u0219oar\u0103 cercet\u0103ri \u00een regiunea noastr\u0103<\/h2>\n<p>O scrisoare de acces permite unui cercet\u0103tor s\u0103 desf\u0103\u0219oare activit\u0103\u021bi de cercetare \u00een cadrul NHS. Modul de ob\u021binere a acesteia depinde de modul \u00een care este angajat cercet\u0103torul.<\/p>\n<p>Dac\u0103 nu sunte\u021bi angajat al NHS, atunci trebuie s\u0103 aplica\u021bi folosind\u00a0<a href=\"https:\/\/www.hra.nhs.uk\/planning-and-improving-research\/best-practice\/research-passport\/\" target=\"_blank\" rel=\"nofollow noopener\">Pa\u0219aport de cercetare NIHR<\/a>. Dac\u0103 sunte\u021bi angajat la NHS, trebuie s\u0103 completa\u021bi o scurt\u0103 formulare care s\u0103 confirme verific\u0103rile prealabile angaj\u0103rii.<\/p>\n<p>Scrisoarea de aprobare din partea Autorit\u0103\u021bii pentru Cercetare \u00een S\u0103n\u0103tate confirm\u0103 a\u0219tept\u0103rile privind nivelul de acces necesar pentru studiu \u0219i verific\u0103rile prealabile implic\u0103rii care ar trebui sau nu efectuate.<\/p>\n<h2>Sprijinirea cercet\u0103torilor \u00een modificarea studiilor lor de cercetare<\/h2>\n<p>Dac\u0103 vi se cere s\u0103 v\u0103 modifica\u021bi proiectul de cercetare dup\u0103 primirea aprob\u0103rii ini\u021biale de reglementare, atunci trebuie s\u0103 notifica\u021bi organismul sau organismele de evaluare care au aprobat proiectul ini\u021bial.<\/p>\n<p>Cerin\u021bele sunt stabilite \u00een\u00a0<a href=\"https:\/\/www.myresearchproject.org.uk\/help\/hlpamendments.aspx\" target=\"_blank\" rel=\"nofollow noopener\">Sistem integrat de aplica\u021bii pentru cercetare<\/a>\u00a0(IRAS). Putem oferi consultan\u021b\u0103 \u0219i \u00eendrumare solicitan\u021bilor cu privire la modul de depunere a modific\u0103rilor \u00een cazul \u00een care organiza\u021biile noastre NHS sunt centre participante. De asemenea, ne a\u0219tept\u0103m s\u0103 fim notifica\u021bi cu privire la modific\u0103rile studiilor de cercetare care implic\u0103 regiunea noastr\u0103 \u0219i vom emite o aprobare a modific\u0103rii, acolo unde este cazul. Aceasta depinde de clasificarea modific\u0103rii.<\/p>\n  <\/div>\r\n  <\/section><\/div><!-- .assembler_text-module.assembler_module.assembler_text-module_1.assembler_module_1..transparent --><\/div><!-- .assembler_module_area.assembler_module_area_1 --><\/div><!-- .assembler_default-group.assembler_module_group.assembler_default-group_1.assembler_module_group_1  -->","protected":false},"excerpt":{"rendered":"<p>Oferim comunit\u0103\u021bii de cercetare (at\u00e2t academic\u0103, c\u00e2t \u0219i comercial\u0103) un serviciu de guvernan\u021b\u0103 a cercet\u0103rii pentru cercetarea \u00een mediile de asisten\u021b\u0103 medical\u0103 primar\u0103 \u0219i comunitar\u0103 din Bristol, North Somerset \u0219i South Gloucestershire. Mai exact, studii care implic\u0103 personalul NHS, pacien\u021bi, date despre pacien\u021bi \u0219i spa\u021bii din regiunea noastr\u0103.<\/p>","protected":false},"author":28,"featured_media":0,"parent":32910,"menu_order":0,"comment_status":"closed","ping_status":"closed","template":"","meta":{"_acf_changed":false,"footnotes":""},"tags":[],"class_list":["post-37032","page","type-page","status-publish","hentry"],"acf":[],"_links":{"self":[{"href":"https:\/\/bnssghealthiertogether.org.uk\/ro\/wp-json\/wp\/v2\/pages\/37032","targetHints":{"allow":["GET"]}}],"collection":[{"href":"https:\/\/bnssghealthiertogether.org.uk\/ro\/wp-json\/wp\/v2\/pages"}],"about":[{"href":"https:\/\/bnssghealthiertogether.org.uk\/ro\/wp-json\/wp\/v2\/types\/page"}],"author":[{"embeddable":true,"href":"https:\/\/bnssghealthiertogether.org.uk\/ro\/wp-json\/wp\/v2\/users\/28"}],"replies":[{"embeddable":true,"href":"https:\/\/bnssghealthiertogether.org.uk\/ro\/wp-json\/wp\/v2\/comments?post=37032"}],"version-history":[{"count":2,"href":"https:\/\/bnssghealthiertogether.org.uk\/ro\/wp-json\/wp\/v2\/pages\/37032\/revisions"}],"predecessor-version":[{"id":37035,"href":"https:\/\/bnssghealthiertogether.org.uk\/ro\/wp-json\/wp\/v2\/pages\/37032\/revisions\/37035"}],"up":[{"embeddable":true,"href":"https:\/\/bnssghealthiertogether.org.uk\/ro\/wp-json\/wp\/v2\/pages\/32910"}],"wp:attachment":[{"href":"https:\/\/bnssghealthiertogether.org.uk\/ro\/wp-json\/wp\/v2\/media?parent=37032"}],"wp:term":[{"taxonomy":"post_tag","embeddable":true,"href":"https:\/\/bnssghealthiertogether.org.uk\/ro\/wp-json\/wp\/v2\/tags?post=37032"}],"curies":[{"name":"wp","href":"https:\/\/api.w.org\/{rel}","templated":true}]}}