{"id":37351,"date":"2025-02-11T15:26:43","date_gmt":"2025-02-11T15:26:43","guid":{"rendered":"https:\/\/bnssghealthiertogether.org.uk\/?page_id=37351"},"modified":"2025-02-14T10:13:20","modified_gmt":"2025-02-14T10:13:20","slug":"why-we-need-a-healthier-together-intelligence-centre","status":"publish","type":"page","link":"https:\/\/bnssghealthiertogether.org.uk\/ro\/healthier-together-intelligence-centre\/why-we-need-a-healthier-together-intelligence-centre\/","title":{"rendered":"De ce avem nevoie de un Centru de Inteligen\u021b\u0103 \u00cempreun\u0103 Mai S\u0103n\u0103tos"},"content":{"rendered":"<div class=\"assembler_default-group assembler_module_group assembler_default-group_1 assembler_module_group_1\"><div class=\"assembler_module_area assembler_module_area_1\"><div class=\"assembler_table-of-contents-module assembler_module assembler_table-of-contents-module_1 assembler_module_1  transparent\"><a tabindex=\"-1\" title=\"Section titled module-1\" id=\"module-1\" href=\"https:\/\/bnssghealthiertogether.org.uk\/ro\/wp-json\/wp\/v2\/pages\/37351\/#module-1\" class=\"anchor\"><span class=\"hidden\">Section titled module-1<\/span><\/a><!-- Template found for table-of-contents-module - Template: template-table-of-contents - Matched: _only -->\r\n<section class=\"w-full\">\r\n      <div class=\"relative h-auto lg:h-[450px] w-full lg:mb-9\">\r\n            <picture  class=\" no-lazy\">\n                    <source media=\"(min-width: 640px)\" srcset=\"https:\/\/bnssghealthiertogether.org.uk\/wp-content\/uploads\/2025\/02\/AdobeStock_390338058-1024x683.jpeg.webp 1024w, https:\/\/bnssghealthiertogether.org.uk\/wp-content\/uploads\/2025\/02\/AdobeStock_390338058-300x200.jpeg.webp 300w, https:\/\/bnssghealthiertogether.org.uk\/wp-content\/uploads\/2025\/02\/AdobeStock_390338058-768x513.jpeg.webp 768w, https:\/\/bnssghealthiertogether.org.uk\/wp-content\/uploads\/2025\/02\/AdobeStock_390338058-1536x1025.jpeg.webp 1536w, https:\/\/bnssghealthiertogether.org.uk\/wp-content\/uploads\/2025\/02\/AdobeStock_390338058-2048x1367.jpeg.webp 2048w, https:\/\/bnssghealthiertogether.org.uk\/wp-content\/uploads\/2025\/02\/AdobeStock_390338058-1320x881.jpeg.webp 1320w\" type=\"image\/webp\">\n                    <source media=\"(min-width: 640px)\" srcset=\"https:\/\/bnssghealthiertogether.org.uk\/wp-content\/uploads\/2025\/02\/AdobeStock_390338058-1024x683.jpeg 1024w, https:\/\/bnssghealthiertogether.org.uk\/wp-content\/uploads\/2025\/02\/AdobeStock_390338058-300x200.jpeg 300w, https:\/\/bnssghealthiertogether.org.uk\/wp-content\/uploads\/2025\/02\/AdobeStock_390338058-768x513.jpeg 768w, https:\/\/bnssghealthiertogether.org.uk\/wp-content\/uploads\/2025\/02\/AdobeStock_390338058-1536x1025.jpeg 1536w, https:\/\/bnssghealthiertogether.org.uk\/wp-content\/uploads\/2025\/02\/AdobeStock_390338058-2048x1367.jpeg 2048w, https:\/\/bnssghealthiertogether.org.uk\/wp-content\/uploads\/2025\/02\/AdobeStock_390338058-1320x881.jpeg 1320w\" type=\"image\/jpeg\">\n                    <source media=\"(min-width: 0px)\" srcset=\"https:\/\/bnssghealthiertogether.org.uk\/wp-content\/uploads\/2025\/02\/AdobeStock_390338058-300x200.jpeg.webp 300w, https:\/\/bnssghealthiertogether.org.uk\/wp-content\/uploads\/2025\/02\/AdobeStock_390338058-1024x683.jpeg.webp 1024w, https:\/\/bnssghealthiertogether.org.uk\/wp-content\/uploads\/2025\/02\/AdobeStock_390338058-768x513.jpeg.webp 768w, https:\/\/bnssghealthiertogether.org.uk\/wp-content\/uploads\/2025\/02\/AdobeStock_390338058-1536x1025.jpeg.webp 1536w, https:\/\/bnssghealthiertogether.org.uk\/wp-content\/uploads\/2025\/02\/AdobeStock_390338058-2048x1367.jpeg.webp 2048w, https:\/\/bnssghealthiertogether.org.uk\/wp-content\/uploads\/2025\/02\/AdobeStock_390338058-1320x881.jpeg.webp 1320w\" type=\"image\/webp\">\n                    <source media=\"(min-width: 0px)\" srcset=\"https:\/\/bnssghealthiertogether.org.uk\/wp-content\/uploads\/2025\/02\/AdobeStock_390338058-300x200.jpeg 300w, https:\/\/bnssghealthiertogether.org.uk\/wp-content\/uploads\/2025\/02\/AdobeStock_390338058-1024x683.jpeg 1024w, https:\/\/bnssghealthiertogether.org.uk\/wp-content\/uploads\/2025\/02\/AdobeStock_390338058-768x513.jpeg 768w, https:\/\/bnssghealthiertogether.org.uk\/wp-content\/uploads\/2025\/02\/AdobeStock_390338058-1536x1025.jpeg 1536w, https:\/\/bnssghealthiertogether.org.uk\/wp-content\/uploads\/2025\/02\/AdobeStock_390338058-2048x1367.jpeg 2048w, https:\/\/bnssghealthiertogether.org.uk\/wp-content\/uploads\/2025\/02\/AdobeStock_390338058-1320x881.jpeg 1320w\" type=\"image\/jpeg\">\n                          <img decoding=\"async\" src=\"https:\/\/bnssghealthiertogether.org.uk\/wp-content\/uploads\/2025\/02\/AdobeStock_390338058-300x200.jpeg\" width=\"300\"  height=\"200\"  alt=\"\"   class=\"w-full h-72 lg:h-full lg:absolute lg:inset-0 object-cover no-lazy\" \/>\n              <\/picture>\n                  <div class=\"lg:absolute lg:bottom-0 lg:left-0 lg:right-0\">\r\n          <div class=\"w-full content:max-w-content content:mx-auto\">\r\n            <div class=\"block xl:inline-block bg-white p-6\">\r\n              <h1 class=\"text-primary break-words mb-0\">Healthier Together Intelligence Centre<\/h1>            <\/div>\r\n          <\/div>\r\n        <\/div>\r\n          <\/div>\r\n    <div class=\"entry-content w-full mx-auto max-w-content border-b border-pale-grey mb-6 pb-3 sm:pb-6\">\r\n    <p>Contents<\/p>\n    <div class=\"navigation-list\">\r\n                    <ul>\r\n                      <li class=\"text-sm\">\r\n                              <a href=\"https:\/\/bnssghealthiertogether.org.uk\/ro\/healthier-together-intelligence-centre\/\" class=\"text-sm underline-offset-4 font-normal hover:!underline-4\">\r\n                                                                What is the Healthier Together Intelligence Centre?                                <\/a>\r\n                          <\/li>\r\n                                <li class=\"text-sm\">\r\n                                                              Why we need a Healthier Together Intelligence Centre                            <\/li>\r\n                      <li class=\"text-sm\">\r\n                              <a href=\"https:\/\/bnssghealthiertogether.org.uk\/ro\/healthier-together-intelligence-centre\/how-the-intelligence-centre-will-keep-the-data-secure\/\" class=\"text-sm underline-offset-4 font-normal hover:!underline-4\">\r\n                                                                How we will keep the data secure                                <\/a>\r\n                          <\/li>\r\n                      <li class=\"text-sm\">\r\n                              <a href=\"https:\/\/bnssghealthiertogether.org.uk\/ro\/healthier-together-intelligence-centre\/healthier-together-intelligence-centre-faqs\/\" class=\"text-sm underline-offset-4 font-normal hover:!underline-4\">\r\n                                                                Frequently asked questions                                <\/a>\r\n                          <\/li>\r\n                  <\/ul>\r\n          <\/div>\r\n  <\/div>\r\n<\/section><\/div><!-- .assembler_table-of-contents-module.assembler_module.assembler_table-of-contents-module_1.assembler_module_1..transparent --><div class=\"assembler_text-module assembler_module assembler_text-module_2 assembler_module_2  transparent\"><a tabindex=\"-1\" title=\"Section titled module-2\" id=\"module-2\" href=\"https:\/\/bnssghealthiertogether.org.uk\/ro\/wp-json\/wp\/v2\/pages\/37351\/#module-2\" class=\"anchor\"><span class=\"hidden\">Section titled module-2<\/span><\/a><!-- Template found for text-module - Template: template-text - Matched: _only --><section class=\"w-full mx-auto max-w-content pt-3 sm:pt-6 pb-12 sm:pb-24\">\r\n  <div class=\"entry-content w-full !px-0 max-w-small\">\r\n        <h1><strong>Why we need a Healthier Together Intelligence Centre<\/strong><\/h1>\n<p>Health and care organisations use data every day to manage and plan services. This data shows us what works and what doesn\u2019t.<\/p>\n<p>Together, as an Integrated Care System (ICS) partnership of 10 organisations across Bristol, North Somerset and South Gloucestershire, we want to improve how efficiently we share our data.<\/p>\n<p>Every time someone visits their GP, hospital, or other health and care services, they share information which is useful for planning and operational purposes.<\/p>\n<p>Currently, each provider stores this data separately, sometimes in different formats, making it hard to share. The Healthier Together Intelligence Centre aims to fix this. It will be a central hub for all health and care data in our area.<\/p>\n<p>Data from all of our ICS partners will flow into one secure place and be standardised for easy access to compare, map trends and undertake analysis for management and operational use.<\/p>\n<h2><strong>The main benefits of the Intelligence Centre\u00a0<\/strong><\/h2>\n<p>Currently, information does not flow easily between our organisations and systemwide data is only available to NHS Bristol, North Somerset and South Gloucestershire Integrated Care Board (ICB).<\/p>\n<p>The Intelligence Centre, which will start being used from January 2026 and will be fully completed in 2028, will transform how we use this data. Everything will be in one secure place, enabling us to:<\/p>\n<ul>\n<li>Plan better and make informed decisions<\/li>\n<li>Improve performance and efficiency<\/li>\n<li>Digitise our ICS joint working processes<\/li>\n<li>Help us to quickly identify problems before they escalate<\/li>\n<li>Standardise ways of presenting information in a user-friendly format<\/li>\n<li>Ensure that information can be accessed via a single route<\/li>\n<li>Simplify ways to feedback and suggest content<\/li>\n<li>Make guidance and support visible<\/li>\n<li>Consider public needs throughout the journey<\/li>\n<li>Result in better outcomes and improve patient experience.<\/li>\n<\/ul>\n<p>If we don\u2019t make these changes and our data remains less accessible to our decision makers, NHS resources in our region will not be used as efficiently as possible.<\/p>\n<p>In addition, less will be known about how to improve the health of some groups of patients.<\/p>\n<p>With everything in one place, we will be able to plan better, improve performance, and prevent problems before they escalate. Most importantly, this will result in better outcomes and improve our patients\u2019 experience.<\/p>\n<p>The Intelligence Centre is part of our local transformation work in line with national NHS and Department of Health and Social Care (DHSC) guidance.<\/p>\n<h3><strong>Watch Understanding Patient Data\u2019s video<\/strong><\/h3>\n<p>Understanding Patient Data has made a short video about why it\u2019s important to use patient data to improve health, care and services across the NHS.<\/p>\n<div class=\"embed_wrapper\"><iframe title=\"Patient data saves lives: The bigger picture\" width=\"640\" height=\"360\" src=\"https:\/\/www.youtube.com\/embed\/fJ2hyXCOOyQ?feature=oembed\" frameborder=\"0\" allow=\"accelerometer; autoplay; clipboard-write; encrypted-media; gyroscope; picture-in-picture; web-share\" referrerpolicy=\"strict-origin-when-cross-origin\" allowfullscreen><\/iframe><\/div>\n  <\/div>\r\n  <\/section><\/div><!-- .assembler_text-module.assembler_module.assembler_text-module_2.assembler_module_2..transparent --><\/div><!-- .assembler_module_area.assembler_module_area_1 --><\/div><!-- .assembler_default-group.assembler_module_group.assembler_default-group_1.assembler_module_group_1  -->","protected":false},"excerpt":{"rendered":"<p>Section titled module-1 Healthier Together Intelligence Centre Contents What is the Healthier Together Intelligence Centre? Why we need a Healthier Together Intelligence Centre How we will keep the data secure Frequently asked questions Section titled module-2 Why we need a Healthier Together Intelligence Centre Health and care organisations use data every day to manage and [&hellip;]<\/p>\n","protected":false},"author":28,"featured_media":0,"parent":37286,"menu_order":0,"comment_status":"closed","ping_status":"closed","template":"","meta":{"_acf_changed":false,"footnotes":""},"tags":[],"class_list":["post-37351","page","type-page","status-publish","hentry"],"acf":[],"_links":{"self":[{"href":"https:\/\/bnssghealthiertogether.org.uk\/ro\/wp-json\/wp\/v2\/pages\/37351","targetHints":{"allow":["GET"]}}],"collection":[{"href":"https:\/\/bnssghealthiertogether.org.uk\/ro\/wp-json\/wp\/v2\/pages"}],"about":[{"href":"https:\/\/bnssghealthiertogether.org.uk\/ro\/wp-json\/wp\/v2\/types\/page"}],"author":[{"embeddable":true,"href":"https:\/\/bnssghealthiertogether.org.uk\/ro\/wp-json\/wp\/v2\/users\/28"}],"replies":[{"embeddable":true,"href":"https:\/\/bnssghealthiertogether.org.uk\/ro\/wp-json\/wp\/v2\/comments?post=37351"}],"version-history":[{"count":14,"href":"https:\/\/bnssghealthiertogether.org.uk\/ro\/wp-json\/wp\/v2\/pages\/37351\/revisions"}],"predecessor-version":[{"id":37475,"href":"https:\/\/bnssghealthiertogether.org.uk\/ro\/wp-json\/wp\/v2\/pages\/37351\/revisions\/37475"}],"up":[{"embeddable":true,"href":"https:\/\/bnssghealthiertogether.org.uk\/ro\/wp-json\/wp\/v2\/pages\/37286"}],"wp:attachment":[{"href":"https:\/\/bnssghealthiertogether.org.uk\/ro\/wp-json\/wp\/v2\/media?parent=37351"}],"wp:term":[{"taxonomy":"post_tag","embeddable":true,"href":"https:\/\/bnssghealthiertogether.org.uk\/ro\/wp-json\/wp\/v2\/tags?post=37351"}],"curies":[{"name":"wp","href":"https:\/\/api.w.org\/{rel}","templated":true}]}}